{"id":11,"date":"2016-09-07T08:33:15","date_gmt":"2016-09-07T08:33:15","guid":{"rendered":"http:\/\/veni.tkdvl.com\/?page_id=11"},"modified":"2021-05-13T14:18:08","modified_gmt":"2021-05-13T14:18:08","slug":"uber-ons","status":"publish","type":"page","link":"https:\/\/pomskynederland.com\/de\/uber-ons\/","title":{"rendered":"\u00dcber ons"},"content":{"rendered":"\n<p class=\"has-text-align-center has-black-color has-white-background-color has-text-color has-background\">Wir sind der erste professionelle Z\u00fcchter des F1-Pomsky in den Niederlanden. Unser Qualit\u00e4tsstandard ist hoch. Wir verf\u00fcgen \u00fcber die entsprechenden Qualifikationen und eine UBN-Nummer.<\/p>\n\n\n\n<!--more-->\n\n\n\n<p class=\"has-text-align-center has-black-color has-text-color\">Wir arbeiten jeden Tag aufs Neue mit viel Liebe und Leidenschaft mit unseren Vaterr\u00fcden, Mutterh\u00fcndinnen und Welpen, damit diese unter den besten Bedingungen leben und aufwachsen.<\/p>\n\n\n\n<div class=\"wp-block-columns is-layout-flex wp-container-core-columns-is-layout-1 wp-block-columns-is-layout-flex\">\n<div class=\"wp-block-column is-layout-flow wp-block-column-is-layout-flow\">\n<figure class=\"wp-block-image size-large is-style-rounded\"><img loading=\"lazy\" decoding=\"async\" width=\"500\" height=\"300\" src=\"https:\/\/pomskynederland.com\/nl\/wp-content\/uploads\/sites\/2\/2021\/03\/Historie.png\" alt=\"\" class=\"wp-image-1784\" srcset=\"https:\/\/pomskynederland.com\/de\/wp-content\/uploads\/sites\/4\/2021\/03\/Historie.png 500w, https:\/\/pomskynederland.com\/de\/wp-content\/uploads\/sites\/4\/2021\/03\/Historie-300x180.png 300w\" sizes=\"auto, (max-width: 500px) 100vw, 500px\" \/><\/figure>\n\n\n\n<h2 class=\"has-text-align-center wp-block-heading\" style=\"font-size:25px\">Geschichte<\/h2>\n\n\n\n<p class=\"has-text-align-center has-black-color has-text-color\">Als echte Hundeliebhaber wollen wir immer \u00fcber die aktuellen Ereignisse auf diesem Gebiet Bescheid wissen. So sind wir 2011 auf die Kreuzung Husky x Pomeranian gesto\u00dfen, die ungef\u00e4hr 2010 in Amerika entstanden ist.<\/p>\n\n\n\n<div class=\"wp-block-buttons aligncenter is-layout-flex wp-block-buttons-is-layout-flex\">\n<div class=\"wp-block-button\"><a class=\"wp-block-button__link has-black-background-color has-background\" href=\"https:\/\/pomskynederland.com\/de\/uber-ons\/geschichte\/\" style=\"border-radius:20px\">Mehr lesen<\/a><\/div>\n<\/div>\n<\/div>\n\n\n\n<div class=\"wp-block-column is-layout-flow wp-block-column-is-layout-flow\">\n<figure class=\"wp-block-image size-large is-style-rounded\"><img loading=\"lazy\" decoding=\"async\" width=\"500\" height=\"300\" src=\"https:\/\/pomskynederland.com\/nl\/wp-content\/uploads\/sites\/2\/2021\/03\/Onze-kennel-1.png\" alt=\"\" class=\"wp-image-1785\" srcset=\"https:\/\/pomskynederland.com\/de\/wp-content\/uploads\/sites\/4\/2021\/03\/Onze-kennel-1.png 500w, https:\/\/pomskynederland.com\/de\/wp-content\/uploads\/sites\/4\/2021\/03\/Onze-kennel-1-300x180.png 300w\" sizes=\"auto, (max-width: 500px) 100vw, 500px\" \/><\/figure>\n\n\n\n<h2 class=\"has-text-align-center wp-block-heading\" style=\"font-size:25px\">Unsere Zuchtst\u00e4tte<\/h2>\n\n\n\n<p class=\"has-text-align-center has-black-color has-text-color\">Wir sind in Waalwijk, zentral im S\u00fcden der Niederlande, ans\u00e4ssig. Wir verf\u00fcgen \u00fcber ein gro\u00dfes Au\u00dfengel\u00e4nde (2.500 m2), das zum Gro\u00dfteil f\u00fcr unsere Hunde vorgesehen und dementsprechend ausgestattet ist.<\/p>\n\n\n\n<div class=\"wp-block-buttons aligncenter is-layout-flex wp-block-buttons-is-layout-flex\">\n<div class=\"wp-block-button\"><a class=\"wp-block-button__link has-black-background-color has-background\" href=\"https:\/\/pomskynederland.com\/de\/uber-ons\/unsere-zuchtstatte\/\" style=\"border-radius:20px\">Mehr lesen<\/a><\/div>\n<\/div>\n<\/div>\n\n\n\n<div class=\"wp-block-column is-layout-flow wp-block-column-is-layout-flow\">\n<figure class=\"wp-block-image size-large is-style-rounded\"><img loading=\"lazy\" decoding=\"async\" width=\"500\" height=\"300\" src=\"https:\/\/pomskynederland.com\/nl\/wp-content\/uploads\/sites\/2\/2021\/03\/Onze-F1-pomskys-1.png\" alt=\"\" class=\"wp-image-1786\" srcset=\"https:\/\/pomskynederland.com\/de\/wp-content\/uploads\/sites\/4\/2021\/03\/Onze-F1-pomskys-1.png 500w, https:\/\/pomskynederland.com\/de\/wp-content\/uploads\/sites\/4\/2021\/03\/Onze-F1-pomskys-1-300x180.png 300w\" sizes=\"auto, (max-width: 500px) 100vw, 500px\" \/><\/figure>\n\n\n\n<h2 class=\"has-text-align-center wp-block-heading\" style=\"font-size:25px\">Unsere F1-Pomskys<\/h2>\n\n\n\n<p class=\"has-text-align-center has-black-color has-text-color\">Wir z\u00fcchten nur die F1-Pomskys, da dies die erste Kreuzung ist. Unserer Meinung nach erh\u00e4lt man mit dieser Kreuzung den st\u00e4rksten und ges\u00fcndesten Hund, sodass das Risiko f\u00fcr Erbkrankheiten und Abweichungen m\u00f6glichst gering ist.<\/p>\n\n\n\n<div class=\"wp-block-buttons aligncenter is-layout-flex wp-block-buttons-is-layout-flex\">\n<div class=\"wp-block-button\"><a class=\"wp-block-button__link has-black-background-color has-background\" href=\"https:\/\/pomskynederland.com\/de\/uber-ons\/unsere-f1-pomskys\/\" style=\"border-radius:20px\">Mehr lesen<\/a><\/div>\n<\/div>\n<\/div>\n<\/div>\n\n\n\n<div class=\"wp-block-columns alignfull has-background is-layout-flex wp-container-core-columns-is-layout-2 wp-block-columns-is-layout-flex\" style=\"background-color:#b29a5c\">\n<div class=\"wp-block-column is-layout-flow wp-block-column-is-layout-flow\" style=\"flex-basis:10%\"><\/div>\n\n\n\n<div class=\"wp-block-column is-vertically-aligned-center is-layout-flow wp-block-column-is-layout-flow\" style=\"flex-basis:80%\">\n<p class=\"has-text-align-center has-white-color has-text-color has-background has-medium-font-size\" style=\"background-color:#b29a5c\"><em><em><em>\u201eBei uns hat die Qualit\u00e4t und Gesundheit der Welpen oberste Priorit\u00e4t. Dies wird mitunter gew\u00e4hrleistet, indem wir die Richtlinien und staatlichen Vorgaben, die anerkannten Z\u00fcchtern gestellt werden, einhalten.\u201c<\/em><\/em><\/em><\/p>\n<\/div>\n\n\n\n<div class=\"wp-block-column is-layout-flow wp-block-column-is-layout-flow\" style=\"flex-basis:10%\"><\/div>\n<\/div>\n\n\n\n<div class=\"wp-block-columns is-layout-flex wp-container-core-columns-is-layout-3 wp-block-columns-is-layout-flex\">\n<div class=\"wp-block-column is-layout-flow wp-block-column-is-layout-flow\" style=\"flex-basis:16.5%\"><\/div>\n\n\n\n<div class=\"wp-block-column is-layout-flow wp-block-column-is-layout-flow\" style=\"flex-basis:33%\">\n<figure class=\"wp-block-image size-large is-style-rounded\"><img loading=\"lazy\" decoding=\"async\" width=\"500\" height=\"300\" src=\"https:\/\/pomskynederland.com\/nl\/wp-content\/uploads\/sites\/2\/2021\/03\/Erkenning.png\" alt=\"\" class=\"wp-image-1788\" srcset=\"https:\/\/pomskynederland.com\/de\/wp-content\/uploads\/sites\/4\/2021\/03\/Erkenning.png 500w, https:\/\/pomskynederland.com\/de\/wp-content\/uploads\/sites\/4\/2021\/03\/Erkenning-300x180.png 300w\" sizes=\"auto, (max-width: 500px) 100vw, 500px\" \/><\/figure>\n\n\n\n<h2 class=\"has-text-align-center wp-block-heading\" style=\"font-size:25px\">Anerkannt<\/h2>\n\n\n\n<p class=\"has-text-align-center has-black-color has-text-color\">Ziel von PomskyNederland ist es, der beste Pomsky-Z\u00fcchter von Europa zu sein. Wir verf\u00fcgen \u00fcber die entsprechenden Qualifikationen und Zertifikate, die Herkunft unserer Hunde ist transparent und das Wohlergehen unserer Tiere steht an erster Stelle.<\/p>\n\n\n\n<div class=\"wp-block-buttons aligncenter is-layout-flex wp-block-buttons-is-layout-flex\">\n<div class=\"wp-block-button\"><a class=\"wp-block-button__link has-black-background-color has-background\" href=\"https:\/\/pomskynederland.com\/de\/uber-ons\/anerkannter-pomsky-zuchter\/\" style=\"border-radius:20px\">Mehr lesen<\/a><\/div>\n<\/div>\n<\/div>\n\n\n\n<div class=\"wp-block-column is-layout-flow wp-block-column-is-layout-flow\" style=\"flex-basis:33%\">\n<figure class=\"wp-block-image size-large is-style-rounded\"><img loading=\"lazy\" decoding=\"async\" width=\"500\" height=\"300\" src=\"https:\/\/pomskynederland.com\/nl\/wp-content\/uploads\/sites\/2\/2021\/03\/Kernwaarden.png\" alt=\"\" class=\"wp-image-1787\" srcset=\"https:\/\/pomskynederland.com\/de\/wp-content\/uploads\/sites\/4\/2021\/03\/Kernwaarden.png 500w, https:\/\/pomskynederland.com\/de\/wp-content\/uploads\/sites\/4\/2021\/03\/Kernwaarden-300x180.png 300w\" sizes=\"auto, (max-width: 500px) 100vw, 500px\" \/><\/figure>\n\n\n\n<h2 class=\"has-text-align-center wp-block-heading\" style=\"font-size:25px\"> Kernwerte<\/h2>\n\n\n\n<p class=\"has-text-align-center has-black-color has-text-color\">Unsere Kernwerte zeigen, woran wir glauben. Sie spiegeln uns wider und pr\u00e4gen alles, was wir machen. Feedback zufriedener Kunden best\u00e4tigt diese Werte und macht uns als Pomsky-Z\u00fcchter einzigartig.<\/p>\n\n\n\n<div class=\"wp-block-buttons aligncenter is-layout-flex wp-block-buttons-is-layout-flex\">\n<div class=\"wp-block-button\"><a class=\"wp-block-button__link has-black-background-color has-background\" href=\"https:\/\/pomskynederland.com\/de\/uber-ons\/kernwerte\/\" style=\"border-radius:20px\">Mehr lesen<\/a><\/div>\n<\/div>\n<\/div>\n\n\n\n<div class=\"wp-block-column is-layout-flow wp-block-column-is-layout-flow\" style=\"flex-basis:16.5%\"><\/div>\n<\/div>\n","protected":false},"excerpt":{"rendered":"<p>Wir sind der erste professionelle Z\u00fcchter des F1-Pomsky in den Niederlanden. Unser Qualit\u00e4tsstandard ist hoch. Wir verf\u00fcgen \u00fcber die entsprechenden Qualifikationen und eine UBN-Nummer.<\/p>\n<a class=\"read-more-link\" href=\" https:\/\/pomskynederland.com\/de\/uber-ons\/ \">Read More<\/a>","protected":false},"author":1,"featured_media":1394,"parent":0,"menu_order":0,"comment_status":"closed","ping_status":"closed","template":"","meta":{"footnotes":""},"class_list":["post-11","page","type-page","status-publish","has-post-thumbnail","hentry"],"yoast_head":"<!-- This site is optimized with the Yoast SEO plugin v16.0.2 - https:\/\/yoast.com\/wordpress\/plugins\/seo\/ -->\n<title>\u00dcber ons - PomskyNederland<\/title>\n<meta name=\"description\" content=\"Wir sind der erste professionelle Z\u00fcchter des F1-Pomsky in den Niederlanden. Unser Qualit\u00e4tsstandard ist hoch. Wir verf\u00fcgen \u00fcber die erforderlichen Qualifikationen und eine UBN-Nummer.\" \/>\n<link rel=\"canonical\" href=\"https:\/\/pomskynederland.com\/de\/uber-ons\/\" \/>\n<meta property=\"og:locale\" content=\"nl_NL\" \/>\n<meta property=\"og:type\" content=\"article\" \/>\n<meta property=\"og:title\" content=\"\u00dcber ons - PomskyNederland\" \/>\n<meta property=\"og:description\" content=\"Wir sind der erste professionelle Z\u00fcchter des F1-Pomsky in den Niederlanden. Unser Qualit\u00e4tsstandard ist hoch. Wir verf\u00fcgen \u00fcber die erforderlichen Qualifikationen und eine UBN-Nummer.\" \/>\n<meta property=\"og:url\" content=\"https:\/\/pomskynederland.com\/de\/uber-ons\/\" \/>\n<meta property=\"og:site_name\" content=\"PomskyNederland\" \/>\n<meta property=\"article:modified_time\" content=\"2021-05-13T14:18:08+00:00\" \/>\n<meta property=\"og:image\" content=\"https:\/\/pomskynederland.com\/de\/wp-content\/uploads\/sites\/4\/2021\/02\/PomskyNederland-over-ons.png\" \/>\n\t<meta property=\"og:image:width\" content=\"750\" \/>\n\t<meta property=\"og:image:height\" content=\"521\" \/>\n<meta name=\"twitter:card\" content=\"summary_large_image\" \/>\n<meta name=\"twitter:label1\" content=\"Geschatte leestijd\">\n\t<meta name=\"twitter:data1\" content=\"3 minuten\">\n<script type=\"application\/ld+json\" class=\"yoast-schema-graph\">{\"@context\":\"https:\/\/schema.org\",\"@graph\":[{\"@type\":\"WebSite\",\"@id\":\"https:\/\/pomskynederland.com\/de\/#website\",\"url\":\"https:\/\/pomskynederland.com\/de\/\",\"name\":\"PomskyNederland\",\"description\":\"\",\"potentialAction\":[{\"@type\":\"SearchAction\",\"target\":\"https:\/\/pomskynederland.com\/de\/?s={search_term_string}\",\"query-input\":\"required name=search_term_string\"}],\"inLanguage\":\"nl-NL\"},{\"@type\":\"ImageObject\",\"@id\":\"https:\/\/pomskynederland.com\/de\/uber-ons\/#primaryimage\",\"inLanguage\":\"nl-NL\",\"url\":\"https:\/\/pomskynederland.com\/de\/wp-content\/uploads\/sites\/4\/2021\/02\/PomskyNederland-over-ons.png\",\"width\":750,\"height\":521},{\"@type\":\"WebPage\",\"@id\":\"https:\/\/pomskynederland.com\/de\/uber-ons\/#webpage\",\"url\":\"https:\/\/pomskynederland.com\/de\/uber-ons\/\",\"name\":\"\\u00dcber ons - PomskyNederland\",\"isPartOf\":{\"@id\":\"https:\/\/pomskynederland.com\/de\/#website\"},\"primaryImageOfPage\":{\"@id\":\"https:\/\/pomskynederland.com\/de\/uber-ons\/#primaryimage\"},\"datePublished\":\"2016-09-07T08:33:15+00:00\",\"dateModified\":\"2021-05-13T14:18:08+00:00\",\"description\":\"Wir sind der erste professionelle Z\\u00fcchter des F1-Pomsky in den Niederlanden. Unser Qualit\\u00e4tsstandard ist hoch. Wir verf\\u00fcgen \\u00fcber die erforderlichen Qualifikationen und eine UBN-Nummer.\",\"breadcrumb\":{\"@id\":\"https:\/\/pomskynederland.com\/de\/uber-ons\/#breadcrumb\"},\"inLanguage\":\"nl-NL\",\"potentialAction\":[{\"@type\":\"ReadAction\",\"target\":[\"https:\/\/pomskynederland.com\/de\/uber-ons\/\"]}]},{\"@type\":\"BreadcrumbList\",\"@id\":\"https:\/\/pomskynederland.com\/de\/uber-ons\/#breadcrumb\",\"itemListElement\":[{\"@type\":\"ListItem\",\"position\":1,\"item\":{\"@type\":\"WebPage\",\"@id\":\"https:\/\/pomskynederland.com\/de\/\",\"url\":\"https:\/\/pomskynederland.com\/de\/\",\"name\":\"Home\"}},{\"@type\":\"ListItem\",\"position\":2,\"item\":{\"@type\":\"WebPage\",\"@id\":\"https:\/\/pomskynederland.com\/de\/uber-ons\/\",\"url\":\"https:\/\/pomskynederland.com\/de\/uber-ons\/\",\"name\":\"\\u00dcber ons\"}}]}]}<\/script>\n<!-- \/ Yoast SEO plugin. -->","_links":{"self":[{"href":"https:\/\/pomskynederland.com\/de\/wp-json\/wp\/v2\/pages\/11","targetHints":{"allow":["GET"]}}],"collection":[{"href":"https:\/\/pomskynederland.com\/de\/wp-json\/wp\/v2\/pages"}],"about":[{"href":"https:\/\/pomskynederland.com\/de\/wp-json\/wp\/v2\/types\/page"}],"author":[{"embeddable":true,"href":"https:\/\/pomskynederland.com\/de\/wp-json\/wp\/v2\/users\/1"}],"replies":[{"embeddable":true,"href":"https:\/\/pomskynederland.com\/de\/wp-json\/wp\/v2\/comments?post=11"}],"version-history":[{"count":4,"href":"https:\/\/pomskynederland.com\/de\/wp-json\/wp\/v2\/pages\/11\/revisions"}],"predecessor-version":[{"id":3232,"href":"https:\/\/pomskynederland.com\/de\/wp-json\/wp\/v2\/pages\/11\/revisions\/3232"}],"wp:featuredmedia":[{"embeddable":true,"href":"https:\/\/pomskynederland.com\/de\/wp-json\/wp\/v2\/media\/1394"}],"wp:attachment":[{"href":"https:\/\/pomskynederland.com\/de\/wp-json\/wp\/v2\/media?parent=11"}],"curies":[{"name":"wp","href":"https:\/\/api.w.org\/{rel}","templated":true}]}}