{"id":1359,"date":"2021-02-27T11:19:19","date_gmt":"2021-02-27T11:19:19","guid":{"rendered":"http:\/\/pomskynederland.com\/nl\/?page_id=1359"},"modified":"2023-09-09T20:45:53","modified_gmt":"2023-09-09T20:45:53","slug":"home","status":"publish","type":"page","link":"https:\/\/pomskynederland.com\/de\/home\/","title":{"rendered":""},"content":{"rendered":"\n<div class=\"wp-block-columns is-layout-flex wp-container-core-columns-is-layout-4 wp-block-columns-is-layout-flex\">\n<div class=\"wp-block-column is-layout-flow wp-block-column-is-layout-flow\" style=\"flex-basis:100%\">\n<div class=\"wp-block-columns alignfull has-background is-layout-flex wp-container-core-columns-is-layout-1 wp-block-columns-is-layout-flex\" style=\"background-color:#b29a5c\">\n<div class=\"wp-block-column is-layout-flow wp-block-column-is-layout-flow\" style=\"flex-basis:10%\"><\/div>\n\n\n\n<div class=\"wp-block-column is-vertically-aligned-center is-layout-flow wp-block-column-is-layout-flow\" style=\"flex-basis:40%\">\n<div class=\"wp-block-image is-style-rounded\"><figure class=\"aligncenter size-large is-resized\"><img loading=\"lazy\" decoding=\"async\" src=\"https:\/\/pomskynederland.com\/nl\/wp-content\/uploads\/sites\/2\/2021\/03\/Schermafbeelding-2021-03-02-om-21.10.24.png\" alt=\"\" class=\"wp-image-1656\" width=\"479\" height=\"281\" srcset=\"https:\/\/pomskynederland.com\/de\/wp-content\/uploads\/sites\/4\/2021\/03\/Schermafbeelding-2021-03-02-om-21.10.24.png 956w, https:\/\/pomskynederland.com\/de\/wp-content\/uploads\/sites\/4\/2021\/03\/Schermafbeelding-2021-03-02-om-21.10.24-300x176.png 300w, https:\/\/pomskynederland.com\/de\/wp-content\/uploads\/sites\/4\/2021\/03\/Schermafbeelding-2021-03-02-om-21.10.24-768x451.png 768w\" sizes=\"auto, (max-width: 479px) 100vw, 479px\" \/><\/figure><\/div>\n<\/div>\n\n\n\n<div class=\"wp-block-column is-vertically-aligned-center is-layout-flow wp-block-column-is-layout-flow\" style=\"flex-basis:40%\">\n<h6 class=\"alignwide has-text-align-center wp-block-heading\"><strong>Viele Kunden gingen Ihnen voraus<\/strong><\/h6>\n\n\n\n<p class=\"has-text-align-center has-white-color has-text-color\">Viele Kunden gingen Ihnen voraus. Wir sind sehr stolz, dass auch verschiedene bekannte internationale Sportler den Weg zu unserer Zuchtst\u00e4tte gefunden haben.<\/p>\n\n\n\n<div class=\"wp-block-buttons aligncenter is-layout-flex wp-block-buttons-is-layout-flex\">\n<div class=\"wp-block-button\"><a class=\"wp-block-button__link has-black-background-color has-background\" href=\"https:\/\/pomskynederland.com\/de\/erfahrungen\/unsere-kunden\/\" style=\"border-radius:20px\">Mehr lesen<\/a><\/div>\n<\/div>\n<\/div>\n\n\n\n<div class=\"wp-block-column is-layout-flow wp-block-column-is-layout-flow\" style=\"flex-basis:10%\"><\/div>\n<\/div>\n\n\n\n<div class=\"wp-block-columns is-layout-flex wp-container-core-columns-is-layout-2 wp-block-columns-is-layout-flex\">\n<div class=\"wp-block-column is-layout-flow wp-block-column-is-layout-flow\" style=\"flex-basis:5%\"><\/div>\n\n\n\n<div class=\"wp-block-column is-layout-flow wp-block-column-is-layout-flow\" style=\"flex-basis:90%\">\n<h1 class=\"has-text-align-center wp-block-heading\">PomskyNederland<\/h1>\n\n\n\n<p class=\"has-text-align-center\">Wir sind der erste Pomsky-Z\u00fcchter in den Niederlanden und sind in Waalwijk in der Niederl\u00e4ndischen Provinz Nordbrabant ans\u00e4ssig. In der Au\u00dfenanlage hinter unserem Haus befindet sich ein gro\u00dfes Gel\u00e4nde, wovon mehr als 2.500 m<sup>2<\/sup> komplett f\u00fcr unsere Hunde hergerichtet wurden: ein Hundeparadies einschlie\u00dflich eines gro\u00dfen Schwimmbades.<\/p>\n\n\n\n<p class=\"has-text-align-center\">Bei uns dreht sich alles um unsere Huskys, Pomeranians (Zwergspitze) und die W\u00fcrfe mit wundervollen Pomsky-F1-Welpen. Wir z\u00fcchten Pomskys in den traditionellen Husky-Farben wie Schwarz, Grau, Wei\u00df und Braun, sowie die besonderen Blue-Merle-Pomskys.<\/p>\n\n\n\n<p class=\"has-text-align-center\">Auf dieser Website finden Sie alle Informationen \u00fcber unsere Zuchtst\u00e4tte PomskyNederland, \u00fcber die Pomsky-Rasse, \u00fcber unsere Arbeitsweise und \u00fcber unsere Pomsky-W\u00fcrfe. Haben Sie Fragen oder interessieren Sie sich f\u00fcr einen Pomsky-Welpen, und m\u00f6chten Sie mal bei uns vorbeikommen? Nehmen Sie unverbindlich <a href=\"https:\/\/pomskynederland.com\/de\/kontakt\/\"><strong><span style=\"text-decoration: underline;\">Kontakt<\/span><\/strong><\/a> mit uns auf.<\/p>\n<\/div>\n\n\n\n<div class=\"wp-block-column is-layout-flow wp-block-column-is-layout-flow\" style=\"flex-basis:5%\"><\/div>\n<\/div>\n\n\n\n<div class=\"wp-block-columns alignfull has-black-background-color has-background is-layout-flex wp-container-core-columns-is-layout-3 wp-block-columns-is-layout-flex\">\n<div class=\"wp-block-column is-layout-flow wp-block-column-is-layout-flow\" style=\"flex-basis:10%\"><\/div>\n\n\n\n<div class=\"wp-block-column is-vertically-aligned-center is-layout-flow wp-block-column-is-layout-flow\" style=\"flex-basis:40%\">\n<div class=\"wp-block-image is-style-rounded\"><figure class=\"aligncenter size-large is-resized\"><img loading=\"lazy\" decoding=\"async\" src=\"https:\/\/pomskynederland.com\/de\/wp-content\/uploads\/sites\/4\/2023\/09\/Scherm_afbeelding-2023-09-09-om-21.55.40-1024x602.png\" alt=\"\" class=\"wp-image-3282\" width=\"479\" height=\"281\" srcset=\"https:\/\/pomskynederland.com\/de\/wp-content\/uploads\/sites\/4\/2023\/09\/Scherm_afbeelding-2023-09-09-om-21.55.40-1024x602.png 1024w, https:\/\/pomskynederland.com\/de\/wp-content\/uploads\/sites\/4\/2023\/09\/Scherm_afbeelding-2023-09-09-om-21.55.40-300x176.png 300w, https:\/\/pomskynederland.com\/de\/wp-content\/uploads\/sites\/4\/2023\/09\/Scherm_afbeelding-2023-09-09-om-21.55.40-768x452.png 768w, https:\/\/pomskynederland.com\/de\/wp-content\/uploads\/sites\/4\/2023\/09\/Scherm_afbeelding-2023-09-09-om-21.55.40-1100x647.png 1100w, https:\/\/pomskynederland.com\/de\/wp-content\/uploads\/sites\/4\/2023\/09\/Scherm_afbeelding-2023-09-09-om-21.55.40-800x470.png 800w, https:\/\/pomskynederland.com\/de\/wp-content\/uploads\/sites\/4\/2023\/09\/Scherm_afbeelding-2023-09-09-om-21.55.40-180x106.png 180w, https:\/\/pomskynederland.com\/de\/wp-content\/uploads\/sites\/4\/2023\/09\/Scherm_afbeelding-2023-09-09-om-21.55.40-355x209.png 355w, https:\/\/pomskynederland.com\/de\/wp-content\/uploads\/sites\/4\/2023\/09\/Scherm_afbeelding-2023-09-09-om-21.55.40.png 1432w\" sizes=\"auto, (max-width: 479px) 100vw, 479px\" \/><\/figure><\/div>\n<\/div>\n\n\n\n<div class=\"wp-block-column is-vertically-aligned-center is-layout-flow wp-block-column-is-layout-flow\" style=\"flex-basis:40%\">\n<h6 class=\"alignwide has-text-align-center wp-block-heading\"><strong>Welpen verf\u00fcgbar<\/strong><\/h6>\n\n\n\n<p class=\"has-text-align-center has-white-color has-text-color\">Gelegentlich haben wir einige Pomsky-Welpen zur Verf\u00fcgung, die das Nest fast sofort verlassen k\u00f6nnen. Sehen Sie sich unsere verf\u00fcgbaren Welpen an<\/p>\n\n\n\n<div class=\"wp-block-buttons aligncenter is-layout-flex wp-block-buttons-is-layout-flex\">\n<div class=\"wp-block-button\"><a class=\"wp-block-button__link has-background\" href=\"https:\/\/pomskynederland.com\/de\/pomsky-welpen-verfugbar\/\" style=\"border-radius:20px;background-color:#b29a5c\">Welpen ansehen<\/a><\/div>\n<\/div>\n<\/div>\n\n\n\n<div class=\"wp-block-column is-layout-flow wp-block-column-is-layout-flow\" style=\"flex-basis:10%\"><\/div>\n<\/div>\n<\/div>\n<\/div>\n\n\n\n<div class=\"wp-block-columns is-layout-flex wp-container-core-columns-is-layout-5 wp-block-columns-is-layout-flex\">\n<div class=\"wp-block-column is-layout-flow wp-block-column-is-layout-flow\">\n<h2 class=\"alignfull has-text-align-center wp-block-heading\">Der Pomsky<\/h2>\n\n\n\n<p class=\"has-text-align-center\">Ein was? Ein Pomsky! Der Pomsky ist eine Mischung aus einem Husky und einem Pomeranian (Zwergspitz). Wenn man diese zwei wundervollen Rassen miteinander kreuzt, erh\u00e4lt man einen mittelgro\u00dfen Hund, der eigentlich wie ein Mini-Husky aussieht.<\/p>\n\n\n\n<p class=\"has-text-align-center\">Ebenso wie unsere treuen Kunden k\u00f6nnen wir von dieser einzigartigen Kreuzung gar nicht genug bekommen. Wenn Sie mehr \u00fcber den Pomsky erfahren wollen, sind Sie bei Pomsky Nederland genau richtig. Lesen Sie auf unserer Website alles \u00fcber unsere Zuchtst\u00e4tte und die Pomsky-Rasse<\/p>\n<\/div>\n<\/div>\n\n\n\n<div id=\"sb_instagram\"  class=\"sbi sbi_mob_col_2 sbi_tab_col_2 sbi_col_3 sbi_width_resp\" style=\"padding-bottom: 2px;width: 100%;\" data-feedid=\"*1\"  data-res=\"auto\" data-cols=\"3\" data-colsmobile=\"2\" data-colstablet=\"2\" data-num=\"6\" data-nummobile=\"6\" data-item-padding=\"1\" data-shortcode-atts=\"{}\"  data-postid=\"1359\" data-locatornonce=\"88cdb93948\" data-sbi-flags=\"favorLocal\">\n\t\n    <div id=\"sbi_images\"  style=\"gap: 2px;\">\n\t\t    <\/div>\n\n\t<div id=\"sbi_load\" >\n\n\t\n\t\t\t<span class=\"sbi_follow_btn\">\n        <a href=\"https:\/\/www.instagram.com\/3887394938045672\/\" target=\"_blank\" rel=\"nofollow noopener\">\n            <svg class=\"svg-inline--fa fa-instagram fa-w-14\" aria-hidden=\"true\" data-fa-processed=\"\" aria-label=\"Instagram\" data-prefix=\"fab\" data-icon=\"instagram\" role=\"img\" viewBox=\"0 0 448 512\">\n\t                <path fill=\"currentColor\" d=\"M224.1 141c-63.6 0-114.9 51.3-114.9 114.9s51.3 114.9 114.9 114.9S339 319.5 339 255.9 287.7 141 224.1 141zm0 189.6c-41.1 0-74.7-33.5-74.7-74.7s33.5-74.7 74.7-74.7 74.7 33.5 74.7 74.7-33.6 74.7-74.7 74.7zm146.4-194.3c0 14.9-12 26.8-26.8 26.8-14.9 0-26.8-12-26.8-26.8s12-26.8 26.8-26.8 26.8 12 26.8 26.8zm76.1 27.2c-1.7-35.9-9.9-67.7-36.2-93.9-26.2-26.2-58-34.4-93.9-36.2-37-2.1-147.9-2.1-184.9 0-35.8 1.7-67.6 9.9-93.9 36.1s-34.4 58-36.2 93.9c-2.1 37-2.1 147.9 0 184.9 1.7 35.9 9.9 67.7 36.2 93.9s58 34.4 93.9 36.2c37 2.1 147.9 2.1 184.9 0 35.9-1.7 67.7-9.9 93.9-36.2 26.2-26.2 34.4-58 36.2-93.9 2.1-37 2.1-147.8 0-184.8zM398.8 388c-7.8 19.6-22.9 34.7-42.6 42.6-29.5 11.7-99.5 9-132.1 9s-102.7 2.6-132.1-9c-19.6-7.8-34.7-22.9-42.6-42.6-11.7-29.5-9-99.5-9-132.1s-2.6-102.7 9-132.1c7.8-19.6 22.9-34.7 42.6-42.6 29.5-11.7 99.5-9 132.1-9s102.7-2.6 132.1 9c19.6 7.8 34.7 22.9 42.6 42.6 11.7 29.5 9 99.5 9 132.1s2.7 102.7-9 132.1z\"><\/path>\n\t            <\/svg>            <span>Folge uns auf Instagram<\/span>\n        <\/a>\n    <\/span>\n\t\n<\/div>\n\n\t    <span class=\"sbi_resized_image_data\" data-feed-id=\"*1\" data-resized=\"[]\">\n\t<\/span>\n\t<\/div>\n\n\n\n\n\n<p><\/p>\n","protected":false},"excerpt":{"rendered":"<p>Viele Kunden gingen Ihnen voraus Viele Kunden gingen Ihnen voraus. Wir sind sehr stolz, dass auch verschiedene bekannte internationale Sportler den Weg zu unserer Zuchtst\u00e4tte gefunden haben. PomskyNederland Wir sind der erste Pomsky-Z\u00fcchter in den Niederlanden und sind in Waalwijk in der Niederl\u00e4ndischen Provinz Nordbrabant ans\u00e4ssig. In der Au\u00dfenanlage hinter unserem Haus befindet sich ein&hellip;<\/p>\n<a class=\"read-more-link\" href=\" https:\/\/pomskynederland.com\/de\/home\/ \">Read More<\/a>","protected":false},"author":1,"featured_media":6,"parent":0,"menu_order":0,"comment_status":"closed","ping_status":"closed","template":"","meta":{"footnotes":""},"class_list":["post-1359","page","type-page","status-publish","has-post-thumbnail","hentry"],"yoast_head":"<!-- This site is optimized with the Yoast SEO plugin v16.0.2 - https:\/\/yoast.com\/wordpress\/plugins\/seo\/ -->\n<title>Der Pomsky Z\u00fcchter - PomskyNederland<\/title>\n<meta name=\"description\" content=\"Bei uns dreht sich alles um unsere Huskys, Pomeranians (Zwergspitze) und unsere wundervollen Pomsky-F1-Welpen. Wir z\u00fcchten Pomskys in den gew\u00f6hnlichen Husky-Farben und der besonderen Blue-Merle-F\u00e4rbung.\" \/>\n<link rel=\"canonical\" href=\"https:\/\/pomskynederland.com\/de\/home\/\" \/>\n<meta property=\"og:locale\" content=\"nl_NL\" \/>\n<meta property=\"og:type\" content=\"article\" \/>\n<meta property=\"og:title\" content=\"Der Pomsky Z\u00fcchter - PomskyNederland\" \/>\n<meta property=\"og:description\" content=\"Bei uns dreht sich alles um unsere Huskys, Pomeranians (Zwergspitze) und unsere wundervollen Pomsky-F1-Welpen. Wir z\u00fcchten Pomskys in den gew\u00f6hnlichen Husky-Farben und der besonderen Blue-Merle-F\u00e4rbung.\" \/>\n<meta property=\"og:url\" content=\"https:\/\/pomskynederland.com\/de\/home\/\" \/>\n<meta property=\"og:site_name\" content=\"PomskyNederland\" \/>\n<meta property=\"article:modified_time\" content=\"2023-09-09T20:45:53+00:00\" \/>\n<meta property=\"og:image\" content=\"https:\/\/pomskynederland.com\/de\/wp-content\/uploads\/sites\/4\/2021\/02\/Schermafbeelding-2017-09-04-om-16.27.39-1.png\" \/>\n\t<meta property=\"og:image:width\" content=\"1350\" \/>\n\t<meta property=\"og:image:height\" content=\"779\" \/>\n<meta name=\"twitter:card\" content=\"summary_large_image\" \/>\n<meta name=\"twitter:label1\" content=\"Geschatte leestijd\">\n\t<meta name=\"twitter:data1\" content=\"2 minuten\">\n<script type=\"application\/ld+json\" class=\"yoast-schema-graph\">{\"@context\":\"https:\/\/schema.org\",\"@graph\":[{\"@type\":\"WebSite\",\"@id\":\"https:\/\/pomskynederland.com\/de\/#website\",\"url\":\"https:\/\/pomskynederland.com\/de\/\",\"name\":\"PomskyNederland\",\"description\":\"\",\"potentialAction\":[{\"@type\":\"SearchAction\",\"target\":\"https:\/\/pomskynederland.com\/de\/?s={search_term_string}\",\"query-input\":\"required name=search_term_string\"}],\"inLanguage\":\"nl-NL\"},{\"@type\":\"ImageObject\",\"@id\":\"https:\/\/pomskynederland.com\/de\/home\/#primaryimage\",\"inLanguage\":\"nl-NL\",\"url\":\"https:\/\/pomskynederland.com\/de\/wp-content\/uploads\/sites\/4\/2021\/02\/Schermafbeelding-2017-09-04-om-16.27.39-1.png\",\"width\":1350,\"height\":779},{\"@type\":\"WebPage\",\"@id\":\"https:\/\/pomskynederland.com\/de\/home\/#webpage\",\"url\":\"https:\/\/pomskynederland.com\/de\/home\/\",\"name\":\"Der Pomsky Z\\u00fcchter - PomskyNederland\",\"isPartOf\":{\"@id\":\"https:\/\/pomskynederland.com\/de\/#website\"},\"primaryImageOfPage\":{\"@id\":\"https:\/\/pomskynederland.com\/de\/home\/#primaryimage\"},\"datePublished\":\"2021-02-27T11:19:19+00:00\",\"dateModified\":\"2023-09-09T20:45:53+00:00\",\"description\":\"Bei uns dreht sich alles um unsere Huskys, Pomeranians (Zwergspitze) und unsere wundervollen Pomsky-F1-Welpen. Wir z\\u00fcchten Pomskys in den gew\\u00f6hnlichen Husky-Farben und der besonderen Blue-Merle-F\\u00e4rbung.\",\"breadcrumb\":{\"@id\":\"https:\/\/pomskynederland.com\/de\/home\/#breadcrumb\"},\"inLanguage\":\"nl-NL\",\"potentialAction\":[{\"@type\":\"ReadAction\",\"target\":[\"https:\/\/pomskynederland.com\/de\/home\/\"]}]},{\"@type\":\"BreadcrumbList\",\"@id\":\"https:\/\/pomskynederland.com\/de\/home\/#breadcrumb\",\"itemListElement\":[{\"@type\":\"ListItem\",\"position\":1,\"item\":{\"@type\":\"WebPage\",\"@id\":\"https:\/\/pomskynederland.com\/de\/\",\"url\":\"https:\/\/pomskynederland.com\/de\/\",\"name\":\"Home\"}},{\"@type\":\"ListItem\",\"position\":2,\"item\":{\"@type\":\"WebPage\",\"@id\":\"https:\/\/pomskynederland.com\/de\/home\/\",\"url\":\"https:\/\/pomskynederland.com\/de\/home\/\",\"name\":\"Der Pomsky Z\\u00fcchter - PomskyNederland\"}}]}]}<\/script>\n<!-- \/ Yoast SEO plugin. -->","_links":{"self":[{"href":"https:\/\/pomskynederland.com\/de\/wp-json\/wp\/v2\/pages\/1359","targetHints":{"allow":["GET"]}}],"collection":[{"href":"https:\/\/pomskynederland.com\/de\/wp-json\/wp\/v2\/pages"}],"about":[{"href":"https:\/\/pomskynederland.com\/de\/wp-json\/wp\/v2\/types\/page"}],"author":[{"embeddable":true,"href":"https:\/\/pomskynederland.com\/de\/wp-json\/wp\/v2\/users\/1"}],"replies":[{"embeddable":true,"href":"https:\/\/pomskynederland.com\/de\/wp-json\/wp\/v2\/comments?post=1359"}],"version-history":[{"count":9,"href":"https:\/\/pomskynederland.com\/de\/wp-json\/wp\/v2\/pages\/1359\/revisions"}],"predecessor-version":[{"id":3286,"href":"https:\/\/pomskynederland.com\/de\/wp-json\/wp\/v2\/pages\/1359\/revisions\/3286"}],"wp:featuredmedia":[{"embeddable":true,"href":"https:\/\/pomskynederland.com\/de\/wp-json\/wp\/v2\/media\/6"}],"wp:attachment":[{"href":"https:\/\/pomskynederland.com\/de\/wp-json\/wp\/v2\/media?parent=1359"}],"curies":[{"name":"wp","href":"https:\/\/api.w.org\/{rel}","templated":true}]}}