{"id":1373,"date":"2021-02-27T11:43:24","date_gmt":"2021-02-27T11:43:24","guid":{"rendered":"http:\/\/pomskynederland.com\/nl\/?page_id=1373"},"modified":"2021-05-13T14:04:30","modified_gmt":"2021-05-13T14:04:30","slug":"der-pomsky","status":"publish","type":"page","link":"https:\/\/pomskynederland.com\/de\/der-pomsky\/","title":{"rendered":"Der Pomsky"},"content":{"rendered":"\n<p class=\"has-text-align-center has-black-color has-white-background-color has-text-color has-background\">Der Pomsky ist eine reine Kreuzung zwischen einem Husky (Mutterh\u00fcndin) und einem Pomeranian (Vaterr\u00fcde). Ein mittelgro\u00dfer Hund mit einem offenen, verspielten, wissbegierigen und eigenwilligen Charakter.<\/p>\n\n\n\n<!--more-->\n\n\n\n<p class=\"has-text-align-center\">Wie jeder andere Hund auch braucht auch ein Pomsky gewisse Aufmerksamkeit im Bereich Bewegung, Pflege und Besch\u00e4ftigung. Dar\u00fcber erz\u00e4hlen wir Ihnen gerne mehr.<\/p>\n\n\n\n<div class=\"wp-block-columns is-layout-flex wp-container-core-columns-is-layout-1 wp-block-columns-is-layout-flex\">\n<div class=\"wp-block-column is-layout-flow wp-block-column-is-layout-flow\">\n<figure class=\"wp-block-image size-large is-style-rounded\"><img loading=\"lazy\" decoding=\"async\" width=\"500\" height=\"300\" src=\"https:\/\/pomskynederland.com\/nl\/wp-content\/uploads\/sites\/2\/2021\/03\/Pomsky-honden.png\" alt=\"\" class=\"wp-image-2065\" srcset=\"https:\/\/pomskynederland.com\/de\/wp-content\/uploads\/sites\/4\/2021\/03\/Pomsky-honden.png 500w, https:\/\/pomskynederland.com\/de\/wp-content\/uploads\/sites\/4\/2021\/03\/Pomsky-honden-300x180.png 300w\" sizes=\"auto, (max-width: 500px) 100vw, 500px\" \/><\/figure>\n\n\n\n<h2 class=\"has-text-align-center wp-block-heading\" style=\"font-size:25px\">Pomsky-hunde<\/h2>\n\n\n\n<p class=\"has-text-align-center has-black-color has-text-color\">Der F1-Pomsky ist die erste Kreuzung zwischen zwei Rassen, daher kann die Gr\u00f6\u00dfe des ausgewachsenen Pomskys stark variieren. Die Gr\u00f6\u00dfe kann je nach Wurf unterschiedlich sein.&nbsp;<\/p>\n\n\n\n<div class=\"wp-block-buttons aligncenter is-layout-flex wp-block-buttons-is-layout-flex\">\n<div class=\"wp-block-button\"><a class=\"wp-block-button__link has-black-background-color has-background\" href=\"https:\/\/pomskynederland.com\/de\/der-pomsky\/pomsky-hunde\/\" style=\"border-radius:20px\">Mehr lesen<\/a><\/div>\n<\/div>\n<\/div>\n\n\n\n<div class=\"wp-block-column is-layout-flow wp-block-column-is-layout-flow\">\n<figure class=\"wp-block-image size-large is-style-rounded\"><img loading=\"lazy\" decoding=\"async\" width=\"500\" height=\"300\" src=\"https:\/\/pomskynederland.com\/nl\/wp-content\/uploads\/sites\/2\/2021\/03\/Karakter.png\" alt=\"\" class=\"wp-image-2066\" srcset=\"https:\/\/pomskynederland.com\/de\/wp-content\/uploads\/sites\/4\/2021\/03\/Karakter.png 500w, https:\/\/pomskynederland.com\/de\/wp-content\/uploads\/sites\/4\/2021\/03\/Karakter-300x180.png 300w\" sizes=\"auto, (max-width: 500px) 100vw, 500px\" \/><\/figure>\n\n\n\n<h2 class=\"has-text-align-center wp-block-heading\" style=\"font-size:25px\">Charakter<\/h2>\n\n\n\n<p class=\"has-text-align-center has-black-color has-text-color\">Jeder Pomsky hat seinen eigenen Charakter. Welcher Charakter die Oberhand gewinnt, der Husky oder der Pomeranian, wird sich letztendlich in der Praxis bei jedem Pomsky individuell herausstellen.<\/p>\n\n\n\n<div class=\"wp-block-buttons aligncenter is-layout-flex wp-block-buttons-is-layout-flex\">\n<div class=\"wp-block-button\"><a class=\"wp-block-button__link has-black-background-color has-background\" href=\"https:\/\/pomskynederland.com\/de\/der-pomsky\/charakter\/\" style=\"border-radius:20px\">Mehr lesen<\/a><\/div>\n<\/div>\n<\/div>\n\n\n\n<div class=\"wp-block-column is-layout-flow wp-block-column-is-layout-flow\">\n<figure class=\"wp-block-image size-large is-style-rounded\"><img loading=\"lazy\" decoding=\"async\" width=\"500\" height=\"300\" src=\"https:\/\/pomskynederland.com\/nl\/wp-content\/uploads\/sites\/2\/2021\/03\/Verzorging.png\" alt=\"\" class=\"wp-image-2067\" srcset=\"https:\/\/pomskynederland.com\/de\/wp-content\/uploads\/sites\/4\/2021\/03\/Verzorging.png 500w, https:\/\/pomskynederland.com\/de\/wp-content\/uploads\/sites\/4\/2021\/03\/Verzorging-300x180.png 300w\" sizes=\"auto, (max-width: 500px) 100vw, 500px\" \/><\/figure>\n\n\n\n<h2 class=\"has-text-align-center wp-block-heading\" style=\"font-size:25px\">Pflege<\/h2>\n\n\n\n<p class=\"has-text-align-center has-black-color has-text-color\">Der Pomsky ben\u00f6tigt im Vergleich zu anderen Hunden keine besondere Pflege, sofern der Hund die richtige Ern\u00e4hrung bekommt und das Fell im Grunde gut gepflegt wird.<\/p>\n\n\n\n<div class=\"wp-block-buttons aligncenter is-layout-flex wp-block-buttons-is-layout-flex\">\n<div class=\"wp-block-button\"><a class=\"wp-block-button__link has-black-background-color has-background\" href=\"https:\/\/pomskynederland.com\/de\/der-pomsky\/pflege\/\" style=\"border-radius:20px\">Mehr lesen<\/a><\/div>\n<\/div>\n<\/div>\n<\/div>\n","protected":false},"excerpt":{"rendered":"<p>Der Pomsky ist eine reine Kreuzung zwischen einem Husky (Mutterh\u00fcndin) und einem Pomeranian (Vaterr\u00fcde). Ein mittelgro\u00dfer Hund mit einem offenen, verspielten, wissbegierigen und eigenwilligen Charakter.<\/p>\n<a class=\"read-more-link\" href=\" https:\/\/pomskynederland.com\/de\/der-pomsky\/ \">Read More<\/a>","protected":false},"author":1,"featured_media":1682,"parent":0,"menu_order":0,"comment_status":"closed","ping_status":"closed","template":"","meta":{"footnotes":""},"class_list":["post-1373","page","type-page","status-publish","has-post-thumbnail","hentry"],"yoast_head":"<!-- This site is optimized with the Yoast SEO plugin v16.0.2 - https:\/\/yoast.com\/wordpress\/plugins\/seo\/ -->\n<title>Der Pomsky - PomskyNederland<\/title>\n<meta name=\"description\" content=\"Der F1-Pomsky ist eine reinrassige Kreuzung zwischen einem Husky und einem Pomeranian (Zwergspitz). Ein Hund mit einem offenen, verspielten, wissbegierigen und eigenwilligen Charakter.\" \/>\n<link rel=\"canonical\" href=\"https:\/\/pomskynederland.com\/de\/der-pomsky\/\" \/>\n<meta property=\"og:locale\" content=\"nl_NL\" \/>\n<meta property=\"og:type\" content=\"article\" \/>\n<meta property=\"og:title\" content=\"Der Pomsky - PomskyNederland\" \/>\n<meta property=\"og:description\" content=\"Der F1-Pomsky ist eine reinrassige Kreuzung zwischen einem Husky und einem Pomeranian (Zwergspitz). Ein Hund mit einem offenen, verspielten, wissbegierigen und eigenwilligen Charakter.\" \/>\n<meta property=\"og:url\" content=\"https:\/\/pomskynederland.com\/de\/der-pomsky\/\" \/>\n<meta property=\"og:site_name\" content=\"PomskyNederland\" \/>\n<meta property=\"article:modified_time\" content=\"2021-05-13T14:04:30+00:00\" \/>\n<meta property=\"og:image\" content=\"https:\/\/pomskynederland.com\/de\/wp-content\/uploads\/sites\/4\/2021\/03\/De-Pomsky-e1614801584830.jpeg\" \/>\n\t<meta property=\"og:image:width\" content=\"408\" \/>\n\t<meta property=\"og:image:height\" content=\"277\" \/>\n<meta name=\"twitter:card\" content=\"summary_large_image\" \/>\n<meta name=\"twitter:label1\" content=\"Geschatte leestijd\">\n\t<meta name=\"twitter:data1\" content=\"2 minuten\">\n<script type=\"application\/ld+json\" class=\"yoast-schema-graph\">{\"@context\":\"https:\/\/schema.org\",\"@graph\":[{\"@type\":\"WebSite\",\"@id\":\"https:\/\/pomskynederland.com\/de\/#website\",\"url\":\"https:\/\/pomskynederland.com\/de\/\",\"name\":\"PomskyNederland\",\"description\":\"\",\"potentialAction\":[{\"@type\":\"SearchAction\",\"target\":\"https:\/\/pomskynederland.com\/de\/?s={search_term_string}\",\"query-input\":\"required name=search_term_string\"}],\"inLanguage\":\"nl-NL\"},{\"@type\":\"ImageObject\",\"@id\":\"https:\/\/pomskynederland.com\/de\/der-pomsky\/#primaryimage\",\"inLanguage\":\"nl-NL\",\"url\":\"https:\/\/pomskynederland.com\/de\/wp-content\/uploads\/sites\/4\/2021\/03\/De-Pomsky-e1614801584830.jpeg\",\"width\":408,\"height\":277},{\"@type\":\"WebPage\",\"@id\":\"https:\/\/pomskynederland.com\/de\/der-pomsky\/#webpage\",\"url\":\"https:\/\/pomskynederland.com\/de\/der-pomsky\/\",\"name\":\"Der Pomsky - PomskyNederland\",\"isPartOf\":{\"@id\":\"https:\/\/pomskynederland.com\/de\/#website\"},\"primaryImageOfPage\":{\"@id\":\"https:\/\/pomskynederland.com\/de\/der-pomsky\/#primaryimage\"},\"datePublished\":\"2021-02-27T11:43:24+00:00\",\"dateModified\":\"2021-05-13T14:04:30+00:00\",\"description\":\"Der F1-Pomsky ist eine reinrassige Kreuzung zwischen einem Husky und einem Pomeranian (Zwergspitz). Ein Hund mit einem offenen, verspielten, wissbegierigen und eigenwilligen Charakter.\",\"breadcrumb\":{\"@id\":\"https:\/\/pomskynederland.com\/de\/der-pomsky\/#breadcrumb\"},\"inLanguage\":\"nl-NL\",\"potentialAction\":[{\"@type\":\"ReadAction\",\"target\":[\"https:\/\/pomskynederland.com\/de\/der-pomsky\/\"]}]},{\"@type\":\"BreadcrumbList\",\"@id\":\"https:\/\/pomskynederland.com\/de\/der-pomsky\/#breadcrumb\",\"itemListElement\":[{\"@type\":\"ListItem\",\"position\":1,\"item\":{\"@type\":\"WebPage\",\"@id\":\"https:\/\/pomskynederland.com\/de\/\",\"url\":\"https:\/\/pomskynederland.com\/de\/\",\"name\":\"Home\"}},{\"@type\":\"ListItem\",\"position\":2,\"item\":{\"@type\":\"WebPage\",\"@id\":\"https:\/\/pomskynederland.com\/de\/der-pomsky\/\",\"url\":\"https:\/\/pomskynederland.com\/de\/der-pomsky\/\",\"name\":\"Der Pomsky\"}}]}]}<\/script>\n<!-- \/ Yoast SEO plugin. -->","_links":{"self":[{"href":"https:\/\/pomskynederland.com\/de\/wp-json\/wp\/v2\/pages\/1373","targetHints":{"allow":["GET"]}}],"collection":[{"href":"https:\/\/pomskynederland.com\/de\/wp-json\/wp\/v2\/pages"}],"about":[{"href":"https:\/\/pomskynederland.com\/de\/wp-json\/wp\/v2\/types\/page"}],"author":[{"embeddable":true,"href":"https:\/\/pomskynederland.com\/de\/wp-json\/wp\/v2\/users\/1"}],"replies":[{"embeddable":true,"href":"https:\/\/pomskynederland.com\/de\/wp-json\/wp\/v2\/comments?post=1373"}],"version-history":[{"count":2,"href":"https:\/\/pomskynederland.com\/de\/wp-json\/wp\/v2\/pages\/1373\/revisions"}],"predecessor-version":[{"id":3218,"href":"https:\/\/pomskynederland.com\/de\/wp-json\/wp\/v2\/pages\/1373\/revisions\/3218"}],"wp:featuredmedia":[{"embeddable":true,"href":"https:\/\/pomskynederland.com\/de\/wp-json\/wp\/v2\/media\/1682"}],"wp:attachment":[{"href":"https:\/\/pomskynederland.com\/de\/wp-json\/wp\/v2\/media?parent=1373"}],"curies":[{"name":"wp","href":"https:\/\/api.w.org\/{rel}","templated":true}]}}