{"id":1375,"date":"2021-02-27T11:43:41","date_gmt":"2021-02-27T11:43:41","guid":{"rendered":"http:\/\/pomskynederland.com\/nl\/?page_id=1375"},"modified":"2023-09-09T19:04:02","modified_gmt":"2023-09-09T19:04:02","slug":"kaufen","status":"publish","type":"page","link":"https:\/\/pomskynederland.com\/de\/kaufen\/","title":{"rendered":"Kaufen"},"content":{"rendered":"\n<p class=\"has-text-align-center\">Wenn Sie bei uns einen Pomsky kaufen, durchlaufen Sie einige Standardschritte. So wissen Sie genau, was auf Sie und Ihren zuk\u00fcnftigen Welpen zukommt und erleben Sie keine \u00dcberraschungen.<\/p>\n\n\n\n<!--more-->\n\n\n\n<p class=\"has-text-align-center has-black-color has-text-color\">Neben diesem Stufenplan bieten wir vom ersten Kontaktmoment an v\u00f6llige Transparenz im Hinblick auf unsere Arbeitsweise, unsere Warteliste, unsere Erwartungen an die neuen Besitzer unserer Hunde und den Kaufpreis eines Pomskys von PomskyNederland.<\/p>\n\n\n\n<div class=\"wp-block-columns is-layout-flex wp-container-core-columns-is-layout-1 wp-block-columns-is-layout-flex\">\n<div class=\"wp-block-column is-layout-flow wp-block-column-is-layout-flow\">\n<figure class=\"wp-block-image size-large is-style-rounded\"><img loading=\"lazy\" decoding=\"async\" width=\"500\" height=\"300\" src=\"https:\/\/pomskynederland.com\/nl\/wp-content\/uploads\/sites\/2\/2021\/03\/Onze-pups.png\" alt=\"\" class=\"wp-image-2069\" srcset=\"https:\/\/pomskynederland.com\/de\/wp-content\/uploads\/sites\/4\/2021\/03\/Onze-pups.png 500w, https:\/\/pomskynederland.com\/de\/wp-content\/uploads\/sites\/4\/2021\/03\/Onze-pups-300x180.png 300w\" sizes=\"auto, (max-width: 500px) 100vw, 500px\" \/><\/figure>\n\n\n\n<h2 class=\"has-text-align-center wp-block-heading\" style=\"font-size:25px\">Pomsky-Welpen<\/h2>\n\n\n\n<p class=\"has-text-align-center has-black-color has-text-color\">Unsere Welpen wachsen in den acht Wochen, die sie bei uns sind, im Beisein ihrer Mutter auf. In diesem Zeitraum werden sie ausschlie\u00dflich von ihrer Mutter ern\u00e4hrt.<\/p>\n\n\n\n<div class=\"wp-block-buttons aligncenter is-layout-flex wp-block-buttons-is-layout-flex\">\n<div class=\"wp-block-button\"><a class=\"wp-block-button__link has-black-background-color has-background\" href=\"https:\/\/pomskynederland.com\/de\/kaufen\/unsere-pomsky-welpen\/\" style=\"border-radius:20px\">Mehr lesen<\/a><\/div>\n<\/div>\n<\/div>\n\n\n\n<div class=\"wp-block-column is-layout-flow wp-block-column-is-layout-flow\">\n<figure class=\"wp-block-image size-large is-style-rounded\"><img loading=\"lazy\" decoding=\"async\" width=\"500\" height=\"300\" src=\"https:\/\/pomskynederland.com\/nl\/wp-content\/uploads\/sites\/2\/2021\/03\/Stappenplan.png\" alt=\"\" class=\"wp-image-2070\" srcset=\"https:\/\/pomskynederland.com\/de\/wp-content\/uploads\/sites\/4\/2021\/03\/Stappenplan.png 500w, https:\/\/pomskynederland.com\/de\/wp-content\/uploads\/sites\/4\/2021\/03\/Stappenplan-300x180.png 300w\" sizes=\"auto, (max-width: 500px) 100vw, 500px\" \/><\/figure>\n\n\n\n<h2 class=\"has-text-align-center wp-block-heading\" style=\"font-size:25px\">Stufenplan<\/h2>\n\n\n\n<p class=\"has-text-align-center has-black-color has-text-color\">Sie haben die Entscheidung getroffen: Sie wollen sich einen Pomsky zulegen. Damit Sie keine \u00dcberraschungen erleben, arbeiten wir mit einem Stufenplan.<\/p>\n\n\n\n<div class=\"wp-block-buttons aligncenter is-layout-flex wp-block-buttons-is-layout-flex\">\n<div class=\"wp-block-button\"><a class=\"wp-block-button__link has-black-background-color has-background\" href=\"https:\/\/pomskynederland.com\/de\/kaufen\/stufenplan\/\" style=\"border-radius:20px\">Mehr lesen<\/a><\/div>\n<\/div>\n<\/div>\n\n\n\n<div class=\"wp-block-column is-layout-flow wp-block-column-is-layout-flow\">\n<figure class=\"wp-block-image size-large is-style-rounded\"><img loading=\"lazy\" decoding=\"async\" width=\"500\" height=\"300\" src=\"https:\/\/pomskynederland.com\/nl\/wp-content\/uploads\/sites\/2\/2021\/03\/Wachtlijst.png\" alt=\"\" class=\"wp-image-2071\" srcset=\"https:\/\/pomskynederland.com\/de\/wp-content\/uploads\/sites\/4\/2021\/03\/Wachtlijst.png 500w, https:\/\/pomskynederland.com\/de\/wp-content\/uploads\/sites\/4\/2021\/03\/Wachtlijst-300x180.png 300w\" sizes=\"auto, (max-width: 500px) 100vw, 500px\" \/><\/figure>\n\n\n\n<h2 class=\"has-text-align-center wp-block-heading\" style=\"font-size:25px\">Warteliste<\/h2>\n\n\n\n<p class=\"has-text-align-center has-black-color has-text-color\">Nicht nur Sie m\u00f6chten sich einen Pomsky zulegen. Um diese Nachfrage zu bedienen, sowie die \u00dcbersichtlichkeit und Ehrlichkeit beizubehalten, arbeiten wir mit einer Warteliste.<\/p>\n\n\n\n<div class=\"wp-block-buttons aligncenter is-layout-flex wp-block-buttons-is-layout-flex\">\n<div class=\"wp-block-button\"><a class=\"wp-block-button__link has-black-background-color has-background\" href=\"https:\/\/pomskynederland.com\/de\/kaufen\/warteliste\/\" style=\"border-radius:20px\">Mehr lesen<\/a><\/div>\n<\/div>\n<\/div>\n<\/div>\n\n\n\n<div class=\"wp-block-columns alignfull has-background is-layout-flex wp-container-core-columns-is-layout-2 wp-block-columns-is-layout-flex\" style=\"background-color:#b29a5c\">\n<div class=\"wp-block-column is-layout-flow wp-block-column-is-layout-flow\" style=\"flex-basis:15%\"><\/div>\n\n\n\n<div class=\"wp-block-column is-vertically-aligned-center is-layout-flow wp-block-column-is-layout-flow\" style=\"flex-basis:70%\">\n<p class=\"has-text-align-center has-white-color has-text-color has-background has-medium-font-size\" style=\"background-color:#b29a5c\"><em><em><em>\u201eBei uns hat die Qualit\u00e4t und Gesundheit der Welpen oberste Priorit\u00e4t. Dies wird mitunter gew\u00e4hrleistet, indem wir die Richtlinien und staatlichen Vorgaben, die anerkannten Z\u00fcchtern gestellt werden, einhalten.\u201c<\/em><\/em><\/em><\/p>\n<\/div>\n\n\n\n<div class=\"wp-block-column is-layout-flow wp-block-column-is-layout-flow\" style=\"flex-basis:15%\"><\/div>\n<\/div>\n\n\n\n<div class=\"wp-block-columns is-layout-flex wp-container-core-columns-is-layout-3 wp-block-columns-is-layout-flex\">\n<div class=\"wp-block-column is-layout-flow wp-block-column-is-layout-flow\" style=\"flex-basis:33.33%\">\n<figure class=\"wp-block-image size-large is-style-rounded\"><img loading=\"lazy\" decoding=\"async\" width=\"500\" height=\"300\" src=\"http:\/\/pomskynederland.com\/de\/wp-content\/uploads\/sites\/4\/2023\/09\/Scherm\u00adafbeelding-2023-09-08-om-07.44.57.png\" alt=\"\" class=\"wp-image-3269\" srcset=\"https:\/\/pomskynederland.com\/de\/wp-content\/uploads\/sites\/4\/2023\/09\/Scherm\u00adafbeelding-2023-09-08-om-07.44.57.png 500w, https:\/\/pomskynederland.com\/de\/wp-content\/uploads\/sites\/4\/2023\/09\/Scherm\u00adafbeelding-2023-09-08-om-07.44.57-300x180.png 300w, https:\/\/pomskynederland.com\/de\/wp-content\/uploads\/sites\/4\/2023\/09\/Scherm\u00adafbeelding-2023-09-08-om-07.44.57-180x108.png 180w, https:\/\/pomskynederland.com\/de\/wp-content\/uploads\/sites\/4\/2023\/09\/Scherm\u00adafbeelding-2023-09-08-om-07.44.57-355x213.png 355w\" sizes=\"auto, (max-width: 500px) 100vw, 500px\" \/><\/figure>\n\n\n\n<h2 class=\"has-text-align-center wp-block-heading\" style=\"font-size:25px\">Leicht verf\u00fcgbar<\/h2>\n\n\n\n<p class=\"has-text-align-center\">Gelegentlich haben wir einige Pomsky-Welpen zur Verf\u00fcgung, die das Nest fast sofort verlassen k\u00f6nnen. Interessiert? Kontaktiere uns!<\/p>\n\n\n\n<div class=\"wp-block-buttons aligncenter is-layout-flex wp-block-buttons-is-layout-flex\">\n<div class=\"wp-block-button aligncenter\"><a class=\"wp-block-button__link has-white-color has-black-background-color has-text-color has-background\" href=\"https:\/\/pomskynederland.com\/de\/pomsky-welpen-verfugbar\/\" style=\"border-radius:20px\">Mehr lesen<\/a><\/div>\n<\/div>\n<\/div>\n\n\n\n<div class=\"wp-block-column is-layout-flow wp-block-column-is-layout-flow\" style=\"flex-basis:33.33%\">\n<figure class=\"wp-block-image size-large is-style-rounded\"><img loading=\"lazy\" decoding=\"async\" width=\"500\" height=\"300\" src=\"https:\/\/pomskynederland.com\/nl\/wp-content\/uploads\/sites\/2\/2021\/03\/Vereisten.png\" alt=\"\" class=\"wp-image-2072\" srcset=\"https:\/\/pomskynederland.com\/de\/wp-content\/uploads\/sites\/4\/2021\/03\/Vereisten.png 500w, https:\/\/pomskynederland.com\/de\/wp-content\/uploads\/sites\/4\/2021\/03\/Vereisten-300x180.png 300w\" sizes=\"auto, (max-width: 500px) 100vw, 500px\" \/><\/figure>\n\n\n\n<h2 class=\"has-text-align-center wp-block-heading\" style=\"font-size:25px\">Anforderungen<\/h2>\n\n\n\n<p class=\"has-text-align-center has-black-color has-text-color\">Wir sind kritisch in Bezug auf die potenziellen Besitzer unserer Pomsky-Hunde. Das Wohlergehen unserer Hunde steht bei uns jederzeit an allererster Stelle.<\/p>\n\n\n\n<div class=\"wp-block-buttons aligncenter is-layout-flex wp-block-buttons-is-layout-flex\">\n<div class=\"wp-block-button\"><a class=\"wp-block-button__link has-black-background-color has-background\" href=\"https:\/\/pomskynederland.com\/de\/kaufen\/anforderungen\/\" style=\"border-radius:20px\">Mehr lesen<\/a><\/div>\n<\/div>\n<\/div>\n\n\n\n<div class=\"wp-block-column is-layout-flow wp-block-column-is-layout-flow\" style=\"flex-basis:33.33%\">\n<figure class=\"wp-block-image size-large is-style-rounded\"><img loading=\"lazy\" decoding=\"async\" width=\"500\" height=\"300\" src=\"https:\/\/pomskynederland.com\/nl\/wp-content\/uploads\/sites\/2\/2021\/03\/Prijzen.png\" alt=\"\" class=\"wp-image-2073\" srcset=\"https:\/\/pomskynederland.com\/de\/wp-content\/uploads\/sites\/4\/2021\/03\/Prijzen.png 500w, https:\/\/pomskynederland.com\/de\/wp-content\/uploads\/sites\/4\/2021\/03\/Prijzen-300x180.png 300w\" sizes=\"auto, (max-width: 500px) 100vw, 500px\" \/><\/figure>\n\n\n\n<h2 class=\"has-text-align-center wp-block-heading\" style=\"font-size:25px\">Preise<\/h2>\n\n\n\n<p class=\"has-text-align-center has-black-color has-text-color\">Unser Ziel ist es, zug\u00e4nglich, zuverl\u00e4ssig und engagiert zu sein. Unserer Meinung nach l\u00e4sst sich dies nur mit vollst\u00e4ndiger Transparenz, auch im Hinblick auf Preise, realisieren.<\/p>\n\n\n\n<div class=\"wp-block-buttons aligncenter is-layout-flex wp-block-buttons-is-layout-flex\">\n<div class=\"wp-block-button\"><a class=\"wp-block-button__link has-black-background-color has-background\" href=\"https:\/\/pomskynederland.com\/de\/kaufen\/preise\/\" style=\"border-radius:20px\">Mehr lesen<\/a><\/div>\n<\/div>\n<\/div>\n<\/div>\n","protected":false},"excerpt":{"rendered":"<p>Wenn Sie bei uns einen Pomsky kaufen, durchlaufen Sie einige Standardschritte. So wissen Sie genau, was auf Sie und Ihren zuk\u00fcnftigen Welpen zukommt und erleben Sie keine \u00dcberraschungen.<\/p>\n<a class=\"read-more-link\" href=\" https:\/\/pomskynederland.com\/de\/kaufen\/ \">Read More<\/a>","protected":false},"author":1,"featured_media":6,"parent":0,"menu_order":0,"comment_status":"closed","ping_status":"closed","template":"","meta":{"footnotes":""},"class_list":["post-1375","page","type-page","status-publish","has-post-thumbnail","hentry"],"yoast_head":"<!-- This site is optimized with the Yoast SEO plugin v16.0.2 - https:\/\/yoast.com\/wordpress\/plugins\/seo\/ -->\n<title>Kaufen - PomskyNederland<\/title>\n<meta name=\"description\" content=\"Wenn Sie bei uns einen Hund kaufen, durchlaufen Sie einige Standardschritte. So wissen Sie genau, was auf Sie und Ihren zuk\u00fcnftigen Welpen zukommt und erleben Sie keine \u00dcberraschungen.\" \/>\n<link rel=\"canonical\" href=\"https:\/\/pomskynederland.com\/de\/kaufen\/\" \/>\n<meta property=\"og:locale\" content=\"nl_NL\" \/>\n<meta property=\"og:type\" content=\"article\" \/>\n<meta property=\"og:title\" content=\"Kaufen - PomskyNederland\" \/>\n<meta property=\"og:description\" content=\"Wenn Sie bei uns einen Hund kaufen, durchlaufen Sie einige Standardschritte. So wissen Sie genau, was auf Sie und Ihren zuk\u00fcnftigen Welpen zukommt und erleben Sie keine \u00dcberraschungen.\" \/>\n<meta property=\"og:url\" content=\"https:\/\/pomskynederland.com\/de\/kaufen\/\" \/>\n<meta property=\"og:site_name\" content=\"PomskyNederland\" \/>\n<meta property=\"article:modified_time\" content=\"2023-09-09T19:04:02+00:00\" \/>\n<meta property=\"og:image\" content=\"https:\/\/pomskynederland.com\/de\/wp-content\/uploads\/sites\/4\/2021\/02\/Schermafbeelding-2017-09-04-om-16.27.39-1.png\" \/>\n\t<meta property=\"og:image:width\" content=\"1350\" \/>\n\t<meta property=\"og:image:height\" content=\"779\" \/>\n<meta name=\"twitter:card\" content=\"summary_large_image\" \/>\n<meta name=\"twitter:label1\" content=\"Geschatte leestijd\">\n\t<meta name=\"twitter:data1\" content=\"3 minuten\">\n<script type=\"application\/ld+json\" class=\"yoast-schema-graph\">{\"@context\":\"https:\/\/schema.org\",\"@graph\":[{\"@type\":\"WebSite\",\"@id\":\"https:\/\/pomskynederland.com\/de\/#website\",\"url\":\"https:\/\/pomskynederland.com\/de\/\",\"name\":\"PomskyNederland\",\"description\":\"\",\"potentialAction\":[{\"@type\":\"SearchAction\",\"target\":\"https:\/\/pomskynederland.com\/de\/?s={search_term_string}\",\"query-input\":\"required name=search_term_string\"}],\"inLanguage\":\"nl-NL\"},{\"@type\":\"ImageObject\",\"@id\":\"https:\/\/pomskynederland.com\/de\/kaufen\/#primaryimage\",\"inLanguage\":\"nl-NL\",\"url\":\"https:\/\/pomskynederland.com\/de\/wp-content\/uploads\/sites\/4\/2021\/02\/Schermafbeelding-2017-09-04-om-16.27.39-1.png\",\"width\":1350,\"height\":779},{\"@type\":\"WebPage\",\"@id\":\"https:\/\/pomskynederland.com\/de\/kaufen\/#webpage\",\"url\":\"https:\/\/pomskynederland.com\/de\/kaufen\/\",\"name\":\"Kaufen - PomskyNederland\",\"isPartOf\":{\"@id\":\"https:\/\/pomskynederland.com\/de\/#website\"},\"primaryImageOfPage\":{\"@id\":\"https:\/\/pomskynederland.com\/de\/kaufen\/#primaryimage\"},\"datePublished\":\"2021-02-27T11:43:41+00:00\",\"dateModified\":\"2023-09-09T19:04:02+00:00\",\"description\":\"Wenn Sie bei uns einen Hund kaufen, durchlaufen Sie einige Standardschritte. So wissen Sie genau, was auf Sie und Ihren zuk\\u00fcnftigen Welpen zukommt und erleben Sie keine \\u00dcberraschungen.\",\"breadcrumb\":{\"@id\":\"https:\/\/pomskynederland.com\/de\/kaufen\/#breadcrumb\"},\"inLanguage\":\"nl-NL\",\"potentialAction\":[{\"@type\":\"ReadAction\",\"target\":[\"https:\/\/pomskynederland.com\/de\/kaufen\/\"]}]},{\"@type\":\"BreadcrumbList\",\"@id\":\"https:\/\/pomskynederland.com\/de\/kaufen\/#breadcrumb\",\"itemListElement\":[{\"@type\":\"ListItem\",\"position\":1,\"item\":{\"@type\":\"WebPage\",\"@id\":\"https:\/\/pomskynederland.com\/de\/\",\"url\":\"https:\/\/pomskynederland.com\/de\/\",\"name\":\"Home\"}},{\"@type\":\"ListItem\",\"position\":2,\"item\":{\"@type\":\"WebPage\",\"@id\":\"https:\/\/pomskynederland.com\/de\/kaufen\/\",\"url\":\"https:\/\/pomskynederland.com\/de\/kaufen\/\",\"name\":\"Kaufen\"}}]}]}<\/script>\n<!-- \/ Yoast SEO plugin. -->","_links":{"self":[{"href":"https:\/\/pomskynederland.com\/de\/wp-json\/wp\/v2\/pages\/1375","targetHints":{"allow":["GET"]}}],"collection":[{"href":"https:\/\/pomskynederland.com\/de\/wp-json\/wp\/v2\/pages"}],"about":[{"href":"https:\/\/pomskynederland.com\/de\/wp-json\/wp\/v2\/types\/page"}],"author":[{"embeddable":true,"href":"https:\/\/pomskynederland.com\/de\/wp-json\/wp\/v2\/users\/1"}],"replies":[{"embeddable":true,"href":"https:\/\/pomskynederland.com\/de\/wp-json\/wp\/v2\/comments?post=1375"}],"version-history":[{"count":7,"href":"https:\/\/pomskynederland.com\/de\/wp-json\/wp\/v2\/pages\/1375\/revisions"}],"predecessor-version":[{"id":3275,"href":"https:\/\/pomskynederland.com\/de\/wp-json\/wp\/v2\/pages\/1375\/revisions\/3275"}],"wp:featuredmedia":[{"embeddable":true,"href":"https:\/\/pomskynederland.com\/de\/wp-json\/wp\/v2\/media\/6"}],"wp:attachment":[{"href":"https:\/\/pomskynederland.com\/de\/wp-json\/wp\/v2\/media?parent=1375"}],"curies":[{"name":"wp","href":"https:\/\/api.w.org\/{rel}","templated":true}]}}