{"id":1377,"date":"2021-02-27T11:44:00","date_gmt":"2021-02-27T11:44:00","guid":{"rendered":"http:\/\/pomskynederland.com\/nl\/?page_id=1377"},"modified":"2021-05-13T14:07:23","modified_gmt":"2021-05-13T14:07:23","slug":"erfahrungen","status":"publish","type":"page","link":"https:\/\/pomskynederland.com\/de\/erfahrungen\/","title":{"rendered":"Erfahrungen"},"content":{"rendered":"\n<p class=\"has-text-align-center\">Dass man vor allem aufgrund von Mundpropaganda zu uns kommt, macht uns sehr stolz. Selbstverst\u00e4ndlich ist jeder Kunde f\u00fcr uns gleicherma\u00dfen wichtig. Unsere Kundenzufriedenheit ist das Aush\u00e4ngeschild von PomskyNederland.<\/p>\n\n\n\n<p class=\"has-text-align-center\">Als Zeichen der Anerkennung organisieren wir jedes Jahr f\u00fcr unseren gesamten Kundenkreis die Pomsky-Wanderung. Mehr \u00fcber unsere Hunde und die Pomsky-Wanderung lesen Sie auf den folgenden Seiten.<\/p>\n\n\n\n<div class=\"wp-block-columns is-layout-flex wp-container-core-columns-is-layout-1 wp-block-columns-is-layout-flex\">\n<div class=\"wp-block-column is-layout-flow wp-block-column-is-layout-flow\" style=\"flex-basis:16.5%\"><\/div>\n\n\n\n<div class=\"wp-block-column is-layout-flow wp-block-column-is-layout-flow\" style=\"flex-basis:33%\">\n<figure class=\"wp-block-image size-large is-style-rounded\"><img loading=\"lazy\" decoding=\"async\" width=\"500\" height=\"300\" src=\"https:\/\/pomskynederland.com\/nl\/wp-content\/uploads\/sites\/2\/2021\/03\/Onze-klanten.png\" alt=\"\" class=\"wp-image-2075\" srcset=\"https:\/\/pomskynederland.com\/de\/wp-content\/uploads\/sites\/4\/2021\/03\/Onze-klanten.png 500w, https:\/\/pomskynederland.com\/de\/wp-content\/uploads\/sites\/4\/2021\/03\/Onze-klanten-300x180.png 300w\" sizes=\"auto, (max-width: 500px) 100vw, 500px\" \/><\/figure>\n\n\n\n<h2 class=\"has-text-align-center wp-block-heading\" style=\"font-size:25px\">Unsere kunden<\/h2>\n\n\n\n<p class=\"has-text-align-center has-black-color has-text-color\">Wir sind sehr stolz auf unsere Kunden und bleiben gerne in Kontakt. Die Zufriedenheit unserer Kunden ist f\u00fcr uns schlie\u00dflich die beste Werbung. So kommen die meisten unserer Kunden durch Mundpropaganda zu uns.<\/p>\n\n\n\n<div class=\"wp-block-buttons aligncenter is-layout-flex wp-block-buttons-is-layout-flex\">\n<div class=\"wp-block-button\"><a class=\"wp-block-button__link has-black-background-color has-background\" href=\"https:\/\/pomskynederland.com\/de\/erfahrungen\/unsere-kunden\/\" style=\"border-radius:20px\">Mehr lesen<\/a><\/div>\n<\/div>\n<\/div>\n\n\n\n<div class=\"wp-block-column is-layout-flow wp-block-column-is-layout-flow\" style=\"flex-basis:33%\">\n<figure class=\"wp-block-image size-large is-style-rounded\"><img loading=\"lazy\" decoding=\"async\" width=\"500\" height=\"300\" src=\"https:\/\/pomskynederland.com\/nl\/wp-content\/uploads\/sites\/2\/2021\/03\/Onze-Pomskys.png\" alt=\"\" class=\"wp-image-2076\" srcset=\"https:\/\/pomskynederland.com\/de\/wp-content\/uploads\/sites\/4\/2021\/03\/Onze-Pomskys.png 500w, https:\/\/pomskynederland.com\/de\/wp-content\/uploads\/sites\/4\/2021\/03\/Onze-Pomskys-300x180.png 300w\" sizes=\"auto, (max-width: 500px) 100vw, 500px\" \/><\/figure>\n\n\n\n<h2 class=\"has-text-align-center wp-block-heading\" style=\"font-size:25px\">Unsere Pomskys<\/h2>\n\n\n\n<p class=\"has-text-align-center has-black-color has-text-color\">Trotz der Vielzahl an Welpen, die j\u00e4hrlich unsere Zuchtst\u00e4tte verlassen, kennen wir viele Hunde und Besitzer mit Namen. Sehen Sie sich einige der Pomskys, die in den vergangenen Jahren unsere Zuchtst\u00e4tte verlassen haben, auf ihren Instagram Accounts an!<\/p>\n\n\n\n<div class=\"wp-block-buttons aligncenter is-layout-flex wp-block-buttons-is-layout-flex\">\n<div class=\"wp-block-button\"><a class=\"wp-block-button__link has-black-background-color has-background\" href=\"https:\/\/pomskynederland.com\/de\/erfahrungen\/unsere-pomskys\/\" style=\"border-radius:20px\">Mehr lesen<\/a><\/div>\n<\/div>\n\n\n\n<p><\/p>\n<\/div>\n\n\n\n<div class=\"wp-block-column is-layout-flow wp-block-column-is-layout-flow\" style=\"flex-basis:16.5%\"><\/div>\n<\/div>\n\n\n\n<div class=\"wp-block-columns is-layout-flex wp-container-core-columns-is-layout-2 wp-block-columns-is-layout-flex\">\n<div class=\"wp-block-column is-layout-flow wp-block-column-is-layout-flow\" style=\"flex-basis:16.5%\"><\/div>\n\n\n\n<div class=\"wp-block-column is-layout-flow wp-block-column-is-layout-flow\" style=\"flex-basis:33%\">\n<figure class=\"wp-block-image size-large is-style-rounded\"><img loading=\"lazy\" decoding=\"async\" width=\"500\" height=\"300\" src=\"https:\/\/pomskynederland.com\/nl\/wp-content\/uploads\/sites\/2\/2021\/03\/Pomsky-wandeling.png\" alt=\"\" class=\"wp-image-2077\" srcset=\"https:\/\/pomskynederland.com\/de\/wp-content\/uploads\/sites\/4\/2021\/03\/Pomsky-wandeling.png 500w, https:\/\/pomskynederland.com\/de\/wp-content\/uploads\/sites\/4\/2021\/03\/Pomsky-wandeling-300x180.png 300w\" sizes=\"auto, (max-width: 500px) 100vw, 500px\" \/><\/figure>\n\n\n\n<h2 class=\"has-text-align-center wp-block-heading\" style=\"font-size:25px\">Pomsky wanderung<\/h2>\n\n\n\n<p class=\"has-text-align-center has-black-color has-text-color\">Uns ist es wichtig, zum Pomsky-Gemeinschaftsgef\u00fchl beizutragen. Dar\u00fcber hinaus finden wir es toll, wenn wir jedes Jahr m\u00f6glichst viele Hunde aus unserer Zucht wiedersehen. Aus diesem Grund organisieren wir jedes Jahr eine Pomsky-Wanderung.<\/p>\n\n\n\n<div class=\"wp-block-buttons aligncenter is-layout-flex wp-block-buttons-is-layout-flex\">\n<div class=\"wp-block-button\"><a class=\"wp-block-button__link has-black-background-color has-background\" href=\"https:\/\/pomskynederland.com\/de\/erfahrungen\/pomsky-wanderung\/\" style=\"border-radius:20px\">Mehr lesen<\/a><\/div>\n<\/div>\n<\/div>\n\n\n\n<div class=\"wp-block-column is-layout-flow wp-block-column-is-layout-flow\" style=\"flex-basis:33%\">\n<figure class=\"wp-block-image size-large is-style-rounded\"><img loading=\"lazy\" decoding=\"async\" width=\"500\" height=\"300\" src=\"https:\/\/pomskynederland.com\/nl\/wp-content\/uploads\/sites\/2\/2021\/03\/Social-media.png\" alt=\"\" class=\"wp-image-2078\" srcset=\"https:\/\/pomskynederland.com\/de\/wp-content\/uploads\/sites\/4\/2021\/03\/Social-media.png 500w, https:\/\/pomskynederland.com\/de\/wp-content\/uploads\/sites\/4\/2021\/03\/Social-media-300x180.png 300w\" sizes=\"auto, (max-width: 500px) 100vw, 500px\" \/><\/figure>\n\n\n\n<h2 class=\"has-text-align-center wp-block-heading\" style=\"font-size:25px\">Social media<\/h2>\n\n\n\n<p class=\"has-text-align-center has-black-color has-text-color\">Mit diesen Social Media folgen wir all unsere Pomsky-Hunde und deren Besitzer, die einen eigenen Social-Media-Account haben. Au\u00dferdem posten wir in diesen Kan\u00e4len regelm\u00e4\u00dfig Fotos und Videos unserer Zuchtst\u00e4tte, Huskys und Pomsky-Welpen.<\/p>\n\n\n\n<div class=\"wp-block-buttons aligncenter is-layout-flex wp-block-buttons-is-layout-flex\">\n<div class=\"wp-block-button\"><a class=\"wp-block-button__link has-black-background-color has-background\" href=\"https:\/\/pomskynederland.com\/de\/erfahrungen\/social-media\/\" style=\"border-radius:20px\">Mehr lesen<\/a><\/div>\n<\/div>\n<\/div>\n\n\n\n<div class=\"wp-block-column is-layout-flow wp-block-column-is-layout-flow\" style=\"flex-basis:16.5%\"><\/div>\n<\/div>\n\n\n\n<p><\/p>\n","protected":false},"excerpt":{"rendered":"<p>Dass man vor allem aufgrund von Mundpropaganda zu uns kommt, macht uns sehr stolz. Selbstverst\u00e4ndlich ist jeder Kunde f\u00fcr uns gleicherma\u00dfen wichtig. Unsere Kundenzufriedenheit ist das Aush\u00e4ngeschild von PomskyNederland. Als Zeichen der Anerkennung organisieren wir jedes Jahr f\u00fcr unseren gesamten Kundenkreis die Pomsky-Wanderung. Mehr \u00fcber unsere Hunde und die Pomsky-Wanderung lesen Sie auf den folgenden&hellip;<\/p>\n<a class=\"read-more-link\" href=\" https:\/\/pomskynederland.com\/de\/erfahrungen\/ \">Read More<\/a>","protected":false},"author":1,"featured_media":1996,"parent":0,"menu_order":0,"comment_status":"closed","ping_status":"closed","template":"","meta":{"footnotes":""},"class_list":["post-1377","page","type-page","status-publish","has-post-thumbnail","hentry"],"yoast_head":"<!-- This site is optimized with the Yoast SEO plugin v16.0.2 - https:\/\/yoast.com\/wordpress\/plugins\/seo\/ -->\n<title>Erfahrungen - PomskyNederland<\/title>\n<meta name=\"description\" content=\"Unsere Pomskys gehen buchst\u00e4blich um die ganze Welt und k\u00f6nnen Sie von Kanada bis Japan begegnen. Dass man weltweit aufgrund von Mundpropaganda zu uns kommt, macht uns sehr stolz.\" \/>\n<link rel=\"canonical\" href=\"https:\/\/pomskynederland.com\/de\/erfahrungen\/\" \/>\n<meta property=\"og:locale\" content=\"nl_NL\" \/>\n<meta property=\"og:type\" content=\"article\" \/>\n<meta property=\"og:title\" content=\"Erfahrungen - PomskyNederland\" \/>\n<meta property=\"og:description\" content=\"Unsere Pomskys gehen buchst\u00e4blich um die ganze Welt und k\u00f6nnen Sie von Kanada bis Japan begegnen. Dass man weltweit aufgrund von Mundpropaganda zu uns kommt, macht uns sehr stolz.\" \/>\n<meta property=\"og:url\" content=\"https:\/\/pomskynederland.com\/de\/erfahrungen\/\" \/>\n<meta property=\"og:site_name\" content=\"PomskyNederland\" \/>\n<meta property=\"article:modified_time\" content=\"2021-05-13T14:07:23+00:00\" \/>\n<meta property=\"og:image\" content=\"https:\/\/pomskynederland.com\/de\/wp-content\/uploads\/sites\/4\/2021\/03\/Schermafbeelding-2021-03-02-om-21.10.24-edited.png\" \/>\n\t<meta property=\"og:image:width\" content=\"905\" \/>\n\t<meta property=\"og:image:height\" content=\"562\" \/>\n<meta name=\"twitter:card\" content=\"summary_large_image\" \/>\n<meta name=\"twitter:label1\" content=\"Geschatte leestijd\">\n\t<meta name=\"twitter:data1\" content=\"2 minuten\">\n<script type=\"application\/ld+json\" class=\"yoast-schema-graph\">{\"@context\":\"https:\/\/schema.org\",\"@graph\":[{\"@type\":\"WebSite\",\"@id\":\"https:\/\/pomskynederland.com\/de\/#website\",\"url\":\"https:\/\/pomskynederland.com\/de\/\",\"name\":\"PomskyNederland\",\"description\":\"\",\"potentialAction\":[{\"@type\":\"SearchAction\",\"target\":\"https:\/\/pomskynederland.com\/de\/?s={search_term_string}\",\"query-input\":\"required name=search_term_string\"}],\"inLanguage\":\"nl-NL\"},{\"@type\":\"ImageObject\",\"@id\":\"https:\/\/pomskynederland.com\/de\/erfahrungen\/#primaryimage\",\"inLanguage\":\"nl-NL\",\"url\":\"https:\/\/pomskynederland.com\/de\/wp-content\/uploads\/sites\/4\/2021\/03\/Schermafbeelding-2021-03-02-om-21.10.24-edited.png\",\"width\":905,\"height\":562},{\"@type\":\"WebPage\",\"@id\":\"https:\/\/pomskynederland.com\/de\/erfahrungen\/#webpage\",\"url\":\"https:\/\/pomskynederland.com\/de\/erfahrungen\/\",\"name\":\"Erfahrungen - PomskyNederland\",\"isPartOf\":{\"@id\":\"https:\/\/pomskynederland.com\/de\/#website\"},\"primaryImageOfPage\":{\"@id\":\"https:\/\/pomskynederland.com\/de\/erfahrungen\/#primaryimage\"},\"datePublished\":\"2021-02-27T11:44:00+00:00\",\"dateModified\":\"2021-05-13T14:07:23+00:00\",\"description\":\"Unsere Pomskys gehen buchst\\u00e4blich um die ganze Welt und k\\u00f6nnen Sie von Kanada bis Japan begegnen. Dass man weltweit aufgrund von Mundpropaganda zu uns kommt, macht uns sehr stolz.\",\"breadcrumb\":{\"@id\":\"https:\/\/pomskynederland.com\/de\/erfahrungen\/#breadcrumb\"},\"inLanguage\":\"nl-NL\",\"potentialAction\":[{\"@type\":\"ReadAction\",\"target\":[\"https:\/\/pomskynederland.com\/de\/erfahrungen\/\"]}]},{\"@type\":\"BreadcrumbList\",\"@id\":\"https:\/\/pomskynederland.com\/de\/erfahrungen\/#breadcrumb\",\"itemListElement\":[{\"@type\":\"ListItem\",\"position\":1,\"item\":{\"@type\":\"WebPage\",\"@id\":\"https:\/\/pomskynederland.com\/de\/\",\"url\":\"https:\/\/pomskynederland.com\/de\/\",\"name\":\"Home\"}},{\"@type\":\"ListItem\",\"position\":2,\"item\":{\"@type\":\"WebPage\",\"@id\":\"https:\/\/pomskynederland.com\/de\/erfahrungen\/\",\"url\":\"https:\/\/pomskynederland.com\/de\/erfahrungen\/\",\"name\":\"Erfahrungen\"}}]}]}<\/script>\n<!-- \/ Yoast SEO plugin. -->","_links":{"self":[{"href":"https:\/\/pomskynederland.com\/de\/wp-json\/wp\/v2\/pages\/1377","targetHints":{"allow":["GET"]}}],"collection":[{"href":"https:\/\/pomskynederland.com\/de\/wp-json\/wp\/v2\/pages"}],"about":[{"href":"https:\/\/pomskynederland.com\/de\/wp-json\/wp\/v2\/types\/page"}],"author":[{"embeddable":true,"href":"https:\/\/pomskynederland.com\/de\/wp-json\/wp\/v2\/users\/1"}],"replies":[{"embeddable":true,"href":"https:\/\/pomskynederland.com\/de\/wp-json\/wp\/v2\/comments?post=1377"}],"version-history":[{"count":2,"href":"https:\/\/pomskynederland.com\/de\/wp-json\/wp\/v2\/pages\/1377\/revisions"}],"predecessor-version":[{"id":3220,"href":"https:\/\/pomskynederland.com\/de\/wp-json\/wp\/v2\/pages\/1377\/revisions\/3220"}],"wp:featuredmedia":[{"embeddable":true,"href":"https:\/\/pomskynederland.com\/de\/wp-json\/wp\/v2\/media\/1996"}],"wp:attachment":[{"href":"https:\/\/pomskynederland.com\/de\/wp-json\/wp\/v2\/media?parent=1377"}],"curies":[{"name":"wp","href":"https:\/\/api.w.org\/{rel}","templated":true}]}}