{"id":1379,"date":"2021-02-27T11:44:13","date_gmt":"2021-02-27T11:44:13","guid":{"rendered":"http:\/\/pomskynederland.com\/nl\/?page_id=1379"},"modified":"2021-05-13T14:08:52","modified_gmt":"2021-05-13T14:08:52","slug":"international","status":"publish","type":"page","link":"https:\/\/pomskynederland.com\/de\/international\/","title":{"rendered":"International"},"content":{"rendered":"\n<p class=\"has-text-align-center\">Als wir zum ersten Mal eine Anfrage von einem potenziellen Kunden aus dem Ausland erhielten, staunten wir nicht schlecht und wussten wir nicht, wie der Export eines Welpen funktioniert.<\/p>\n\n\n\n<p class=\"has-text-align-center\">Mittlerweile sind bereits Dutzende PomskyNederland-Welpen ins Ausland ausgewandert. Wir haben Erfahrung mit dem Verkauf von Welpen innerhalb sowie au\u00dferhalb der Europ\u00e4ischen Union. Wir k\u00f6nnen Ihnen also auch in diesem Bereich alle Sorgen abnehmen.<\/p>\n\n\n\n<div class=\"wp-block-columns is-layout-flex wp-container-core-columns-is-layout-1 wp-block-columns-is-layout-flex\">\n<div class=\"wp-block-column is-vertically-aligned-center is-layout-flow wp-block-column-is-layout-flow\" style=\"flex-basis:49%\">\n<figure class=\"wp-block-image alignfull size-large is-style-rounded\"><img loading=\"lazy\" decoding=\"async\" width=\"500\" height=\"300\" src=\"https:\/\/pomskynederland.com\/nl\/wp-content\/uploads\/sites\/2\/2021\/03\/Mogelijkheden.png\" alt=\"\" class=\"wp-image-2080\" srcset=\"https:\/\/pomskynederland.com\/de\/wp-content\/uploads\/sites\/4\/2021\/03\/Mogelijkheden.png 500w, https:\/\/pomskynederland.com\/de\/wp-content\/uploads\/sites\/4\/2021\/03\/Mogelijkheden-300x180.png 300w\" sizes=\"auto, (max-width: 500px) 100vw, 500px\" \/><\/figure>\n\n\n\n<p><\/p>\n<\/div>\n\n\n\n<div class=\"wp-block-column is-layout-flow wp-block-column-is-layout-flow\" style=\"flex-basis:2%\"><\/div>\n\n\n\n<div class=\"wp-block-column is-layout-flow wp-block-column-is-layout-flow\" style=\"flex-basis:49%\">\n<h2 class=\"has-text-align-center wp-block-heading\" style=\"font-size:25px\">Export-M\u00f6glichkeiten<\/h2>\n\n\n\n<p class=\"has-text-align-center has-black-color has-text-color\">Unsere Zucht hat inzwischen auch auf internationaler Ebene einen guten Ruf aufgebaut. Aufgrund dieser Nachfrage haben wir viel Exporterfahrung und k\u00f6nnen wir Sie beim Exportieren Ihres Pomsky-Welpen ins Ausland optimal unterst\u00fctzen.<\/p>\n\n\n\n<div class=\"wp-block-buttons aligncenter is-layout-flex wp-block-buttons-is-layout-flex\">\n<div class=\"wp-block-button\"><a class=\"wp-block-button__link has-black-background-color has-background\" href=\"https:\/\/pomskynederland.com\/de\/international\/export-moglichkeiten\/\" style=\"border-radius:20px\">Mehr lesen<\/a><\/div>\n<\/div>\n<\/div>\n<\/div>\n\n\n\n<div class=\"wp-block-columns alignfull has-background is-layout-flex wp-container-core-columns-is-layout-2 wp-block-columns-is-layout-flex\" style=\"background-color:#b29a5c\">\n<div class=\"wp-block-column is-layout-flow wp-block-column-is-layout-flow\" style=\"flex-basis:15%\"><\/div>\n\n\n\n<div class=\"wp-block-column is-vertically-aligned-center is-layout-flow wp-block-column-is-layout-flow\" style=\"flex-basis:70%\">\n<p class=\"has-text-align-center has-white-color has-text-color has-medium-font-size\">&#8220;<em>Der Export eines Pomskys innerhalb- oder au\u00dferhalb der EU ist sehr aufw\u00e4ndig. Dank unserer Erfahrung bieten wir unseren Kunden diesbez\u00fcglich eine reibungslose Unterst\u00fctzung von A bis Z.<\/em>&#8220;<\/p>\n<\/div>\n\n\n\n<div class=\"wp-block-column is-layout-flow wp-block-column-is-layout-flow\" style=\"flex-basis:15%\"><\/div>\n<\/div>\n\n\n\n<div class=\"wp-block-columns is-layout-flex wp-container-core-columns-is-layout-3 wp-block-columns-is-layout-flex\">\n<div class=\"wp-block-column is-vertically-aligned-center is-layout-flow wp-block-column-is-layout-flow\" style=\"flex-basis:49%\">\n<figure class=\"wp-block-image alignfull size-large is-style-rounded\"><img loading=\"lazy\" decoding=\"async\" width=\"500\" height=\"300\" src=\"https:\/\/pomskynederland.com\/nl\/wp-content\/uploads\/sites\/2\/2021\/03\/Waar-vind-je-onze-honden.png\" alt=\"\" class=\"wp-image-2081\" srcset=\"https:\/\/pomskynederland.com\/de\/wp-content\/uploads\/sites\/4\/2021\/03\/Waar-vind-je-onze-honden.png 500w, https:\/\/pomskynederland.com\/de\/wp-content\/uploads\/sites\/4\/2021\/03\/Waar-vind-je-onze-honden-300x180.png 300w\" sizes=\"auto, (max-width: 500px) 100vw, 500px\" \/><\/figure>\n\n\n\n<p><\/p>\n<\/div>\n\n\n\n<div class=\"wp-block-column is-layout-flow wp-block-column-is-layout-flow\" style=\"flex-basis:2%\"><\/div>\n\n\n\n<div class=\"wp-block-column is-layout-flow wp-block-column-is-layout-flow\" style=\"flex-basis:49%\">\n<h2 class=\"has-text-align-center wp-block-heading\" style=\"font-size:25px\">Wo unsere hunde leben<\/h2>\n\n\n\n<p class=\"has-text-align-center has-black-color has-text-color\">In u.a. folgende L\u00e4nder und Orte haben wir unsere Pomsky-Hunde in ein liebevolles Zuhause exportiert: Belgien, Deutschland, \u00d6sterreich, Schweden, D\u00e4nemark, Kanada, Hong Kong, Schweiz, Kroatien, Frankreich, Vereinigtes K\u00f6nigreich, Los Angeles und Madrid.<\/p>\n\n\n\n<div class=\"wp-block-buttons aligncenter is-layout-flex wp-block-buttons-is-layout-flex\">\n<div class=\"wp-block-button\"><a class=\"wp-block-button__link has-black-background-color has-background\" href=\"https:\/\/pomskynederland.com\/de\/international\/wo-unsere-hunde-leben\/\" style=\"border-radius:20px\">Mehr lesen<\/a><\/div>\n<\/div>\n<\/div>\n<\/div>\n\n\n\n<p><\/p>\n","protected":false},"excerpt":{"rendered":"<p>Als wir zum ersten Mal eine Anfrage von einem potenziellen Kunden aus dem Ausland erhielten, staunten wir nicht schlecht und wussten wir nicht, wie der Export eines Welpen funktioniert. Mittlerweile sind bereits Dutzende PomskyNederland-Welpen ins Ausland ausgewandert. Wir haben Erfahrung mit dem Verkauf von Welpen innerhalb sowie au\u00dferhalb der Europ\u00e4ischen Union. Wir k\u00f6nnen Ihnen also&hellip;<\/p>\n<a class=\"read-more-link\" href=\" https:\/\/pomskynederland.com\/de\/international\/ \">Read More<\/a>","protected":false},"author":1,"featured_media":2081,"parent":0,"menu_order":0,"comment_status":"closed","ping_status":"closed","template":"","meta":{"footnotes":""},"class_list":["post-1379","page","type-page","status-publish","has-post-thumbnail","hentry"],"yoast_head":"<!-- This site is optimized with the Yoast SEO plugin v16.0.2 - https:\/\/yoast.com\/wordpress\/plugins\/seo\/ -->\n<title>International - PomskyNederland<\/title>\n<meta name=\"description\" content=\"Inzwischen sind bereits Dutzende PomskyNederland-Welpen ins Ausland ausgewandert. Wir haben Erfahrung mit dem Verkauf von Welpen innerhalb sowie au\u00dferhalb der Europ\u00e4ischen Union. Wir k\u00f6nnen Ihnen diesbez\u00fcglich alle Sorgen abnehmen.\" \/>\n<link rel=\"canonical\" href=\"https:\/\/pomskynederland.com\/de\/international\/\" \/>\n<meta property=\"og:locale\" content=\"nl_NL\" \/>\n<meta property=\"og:type\" content=\"article\" \/>\n<meta property=\"og:title\" content=\"International - PomskyNederland\" \/>\n<meta property=\"og:description\" content=\"Inzwischen sind bereits Dutzende PomskyNederland-Welpen ins Ausland ausgewandert. Wir haben Erfahrung mit dem Verkauf von Welpen innerhalb sowie au\u00dferhalb der Europ\u00e4ischen Union. Wir k\u00f6nnen Ihnen diesbez\u00fcglich alle Sorgen abnehmen.\" \/>\n<meta property=\"og:url\" content=\"https:\/\/pomskynederland.com\/de\/international\/\" \/>\n<meta property=\"og:site_name\" content=\"PomskyNederland\" \/>\n<meta property=\"article:modified_time\" content=\"2021-05-13T14:08:52+00:00\" \/>\n<meta property=\"og:image\" content=\"https:\/\/pomskynederland.com\/de\/wp-content\/uploads\/sites\/4\/2021\/03\/Waar-vind-je-onze-honden.png\" \/>\n\t<meta property=\"og:image:width\" content=\"500\" \/>\n\t<meta property=\"og:image:height\" content=\"300\" \/>\n<meta name=\"twitter:card\" content=\"summary_large_image\" \/>\n<meta name=\"twitter:label1\" content=\"Geschatte leestijd\">\n\t<meta name=\"twitter:data1\" content=\"2 minuten\">\n<script type=\"application\/ld+json\" class=\"yoast-schema-graph\">{\"@context\":\"https:\/\/schema.org\",\"@graph\":[{\"@type\":\"WebSite\",\"@id\":\"https:\/\/pomskynederland.com\/de\/#website\",\"url\":\"https:\/\/pomskynederland.com\/de\/\",\"name\":\"PomskyNederland\",\"description\":\"\",\"potentialAction\":[{\"@type\":\"SearchAction\",\"target\":\"https:\/\/pomskynederland.com\/de\/?s={search_term_string}\",\"query-input\":\"required name=search_term_string\"}],\"inLanguage\":\"nl-NL\"},{\"@type\":\"ImageObject\",\"@id\":\"https:\/\/pomskynederland.com\/de\/international\/#primaryimage\",\"inLanguage\":\"nl-NL\",\"url\":\"https:\/\/pomskynederland.com\/de\/wp-content\/uploads\/sites\/4\/2021\/03\/Waar-vind-je-onze-honden.png\",\"width\":500,\"height\":300},{\"@type\":\"WebPage\",\"@id\":\"https:\/\/pomskynederland.com\/de\/international\/#webpage\",\"url\":\"https:\/\/pomskynederland.com\/de\/international\/\",\"name\":\"International - PomskyNederland\",\"isPartOf\":{\"@id\":\"https:\/\/pomskynederland.com\/de\/#website\"},\"primaryImageOfPage\":{\"@id\":\"https:\/\/pomskynederland.com\/de\/international\/#primaryimage\"},\"datePublished\":\"2021-02-27T11:44:13+00:00\",\"dateModified\":\"2021-05-13T14:08:52+00:00\",\"description\":\"Inzwischen sind bereits Dutzende PomskyNederland-Welpen ins Ausland ausgewandert. Wir haben Erfahrung mit dem Verkauf von Welpen innerhalb sowie au\\u00dferhalb der Europ\\u00e4ischen Union. Wir k\\u00f6nnen Ihnen diesbez\\u00fcglich alle Sorgen abnehmen.\",\"breadcrumb\":{\"@id\":\"https:\/\/pomskynederland.com\/de\/international\/#breadcrumb\"},\"inLanguage\":\"nl-NL\",\"potentialAction\":[{\"@type\":\"ReadAction\",\"target\":[\"https:\/\/pomskynederland.com\/de\/international\/\"]}]},{\"@type\":\"BreadcrumbList\",\"@id\":\"https:\/\/pomskynederland.com\/de\/international\/#breadcrumb\",\"itemListElement\":[{\"@type\":\"ListItem\",\"position\":1,\"item\":{\"@type\":\"WebPage\",\"@id\":\"https:\/\/pomskynederland.com\/de\/\",\"url\":\"https:\/\/pomskynederland.com\/de\/\",\"name\":\"Home\"}},{\"@type\":\"ListItem\",\"position\":2,\"item\":{\"@type\":\"WebPage\",\"@id\":\"https:\/\/pomskynederland.com\/de\/international\/\",\"url\":\"https:\/\/pomskynederland.com\/de\/international\/\",\"name\":\"International\"}}]}]}<\/script>\n<!-- \/ Yoast SEO plugin. -->","_links":{"self":[{"href":"https:\/\/pomskynederland.com\/de\/wp-json\/wp\/v2\/pages\/1379","targetHints":{"allow":["GET"]}}],"collection":[{"href":"https:\/\/pomskynederland.com\/de\/wp-json\/wp\/v2\/pages"}],"about":[{"href":"https:\/\/pomskynederland.com\/de\/wp-json\/wp\/v2\/types\/page"}],"author":[{"embeddable":true,"href":"https:\/\/pomskynederland.com\/de\/wp-json\/wp\/v2\/users\/1"}],"replies":[{"embeddable":true,"href":"https:\/\/pomskynederland.com\/de\/wp-json\/wp\/v2\/comments?post=1379"}],"version-history":[{"count":2,"href":"https:\/\/pomskynederland.com\/de\/wp-json\/wp\/v2\/pages\/1379\/revisions"}],"predecessor-version":[{"id":3221,"href":"https:\/\/pomskynederland.com\/de\/wp-json\/wp\/v2\/pages\/1379\/revisions\/3221"}],"wp:featuredmedia":[{"embeddable":true,"href":"https:\/\/pomskynederland.com\/de\/wp-json\/wp\/v2\/media\/2081"}],"wp:attachment":[{"href":"https:\/\/pomskynederland.com\/de\/wp-json\/wp\/v2\/media?parent=1379"}],"curies":[{"name":"wp","href":"https:\/\/api.w.org\/{rel}","templated":true}]}}