{"id":1381,"date":"2021-02-27T11:44:28","date_gmt":"2021-02-27T11:44:28","guid":{"rendered":"http:\/\/pomskynederland.com\/nl\/?page_id=1381"},"modified":"2021-05-13T14:28:40","modified_gmt":"2021-05-13T14:28:40","slug":"kontakt","status":"publish","type":"page","link":"https:\/\/pomskynederland.com\/de\/kontakt\/","title":{"rendered":"Kontakt"},"content":{"rendered":"\n<p>Haben Sie Fragen \u00fcber unsere Pomsky-Welpen, die Zuchtst\u00e4tte oder das Zuchtprogramm? Z\u00f6gern Sie nicht und kontaktieren Sie uns per WhatsApp, Instagram, Telefon oder E-Mail. Wir versuchen immer, Ihre Fragen schnellstm\u00f6glich zu beantworten. Sie k\u00f6nnen innerhalb von 24 Stunden mit einer Antwort rechnen.<\/p>\n\n\n\n<p><strong>Ansprechpartner: <\/strong>Jasper de Wit<br>\n<strong>Adresse: <\/strong>Waalwijk (Nordbrabant), Niederlande<br><br><strong>Instagram: <\/strong><span style=\"text-decoration: underline\">\n<a href=\"https:\/\/www.instagram.com\/pomskynederland\/\">@PomskyNederland<\/a><\/span>\n<br><strong>Telefon: <\/strong><u><a href=\"tel:0031641110717\">+31 (0)6 41 11 07 17<\/a><\/u><br>\n<strong>E-mail: <\/strong><u><a href=\"mailto:info@pomskynederland.com\">info@pomskynederland.com<\/a><\/u><\/p>\n\n\n\n<h2 class=\"wp-block-heading\">Fragen \u00fcber die Pomsky-Rasse?<\/h2>\n\n\n\n<p class=\"has-black-color has-text-color\">Haben Sie (Erziehungs-)Fragen oder allgemeine Fragen \u00fcber den Pomsky? Besuchen Sie diesbez\u00fcglich auch die Website\u00a0<a href=\"https:\/\/www.neusjevangeusje.nl\/\"><strong><span style=\"text-decoration: underline;\">www.neusjevangeusje.nl<\/span><\/strong><\/a> (Niederl\u00e4ndischsprachig). Dieser Blog ist von einem unserer zufriedenen Kunden und enth\u00e4lt jede Menge Informationen \u00fcber den Pomsky, von Welpe bis zum ausgewachsenen Hund.<\/p>\n","protected":false},"excerpt":{"rendered":"<p>Haben Sie Fragen \u00fcber unsere Pomsky-Welpen, die Zuchtst\u00e4tte oder das Zuchtprogramm? Z\u00f6gern Sie nicht und kontaktieren Sie uns per WhatsApp, Instagram, Telefon oder E-Mail. Wir versuchen immer, Ihre Fragen schnellstm\u00f6glich zu beantworten. Sie k\u00f6nnen innerhalb von 24 Stunden mit einer Antwort rechnen. Ansprechpartner: Jasper de Wit Adresse: Waalwijk (Nordbrabant), Niederlande Instagram: @PomskyNederland Telefon: +31 (0)6&hellip;<\/p>\n<a class=\"read-more-link\" href=\" https:\/\/pomskynederland.com\/de\/kontakt\/ \">Read More<\/a>","protected":false},"author":1,"featured_media":2078,"parent":0,"menu_order":0,"comment_status":"closed","ping_status":"closed","template":"","meta":{"footnotes":""},"class_list":["post-1381","page","type-page","status-publish","has-post-thumbnail","hentry"],"yoast_head":"<!-- This site is optimized with the Yoast SEO plugin v16.0.2 - https:\/\/yoast.com\/wordpress\/plugins\/seo\/ -->\n<title>Kontakt - PomskyNederland<\/title>\n<meta name=\"description\" content=\"Haben Sie Fragen \u00fcber unsere Pomsky-Welpen, unsere Zuchtst\u00e4tte oder unser Zuchtprogramm? Nehmen Sie per WhatsApp oder Telefon Kontakt auf! Wir versuchen immer, schnellstm\u00f6glich zu antworten.\" \/>\n<link rel=\"canonical\" href=\"https:\/\/pomskynederland.com\/de\/kontakt\/\" \/>\n<meta property=\"og:locale\" content=\"nl_NL\" \/>\n<meta property=\"og:type\" content=\"article\" \/>\n<meta property=\"og:title\" content=\"Kontakt - PomskyNederland\" \/>\n<meta property=\"og:description\" content=\"Haben Sie Fragen \u00fcber unsere Pomsky-Welpen, unsere Zuchtst\u00e4tte oder unser Zuchtprogramm? Nehmen Sie per WhatsApp oder Telefon Kontakt auf! Wir versuchen immer, schnellstm\u00f6glich zu antworten.\" \/>\n<meta property=\"og:url\" content=\"https:\/\/pomskynederland.com\/de\/kontakt\/\" \/>\n<meta property=\"og:site_name\" content=\"PomskyNederland\" \/>\n<meta property=\"article:modified_time\" content=\"2021-05-13T14:28:40+00:00\" \/>\n<meta property=\"og:image\" content=\"https:\/\/pomskynederland.com\/de\/wp-content\/uploads\/sites\/4\/2021\/03\/Social-media.png\" \/>\n\t<meta property=\"og:image:width\" content=\"500\" \/>\n\t<meta property=\"og:image:height\" content=\"300\" \/>\n<meta name=\"twitter:card\" content=\"summary_large_image\" \/>\n<meta name=\"twitter:label1\" content=\"Geschatte leestijd\">\n\t<meta name=\"twitter:data1\" content=\"1 minuut\">\n<script type=\"application\/ld+json\" class=\"yoast-schema-graph\">{\"@context\":\"https:\/\/schema.org\",\"@graph\":[{\"@type\":\"WebSite\",\"@id\":\"https:\/\/pomskynederland.com\/de\/#website\",\"url\":\"https:\/\/pomskynederland.com\/de\/\",\"name\":\"PomskyNederland\",\"description\":\"\",\"potentialAction\":[{\"@type\":\"SearchAction\",\"target\":\"https:\/\/pomskynederland.com\/de\/?s={search_term_string}\",\"query-input\":\"required name=search_term_string\"}],\"inLanguage\":\"nl-NL\"},{\"@type\":\"ImageObject\",\"@id\":\"https:\/\/pomskynederland.com\/de\/kontakt\/#primaryimage\",\"inLanguage\":\"nl-NL\",\"url\":\"https:\/\/pomskynederland.com\/de\/wp-content\/uploads\/sites\/4\/2021\/03\/Social-media.png\",\"width\":500,\"height\":300},{\"@type\":\"WebPage\",\"@id\":\"https:\/\/pomskynederland.com\/de\/kontakt\/#webpage\",\"url\":\"https:\/\/pomskynederland.com\/de\/kontakt\/\",\"name\":\"Kontakt - PomskyNederland\",\"isPartOf\":{\"@id\":\"https:\/\/pomskynederland.com\/de\/#website\"},\"primaryImageOfPage\":{\"@id\":\"https:\/\/pomskynederland.com\/de\/kontakt\/#primaryimage\"},\"datePublished\":\"2021-02-27T11:44:28+00:00\",\"dateModified\":\"2021-05-13T14:28:40+00:00\",\"description\":\"Haben Sie Fragen \\u00fcber unsere Pomsky-Welpen, unsere Zuchtst\\u00e4tte oder unser Zuchtprogramm? Nehmen Sie per WhatsApp oder Telefon Kontakt auf! Wir versuchen immer, schnellstm\\u00f6glich zu antworten.\",\"breadcrumb\":{\"@id\":\"https:\/\/pomskynederland.com\/de\/kontakt\/#breadcrumb\"},\"inLanguage\":\"nl-NL\",\"potentialAction\":[{\"@type\":\"ReadAction\",\"target\":[\"https:\/\/pomskynederland.com\/de\/kontakt\/\"]}]},{\"@type\":\"BreadcrumbList\",\"@id\":\"https:\/\/pomskynederland.com\/de\/kontakt\/#breadcrumb\",\"itemListElement\":[{\"@type\":\"ListItem\",\"position\":1,\"item\":{\"@type\":\"WebPage\",\"@id\":\"https:\/\/pomskynederland.com\/de\/\",\"url\":\"https:\/\/pomskynederland.com\/de\/\",\"name\":\"Home\"}},{\"@type\":\"ListItem\",\"position\":2,\"item\":{\"@type\":\"WebPage\",\"@id\":\"https:\/\/pomskynederland.com\/de\/kontakt\/\",\"url\":\"https:\/\/pomskynederland.com\/de\/kontakt\/\",\"name\":\"Kontakt\"}}]}]}<\/script>\n<!-- \/ Yoast SEO plugin. -->","_links":{"self":[{"href":"https:\/\/pomskynederland.com\/de\/wp-json\/wp\/v2\/pages\/1381","targetHints":{"allow":["GET"]}}],"collection":[{"href":"https:\/\/pomskynederland.com\/de\/wp-json\/wp\/v2\/pages"}],"about":[{"href":"https:\/\/pomskynederland.com\/de\/wp-json\/wp\/v2\/types\/page"}],"author":[{"embeddable":true,"href":"https:\/\/pomskynederland.com\/de\/wp-json\/wp\/v2\/users\/1"}],"replies":[{"embeddable":true,"href":"https:\/\/pomskynederland.com\/de\/wp-json\/wp\/v2\/comments?post=1381"}],"version-history":[{"count":3,"href":"https:\/\/pomskynederland.com\/de\/wp-json\/wp\/v2\/pages\/1381\/revisions"}],"predecessor-version":[{"id":3241,"href":"https:\/\/pomskynederland.com\/de\/wp-json\/wp\/v2\/pages\/1381\/revisions\/3241"}],"wp:featuredmedia":[{"embeddable":true,"href":"https:\/\/pomskynederland.com\/de\/wp-json\/wp\/v2\/media\/2078"}],"wp:attachment":[{"href":"https:\/\/pomskynederland.com\/de\/wp-json\/wp\/v2\/media?parent=1381"}],"curies":[{"name":"wp","href":"https:\/\/api.w.org\/{rel}","templated":true}]}}