{"id":1421,"date":"2021-02-27T12:43:55","date_gmt":"2021-02-27T12:43:55","guid":{"rendered":"http:\/\/pomskynederland.com\/nl\/?page_id=1421"},"modified":"2021-05-13T14:19:46","modified_gmt":"2021-05-13T14:19:46","slug":"geschichte","status":"publish","type":"page","link":"https:\/\/pomskynederland.com\/de\/uber-ons\/geschichte\/","title":{"rendered":"Geschichte"},"content":{"rendered":"\n<p class=\"has-text-align-left has-black-color has-text-color\">Wir sind seit jeher gro\u00dfe Hundeliebhaber und lieben insbesondere Huskys. Wir hatten in unserer Familie immer einen Husky in der N\u00e4he. Schon seit Jahrzehnten halten wir einen oder mehrere Huskys als Haustier.<\/p>\n\n\n\n<h2 class=\"has-text-align-left wp-block-heading\">Der Pomsky, her\u00fcbergeweht aus Amerika<\/h2>\n\n\n\n<p class=\"has-text-align-left has-black-color has-text-color\">Als echte Hundeliebhaber wollen wir immer \u00fcber die aktuellen Ereignisse Bescheid wissen. So sind wir 2011 auf die Kreuzung Husky x Pomeranian gesto\u00dfen, die ungef\u00e4hr 2010 in Amerika entstanden ist. Unserer Meinung nach eine gro\u00dfartige Mischung zwischen einem lebhaften, eigenwilligen, gro\u00dfen Hund und einem wissbegierigen, kleinen Hund.<\/p>\n\n\n\n<div class=\"wp-block-columns is-layout-flex wp-container-core-columns-is-layout-1 wp-block-columns-is-layout-flex\">\n<div class=\"wp-block-column is-vertically-aligned-center is-layout-flow wp-block-column-is-layout-flow\">\n<p>Nachdem wir uns gut informiert hatten, haben wir uns auf die Suche nach einem geeigneten Pomeranian gemacht, um eine unserer Husky-H\u00fcndinnen zu befruchten. Als wir einen geeigneten Pomeranian gefunden hatten, wurde der erste Wurf Welpen geboren.<\/p>\n\n\n\n<p>Da wir so kurz nach den ersten Pomsky-W\u00fcrfen in Amerika selbst eine Husky-Pomeranian-Kreuzung gez\u00fcchtet hatten, wurden wir, bevor wir es \u00fcberhaupt selbst realisiert haben, der erste offizielle Pomsky-Z\u00fcchter der Niederlande.<\/p>\n<\/div>\n\n\n\n<div class=\"wp-block-column is-vertically-aligned-center is-layout-flow wp-block-column-is-layout-flow\">\n<figure class=\"wp-block-image size-large is-style-default\"><img loading=\"lazy\" decoding=\"async\" width=\"900\" height=\"597\" src=\"https:\/\/pomskynederland.com\/nl\/wp-content\/uploads\/sites\/2\/2021\/04\/Historie-pomsky-nederland-1.png\" alt=\"\" class=\"wp-image-2546\" srcset=\"https:\/\/pomskynederland.com\/de\/wp-content\/uploads\/sites\/4\/2021\/04\/Historie-pomsky-nederland-1.png 900w, https:\/\/pomskynederland.com\/de\/wp-content\/uploads\/sites\/4\/2021\/04\/Historie-pomsky-nederland-1-300x199.png 300w, https:\/\/pomskynederland.com\/de\/wp-content\/uploads\/sites\/4\/2021\/04\/Historie-pomsky-nederland-1-768x509.png 768w\" sizes=\"auto, (max-width: 900px) 100vw, 900px\" \/><\/figure>\n<\/div>\n<\/div>\n\n\n\n<h2 class=\"wp-block-heading\">Der erste Wurf Welpen<\/h2>\n\n\n\n<p>So kam eins zum anderen. Die Reaktionen auf unseren ersten Wurf Pomsky-Welpen waren \u00fcberw\u00e4ltigend. Die Pomsky-Rasse wurde nicht nur in Amerika, sondern auch in den Niederlanden immer bekannter.<\/p>\n\n\n\n<p>Als ber\u00fchmte Fu\u00dfballer wie Daley Blind, Antony Matheus dos Santos, Sean Klaiber und Frank van der Struijk den Weg zu PomskyNederland gefunden hatten, nahm die Beliebtheit unserer Pomsky-Welpen nur noch weiter zu. Schon nach kurzer Zeit entstand eine Warteliste f\u00fcr neue W\u00fcrfe.<\/p>\n\n\n\n<figure class=\"wp-block-image size-large\"><img loading=\"lazy\" decoding=\"async\" width=\"1000\" height=\"336\" src=\"https:\/\/pomskynederland.com\/nl\/wp-content\/uploads\/sites\/2\/2021\/04\/historie-pomsky-nederland-2.png\" alt=\"\" class=\"wp-image-2519\" srcset=\"https:\/\/pomskynederland.com\/de\/wp-content\/uploads\/sites\/4\/2021\/04\/historie-pomsky-nederland-2.png 1000w, https:\/\/pomskynederland.com\/de\/wp-content\/uploads\/sites\/4\/2021\/04\/historie-pomsky-nederland-2-300x101.png 300w, https:\/\/pomskynederland.com\/de\/wp-content\/uploads\/sites\/4\/2021\/04\/historie-pomsky-nederland-2-768x258.png 768w\" sizes=\"auto, (max-width: 1000px) 100vw, 1000px\" \/><\/figure>\n\n\n\n<p class=\"has-text-align-left has-black-color has-text-color\">Daraufhin haben wir beschlossen, unsere Leidenschaft f\u00fcr den Pomsky weiter zu professionalisieren. Hierbei stehen die Gesundheit und das Wohlergehen unserer Hunde immer an erster Stelle. PomskyNederland war entstanden. Lesen Sie mehr hierzu: <strong><a href=\"https:\/\/pomskynederland.com\/de\/uber-ons\/anerkannter-pomsky-zuchter\/\"><span style=\"text-decoration: underline;\">Anerkannter Z\u00fcchter<\/span><\/a><\/strong>.<\/p>\n\n\n\n<p><\/p>\n","protected":false},"excerpt":{"rendered":"<p>Wir sind seit jeher gro\u00dfe Hundeliebhaber und lieben insbesondere Huskys. Wir hatten in unserer Familie immer einen Husky in der N\u00e4he. Schon seit Jahrzehnten halten wir einen oder mehrere Huskys als Haustier. Der Pomsky, her\u00fcbergeweht aus Amerika Als echte Hundeliebhaber wollen wir immer \u00fcber die aktuellen Ereignisse Bescheid wissen. So sind wir 2011 auf die&hellip;<\/p>\n<a class=\"read-more-link\" href=\" https:\/\/pomskynederland.com\/de\/uber-ons\/geschichte\/ \">Read More<\/a>","protected":false},"author":1,"featured_media":2546,"parent":11,"menu_order":0,"comment_status":"closed","ping_status":"closed","template":"","meta":{"footnotes":""},"class_list":["post-1421","page","type-page","status-publish","has-post-thumbnail","hentry"],"yoast_head":"<!-- This site is optimized with the Yoast SEO plugin v16.0.2 - https:\/\/yoast.com\/wordpress\/plugins\/seo\/ -->\n<title>Geschichte - PomskyNederland<\/title>\n<meta name=\"description\" content=\"Wir geh\u00f6ren zu den ersten Pomsky-Z\u00fcchtern in den Niederlanden und darauf sind wir sehr stolz. Lesen Sie mehr \u00fcber die Entstehung von PomskyNederland.\" \/>\n<link rel=\"canonical\" href=\"https:\/\/pomskynederland.com\/de\/uber-ons\/geschichte\/\" \/>\n<meta property=\"og:locale\" content=\"nl_NL\" \/>\n<meta property=\"og:type\" content=\"article\" \/>\n<meta property=\"og:title\" content=\"Geschichte - PomskyNederland\" \/>\n<meta property=\"og:description\" content=\"Wir geh\u00f6ren zu den ersten Pomsky-Z\u00fcchtern in den Niederlanden und darauf sind wir sehr stolz. Lesen Sie mehr \u00fcber die Entstehung von PomskyNederland.\" \/>\n<meta property=\"og:url\" content=\"https:\/\/pomskynederland.com\/de\/uber-ons\/geschichte\/\" \/>\n<meta property=\"og:site_name\" content=\"PomskyNederland\" \/>\n<meta property=\"article:modified_time\" content=\"2021-05-13T14:19:46+00:00\" \/>\n<meta property=\"og:image\" content=\"https:\/\/pomskynederland.com\/de\/wp-content\/uploads\/sites\/4\/2021\/04\/Historie-pomsky-nederland-1.png\" \/>\n\t<meta property=\"og:image:width\" content=\"900\" \/>\n\t<meta property=\"og:image:height\" content=\"597\" \/>\n<meta name=\"twitter:card\" content=\"summary_large_image\" \/>\n<meta name=\"twitter:label1\" content=\"Geschatte leestijd\">\n\t<meta name=\"twitter:data1\" content=\"2 minuten\">\n<script type=\"application\/ld+json\" class=\"yoast-schema-graph\">{\"@context\":\"https:\/\/schema.org\",\"@graph\":[{\"@type\":\"WebSite\",\"@id\":\"https:\/\/pomskynederland.com\/de\/#website\",\"url\":\"https:\/\/pomskynederland.com\/de\/\",\"name\":\"PomskyNederland\",\"description\":\"\",\"potentialAction\":[{\"@type\":\"SearchAction\",\"target\":\"https:\/\/pomskynederland.com\/de\/?s={search_term_string}\",\"query-input\":\"required name=search_term_string\"}],\"inLanguage\":\"nl-NL\"},{\"@type\":\"ImageObject\",\"@id\":\"https:\/\/pomskynederland.com\/de\/uber-ons\/geschichte\/#primaryimage\",\"inLanguage\":\"nl-NL\",\"url\":\"https:\/\/pomskynederland.com\/de\/wp-content\/uploads\/sites\/4\/2021\/04\/Historie-pomsky-nederland-1.png\",\"width\":900,\"height\":597},{\"@type\":\"WebPage\",\"@id\":\"https:\/\/pomskynederland.com\/de\/uber-ons\/geschichte\/#webpage\",\"url\":\"https:\/\/pomskynederland.com\/de\/uber-ons\/geschichte\/\",\"name\":\"Geschichte - PomskyNederland\",\"isPartOf\":{\"@id\":\"https:\/\/pomskynederland.com\/de\/#website\"},\"primaryImageOfPage\":{\"@id\":\"https:\/\/pomskynederland.com\/de\/uber-ons\/geschichte\/#primaryimage\"},\"datePublished\":\"2021-02-27T12:43:55+00:00\",\"dateModified\":\"2021-05-13T14:19:46+00:00\",\"description\":\"Wir geh\\u00f6ren zu den ersten Pomsky-Z\\u00fcchtern in den Niederlanden und darauf sind wir sehr stolz. Lesen Sie mehr \\u00fcber die Entstehung von PomskyNederland.\",\"breadcrumb\":{\"@id\":\"https:\/\/pomskynederland.com\/de\/uber-ons\/geschichte\/#breadcrumb\"},\"inLanguage\":\"nl-NL\",\"potentialAction\":[{\"@type\":\"ReadAction\",\"target\":[\"https:\/\/pomskynederland.com\/de\/uber-ons\/geschichte\/\"]}]},{\"@type\":\"BreadcrumbList\",\"@id\":\"https:\/\/pomskynederland.com\/de\/uber-ons\/geschichte\/#breadcrumb\",\"itemListElement\":[{\"@type\":\"ListItem\",\"position\":1,\"item\":{\"@type\":\"WebPage\",\"@id\":\"https:\/\/pomskynederland.com\/de\/\",\"url\":\"https:\/\/pomskynederland.com\/de\/\",\"name\":\"Home\"}},{\"@type\":\"ListItem\",\"position\":2,\"item\":{\"@type\":\"WebPage\",\"@id\":\"https:\/\/pomskynederland.com\/de\/uber-ons\/\",\"url\":\"https:\/\/pomskynederland.com\/de\/uber-ons\/\",\"name\":\"\\u00dcber ons\"}},{\"@type\":\"ListItem\",\"position\":3,\"item\":{\"@type\":\"WebPage\",\"@id\":\"https:\/\/pomskynederland.com\/de\/uber-ons\/geschichte\/\",\"url\":\"https:\/\/pomskynederland.com\/de\/uber-ons\/geschichte\/\",\"name\":\"Geschichte\"}}]}]}<\/script>\n<!-- \/ Yoast SEO plugin. -->","_links":{"self":[{"href":"https:\/\/pomskynederland.com\/de\/wp-json\/wp\/v2\/pages\/1421","targetHints":{"allow":["GET"]}}],"collection":[{"href":"https:\/\/pomskynederland.com\/de\/wp-json\/wp\/v2\/pages"}],"about":[{"href":"https:\/\/pomskynederland.com\/de\/wp-json\/wp\/v2\/types\/page"}],"author":[{"embeddable":true,"href":"https:\/\/pomskynederland.com\/de\/wp-json\/wp\/v2\/users\/1"}],"replies":[{"embeddable":true,"href":"https:\/\/pomskynederland.com\/de\/wp-json\/wp\/v2\/comments?post=1421"}],"version-history":[{"count":3,"href":"https:\/\/pomskynederland.com\/de\/wp-json\/wp\/v2\/pages\/1421\/revisions"}],"predecessor-version":[{"id":3236,"href":"https:\/\/pomskynederland.com\/de\/wp-json\/wp\/v2\/pages\/1421\/revisions\/3236"}],"up":[{"embeddable":true,"href":"https:\/\/pomskynederland.com\/de\/wp-json\/wp\/v2\/pages\/11"}],"wp:featuredmedia":[{"embeddable":true,"href":"https:\/\/pomskynederland.com\/de\/wp-json\/wp\/v2\/media\/2546"}],"wp:attachment":[{"href":"https:\/\/pomskynederland.com\/de\/wp-json\/wp\/v2\/media?parent=1421"}],"curies":[{"name":"wp","href":"https:\/\/api.w.org\/{rel}","templated":true}]}}