{"id":1423,"date":"2021-02-27T12:44:05","date_gmt":"2021-02-27T12:44:05","guid":{"rendered":"http:\/\/pomskynederland.com\/nl\/?page_id=1423"},"modified":"2021-05-13T14:21:16","modified_gmt":"2021-05-13T14:21:16","slug":"unsere-zuchtstatte","status":"publish","type":"page","link":"https:\/\/pomskynederland.com\/de\/uber-ons\/unsere-zuchtstatte\/","title":{"rendered":"Unsere Zuchtst\u00e4tte"},"content":{"rendered":"\n<p class=\"has-black-color has-text-color\">Wir sind in Waalwijk, zentral im S\u00fcden der Niederlande, ans\u00e4ssig. Im Randgebiet von Waalwijk verf\u00fcgen wir \u00fcber ein gro\u00dfes Gel\u00e4nde (6.000 m<sup>2<\/sup>), das zum Gro\u00dfteil komplett f\u00fcr unsere Hunde vorgesehen und dementsprechend ausgestattet ist.<\/p>\n\n\n\n<h2 class=\"wp-block-heading\">Unsere Pomsky-Zuchtst\u00e4tte<\/h2>\n\n\n\n<p class=\"has-black-color has-text-color\">Unsere \u00fcberdachte und beheizte Zuchtst\u00e4tte ist von unserem Wohnhaus getrennt und vollst\u00e4ndig auf das Wohlergehen unserer Elternhunde und Welpen abgestimmt. Wir haben die Zuchtst\u00e4tte in zwei R\u00e4ume unterteilt: ein Raum f\u00fcr die Mutterh\u00fcndinnen und Ihre Welpen und ein Raum f\u00fcr die Hunde, die nicht tr\u00e4chtig sind.<\/p>\n\n\n\n<h3 class=\"wp-block-heading\"><strong>Mutterh\u00fcndinnen und Welpen<\/strong><\/h3>\n\n\n\n<p class=\"has-black-color has-text-color\">Der erste Raum in unserer Zuchtst\u00e4tte ist ein ruhiger Raum mit wenig Ablenkung. Hier k\u00f6nnen die Mutterh\u00fcndinnen in aller Ruhe geb\u00e4ren und ihre Welpen (w\u00e4hrend der ersten achten Wochen, die sie bei uns sind) gro\u00dfziehen.<\/p>\n\n\n\n<h3 class=\"wp-block-heading\"><strong>Nicht-tr\u00e4chtige Hunde<\/strong><\/h3>\n\n\n\n<p class=\"has-black-color has-text-color\">Der zweite Raum in unserer Zuchtst\u00e4tte ist komplett f\u00fcr die R\u00fcden und die nicht-tr\u00e4chtigen H\u00fcndinnen hergerichtet. Unsere Hunde werden in separaten Boxen mit einem Innen- und Au\u00dfenbereich gehalten.<\/p>\n\n\n\n<h2 class=\"wp-block-heading\">Unser Au\u00dfengel\u00e4nde<\/h2>\n\n\n\n<p class=\"has-black-color has-text-color\">Neben unserer \u00fcberdachten Zuchtst\u00e4tte verf\u00fcgen wir \u00fcber ein umz\u00e4untes Au\u00dfengel\u00e4nde von 2.500 m<sup>2<\/sup>, auf dem unsere Huskys den ganzen Tag frei laufen, rennen, spielen und entspannen k\u00f6nnen. Das Besondere an unserem Au\u00dfengel\u00e4nde ist das gro\u00dfe, eigene Schwimmbad f\u00fcr unsere Hunde, in dem sie schwimmen und sich an w\u00e4rmeren Tagen abk\u00fchlen k\u00f6nnen.<\/p>\n\n\n\n<div class=\"wp-block-columns is-layout-flex wp-container-core-columns-is-layout-1 wp-block-columns-is-layout-flex\">\n<div class=\"wp-block-column is-layout-flow wp-block-column-is-layout-flow\" style=\"flex-basis:25%\"><\/div>\n\n\n\n<div class=\"wp-block-column is-layout-flow wp-block-column-is-layout-flow\" style=\"flex-basis:50%\">\n<figure class=\"wp-block-video\"><video controls poster=\"https:\/\/pomskynederland.com\/nl\/wp-content\/uploads\/sites\/2\/2021\/04\/Schermafbeelding-2021-04-09-om-22.17.59.png\" src=\"https:\/\/pomskynederland.com\/nl\/wp-content\/uploads\/sites\/2\/2021\/04\/kennel-pomsky-nederland.mov\"><\/video><\/figure>\n\n\n\n<p class=\"has-text-align-center\"><strong><strong>Unser Hundeschwimmbad<\/strong><\/strong><\/p>\n<\/div>\n\n\n\n<div class=\"wp-block-column is-layout-flow wp-block-column-is-layout-flow\" style=\"flex-basis:25%\"><\/div>\n<\/div>\n\n\n\n<p class=\"has-black-color has-text-color\">Dank unseres gro\u00dfen Au\u00dfengel\u00e4ndes k\u00f6nnen unsere Huskys den ganzen Tag \u00fcber das machen, was sie am liebsten machen: drau\u00dfen mit dem Rudel herumrennen.<\/p>\n\n\n\n<h2 class=\"wp-block-heading\">Alle Hunde in eigenem Besitz<\/h2>\n\n\n\n<p class=\"has-black-color has-text-color\">Alle unsere Hunde, mit denen wir z\u00fcchten, sind in eigenem Besitz und wohnen das ganze Jahr \u00fcber bei uns. So haben wir die vollst\u00e4ndige Kontrolle \u00fcber die Herkunft der Hunde und somit auch die Gesundheit und Qualit\u00e4t unserer Welpen.<\/p>\n\n\n\n<h3 class=\"wp-block-heading\"><strong>Vollst\u00e4ndige Kontrolle \u00fcber unser Zuchtprogramm<\/strong><\/h3>\n\n\n\n<p class=\"has-black-color has-text-color\">Da alle Hunde in unserem eigenen Besitz sind, haben wir die volle Kontrolle \u00fcber unser Zuchtprogramm und unsere Welpen. Somit verf\u00fcgen unsere Hunde selbstverst\u00e4ndlich \u00fcber den kompletten Impfschutz, sind sie gesund und wird ihre Gesundheit regelm\u00e4\u00dfig kontrolliert. Wenn wir neue Hunde zu Zuchtzwecken in die Zuchtst\u00e4tte aufnehmen, werden diese einer strengen medizinischen Untersuchung unterzogen, bevor sie f\u00fcr die Zucht eingesetzt werden.<\/p>\n\n\n\n<h3 class=\"has-black-color has-text-color wp-block-heading\"><strong><strong>Abweichungen verhindern<\/strong><\/strong><\/h3>\n\n\n\n<p>Da wir das Zuchtprogramm und alle Hunde in eigenem Besitz haben, verhindern wir:<\/p>\n\n\n\n<ul class=\"wp-block-list\"><li>gravierende Verhaltensabweichungen, genetische Abweichungen oder Krankheiten, die m\u00f6glicherweise an unsere Welpen weitergegeben werden;<\/li><li>dass die Vaterr\u00fcden und\/oder Mutterh\u00fcndinnen unserer Welpen sch\u00e4dliche, \u00e4u\u00dferliche Merkmale weitergeben;<\/li><li>dass die Mutterh\u00fcndinnen zu viele W\u00fcrfe haben, was sich negativ auf die Gesundheit der M\u00fctter oder Welpen auswirkt.<\/li><\/ul>\n\n\n\n<p class=\"has-black-color has-text-color\">Zudem ist es uns wichtig, dass unsere Hunde gut sozialisiert und vertrauensw\u00fcrdig sind. All unsere Hunde sind an Menschen gew\u00f6hnt, freundlich und verspielt. Wenn Sie uns besuchen, sind alle Hunde anwesend, um betrachtet und gestreichelt zu werden.<\/p>\n\n\n\n<p class=\"has-black-color has-text-color\">Von der Geburt bis einschlie\u00dflich zur achten Woche ist die Mutterh\u00fcndin mit den Welpen zusammen in einem separaten Raum. Mehr \u00fcber unsere F1-Pomskys erfahren Sie hier: <strong><a href=\"https:\/\/pomskynederland.com\/de\/uber-ons\/unsere-f1-pomskys\/\"><span style=\"text-decoration: underline;\">Unsere F1-Pomskys<\/span><\/a><\/strong>.<\/p>\n","protected":false},"excerpt":{"rendered":"<p>Wir sind in Waalwijk, zentral im S\u00fcden der Niederlande, ans\u00e4ssig. Im Randgebiet von Waalwijk verf\u00fcgen wir \u00fcber ein gro\u00dfes Gel\u00e4nde (6.000 m2), das zum Gro\u00dfteil komplett f\u00fcr unsere Hunde vorgesehen und dementsprechend ausgestattet ist. Unsere Pomsky-Zuchtst\u00e4tte Unsere \u00fcberdachte und beheizte Zuchtst\u00e4tte ist von unserem Wohnhaus getrennt und vollst\u00e4ndig auf das Wohlergehen unserer Elternhunde und Welpen&hellip;<\/p>\n<a class=\"read-more-link\" href=\" https:\/\/pomskynederland.com\/de\/uber-ons\/unsere-zuchtstatte\/ \">Read More<\/a>","protected":false},"author":1,"featured_media":1394,"parent":11,"menu_order":0,"comment_status":"closed","ping_status":"closed","template":"","meta":{"footnotes":""},"class_list":["post-1423","page","type-page","status-publish","has-post-thumbnail","hentry"],"yoast_head":"<!-- This site is optimized with the Yoast SEO plugin v16.0.2 - https:\/\/yoast.com\/wordpress\/plugins\/seo\/ -->\n<title>Unsere Zuchtst\u00e4tte - PomskyNederland<\/title>\n<meta name=\"description\" content=\"Im Randgebiet von Waalwijk (Die Niederlande) haben wir ein gro\u00dfes Gel\u00e4nde, das zum Gro\u00dfteil komplett f\u00fcr unsere Hunde bestimmt ist.\" \/>\n<link rel=\"canonical\" href=\"https:\/\/pomskynederland.com\/de\/uber-ons\/unsere-zuchtstatte\/\" \/>\n<meta property=\"og:locale\" content=\"nl_NL\" \/>\n<meta property=\"og:type\" content=\"article\" \/>\n<meta property=\"og:title\" content=\"Unsere Zuchtst\u00e4tte - PomskyNederland\" \/>\n<meta property=\"og:description\" content=\"Im Randgebiet von Waalwijk (Die Niederlande) haben wir ein gro\u00dfes Gel\u00e4nde, das zum Gro\u00dfteil komplett f\u00fcr unsere Hunde bestimmt ist.\" \/>\n<meta property=\"og:url\" content=\"https:\/\/pomskynederland.com\/de\/uber-ons\/unsere-zuchtstatte\/\" \/>\n<meta property=\"og:site_name\" content=\"PomskyNederland\" \/>\n<meta property=\"article:modified_time\" content=\"2021-05-13T14:21:16+00:00\" \/>\n<meta property=\"og:image\" content=\"https:\/\/pomskynederland.com\/de\/wp-content\/uploads\/sites\/4\/2021\/02\/PomskyNederland-over-ons.png\" \/>\n\t<meta property=\"og:image:width\" content=\"750\" \/>\n\t<meta property=\"og:image:height\" content=\"521\" \/>\n<meta name=\"twitter:card\" content=\"summary_large_image\" \/>\n<meta name=\"twitter:label1\" content=\"Geschatte leestijd\">\n\t<meta name=\"twitter:data1\" content=\"3 minuten\">\n<script type=\"application\/ld+json\" class=\"yoast-schema-graph\">{\"@context\":\"https:\/\/schema.org\",\"@graph\":[{\"@type\":\"WebSite\",\"@id\":\"https:\/\/pomskynederland.com\/de\/#website\",\"url\":\"https:\/\/pomskynederland.com\/de\/\",\"name\":\"PomskyNederland\",\"description\":\"\",\"potentialAction\":[{\"@type\":\"SearchAction\",\"target\":\"https:\/\/pomskynederland.com\/de\/?s={search_term_string}\",\"query-input\":\"required name=search_term_string\"}],\"inLanguage\":\"nl-NL\"},{\"@type\":\"ImageObject\",\"@id\":\"https:\/\/pomskynederland.com\/de\/uber-ons\/unsere-zuchtstatte\/#primaryimage\",\"inLanguage\":\"nl-NL\",\"url\":\"https:\/\/pomskynederland.com\/de\/wp-content\/uploads\/sites\/4\/2021\/02\/PomskyNederland-over-ons.png\",\"width\":750,\"height\":521},{\"@type\":\"WebPage\",\"@id\":\"https:\/\/pomskynederland.com\/de\/uber-ons\/unsere-zuchtstatte\/#webpage\",\"url\":\"https:\/\/pomskynederland.com\/de\/uber-ons\/unsere-zuchtstatte\/\",\"name\":\"Unsere Zuchtst\\u00e4tte - PomskyNederland\",\"isPartOf\":{\"@id\":\"https:\/\/pomskynederland.com\/de\/#website\"},\"primaryImageOfPage\":{\"@id\":\"https:\/\/pomskynederland.com\/de\/uber-ons\/unsere-zuchtstatte\/#primaryimage\"},\"datePublished\":\"2021-02-27T12:44:05+00:00\",\"dateModified\":\"2021-05-13T14:21:16+00:00\",\"description\":\"Im Randgebiet von Waalwijk (Die Niederlande) haben wir ein gro\\u00dfes Gel\\u00e4nde, das zum Gro\\u00dfteil komplett f\\u00fcr unsere Hunde bestimmt ist.\",\"breadcrumb\":{\"@id\":\"https:\/\/pomskynederland.com\/de\/uber-ons\/unsere-zuchtstatte\/#breadcrumb\"},\"inLanguage\":\"nl-NL\",\"potentialAction\":[{\"@type\":\"ReadAction\",\"target\":[\"https:\/\/pomskynederland.com\/de\/uber-ons\/unsere-zuchtstatte\/\"]}]},{\"@type\":\"BreadcrumbList\",\"@id\":\"https:\/\/pomskynederland.com\/de\/uber-ons\/unsere-zuchtstatte\/#breadcrumb\",\"itemListElement\":[{\"@type\":\"ListItem\",\"position\":1,\"item\":{\"@type\":\"WebPage\",\"@id\":\"https:\/\/pomskynederland.com\/de\/\",\"url\":\"https:\/\/pomskynederland.com\/de\/\",\"name\":\"Home\"}},{\"@type\":\"ListItem\",\"position\":2,\"item\":{\"@type\":\"WebPage\",\"@id\":\"https:\/\/pomskynederland.com\/de\/uber-ons\/\",\"url\":\"https:\/\/pomskynederland.com\/de\/uber-ons\/\",\"name\":\"\\u00dcber ons\"}},{\"@type\":\"ListItem\",\"position\":3,\"item\":{\"@type\":\"WebPage\",\"@id\":\"https:\/\/pomskynederland.com\/de\/uber-ons\/unsere-zuchtstatte\/\",\"url\":\"https:\/\/pomskynederland.com\/de\/uber-ons\/unsere-zuchtstatte\/\",\"name\":\"Unsere Zuchtst\\u00e4tte\"}}]}]}<\/script>\n<!-- \/ Yoast SEO plugin. -->","_links":{"self":[{"href":"https:\/\/pomskynederland.com\/de\/wp-json\/wp\/v2\/pages\/1423","targetHints":{"allow":["GET"]}}],"collection":[{"href":"https:\/\/pomskynederland.com\/de\/wp-json\/wp\/v2\/pages"}],"about":[{"href":"https:\/\/pomskynederland.com\/de\/wp-json\/wp\/v2\/types\/page"}],"author":[{"embeddable":true,"href":"https:\/\/pomskynederland.com\/de\/wp-json\/wp\/v2\/users\/1"}],"replies":[{"embeddable":true,"href":"https:\/\/pomskynederland.com\/de\/wp-json\/wp\/v2\/comments?post=1423"}],"version-history":[{"count":2,"href":"https:\/\/pomskynederland.com\/de\/wp-json\/wp\/v2\/pages\/1423\/revisions"}],"predecessor-version":[{"id":3238,"href":"https:\/\/pomskynederland.com\/de\/wp-json\/wp\/v2\/pages\/1423\/revisions\/3238"}],"up":[{"embeddable":true,"href":"https:\/\/pomskynederland.com\/de\/wp-json\/wp\/v2\/pages\/11"}],"wp:featuredmedia":[{"embeddable":true,"href":"https:\/\/pomskynederland.com\/de\/wp-json\/wp\/v2\/media\/1394"}],"wp:attachment":[{"href":"https:\/\/pomskynederland.com\/de\/wp-json\/wp\/v2\/media?parent=1423"}],"curies":[{"name":"wp","href":"https:\/\/api.w.org\/{rel}","templated":true}]}}