{"id":1425,"date":"2021-02-27T12:44:57","date_gmt":"2021-02-27T12:44:57","guid":{"rendered":"http:\/\/pomskynederland.com\/nl\/?page_id=1425"},"modified":"2021-08-12T16:47:42","modified_gmt":"2021-08-12T16:47:42","slug":"unsere-f1-pomskys","status":"publish","type":"page","link":"https:\/\/pomskynederland.com\/de\/uber-ons\/unsere-f1-pomskys\/","title":{"rendered":"Unsere F1 Pomskys"},"content":{"rendered":"\n<div class=\"wp-block-columns is-layout-flex wp-container-core-columns-is-layout-1 wp-block-columns-is-layout-flex\">\n<div class=\"wp-block-column is-vertically-aligned-top is-layout-flow wp-block-column-is-layout-flow\">\n<figure class=\"wp-block-image size-large is-style-default\"><img loading=\"lazy\" decoding=\"async\" width=\"832\" height=\"832\" src=\"https:\/\/pomskynederland.com\/nl\/wp-content\/uploads\/sites\/2\/2021\/04\/F1-pomsky-1.jpg\" alt=\"\" class=\"wp-image-2648\" srcset=\"https:\/\/pomskynederland.com\/de\/wp-content\/uploads\/sites\/4\/2021\/04\/F1-pomsky-1.jpg 832w, https:\/\/pomskynederland.com\/de\/wp-content\/uploads\/sites\/4\/2021\/04\/F1-pomsky-1-300x300.jpg 300w, https:\/\/pomskynederland.com\/de\/wp-content\/uploads\/sites\/4\/2021\/04\/F1-pomsky-1-150x150.jpg 150w, https:\/\/pomskynederland.com\/de\/wp-content\/uploads\/sites\/4\/2021\/04\/F1-pomsky-1-768x768.jpg 768w\" sizes=\"auto, (max-width: 832px) 100vw, 832px\" \/><\/figure>\n<\/div>\n\n\n\n<div class=\"wp-block-column is-vertically-aligned-top is-layout-flow wp-block-column-is-layout-flow\">\n<p><strong>Vater und Mutter eines Pomskys<\/strong><br>Der Pomsky ist eine Kreuzung zwischen einem Husky (Mutter) und einem Pomeranian (Vater). Hierbei handelt es sich um eine relativ neue Hunderasse. Wir von PomskyNederland z\u00fcchten nur die erste reine Kreuzung, den sogenannten F1-Pomsky.<\/p>\n<\/div>\n<\/div>\n\n\n\n<h2 class=\"wp-block-heading\">PomskyNederland z\u00fcchtet nur F1<\/h2>\n\n\n\n<p>Wir z\u00fcchten sehr bewusst nur die F1-Pomskys, da dies die erste Kreuzung ist. Unserer Meinung nach erh\u00e4lt man mit dieser Kreuzung den st\u00e4rksten und ges\u00fcndesten Hund, sodass das Risiko f\u00fcr Erbkrankheiten und Abweichungen m\u00f6glichst gering ist. Wenn man mit F1-Pomskys neue Generationen z\u00fcchtet, erh\u00e4lt man die folgenden Kreuzungen:<\/p>\n\n\n\n<figure class=\"wp-block-table aligncenter is-style-stripes\"><table><thead><tr><th class=\"has-text-align-center\" data-align=\"center\">Vaterr\u00fcde<\/th><th class=\"has-text-align-center\" data-align=\"center\">M\u00fctterhundin<\/th><th class=\"has-text-align-center\" data-align=\"center\">Kreuzung<\/th><\/tr><\/thead><tbody><tr><td class=\"has-text-align-center\" data-align=\"center\">F1 Pomsky<\/td><td class=\"has-text-align-center\" data-align=\"center\">Husky<\/td><td class=\"has-text-align-center\" data-align=\"center\">F1b Pomsky<\/td><\/tr><tr><td class=\"has-text-align-center\" data-align=\"center\">Pomeranian<\/td><td class=\"has-text-align-center\" data-align=\"center\">F1 Pomsky<\/td><td class=\"has-text-align-center\" data-align=\"center\">F1b Pomsky<\/td><\/tr><tr><td class=\"has-text-align-center\" data-align=\"center\">F1 Pomsky<\/td><td class=\"has-text-align-center\" data-align=\"center\">F1 Pomsky<\/td><td class=\"has-text-align-center\" data-align=\"center\">F2 Pomsky<\/td><\/tr><tr><td class=\"has-text-align-center\" data-align=\"center\">F2 Pomsky<\/td><td class=\"has-text-align-center\" data-align=\"center\">F2 Pomsky<\/td><td class=\"has-text-align-center\" data-align=\"center\">F3 Pomsky<\/td><\/tr><\/tbody><\/table><\/figure>\n\n\n\n<p>Die weitere Kreuzung, beziehungsweise die Z\u00fcchtung von F2 oder F3, sehen wir daher auch als Anfang der Weiterzucht. Die Weiterzucht bringen sowohl f\u00fcr den Hund als auch f\u00fcr den Besitzer Nachteile mit sich. So ist jede tiefere Generation meist kleiner, was sich schlie\u00dflich nachteilig auf die Gesundheit des Hundes auswirkt.<\/p>\n\n\n\n<p>Au\u00dferdem ist es als Besitzer eines F2- oder F3-Hundes schwieriger, die genaue Herkunft des Vaters und der Mutter zur\u00fcckzuverfolgen. Sie wissen also nicht, ob Ihr Hund wirklich ein echter Pomsky ist.<\/p>\n\n\n\n<h3 class=\"wp-block-heading\">Ein F1-Kreuzung ist am ges\u00fcndesten<\/h3>\n\n\n\n<p>Alles in allem ist die erste Generation, der F1-Pomsky, am ges\u00fcndesten und st\u00e4rksten. Sobald man neue Generationen (F2 und F3) z\u00fcchtet, macht man in Bezug auf die Gesundheit und Qualit\u00e4t des Hundes stets einen gro\u00dfen Schritt zur\u00fcck.<\/p>\n\n\n\n<div class=\"wp-block-columns is-layout-flex wp-container-core-columns-is-layout-2 wp-block-columns-is-layout-flex\">\n<div class=\"wp-block-column is-layout-flow wp-block-column-is-layout-flow\" style=\"flex-basis:25%\"><\/div>\n\n\n\n<div class=\"wp-block-column is-vertically-aligned-center is-layout-flow wp-block-column-is-layout-flow\" style=\"flex-basis:70%\">\n<figure class=\"wp-block-image size-large is-style-default\"><img loading=\"lazy\" decoding=\"async\" width=\"800\" height=\"1001\" src=\"https:\/\/pomskynederland.com\/nl\/wp-content\/uploads\/sites\/2\/2021\/04\/F1-pomsky-2.jpg\" alt=\"\" class=\"wp-image-2649\" srcset=\"https:\/\/pomskynederland.com\/de\/wp-content\/uploads\/sites\/4\/2021\/04\/F1-pomsky-2.jpg 800w, https:\/\/pomskynederland.com\/de\/wp-content\/uploads\/sites\/4\/2021\/04\/F1-pomsky-2-240x300.jpg 240w, https:\/\/pomskynederland.com\/de\/wp-content\/uploads\/sites\/4\/2021\/04\/F1-pomsky-2-768x961.jpg 768w\" sizes=\"auto, (max-width: 800px) 100vw, 800px\" \/><\/figure>\n<\/div>\n\n\n\n<div class=\"wp-block-column is-layout-flow wp-block-column-is-layout-flow\" style=\"flex-basis:25%\"><\/div>\n<\/div>\n\n\n\n<h2 class=\"wp-block-heading\">FCI Stammbaum<\/h2>\n\n\n\n<p>In den Niederlanden m\u00fcssen offizielle Hundestammb\u00e4ume von der F\u00e9d\u00e9ration Cynologique Internationale (FCI) anerkannt sein. Die Pomsky-Rasse ist in den Niederlanden (noch) nicht anerkannt, da es sich um eine Kreuzung handelt. Unsere Hunde haben also keinen offiziellen FCI-Stammbaum. Wir bieten jedoch vergleichbare Garantien und v\u00f6llige Transparenz in Bezug auf die Herkunft unserer Hunde. Mehr dar\u00fcber lesen Sie auf der Seite <strong><a href=\"https:\/\/pomskynederland.com\/de\/uber-ons\/unsere-zuchtstatte\/\"><span style=\"text-decoration: underline;\">Unsere Zuchtst\u00e4tte<\/span><\/a><\/strong>.<\/p>\n","protected":false},"excerpt":{"rendered":"<p>Vater und Mutter eines PomskysDer Pomsky ist eine Kreuzung zwischen einem Husky (Mutter) und einem Pomeranian (Vater). Hierbei handelt es sich um eine relativ neue Hunderasse. Wir von PomskyNederland z\u00fcchten nur die erste reine Kreuzung, den sogenannten F1-Pomsky. PomskyNederland z\u00fcchtet nur F1 Wir z\u00fcchten sehr bewusst nur die F1-Pomskys, da dies die erste Kreuzung ist.&hellip;<\/p>\n<a class=\"read-more-link\" href=\" https:\/\/pomskynederland.com\/de\/uber-ons\/unsere-f1-pomskys\/ \">Read More<\/a>","protected":false},"author":1,"featured_media":0,"parent":11,"menu_order":0,"comment_status":"closed","ping_status":"closed","template":"","meta":{"footnotes":""},"class_list":["post-1425","page","type-page","status-publish","hentry","no-featured-image"],"yoast_head":"<!-- This site is optimized with the Yoast SEO plugin v16.0.2 - https:\/\/yoast.com\/wordpress\/plugins\/seo\/ -->\n<title>Unsere F1 Pomskys - PomskyNederland<\/title>\n<meta name=\"description\" content=\"Der Pomsky ist eine relativ neue Hunderasse und ist eine Kreuzung zwischen einem Husky (Mutter) und einem Pomeranian (Vater).\" \/>\n<link rel=\"canonical\" href=\"https:\/\/pomskynederland.com\/de\/uber-ons\/unsere-f1-pomskys\/\" \/>\n<meta property=\"og:locale\" content=\"nl_NL\" \/>\n<meta property=\"og:type\" content=\"article\" \/>\n<meta property=\"og:title\" content=\"Unsere F1 Pomskys - PomskyNederland\" \/>\n<meta property=\"og:description\" content=\"Der Pomsky ist eine relativ neue Hunderasse und ist eine Kreuzung zwischen einem Husky (Mutter) und einem Pomeranian (Vater).\" \/>\n<meta property=\"og:url\" content=\"https:\/\/pomskynederland.com\/de\/uber-ons\/unsere-f1-pomskys\/\" \/>\n<meta property=\"og:site_name\" content=\"PomskyNederland\" \/>\n<meta property=\"article:modified_time\" content=\"2021-08-12T16:47:42+00:00\" \/>\n<meta property=\"og:image\" content=\"https:\/\/pomskynederland.com\/nl\/wp-content\/uploads\/sites\/2\/2021\/04\/F1-pomsky-1.jpg\" \/>\n<meta name=\"twitter:card\" content=\"summary_large_image\" \/>\n<meta name=\"twitter:label1\" content=\"Geschatte leestijd\">\n\t<meta name=\"twitter:data1\" content=\"2 minuten\">\n<script type=\"application\/ld+json\" class=\"yoast-schema-graph\">{\"@context\":\"https:\/\/schema.org\",\"@graph\":[{\"@type\":\"WebSite\",\"@id\":\"https:\/\/pomskynederland.com\/de\/#website\",\"url\":\"https:\/\/pomskynederland.com\/de\/\",\"name\":\"PomskyNederland\",\"description\":\"\",\"potentialAction\":[{\"@type\":\"SearchAction\",\"target\":\"https:\/\/pomskynederland.com\/de\/?s={search_term_string}\",\"query-input\":\"required name=search_term_string\"}],\"inLanguage\":\"nl-NL\"},{\"@type\":\"ImageObject\",\"@id\":\"https:\/\/pomskynederland.com\/de\/uber-ons\/unsere-f1-pomskys\/#primaryimage\",\"inLanguage\":\"nl-NL\",\"url\":\"https:\/\/pomskynederland.com\/nl\/wp-content\/uploads\/sites\/2\/2021\/04\/F1-pomsky-1.jpg\"},{\"@type\":\"WebPage\",\"@id\":\"https:\/\/pomskynederland.com\/de\/uber-ons\/unsere-f1-pomskys\/#webpage\",\"url\":\"https:\/\/pomskynederland.com\/de\/uber-ons\/unsere-f1-pomskys\/\",\"name\":\"Unsere F1 Pomskys - PomskyNederland\",\"isPartOf\":{\"@id\":\"https:\/\/pomskynederland.com\/de\/#website\"},\"primaryImageOfPage\":{\"@id\":\"https:\/\/pomskynederland.com\/de\/uber-ons\/unsere-f1-pomskys\/#primaryimage\"},\"datePublished\":\"2021-02-27T12:44:57+00:00\",\"dateModified\":\"2021-08-12T16:47:42+00:00\",\"description\":\"Der Pomsky ist eine relativ neue Hunderasse und ist eine Kreuzung zwischen einem Husky (Mutter) und einem Pomeranian (Vater).\",\"breadcrumb\":{\"@id\":\"https:\/\/pomskynederland.com\/de\/uber-ons\/unsere-f1-pomskys\/#breadcrumb\"},\"inLanguage\":\"nl-NL\",\"potentialAction\":[{\"@type\":\"ReadAction\",\"target\":[\"https:\/\/pomskynederland.com\/de\/uber-ons\/unsere-f1-pomskys\/\"]}]},{\"@type\":\"BreadcrumbList\",\"@id\":\"https:\/\/pomskynederland.com\/de\/uber-ons\/unsere-f1-pomskys\/#breadcrumb\",\"itemListElement\":[{\"@type\":\"ListItem\",\"position\":1,\"item\":{\"@type\":\"WebPage\",\"@id\":\"https:\/\/pomskynederland.com\/de\/\",\"url\":\"https:\/\/pomskynederland.com\/de\/\",\"name\":\"Home\"}},{\"@type\":\"ListItem\",\"position\":2,\"item\":{\"@type\":\"WebPage\",\"@id\":\"https:\/\/pomskynederland.com\/de\/uber-ons\/\",\"url\":\"https:\/\/pomskynederland.com\/de\/uber-ons\/\",\"name\":\"\\u00dcber ons\"}},{\"@type\":\"ListItem\",\"position\":3,\"item\":{\"@type\":\"WebPage\",\"@id\":\"https:\/\/pomskynederland.com\/de\/uber-ons\/unsere-f1-pomskys\/\",\"url\":\"https:\/\/pomskynederland.com\/de\/uber-ons\/unsere-f1-pomskys\/\",\"name\":\"Unsere F1 Pomskys\"}}]}]}<\/script>\n<!-- \/ Yoast SEO plugin. -->","_links":{"self":[{"href":"https:\/\/pomskynederland.com\/de\/wp-json\/wp\/v2\/pages\/1425","targetHints":{"allow":["GET"]}}],"collection":[{"href":"https:\/\/pomskynederland.com\/de\/wp-json\/wp\/v2\/pages"}],"about":[{"href":"https:\/\/pomskynederland.com\/de\/wp-json\/wp\/v2\/types\/page"}],"author":[{"embeddable":true,"href":"https:\/\/pomskynederland.com\/de\/wp-json\/wp\/v2\/users\/1"}],"replies":[{"embeddable":true,"href":"https:\/\/pomskynederland.com\/de\/wp-json\/wp\/v2\/comments?post=1425"}],"version-history":[{"count":3,"href":"https:\/\/pomskynederland.com\/de\/wp-json\/wp\/v2\/pages\/1425\/revisions"}],"predecessor-version":[{"id":3245,"href":"https:\/\/pomskynederland.com\/de\/wp-json\/wp\/v2\/pages\/1425\/revisions\/3245"}],"up":[{"embeddable":true,"href":"https:\/\/pomskynederland.com\/de\/wp-json\/wp\/v2\/pages\/11"}],"wp:attachment":[{"href":"https:\/\/pomskynederland.com\/de\/wp-json\/wp\/v2\/media?parent=1425"}],"curies":[{"name":"wp","href":"https:\/\/api.w.org\/{rel}","templated":true}]}}