{"id":1427,"date":"2021-02-27T12:45:07","date_gmt":"2021-02-27T12:45:07","guid":{"rendered":"http:\/\/pomskynederland.com\/nl\/?page_id=1427"},"modified":"2021-05-13T14:19:14","modified_gmt":"2021-05-13T14:19:14","slug":"anerkannter-pomsky-zuchter","status":"publish","type":"page","link":"https:\/\/pomskynederland.com\/de\/uber-ons\/anerkannter-pomsky-zuchter\/","title":{"rendered":"Anerkannter Pomsky-Z\u00fcchter"},"content":{"rendered":"\n<p class=\"has-black-color has-text-color\">Im Jahr 2017 haben wir beschlossen, die Zucht unserer Pomskys zu professionalisieren. Das hei\u00dft, dass wir von unserer Hobbyzucht auf eine professionelle Zucht \u00fcbergegangen sind.<\/p>\n\n\n\n<h2 class=\"wp-block-heading\">Professionelle Zucht im Gegensatz zur Hobbyzucht<\/h2>\n\n\n\n<p>Der Unterschied zwischen einer hobbym\u00e4\u00dfigen und einer professionellen Zucht liegt in erster Linie in dem kontinuierlichen Ziel, die Qualit\u00e4t unserer Zuchtst\u00e4tte zu gew\u00e4hrleisten. Hierbei steht insbesondere die Gesundheit unserer Hunde und Welpen im Vordergrund.<\/p>\n\n\n\n<p>Wir arbeiten nach festen Protokollen und streben bei jedem Wurf Welpen nach Perfektion. Dies kommt der Gesundheit unserer Hunde in vollem Umfang zugute.<\/p>\n\n\n\n<h3 class=\"wp-block-heading\"><strong><strong>Der professionelle Z\u00fcchter PomskyNederland<\/strong><\/strong><\/h3>\n\n\n\n<p class=\"has-black-color has-text-color\">Wir sind im niederl\u00e4ndischen Handelsregister* f\u00fcr die Zucht und Haltung von Hunden sowie f\u00fcr den An- und Verkauf von Tieren, Zubeh\u00f6r und Futter eingetragen.<\/p>\n\n\n\n<div class=\"wp-block-columns is-layout-flex wp-container-core-columns-is-layout-1 wp-block-columns-is-layout-flex\">\n<div class=\"wp-block-column is-layout-flow wp-block-column-is-layout-flow\" style=\"flex-basis:5%\"><\/div>\n\n\n\n<div class=\"wp-block-column is-vertically-aligned-center is-layout-flow wp-block-column-is-layout-flow\" style=\"flex-basis:90%\">\n<figure class=\"wp-block-image size-large is-style-default\"><img loading=\"lazy\" decoding=\"async\" width=\"830\" height=\"579\" src=\"https:\/\/pomskynederland.com\/nl\/wp-content\/uploads\/sites\/2\/2021\/04\/erkende-pomsky-fokker.png\" alt=\"\" class=\"wp-image-2493\" srcset=\"https:\/\/pomskynederland.com\/de\/wp-content\/uploads\/sites\/4\/2021\/04\/erkende-pomsky-fokker.png 830w, https:\/\/pomskynederland.com\/de\/wp-content\/uploads\/sites\/4\/2021\/04\/erkende-pomsky-fokker-300x209.png 300w, https:\/\/pomskynederland.com\/de\/wp-content\/uploads\/sites\/4\/2021\/04\/erkende-pomsky-fokker-768x536.png 768w\" sizes=\"auto, (max-width: 830px) 100vw, 830px\" \/><figcaption>Pomsky Blue Merle, Wurf winter 2020<\/figcaption><\/figure>\n\n\n\n<p><\/p>\n<\/div>\n\n\n\n<div class=\"wp-block-column is-layout-flow wp-block-column-is-layout-flow\" style=\"flex-basis:5%\"><\/div>\n<\/div>\n\n\n\n<p class=\"has-black-color has-text-color\">Neben der Eintragung im Handelsregister verf\u00fcgen wir \u00fcber eine einmalige Betriebsnummer (UBN-Nummer) der niederl\u00e4ndischen Regierung. Eine UBN-Nummer ben\u00f6tigen Betriebe f\u00fcr unter anderem gewerbliche Tierhaltung. Hierbei handelt es sich um ein G\u00fctezeichen. Jedes Jahr kommt im Auftrag der Regierung ein Pr\u00fcfer, um die Zuchtst\u00e4tte, die Hunde, die Versorgung und die Hygiene zu beurteilen. Wenn alle Anforderungen erf\u00fcllt sind, wird die UBN-Nummer verl\u00e4ngert.<\/p>\n\n\n\n<h2 class=\"wp-block-heading\">Streben nach Perfektion<\/h2>\n\n\n\n<p>Wir von PomskyNederland wollen die besten Pomsky-Z\u00fcchter von Europa sein. Unsere Standards sind hoch. Wir verf\u00fcgen \u00fcber die entsprechenden Qualifikationen und Zertifikate, die Herkunft unserer Hunde ist transparent und das Wohlergehen unserer Tiere steht an erster Stelle.<\/p>\n\n\n\n<p>Unsere Hunde werden gut gepflegt, erhalten die beste Ern\u00e4hrung, sind gesund und m\u00fcssen sich wohl in ihrer Haut f\u00fchlen. Hierzu m\u00fcssen Hunde gut sozialisiert sein und die Aufmerksamkeit bekommen, die sie brauchen und verdienen.<\/p>\n\n\n\n<p>Unsere Zuchtst\u00e4tte und unser Au\u00dfengel\u00e4nde sind komplett auf unsere Hunde abgestimmt. Wollen Sie mehr erfahren? Lesen Sie mehr \u00fcber <strong><a href=\"https:\/\/pomskynederland.com\/de\/uber-ons\/unsere-zuchtstatte\/\"><span style=\"text-decoration: underline;\">Unsere Zuchtst\u00e4tte<\/span><\/a><\/strong>.<\/p>\n\n\n\n<p class=\"has-small-font-size\">*<em>Unsere Handelsregisternummer ist auf unserer Website nicht ausdr\u00fccklich angegeben, um die Sicherheit unserer Hunde zu gew\u00e4hrleisten.<\/em><\/p>\n","protected":false},"excerpt":{"rendered":"<p>Im Jahr 2017 haben wir beschlossen, die Zucht unserer Pomskys zu professionalisieren. Das hei\u00dft, dass wir von unserer Hobbyzucht auf eine professionelle Zucht \u00fcbergegangen sind. Professionelle Zucht im Gegensatz zur Hobbyzucht Der Unterschied zwischen einer hobbym\u00e4\u00dfigen und einer professionellen Zucht liegt in erster Linie in dem kontinuierlichen Ziel, die Qualit\u00e4t unserer Zuchtst\u00e4tte zu gew\u00e4hrleisten. Hierbei&hellip;<\/p>\n<a class=\"read-more-link\" href=\" https:\/\/pomskynederland.com\/de\/uber-ons\/anerkannter-pomsky-zuchter\/ \">Read More<\/a>","protected":false},"author":1,"featured_media":2404,"parent":11,"menu_order":0,"comment_status":"closed","ping_status":"closed","template":"","meta":{"footnotes":""},"class_list":["post-1427","page","type-page","status-publish","has-post-thumbnail","hentry"],"yoast_head":"<!-- This site is optimized with the Yoast SEO plugin v16.0.2 - https:\/\/yoast.com\/wordpress\/plugins\/seo\/ -->\n<title>Anerkannter Pomsky-Z\u00fcchter - PomskyNederland<\/title>\n<meta name=\"description\" content=\"Wir arbeiten nach festen Standards und Protokollen, und streben bei jedem Wurf Welpen nach Perfektion. Das macht das Z\u00fcchten nicht leicht, aber kommt der Gesundheit unserer Hunde in vollem Umfang zugute.\" \/>\n<link rel=\"canonical\" href=\"https:\/\/pomskynederland.com\/de\/uber-ons\/anerkannter-pomsky-zuchter\/\" \/>\n<meta property=\"og:locale\" content=\"nl_NL\" \/>\n<meta property=\"og:type\" content=\"article\" \/>\n<meta property=\"og:title\" content=\"Anerkannter Pomsky-Z\u00fcchter - PomskyNederland\" \/>\n<meta property=\"og:description\" content=\"Wir arbeiten nach festen Standards und Protokollen, und streben bei jedem Wurf Welpen nach Perfektion. Das macht das Z\u00fcchten nicht leicht, aber kommt der Gesundheit unserer Hunde in vollem Umfang zugute.\" \/>\n<meta property=\"og:url\" content=\"https:\/\/pomskynederland.com\/de\/uber-ons\/anerkannter-pomsky-zuchter\/\" \/>\n<meta property=\"og:site_name\" content=\"PomskyNederland\" \/>\n<meta property=\"article:modified_time\" content=\"2021-05-13T14:19:14+00:00\" \/>\n<meta property=\"og:image\" content=\"https:\/\/pomskynederland.com\/de\/wp-content\/uploads\/sites\/4\/2021\/03\/Hero-banner-pomskynederland-1.png\" \/>\n\t<meta property=\"og:image:width\" content=\"1236\" \/>\n\t<meta property=\"og:image:height\" content=\"877\" \/>\n<meta name=\"twitter:card\" content=\"summary_large_image\" \/>\n<meta name=\"twitter:label1\" content=\"Geschatte leestijd\">\n\t<meta name=\"twitter:data1\" content=\"2 minuten\">\n<script type=\"application\/ld+json\" class=\"yoast-schema-graph\">{\"@context\":\"https:\/\/schema.org\",\"@graph\":[{\"@type\":\"WebSite\",\"@id\":\"https:\/\/pomskynederland.com\/de\/#website\",\"url\":\"https:\/\/pomskynederland.com\/de\/\",\"name\":\"PomskyNederland\",\"description\":\"\",\"potentialAction\":[{\"@type\":\"SearchAction\",\"target\":\"https:\/\/pomskynederland.com\/de\/?s={search_term_string}\",\"query-input\":\"required name=search_term_string\"}],\"inLanguage\":\"nl-NL\"},{\"@type\":\"ImageObject\",\"@id\":\"https:\/\/pomskynederland.com\/de\/uber-ons\/anerkannter-pomsky-zuchter\/#primaryimage\",\"inLanguage\":\"nl-NL\",\"url\":\"https:\/\/pomskynederland.com\/de\/wp-content\/uploads\/sites\/4\/2021\/03\/Hero-banner-pomskynederland-1.png\",\"width\":1236,\"height\":877},{\"@type\":\"WebPage\",\"@id\":\"https:\/\/pomskynederland.com\/de\/uber-ons\/anerkannter-pomsky-zuchter\/#webpage\",\"url\":\"https:\/\/pomskynederland.com\/de\/uber-ons\/anerkannter-pomsky-zuchter\/\",\"name\":\"Anerkannter Pomsky-Z\\u00fcchter - PomskyNederland\",\"isPartOf\":{\"@id\":\"https:\/\/pomskynederland.com\/de\/#website\"},\"primaryImageOfPage\":{\"@id\":\"https:\/\/pomskynederland.com\/de\/uber-ons\/anerkannter-pomsky-zuchter\/#primaryimage\"},\"datePublished\":\"2021-02-27T12:45:07+00:00\",\"dateModified\":\"2021-05-13T14:19:14+00:00\",\"description\":\"Wir arbeiten nach festen Standards und Protokollen, und streben bei jedem Wurf Welpen nach Perfektion. Das macht das Z\\u00fcchten nicht leicht, aber kommt der Gesundheit unserer Hunde in vollem Umfang zugute.\",\"breadcrumb\":{\"@id\":\"https:\/\/pomskynederland.com\/de\/uber-ons\/anerkannter-pomsky-zuchter\/#breadcrumb\"},\"inLanguage\":\"nl-NL\",\"potentialAction\":[{\"@type\":\"ReadAction\",\"target\":[\"https:\/\/pomskynederland.com\/de\/uber-ons\/anerkannter-pomsky-zuchter\/\"]}]},{\"@type\":\"BreadcrumbList\",\"@id\":\"https:\/\/pomskynederland.com\/de\/uber-ons\/anerkannter-pomsky-zuchter\/#breadcrumb\",\"itemListElement\":[{\"@type\":\"ListItem\",\"position\":1,\"item\":{\"@type\":\"WebPage\",\"@id\":\"https:\/\/pomskynederland.com\/de\/\",\"url\":\"https:\/\/pomskynederland.com\/de\/\",\"name\":\"Home\"}},{\"@type\":\"ListItem\",\"position\":2,\"item\":{\"@type\":\"WebPage\",\"@id\":\"https:\/\/pomskynederland.com\/de\/uber-ons\/\",\"url\":\"https:\/\/pomskynederland.com\/de\/uber-ons\/\",\"name\":\"\\u00dcber ons\"}},{\"@type\":\"ListItem\",\"position\":3,\"item\":{\"@type\":\"WebPage\",\"@id\":\"https:\/\/pomskynederland.com\/de\/uber-ons\/anerkannter-pomsky-zuchter\/\",\"url\":\"https:\/\/pomskynederland.com\/de\/uber-ons\/anerkannter-pomsky-zuchter\/\",\"name\":\"Anerkannter Pomsky-Z\\u00fcchter\"}}]}]}<\/script>\n<!-- \/ Yoast SEO plugin. -->","_links":{"self":[{"href":"https:\/\/pomskynederland.com\/de\/wp-json\/wp\/v2\/pages\/1427","targetHints":{"allow":["GET"]}}],"collection":[{"href":"https:\/\/pomskynederland.com\/de\/wp-json\/wp\/v2\/pages"}],"about":[{"href":"https:\/\/pomskynederland.com\/de\/wp-json\/wp\/v2\/types\/page"}],"author":[{"embeddable":true,"href":"https:\/\/pomskynederland.com\/de\/wp-json\/wp\/v2\/users\/1"}],"replies":[{"embeddable":true,"href":"https:\/\/pomskynederland.com\/de\/wp-json\/wp\/v2\/comments?post=1427"}],"version-history":[{"count":4,"href":"https:\/\/pomskynederland.com\/de\/wp-json\/wp\/v2\/pages\/1427\/revisions"}],"predecessor-version":[{"id":3234,"href":"https:\/\/pomskynederland.com\/de\/wp-json\/wp\/v2\/pages\/1427\/revisions\/3234"}],"up":[{"embeddable":true,"href":"https:\/\/pomskynederland.com\/de\/wp-json\/wp\/v2\/pages\/11"}],"wp:featuredmedia":[{"embeddable":true,"href":"https:\/\/pomskynederland.com\/de\/wp-json\/wp\/v2\/media\/2404"}],"wp:attachment":[{"href":"https:\/\/pomskynederland.com\/de\/wp-json\/wp\/v2\/media?parent=1427"}],"curies":[{"name":"wp","href":"https:\/\/api.w.org\/{rel}","templated":true}]}}