{"id":1429,"date":"2021-02-27T12:45:19","date_gmt":"2021-02-27T12:45:19","guid":{"rendered":"http:\/\/pomskynederland.com\/nl\/?page_id=1429"},"modified":"2021-05-13T12:45:13","modified_gmt":"2021-05-13T12:45:13","slug":"kernwerte","status":"publish","type":"page","link":"https:\/\/pomskynederland.com\/de\/uber-ons\/kernwerte\/","title":{"rendered":"Kernwerte"},"content":{"rendered":"\n<p>Unsere Kernwerte zeigen, woran wir glauben. Sie spiegeln uns wider und pr\u00e4gen alles, was wir machen. Diese Werte sind aus unserer inneren Leidenschaft und dem Ehrgeiz entstanden, jeden Tag das Beste aus uns und unserer Zucht herauszuholen. Erz\u00e4hlungen und Feedback zufriedener Kunden best\u00e4tigen diese Werte und machen uns als Pomsky-Z\u00fcchter einzigartig.<\/p>\n\n\n\n<h2 class=\"wp-block-heading\">Leidenschaft<\/h2>\n\n\n\n<p>Aus unserer Liebe zum Hund machen wir alles mit Begeisterung und Eifer. Inzwischen haben wir eine sch\u00f6ne Lebensweise entwickelt, in der unsere Hunde und deren Pflege das ganze Jahr \u00fcber im Mittelpunkt stehen.<\/p>\n\n\n\n<h2 class=\"wp-block-heading\">Zuverl\u00e4ssigkeit<\/h2>\n\n\n\n<p>Wir legen Wert auf eine transparente und deutliche Kommunikation mit unseren (potenziellen) Kunden, damit sie immer gut informiert sind und bei ihrer Suche nach einem Pomsky-Welpen bewusste Entscheidungen treffen k\u00f6nnen. Bei uns erleben Sie keine \u00dcberraschungen.<\/p>\n\n\n\n<div class=\"wp-block-columns is-layout-flex wp-container-core-columns-is-layout-1 wp-block-columns-is-layout-flex\">\n<div class=\"wp-block-column is-layout-flow wp-block-column-is-layout-flow\" style=\"flex-basis:5%\"><\/div>\n\n\n\n<div class=\"wp-block-column is-layout-flow wp-block-column-is-layout-flow\" style=\"flex-basis:90%\">\n<figure class=\"wp-block-image size-large is-style-default\"><img loading=\"lazy\" decoding=\"async\" width=\"800\" height=\"533\" src=\"https:\/\/pomskynederland.com\/nl\/wp-content\/uploads\/sites\/2\/2021\/04\/kernwaarden-pomsky-nederland-2.jpg\" alt=\"\" class=\"wp-image-2502\" srcset=\"https:\/\/pomskynederland.com\/de\/wp-content\/uploads\/sites\/4\/2021\/04\/kernwaarden-pomsky-nederland-2.jpg 800w, https:\/\/pomskynederland.com\/de\/wp-content\/uploads\/sites\/4\/2021\/04\/kernwaarden-pomsky-nederland-2-300x200.jpg 300w, https:\/\/pomskynederland.com\/de\/wp-content\/uploads\/sites\/4\/2021\/04\/kernwaarden-pomsky-nederland-2-768x512.jpg 768w\" sizes=\"auto, (max-width: 800px) 100vw, 800px\" \/><\/figure>\n\n\n\n<p><\/p>\n<\/div>\n\n\n\n<div class=\"wp-block-column is-layout-flow wp-block-column-is-layout-flow\" style=\"flex-basis:5%\"><\/div>\n<\/div>\n\n\n\n<h2 class=\"wp-block-heading\">Engagement<\/h2>\n\n\n\n<p>Nachdem der Pomsky-Welpe in seinem neuen Zuhause angekommen ist, m\u00f6chten wir gerne am Wachstum und Leben \u201eunserer\u201c Hunde teilhaben. Von den ersten Tagen in der neuen Familie bis zur j\u00e4hrlichen Pomsky-Wanderung. Bei dieser Pomsky-Wanderung sehen wir die inzwischen ausgewachsenen Welpen wieder.<\/p>\n\n\n\n<h2 class=\"wp-block-heading\">Zug\u00e4nglichkeit<\/h2>\n\n\n\n<p>Unser Ziel ist es, immer und leicht erreichbar zu sein. Per Telefon, WhatsApp, E-Mail oder Social Media k\u00f6nnen Sie immer (unverbindlich) Kontakt mit uns aufnehmen. Wir versuchen stets, innerhalb von 24 Stunden zu antworten. Ob es sich nun um eine kurze Frage oder einen Notfall handelt, f\u00fcr unsere eigenen Kunden sind wir rund um die Uhr telefonisch erreichbar.<\/p>\n\n\n\n<div class=\"wp-block-columns is-layout-flex wp-container-core-columns-is-layout-2 wp-block-columns-is-layout-flex\">\n<div class=\"wp-block-column is-layout-flow wp-block-column-is-layout-flow\" style=\"flex-basis:5%\"><\/div>\n\n\n\n<div class=\"wp-block-column is-layout-flow wp-block-column-is-layout-flow\" style=\"flex-basis:90%\">\n<figure class=\"wp-block-image size-large is-style-default\"><img loading=\"lazy\" decoding=\"async\" width=\"603\" height=\"406\" src=\"https:\/\/pomskynederland.com\/nl\/wp-content\/uploads\/sites\/2\/2021\/04\/kernwaarden-pomsky-nederland-1.png\" alt=\"\" class=\"wp-image-2509\" srcset=\"https:\/\/pomskynederland.com\/de\/wp-content\/uploads\/sites\/4\/2021\/04\/kernwaarden-pomsky-nederland-1.png 603w, https:\/\/pomskynederland.com\/de\/wp-content\/uploads\/sites\/4\/2021\/04\/kernwaarden-pomsky-nederland-1-300x202.png 300w\" sizes=\"auto, (max-width: 603px) 100vw, 603px\" \/><\/figure>\n<\/div>\n\n\n\n<div class=\"wp-block-column is-layout-flow wp-block-column-is-layout-flow\" style=\"flex-basis:5%\"><\/div>\n<\/div>\n\n\n\n<h2 class=\"wp-block-heading\">Fachkompetenz<\/h2>\n\n\n\n<p>Unser Fachwissen resultiert aus Schulungen und unserer Erfahrung in dieser sch\u00f6nen Branche. Wir sind insbesondere auf die drei Rassen spezialisiert, die bei uns im Mittelpunkt stehen: Sibirischer Husky, Pomeranian (Zwergspitz) und Pomsky. Dar\u00fcber hinaus stehen wir in direktem Kontakt zu unserem Tierarzt. Wenn unser Wissen aufh\u00f6rt, k\u00f6nnen wir uns auf sein Know-how verlassen.<\/p>\n","protected":false},"excerpt":{"rendered":"<p>Unsere Kernwerte zeigen, woran wir glauben. Sie spiegeln uns wider und pr\u00e4gen alles, was wir machen. Diese Werte sind aus unserer inneren Leidenschaft und dem Ehrgeiz entstanden, jeden Tag das Beste aus uns und unserer Zucht herauszuholen. Erz\u00e4hlungen und Feedback zufriedener Kunden best\u00e4tigen diese Werte und machen uns als Pomsky-Z\u00fcchter einzigartig. Leidenschaft Aus unserer Liebe&hellip;<\/p>\n<a class=\"read-more-link\" href=\" https:\/\/pomskynederland.com\/de\/uber-ons\/kernwerte\/ \">Read More<\/a>","protected":false},"author":1,"featured_media":2502,"parent":11,"menu_order":0,"comment_status":"closed","ping_status":"closed","template":"","meta":{"footnotes":""},"class_list":["post-1429","page","type-page","status-publish","has-post-thumbnail","hentry"],"yoast_head":"<!-- This site is optimized with the Yoast SEO plugin v16.0.2 - https:\/\/yoast.com\/wordpress\/plugins\/seo\/ -->\n<title>Kernwerte - PomskyNederland<\/title>\n<meta name=\"description\" content=\"Unsere Kernwerte zeigen, woran wir glauben, spiegeln das Beste in uns wider und pr\u00e4gen alles, was wir machen.\" \/>\n<link rel=\"canonical\" href=\"https:\/\/pomskynederland.com\/de\/uber-ons\/kernwerte\/\" \/>\n<meta property=\"og:locale\" content=\"nl_NL\" \/>\n<meta property=\"og:type\" content=\"article\" \/>\n<meta property=\"og:title\" content=\"Kernwerte - PomskyNederland\" \/>\n<meta property=\"og:description\" content=\"Unsere Kernwerte zeigen, woran wir glauben, spiegeln das Beste in uns wider und pr\u00e4gen alles, was wir machen.\" \/>\n<meta property=\"og:url\" content=\"https:\/\/pomskynederland.com\/de\/uber-ons\/kernwerte\/\" \/>\n<meta property=\"og:site_name\" content=\"PomskyNederland\" \/>\n<meta property=\"article:modified_time\" content=\"2021-05-13T12:45:13+00:00\" \/>\n<meta property=\"og:image\" content=\"https:\/\/pomskynederland.com\/de\/wp-content\/uploads\/sites\/4\/2021\/04\/kernwaarden-pomsky-nederland-2.jpg\" \/>\n\t<meta property=\"og:image:width\" content=\"800\" \/>\n\t<meta property=\"og:image:height\" content=\"533\" \/>\n<meta name=\"twitter:card\" content=\"summary_large_image\" \/>\n<meta name=\"twitter:label1\" content=\"Geschatte leestijd\">\n\t<meta name=\"twitter:data1\" content=\"2 minuten\">\n<script type=\"application\/ld+json\" class=\"yoast-schema-graph\">{\"@context\":\"https:\/\/schema.org\",\"@graph\":[{\"@type\":\"WebSite\",\"@id\":\"https:\/\/pomskynederland.com\/de\/#website\",\"url\":\"https:\/\/pomskynederland.com\/de\/\",\"name\":\"PomskyNederland\",\"description\":\"\",\"potentialAction\":[{\"@type\":\"SearchAction\",\"target\":\"https:\/\/pomskynederland.com\/de\/?s={search_term_string}\",\"query-input\":\"required name=search_term_string\"}],\"inLanguage\":\"nl-NL\"},{\"@type\":\"ImageObject\",\"@id\":\"https:\/\/pomskynederland.com\/de\/uber-ons\/kernwerte\/#primaryimage\",\"inLanguage\":\"nl-NL\",\"url\":\"https:\/\/pomskynederland.com\/de\/wp-content\/uploads\/sites\/4\/2021\/04\/kernwaarden-pomsky-nederland-2.jpg\",\"width\":800,\"height\":533},{\"@type\":\"WebPage\",\"@id\":\"https:\/\/pomskynederland.com\/de\/uber-ons\/kernwerte\/#webpage\",\"url\":\"https:\/\/pomskynederland.com\/de\/uber-ons\/kernwerte\/\",\"name\":\"Kernwerte - PomskyNederland\",\"isPartOf\":{\"@id\":\"https:\/\/pomskynederland.com\/de\/#website\"},\"primaryImageOfPage\":{\"@id\":\"https:\/\/pomskynederland.com\/de\/uber-ons\/kernwerte\/#primaryimage\"},\"datePublished\":\"2021-02-27T12:45:19+00:00\",\"dateModified\":\"2021-05-13T12:45:13+00:00\",\"description\":\"Unsere Kernwerte zeigen, woran wir glauben, spiegeln das Beste in uns wider und pr\\u00e4gen alles, was wir machen.\",\"breadcrumb\":{\"@id\":\"https:\/\/pomskynederland.com\/de\/uber-ons\/kernwerte\/#breadcrumb\"},\"inLanguage\":\"nl-NL\",\"potentialAction\":[{\"@type\":\"ReadAction\",\"target\":[\"https:\/\/pomskynederland.com\/de\/uber-ons\/kernwerte\/\"]}]},{\"@type\":\"BreadcrumbList\",\"@id\":\"https:\/\/pomskynederland.com\/de\/uber-ons\/kernwerte\/#breadcrumb\",\"itemListElement\":[{\"@type\":\"ListItem\",\"position\":1,\"item\":{\"@type\":\"WebPage\",\"@id\":\"https:\/\/pomskynederland.com\/de\/\",\"url\":\"https:\/\/pomskynederland.com\/de\/\",\"name\":\"Home\"}},{\"@type\":\"ListItem\",\"position\":2,\"item\":{\"@type\":\"WebPage\",\"@id\":\"https:\/\/pomskynederland.com\/de\/uber-ons\/\",\"url\":\"https:\/\/pomskynederland.com\/de\/uber-ons\/\",\"name\":\"\\u00dcber ons\"}},{\"@type\":\"ListItem\",\"position\":3,\"item\":{\"@type\":\"WebPage\",\"@id\":\"https:\/\/pomskynederland.com\/de\/uber-ons\/kernwerte\/\",\"url\":\"https:\/\/pomskynederland.com\/de\/uber-ons\/kernwerte\/\",\"name\":\"Kernwerte\"}}]}]}<\/script>\n<!-- \/ Yoast SEO plugin. -->","_links":{"self":[{"href":"https:\/\/pomskynederland.com\/de\/wp-json\/wp\/v2\/pages\/1429","targetHints":{"allow":["GET"]}}],"collection":[{"href":"https:\/\/pomskynederland.com\/de\/wp-json\/wp\/v2\/pages"}],"about":[{"href":"https:\/\/pomskynederland.com\/de\/wp-json\/wp\/v2\/types\/page"}],"author":[{"embeddable":true,"href":"https:\/\/pomskynederland.com\/de\/wp-json\/wp\/v2\/users\/1"}],"replies":[{"embeddable":true,"href":"https:\/\/pomskynederland.com\/de\/wp-json\/wp\/v2\/comments?post=1429"}],"version-history":[{"count":1,"href":"https:\/\/pomskynederland.com\/de\/wp-json\/wp\/v2\/pages\/1429\/revisions"}],"predecessor-version":[{"id":3184,"href":"https:\/\/pomskynederland.com\/de\/wp-json\/wp\/v2\/pages\/1429\/revisions\/3184"}],"up":[{"embeddable":true,"href":"https:\/\/pomskynederland.com\/de\/wp-json\/wp\/v2\/pages\/11"}],"wp:featuredmedia":[{"embeddable":true,"href":"https:\/\/pomskynederland.com\/de\/wp-json\/wp\/v2\/media\/2502"}],"wp:attachment":[{"href":"https:\/\/pomskynederland.com\/de\/wp-json\/wp\/v2\/media?parent=1429"}],"curies":[{"name":"wp","href":"https:\/\/api.w.org\/{rel}","templated":true}]}}