{"id":1448,"date":"2021-02-27T14:01:56","date_gmt":"2021-02-27T14:01:56","guid":{"rendered":"http:\/\/pomskynederland.com\/nl\/?page_id=1448"},"modified":"2021-05-13T14:06:02","modified_gmt":"2021-05-13T14:06:02","slug":"pomsky-hunde","status":"publish","type":"page","link":"https:\/\/pomskynederland.com\/de\/der-pomsky\/pomsky-hunde\/","title":{"rendered":"Pomsky-Hunde"},"content":{"rendered":"\n<p>Der Pomsky ist eine Kreuzung zwischen einem Husky (Mutter) und einem Pomeranian (Vater). Diese Kreuzung kann aufgrund des Gr\u00f6\u00dfenunterschiedes der Hunde nicht auf nat\u00fcrliche Weise erfolgen.<\/p>\n\n\n\n<p>Die Mutterh\u00fcndin wird durch k\u00fcnstliche Besamung befruchtet. Das hei\u00dft, dass die Samenzellen des Pomeranian von einem spezialisierten Arzt in einer anerkannten Tierklinik in die Geb\u00e4rmutter des Huskys eingesetzt werden. Aus dieser Kreuzung entsteht der Pomsky.<\/p>\n\n\n\n<div class=\"wp-block-columns is-layout-flex wp-container-core-columns-is-layout-1 wp-block-columns-is-layout-flex\">\n<div class=\"wp-block-column is-layout-flow wp-block-column-is-layout-flow\" style=\"flex-basis:20%\"><\/div>\n\n\n\n<div class=\"wp-block-column is-layout-flow wp-block-column-is-layout-flow\" style=\"flex-basis:60%\">\n<figure class=\"wp-block-image size-large is-style-default\"><img loading=\"lazy\" decoding=\"async\" width=\"815\" height=\"1024\" src=\"https:\/\/pomskynederland.com\/nl\/wp-content\/uploads\/sites\/2\/2021\/04\/pomsky-honden-2-815x1024.jpg\" alt=\"\" class=\"wp-image-2651\" srcset=\"https:\/\/pomskynederland.com\/de\/wp-content\/uploads\/sites\/4\/2021\/04\/pomsky-honden-2-815x1024.jpg 815w, https:\/\/pomskynederland.com\/de\/wp-content\/uploads\/sites\/4\/2021\/04\/pomsky-honden-2-239x300.jpg 239w, https:\/\/pomskynederland.com\/de\/wp-content\/uploads\/sites\/4\/2021\/04\/pomsky-honden-2-768x965.jpg 768w, https:\/\/pomskynederland.com\/de\/wp-content\/uploads\/sites\/4\/2021\/04\/pomsky-honden-2.jpg 900w\" sizes=\"auto, (max-width: 815px) 100vw, 815px\" \/><\/figure>\n<\/div>\n\n\n\n<div class=\"wp-block-column is-layout-flow wp-block-column-is-layout-flow\" style=\"flex-basis:20%\"><\/div>\n<\/div>\n\n\n\n<h2 class=\"wp-block-heading\">Die Gr\u00f6\u00dfe eines Pomskys<\/h2>\n\n\n\n<p>Der F1-Pomsky ist die erste (reine) Kreuzung zwischen zwei Rassen, daher kann die Gr\u00f6\u00dfe des ausgewachsenen Pomsky variieren. Die Gr\u00f6\u00dfe kann je nach Wurf unterschiedlich sein. Faktoren, die eine Rolle spielen, sind die Gr\u00f6\u00dfe von Mutterh\u00fcndin und Vaterr\u00fcde. Aber sogar innerhalb eines Wurfes k\u00f6nnen die Welpen unterschiedlich gro\u00df sein.<\/p>\n\n\n\n<div class=\"wp-block-columns is-layout-flex wp-container-core-columns-is-layout-2 wp-block-columns-is-layout-flex\">\n<div class=\"wp-block-column is-layout-flow wp-block-column-is-layout-flow\" style=\"flex-basis:10%\"><\/div>\n\n\n\n<div class=\"wp-block-column is-layout-flow wp-block-column-is-layout-flow\" style=\"flex-basis:80%\">\n<figure class=\"wp-block-image size-large\"><img loading=\"lazy\" decoding=\"async\" width=\"1024\" height=\"588\" src=\"https:\/\/pomskynederland.com\/nl\/wp-content\/uploads\/sites\/2\/2021\/04\/Schofthoogte-PomskyNL-1024x588.png\" alt=\"\" class=\"wp-image-3025\" srcset=\"https:\/\/pomskynederland.com\/de\/wp-content\/uploads\/sites\/4\/2021\/04\/Schofthoogte-PomskyNL-1024x588.png 1024w, https:\/\/pomskynederland.com\/de\/wp-content\/uploads\/sites\/4\/2021\/04\/Schofthoogte-PomskyNL-300x172.png 300w, https:\/\/pomskynederland.com\/de\/wp-content\/uploads\/sites\/4\/2021\/04\/Schofthoogte-PomskyNL-768x441.png 768w, https:\/\/pomskynederland.com\/de\/wp-content\/uploads\/sites\/4\/2021\/04\/Schofthoogte-PomskyNL.png 1420w\" sizes=\"auto, (max-width: 1024px) 100vw, 1024px\" \/><\/figure>\n\n\n\n<p><\/p>\n<\/div>\n\n\n\n<div class=\"wp-block-column is-layout-flow wp-block-column-is-layout-flow\" style=\"flex-basis:10%\"><\/div>\n<\/div>\n\n\n\n<p>Ein ausgewachsener Pomsky hat eine Schulterh\u00f6he von durchschnittlich 40 cm. Die Schulterh\u00f6he wird vom Boden bis zur Oberseite des R\u00fcckens gemessen. Das Durchschnittsgewicht eines ausgewachsenen Pomskys betr\u00e4gt 13 kg.<\/p>\n\n\n\n<p>Die Schulterh\u00f6he variiert in der Praxis von 35 bis 50 cm, das Gewicht von 5 bis 20 kg. Wenn Sie eine bestimmte Gr\u00f6\u00dfe bevorzugen, k\u00f6nnen wir diese beim Aussuchen des Welpen realistisch sch\u00e4tzen. Dies erfolgt basierend auf Erfahrungen aus der Vergangenheit und \u00e4u\u00dferlichen Merkmalen, die sogar bei Welpen schon sichtbar sein k\u00f6nnen. Man denke hierbei an die Gr\u00f6\u00dfe der Pfoten oder des Kopfes.<\/p>\n\n\n\n<h2 class=\"wp-block-heading\">Das geruchlose Fell eines Pomskys<\/h2>\n\n\n\n<div class=\"wp-block-columns is-layout-flex wp-container-core-columns-is-layout-3 wp-block-columns-is-layout-flex\">\n<div class=\"wp-block-column is-layout-flow wp-block-column-is-layout-flow\">\n<p>Das Fell unserer Pomskys kann zwei Richtungen einschlagen: das wollige und volle Fell eines Pomeranians oder das d\u00fcnnere, glattere Fell eines Huskys. Genau wie die Gr\u00f6\u00dfe eines Pomskys kann auch das Fell innerhalb eines Wurfes variieren. Der eine Pomsky hat als ausgewachsener Hund ein wolliges, volles Fell, w\u00e4hrend der andere ein eher d\u00fcnnes, glattes Fell hat.<\/p>\n\n\n\n<p>Da Welpen ein volles, warmes Welpenfell besitzen, ist dies beim Aussuchen des Hundes f\u00fcr den Kunden schwierig einzusch\u00e4tzen. Wir k\u00f6nnen jedoch beim Aussuchen des Hundes basierend auf Erfahrung gut einsch\u00e4tzen, wie sich das Fell Ihres Hundes letztendlich entwickeln wird.<\/p>\n\n\n\n<p>Hinsichtlich der Fellfarbe unterscheiden wir zwei Arten von Pomskys:<\/p>\n\n\n\n<ul class=\"wp-block-list\"><li><strong>Den Traditionellen Pomsky<\/strong>&nbsp;in den bekannten Husky-Farben: Grau, Schwarz, Wei\u00df und Braun.<\/li><li><strong>Den Blue-Merle-Pomsky<\/strong>&nbsp;in den kombinierten Farben Schwarz, Dunkelblau, Grau und Wei\u00df.<\/li><\/ul>\n<\/div>\n\n\n\n<div class=\"wp-block-column is-layout-flow wp-block-column-is-layout-flow\">\n<figure class=\"wp-block-image size-large is-style-default\"><img loading=\"lazy\" decoding=\"async\" width=\"817\" height=\"1024\" src=\"https:\/\/pomskynederland.com\/nl\/wp-content\/uploads\/sites\/2\/2021\/04\/pomsky-honden-1-817x1024.jpg\" alt=\"\" class=\"wp-image-2659\" srcset=\"https:\/\/pomskynederland.com\/de\/wp-content\/uploads\/sites\/4\/2021\/04\/pomsky-honden-1-817x1024.jpg 817w, https:\/\/pomskynederland.com\/de\/wp-content\/uploads\/sites\/4\/2021\/04\/pomsky-honden-1-239x300.jpg 239w, https:\/\/pomskynederland.com\/de\/wp-content\/uploads\/sites\/4\/2021\/04\/pomsky-honden-1-768x963.jpg 768w, https:\/\/pomskynederland.com\/de\/wp-content\/uploads\/sites\/4\/2021\/04\/pomsky-honden-1.jpg 900w\" sizes=\"auto, (max-width: 817px) 100vw, 817px\" \/><\/figure>\n<\/div>\n<\/div>\n\n\n\n<p>Ein weiterer Vorteil des Pomsky-Fells, unabh\u00e4ngig davon, ob es nun voll\/wollig oder d\u00fcnner\/glatt ist: das Fell ist geruchlos. Das hei\u00dft, dass das Fell eines Pomskys niemals einen starken Hundegeruch annimmt.<\/p>\n\n\n\n<h2 class=\"wp-block-heading\">Der Charakter<\/h2>\n\n\n\n<p>Den Charakter des Pomskys kann man als offen, verspielt, wissbegierig und eigenwillig beschreiben. Wollen Sie mehr \u00fcber den Charakter erfahren? Mehr dar\u00fcber erfahren Sie auf der Seite <strong><a href=\"https:\/\/pomskynederland.com\/de\/der-pomsky\/charakter\/\"><span style=\"text-decoration: underline;\">Der Charakter des Pomskys<\/span><\/a><\/strong>.<\/p>\n","protected":false},"excerpt":{"rendered":"<p>Der Pomsky ist eine Kreuzung zwischen einem Husky (Mutter) und einem Pomeranian (Vater). Diese Kreuzung kann aufgrund des Gr\u00f6\u00dfenunterschiedes der Hunde nicht auf nat\u00fcrliche Weise erfolgen. Die Mutterh\u00fcndin wird durch k\u00fcnstliche Besamung befruchtet. Das hei\u00dft, dass die Samenzellen des Pomeranian von einem spezialisierten Arzt in einer anerkannten Tierklinik in die Geb\u00e4rmutter des Huskys eingesetzt werden.&hellip;<\/p>\n<a class=\"read-more-link\" href=\" https:\/\/pomskynederland.com\/de\/der-pomsky\/pomsky-hunde\/ \">Read More<\/a>","protected":false},"author":1,"featured_media":2069,"parent":1373,"menu_order":0,"comment_status":"closed","ping_status":"closed","template":"","meta":{"footnotes":""},"class_list":["post-1448","page","type-page","status-publish","has-post-thumbnail","hentry"],"yoast_head":"<!-- This site is optimized with the Yoast SEO plugin v16.0.2 - https:\/\/yoast.com\/wordpress\/plugins\/seo\/ -->\n<title>Pomsky-Hunde - PomskyNederland<\/title>\n<meta name=\"description\" content=\"Der F1-Pomsky ist die erste (reine) Kreuzung zwischen zwei Rassen, daher kann die Gr\u00f6\u00dfe des Hundes stark variieren.\" \/>\n<link rel=\"canonical\" href=\"https:\/\/pomskynederland.com\/de\/der-pomsky\/pomsky-hunde\/\" \/>\n<meta property=\"og:locale\" content=\"nl_NL\" \/>\n<meta property=\"og:type\" content=\"article\" \/>\n<meta property=\"og:title\" content=\"Pomsky-Hunde - PomskyNederland\" \/>\n<meta property=\"og:description\" content=\"Der F1-Pomsky ist die erste (reine) Kreuzung zwischen zwei Rassen, daher kann die Gr\u00f6\u00dfe des Hundes stark variieren.\" \/>\n<meta property=\"og:url\" content=\"https:\/\/pomskynederland.com\/de\/der-pomsky\/pomsky-hunde\/\" \/>\n<meta property=\"og:site_name\" content=\"PomskyNederland\" \/>\n<meta property=\"article:modified_time\" content=\"2021-05-13T14:06:02+00:00\" \/>\n<meta property=\"og:image\" content=\"https:\/\/pomskynederland.com\/de\/wp-content\/uploads\/sites\/4\/2021\/03\/Onze-pups.png\" \/>\n\t<meta property=\"og:image:width\" content=\"500\" \/>\n\t<meta property=\"og:image:height\" content=\"300\" \/>\n<meta name=\"twitter:card\" content=\"summary_large_image\" \/>\n<meta name=\"twitter:label1\" content=\"Geschatte leestijd\">\n\t<meta name=\"twitter:data1\" content=\"3 minuten\">\n<script type=\"application\/ld+json\" class=\"yoast-schema-graph\">{\"@context\":\"https:\/\/schema.org\",\"@graph\":[{\"@type\":\"WebSite\",\"@id\":\"https:\/\/pomskynederland.com\/de\/#website\",\"url\":\"https:\/\/pomskynederland.com\/de\/\",\"name\":\"PomskyNederland\",\"description\":\"\",\"potentialAction\":[{\"@type\":\"SearchAction\",\"target\":\"https:\/\/pomskynederland.com\/de\/?s={search_term_string}\",\"query-input\":\"required name=search_term_string\"}],\"inLanguage\":\"nl-NL\"},{\"@type\":\"ImageObject\",\"@id\":\"https:\/\/pomskynederland.com\/de\/der-pomsky\/pomsky-hunde\/#primaryimage\",\"inLanguage\":\"nl-NL\",\"url\":\"https:\/\/pomskynederland.com\/de\/wp-content\/uploads\/sites\/4\/2021\/03\/Onze-pups.png\",\"width\":500,\"height\":300},{\"@type\":\"WebPage\",\"@id\":\"https:\/\/pomskynederland.com\/de\/der-pomsky\/pomsky-hunde\/#webpage\",\"url\":\"https:\/\/pomskynederland.com\/de\/der-pomsky\/pomsky-hunde\/\",\"name\":\"Pomsky-Hunde - PomskyNederland\",\"isPartOf\":{\"@id\":\"https:\/\/pomskynederland.com\/de\/#website\"},\"primaryImageOfPage\":{\"@id\":\"https:\/\/pomskynederland.com\/de\/der-pomsky\/pomsky-hunde\/#primaryimage\"},\"datePublished\":\"2021-02-27T14:01:56+00:00\",\"dateModified\":\"2021-05-13T14:06:02+00:00\",\"description\":\"Der F1-Pomsky ist die erste (reine) Kreuzung zwischen zwei Rassen, daher kann die Gr\\u00f6\\u00dfe des Hundes stark variieren.\",\"breadcrumb\":{\"@id\":\"https:\/\/pomskynederland.com\/de\/der-pomsky\/pomsky-hunde\/#breadcrumb\"},\"inLanguage\":\"nl-NL\",\"potentialAction\":[{\"@type\":\"ReadAction\",\"target\":[\"https:\/\/pomskynederland.com\/de\/der-pomsky\/pomsky-hunde\/\"]}]},{\"@type\":\"BreadcrumbList\",\"@id\":\"https:\/\/pomskynederland.com\/de\/der-pomsky\/pomsky-hunde\/#breadcrumb\",\"itemListElement\":[{\"@type\":\"ListItem\",\"position\":1,\"item\":{\"@type\":\"WebPage\",\"@id\":\"https:\/\/pomskynederland.com\/de\/\",\"url\":\"https:\/\/pomskynederland.com\/de\/\",\"name\":\"Home\"}},{\"@type\":\"ListItem\",\"position\":2,\"item\":{\"@type\":\"WebPage\",\"@id\":\"https:\/\/pomskynederland.com\/de\/der-pomsky\/\",\"url\":\"https:\/\/pomskynederland.com\/de\/der-pomsky\/\",\"name\":\"Der Pomsky\"}},{\"@type\":\"ListItem\",\"position\":3,\"item\":{\"@type\":\"WebPage\",\"@id\":\"https:\/\/pomskynederland.com\/de\/der-pomsky\/pomsky-hunde\/\",\"url\":\"https:\/\/pomskynederland.com\/de\/der-pomsky\/pomsky-hunde\/\",\"name\":\"Pomsky-Hunde\"}}]}]}<\/script>\n<!-- \/ Yoast SEO plugin. -->","_links":{"self":[{"href":"https:\/\/pomskynederland.com\/de\/wp-json\/wp\/v2\/pages\/1448","targetHints":{"allow":["GET"]}}],"collection":[{"href":"https:\/\/pomskynederland.com\/de\/wp-json\/wp\/v2\/pages"}],"about":[{"href":"https:\/\/pomskynederland.com\/de\/wp-json\/wp\/v2\/types\/page"}],"author":[{"embeddable":true,"href":"https:\/\/pomskynederland.com\/de\/wp-json\/wp\/v2\/users\/1"}],"replies":[{"embeddable":true,"href":"https:\/\/pomskynederland.com\/de\/wp-json\/wp\/v2\/comments?post=1448"}],"version-history":[{"count":2,"href":"https:\/\/pomskynederland.com\/de\/wp-json\/wp\/v2\/pages\/1448\/revisions"}],"predecessor-version":[{"id":3219,"href":"https:\/\/pomskynederland.com\/de\/wp-json\/wp\/v2\/pages\/1448\/revisions\/3219"}],"up":[{"embeddable":true,"href":"https:\/\/pomskynederland.com\/de\/wp-json\/wp\/v2\/pages\/1373"}],"wp:featuredmedia":[{"embeddable":true,"href":"https:\/\/pomskynederland.com\/de\/wp-json\/wp\/v2\/media\/2069"}],"wp:attachment":[{"href":"https:\/\/pomskynederland.com\/de\/wp-json\/wp\/v2\/media?parent=1448"}],"curies":[{"name":"wp","href":"https:\/\/api.w.org\/{rel}","templated":true}]}}