{"id":1450,"date":"2021-02-27T14:02:08","date_gmt":"2021-02-27T14:02:08","guid":{"rendered":"http:\/\/pomskynederland.com\/nl\/?page_id=1450"},"modified":"2021-05-13T12:46:14","modified_gmt":"2021-05-13T12:46:14","slug":"charakter","status":"publish","type":"page","link":"https:\/\/pomskynederland.com\/de\/der-pomsky\/charakter\/","title":{"rendered":"Charakter"},"content":{"rendered":"\n<div class=\"wp-block-columns is-layout-flex wp-container-core-columns-is-layout-1 wp-block-columns-is-layout-flex\">\n<div class=\"wp-block-column is-vertically-aligned-top is-layout-flow wp-block-column-is-layout-flow\">\n<p>Der Pomsky ist eine Kreuzung aus einem Husky und einem Pomeranian. Die Charaktere dieser zwei Hunderassen haben wenig gemeinsam.<\/p>\n\n\n\n<p>Jeder Pomsky hat seinen eigenen Charakter. Welcher Charakter die Oberhand gewinnt, wird sich letztendlich in der Praxis bei jedem Pomsky individuell herausstellen.<\/p>\n\n\n\n<p>Einige Charaktereigenschaften werden Sie bei einem Pomsky sicher entdecken: es ist ein lebhafter, geselliger und sehr anh\u00e4nglicher Familienhund. Dar\u00fcber erz\u00e4hlen wir Ihnen auf dieser Seite gerne mehr.<\/p>\n<\/div>\n\n\n\n<div class=\"wp-block-column is-layout-flow wp-block-column-is-layout-flow\">\n<figure class=\"wp-block-image size-large is-style-default\"><img loading=\"lazy\" decoding=\"async\" width=\"900\" height=\"902\" src=\"https:\/\/pomskynederland.com\/nl\/wp-content\/uploads\/sites\/2\/2021\/04\/pomsky-karakter-2.jpg\" alt=\"\" class=\"wp-image-2714\" srcset=\"https:\/\/pomskynederland.com\/de\/wp-content\/uploads\/sites\/4\/2021\/04\/pomsky-karakter-2.jpg 900w, https:\/\/pomskynederland.com\/de\/wp-content\/uploads\/sites\/4\/2021\/04\/pomsky-karakter-2-300x300.jpg 300w, https:\/\/pomskynederland.com\/de\/wp-content\/uploads\/sites\/4\/2021\/04\/pomsky-karakter-2-150x150.jpg 150w, https:\/\/pomskynederland.com\/de\/wp-content\/uploads\/sites\/4\/2021\/04\/pomsky-karakter-2-768x770.jpg 768w\" sizes=\"auto, (max-width: 900px) 100vw, 900px\" \/><\/figure>\n<\/div>\n<\/div>\n\n\n\n<h2 class=\"wp-block-heading\">Der Pomeranian<\/h2>\n\n\n\n<p>In der Regel ist der Pomeranian ein eigenwilliger, fr\u00f6hlicher und freundlicher Hund. Obwohl die Rasse aufgrund der Verfassung und Bindung zu \u201eeigenen Menschen\u201c h\u00e4ufig als Scho\u00dfhund gesehen wird, ist dies nicht zwangsl\u00e4ufig der Fall. Im Gegenteil: der Pomeranian ist ein aufmerksamer und wissbegieriger Hund mit einer gesunden Portion Wachsamkeit. Diese Wachsamkeit \u00e4u\u00dfert sich h\u00e4ufig in Bellen.<\/p>\n\n\n\n<h2 class=\"wp-block-heading\">Der Husky<\/h2>\n\n\n\n<p>Im Gegensatz zum Pomeranian ist der Husky schneller aufgeschlossen gegen\u00fcber fremden Menschen. Das liegt daran, dass der Husky urspr\u00fcnglich ein Schlittenhund ist und die Arbeit mit verschiedenen Personen sowie das Leben im Rudel gewohnt ist. Der Husky ist ein sehr lebhafter Hund mit einer enormen Ausdauer. Dar\u00fcber hinaus ist er ein sehr anh\u00e4nglicher, aufgeweckter und freundlicher Hund, der viel Bewegung braucht.\u00a0\u00a0<\/p>\n\n\n\n<h2 class=\"wp-block-heading\">Der Charakter eines Pomskys<\/h2>\n\n\n\n<p>Man kann vorab nicht genau vorhersagen, welche Eigenschaften bei einem Pomsky am meisten zum Ausdruck kommen. Das ist schlie\u00dflich bei jedem Hund anders. In der Regel ist der Pomsky ein aufgeweckter, neugieriger, wissbegieriger und freundlicher Hund. Ein Hund, der sich sehr an der Familie orientiert, in der er aufw\u00e4chst. Pomskys wissen genau, dass sie durch verr\u00fcckte Aktionen und Clownverhalten die Aufmerksamkeit auf sich ziehen k\u00f6nnen. Man kann getrost sagen, dass ein Pomsky einen guten Sinn f\u00fcr Humor hat.<\/p>\n\n\n\n<div class=\"wp-block-columns is-layout-flex wp-container-core-columns-is-layout-2 wp-block-columns-is-layout-flex\">\n<div class=\"wp-block-column is-layout-flow wp-block-column-is-layout-flow\" style=\"flex-basis:20%\"><\/div>\n\n\n\n<div class=\"wp-block-column is-layout-flow wp-block-column-is-layout-flow\" style=\"flex-basis:60%\">\n<figure class=\"wp-block-image size-large is-style-default\"><img loading=\"lazy\" decoding=\"async\" width=\"838\" height=\"1024\" src=\"https:\/\/pomskynederland.com\/nl\/wp-content\/uploads\/sites\/2\/2021\/04\/pomsky-karakter-1-838x1024.jpg\" alt=\"\" class=\"wp-image-2727\" srcset=\"https:\/\/pomskynederland.com\/de\/wp-content\/uploads\/sites\/4\/2021\/04\/pomsky-karakter-1-838x1024.jpg 838w, https:\/\/pomskynederland.com\/de\/wp-content\/uploads\/sites\/4\/2021\/04\/pomsky-karakter-1-245x300.jpg 245w, https:\/\/pomskynederland.com\/de\/wp-content\/uploads\/sites\/4\/2021\/04\/pomsky-karakter-1-768x939.jpg 768w, https:\/\/pomskynederland.com\/de\/wp-content\/uploads\/sites\/4\/2021\/04\/pomsky-karakter-1.jpg 900w\" sizes=\"auto, (max-width: 838px) 100vw, 838px\" \/><\/figure>\n\n\n\n<p><\/p>\n<\/div>\n\n\n\n<div class=\"wp-block-column is-layout-flow wp-block-column-is-layout-flow\" style=\"flex-basis:20%\"><\/div>\n<\/div>\n\n\n\n<p>Der Pomsky ist ein Energieb\u00fcndel. Das hei\u00dft, dass Pomskys sehr schnell \u00fcbertrieben aufgeweckt reagieren. Dank des wissbegierigen Verhaltens und des Eifers, das Herrchen zufriedenzustellen, l\u00e4sst der Pomsky sich leicht trainieren, sofern Sie selbst das Sagen haben. Wenn Sie im ersten Jahr die Basistrainings mit einem Pomsky absolvieren und zuhause deutliche und konsequente Regeln aufstellen, haben Sie einen treuen und gehorsamen Hund.<\/p>\n\n\n\n<p>Auf eines k\u00f6nnen Sie sich verlassen: der Pomsky ist im Umgang mit Erwachsenen, Kindern und anderen Tieren ein freundlicher, sozialer Hund. Der Pomsky kann somit auch problemlos in einer Familie mit Kindern und Tieren gehalten werden.<\/p>\n\n\n\n<h2 class=\"wp-block-heading\">Die Unterbringung eines Pomskys<\/h2>\n\n\n\n<p>Der Pomsky ist ein Haushund und muss im Haus gehalten werden. Auch eine Wohnung ist f\u00fcr den Pomsky ein ausgezeichnetes Zuhause. Voraussetzung ist allerdings, dass der Hund ausreichend Bewegung bekommt und Sie regelm\u00e4\u00dfig mit dem Hund spazieren gehen oder an Aktivit\u00e4ten wie Hundetrainings teilnehmen.<\/p>\n","protected":false},"excerpt":{"rendered":"<p>Der Pomsky ist eine Kreuzung aus einem Husky und einem Pomeranian. Die Charaktere dieser zwei Hunderassen haben wenig gemeinsam. Jeder Pomsky hat seinen eigenen Charakter. Welcher Charakter die Oberhand gewinnt, wird sich letztendlich in der Praxis bei jedem Pomsky individuell herausstellen. Einige Charaktereigenschaften werden Sie bei einem Pomsky sicher entdecken: es ist ein lebhafter, geselliger&hellip;<\/p>\n<a class=\"read-more-link\" href=\" https:\/\/pomskynederland.com\/de\/der-pomsky\/charakter\/ \">Read More<\/a>","protected":false},"author":1,"featured_media":1682,"parent":1373,"menu_order":0,"comment_status":"closed","ping_status":"closed","template":"","meta":{"footnotes":""},"class_list":["post-1450","page","type-page","status-publish","has-post-thumbnail","hentry"],"yoast_head":"<!-- This site is optimized with the Yoast SEO plugin v16.0.2 - https:\/\/yoast.com\/wordpress\/plugins\/seo\/ -->\n<title>Charakter - PomskyNederland<\/title>\n<meta name=\"description\" content=\"Der Pomsky ist im Umgang mit Erwachsenen, Kindern und anderen Tieren grunds\u00e4tzlich ein freundlicher Hund und kann problemlos in einer Familie mit anderen Tieren gehalten werden.\" \/>\n<link rel=\"canonical\" href=\"https:\/\/pomskynederland.com\/de\/der-pomsky\/charakter\/\" \/>\n<meta property=\"og:locale\" content=\"nl_NL\" \/>\n<meta property=\"og:type\" content=\"article\" \/>\n<meta property=\"og:title\" content=\"Charakter - PomskyNederland\" \/>\n<meta property=\"og:description\" content=\"Der Pomsky ist im Umgang mit Erwachsenen, Kindern und anderen Tieren grunds\u00e4tzlich ein freundlicher Hund und kann problemlos in einer Familie mit anderen Tieren gehalten werden.\" \/>\n<meta property=\"og:url\" content=\"https:\/\/pomskynederland.com\/de\/der-pomsky\/charakter\/\" \/>\n<meta property=\"og:site_name\" content=\"PomskyNederland\" \/>\n<meta property=\"article:modified_time\" content=\"2021-05-13T12:46:14+00:00\" \/>\n<meta property=\"og:image\" content=\"https:\/\/pomskynederland.com\/de\/wp-content\/uploads\/sites\/4\/2021\/03\/De-Pomsky-e1614801584830.jpeg\" \/>\n\t<meta property=\"og:image:width\" content=\"408\" \/>\n\t<meta property=\"og:image:height\" content=\"277\" \/>\n<meta name=\"twitter:card\" content=\"summary_large_image\" \/>\n<meta name=\"twitter:label1\" content=\"Geschatte leestijd\">\n\t<meta name=\"twitter:data1\" content=\"3 minuten\">\n<script type=\"application\/ld+json\" class=\"yoast-schema-graph\">{\"@context\":\"https:\/\/schema.org\",\"@graph\":[{\"@type\":\"WebSite\",\"@id\":\"https:\/\/pomskynederland.com\/de\/#website\",\"url\":\"https:\/\/pomskynederland.com\/de\/\",\"name\":\"PomskyNederland\",\"description\":\"\",\"potentialAction\":[{\"@type\":\"SearchAction\",\"target\":\"https:\/\/pomskynederland.com\/de\/?s={search_term_string}\",\"query-input\":\"required name=search_term_string\"}],\"inLanguage\":\"nl-NL\"},{\"@type\":\"ImageObject\",\"@id\":\"https:\/\/pomskynederland.com\/de\/der-pomsky\/charakter\/#primaryimage\",\"inLanguage\":\"nl-NL\",\"url\":\"https:\/\/pomskynederland.com\/de\/wp-content\/uploads\/sites\/4\/2021\/03\/De-Pomsky-e1614801584830.jpeg\",\"width\":408,\"height\":277},{\"@type\":\"WebPage\",\"@id\":\"https:\/\/pomskynederland.com\/de\/der-pomsky\/charakter\/#webpage\",\"url\":\"https:\/\/pomskynederland.com\/de\/der-pomsky\/charakter\/\",\"name\":\"Charakter - PomskyNederland\",\"isPartOf\":{\"@id\":\"https:\/\/pomskynederland.com\/de\/#website\"},\"primaryImageOfPage\":{\"@id\":\"https:\/\/pomskynederland.com\/de\/der-pomsky\/charakter\/#primaryimage\"},\"datePublished\":\"2021-02-27T14:02:08+00:00\",\"dateModified\":\"2021-05-13T12:46:14+00:00\",\"description\":\"Der Pomsky ist im Umgang mit Erwachsenen, Kindern und anderen Tieren grunds\\u00e4tzlich ein freundlicher Hund und kann problemlos in einer Familie mit anderen Tieren gehalten werden.\",\"breadcrumb\":{\"@id\":\"https:\/\/pomskynederland.com\/de\/der-pomsky\/charakter\/#breadcrumb\"},\"inLanguage\":\"nl-NL\",\"potentialAction\":[{\"@type\":\"ReadAction\",\"target\":[\"https:\/\/pomskynederland.com\/de\/der-pomsky\/charakter\/\"]}]},{\"@type\":\"BreadcrumbList\",\"@id\":\"https:\/\/pomskynederland.com\/de\/der-pomsky\/charakter\/#breadcrumb\",\"itemListElement\":[{\"@type\":\"ListItem\",\"position\":1,\"item\":{\"@type\":\"WebPage\",\"@id\":\"https:\/\/pomskynederland.com\/de\/\",\"url\":\"https:\/\/pomskynederland.com\/de\/\",\"name\":\"Home\"}},{\"@type\":\"ListItem\",\"position\":2,\"item\":{\"@type\":\"WebPage\",\"@id\":\"https:\/\/pomskynederland.com\/de\/der-pomsky\/\",\"url\":\"https:\/\/pomskynederland.com\/de\/der-pomsky\/\",\"name\":\"Der Pomsky\"}},{\"@type\":\"ListItem\",\"position\":3,\"item\":{\"@type\":\"WebPage\",\"@id\":\"https:\/\/pomskynederland.com\/de\/der-pomsky\/charakter\/\",\"url\":\"https:\/\/pomskynederland.com\/de\/der-pomsky\/charakter\/\",\"name\":\"Charakter\"}}]}]}<\/script>\n<!-- \/ Yoast SEO plugin. -->","_links":{"self":[{"href":"https:\/\/pomskynederland.com\/de\/wp-json\/wp\/v2\/pages\/1450","targetHints":{"allow":["GET"]}}],"collection":[{"href":"https:\/\/pomskynederland.com\/de\/wp-json\/wp\/v2\/pages"}],"about":[{"href":"https:\/\/pomskynederland.com\/de\/wp-json\/wp\/v2\/types\/page"}],"author":[{"embeddable":true,"href":"https:\/\/pomskynederland.com\/de\/wp-json\/wp\/v2\/users\/1"}],"replies":[{"embeddable":true,"href":"https:\/\/pomskynederland.com\/de\/wp-json\/wp\/v2\/comments?post=1450"}],"version-history":[{"count":1,"href":"https:\/\/pomskynederland.com\/de\/wp-json\/wp\/v2\/pages\/1450\/revisions"}],"predecessor-version":[{"id":3186,"href":"https:\/\/pomskynederland.com\/de\/wp-json\/wp\/v2\/pages\/1450\/revisions\/3186"}],"up":[{"embeddable":true,"href":"https:\/\/pomskynederland.com\/de\/wp-json\/wp\/v2\/pages\/1373"}],"wp:featuredmedia":[{"embeddable":true,"href":"https:\/\/pomskynederland.com\/de\/wp-json\/wp\/v2\/media\/1682"}],"wp:attachment":[{"href":"https:\/\/pomskynederland.com\/de\/wp-json\/wp\/v2\/media?parent=1450"}],"curies":[{"name":"wp","href":"https:\/\/api.w.org\/{rel}","templated":true}]}}