{"id":1452,"date":"2021-02-27T14:02:18","date_gmt":"2021-02-27T14:02:18","guid":{"rendered":"http:\/\/pomskynederland.com\/nl\/?page_id=1452"},"modified":"2021-05-13T12:46:31","modified_gmt":"2021-05-13T12:46:31","slug":"pflege","status":"publish","type":"page","link":"https:\/\/pomskynederland.com\/de\/der-pomsky\/pflege\/","title":{"rendered":"Pflege"},"content":{"rendered":"\n<p>Der Pomsky braucht im Vergleich zu anderen Hunden keine besondere Versorgung, wenn er das richtige Futter bekommt und das Fell im Grunde gut gepflegt wird.<\/p>\n\n\n\n<h2 class=\"wp-block-heading\">Das Fell eines Pomskys<\/h2>\n\n\n\n<p>Das Fell ben\u00f6tigt keine besondere Pflege. Das hei\u00dft, dass es nur geb\u00fcrstet werden muss, wenn das Fell schnell verfilzt oder wenn nach dem Spazierengehen Sand im Fell ist. Vermeiden Sie \u00fcberm\u00e4\u00dfiges B\u00fcrsten eines Pomskys, da sich das Unterfell dadurch schneller abl\u00f6sen kann.<\/p>\n\n\n\n<div class=\"wp-block-columns is-layout-flex wp-container-core-columns-is-layout-1 wp-block-columns-is-layout-flex\">\n<div class=\"wp-block-column is-layout-flow wp-block-column-is-layout-flow\">\n<figure class=\"wp-block-image size-large is-style-default\"><img loading=\"lazy\" decoding=\"async\" width=\"900\" height=\"902\" src=\"https:\/\/pomskynederland.com\/nl\/wp-content\/uploads\/sites\/2\/2021\/04\/pomsky-verzorging-2.jpg\" alt=\"\" class=\"wp-image-2732\" srcset=\"https:\/\/pomskynederland.com\/de\/wp-content\/uploads\/sites\/4\/2021\/04\/pomsky-verzorging-2.jpg 900w, https:\/\/pomskynederland.com\/de\/wp-content\/uploads\/sites\/4\/2021\/04\/pomsky-verzorging-2-300x300.jpg 300w, https:\/\/pomskynederland.com\/de\/wp-content\/uploads\/sites\/4\/2021\/04\/pomsky-verzorging-2-150x150.jpg 150w, https:\/\/pomskynederland.com\/de\/wp-content\/uploads\/sites\/4\/2021\/04\/pomsky-verzorging-2-768x770.jpg 768w\" sizes=\"auto, (max-width: 900px) 100vw, 900px\" \/><\/figure>\n<\/div>\n\n\n\n<div class=\"wp-block-column is-layout-flow wp-block-column-is-layout-flow\">\n<p>Das Fell eines Pomskys sollte zwei Mal j\u00e4hrlich in einem Hundesalon gepflegt werden. Hundesalons, die Erfahrung mit Pomskys haben, wissen genau, welche Pflege das Fell ben\u00f6tigt.<\/p>\n\n\n\n<p>Der Pomsky kommt einmal j\u00e4hrlich in den Fellwechsel. Dieser findet meist zwischen 8 und 12 Monaten statt. Bei diesem Fellwechsel verliert der Pomsky sein altes Fell. Au\u00dferhalb dieses Zeitraums verliert der Pomsky im Vergleich zu anderen Hunde nicht besonders viel Fell.<\/p>\n<\/div>\n<\/div>\n\n\n\n<h2 class=\"wp-block-heading\">Die Ern\u00e4hrung eines Pomskys<\/h2>\n\n\n\n<p>Eine variierte und qualitativ gute Ern\u00e4hrung ist erforderlich, damit Ihr Hund gesund, vital und schlank bleibt. Die richtige Ern\u00e4hrung sorgt zudem f\u00fcr ein gesundes Fell, d\u00e4mmt den Haarausfall sowie unangenehme Ger\u00fcche ein.<\/p>\n\n\n\n<div class=\"wp-block-columns is-layout-flex wp-container-core-columns-is-layout-2 wp-block-columns-is-layout-flex\">\n<div class=\"wp-block-column is-layout-flow wp-block-column-is-layout-flow\" style=\"flex-basis:20%\"><\/div>\n\n\n\n<div class=\"wp-block-column is-layout-flow wp-block-column-is-layout-flow\" style=\"flex-basis:60%\">\n<figure class=\"wp-block-image size-large is-style-default\"><img loading=\"lazy\" decoding=\"async\" width=\"819\" height=\"1024\" src=\"https:\/\/pomskynederland.com\/nl\/wp-content\/uploads\/sites\/2\/2021\/04\/pomsky-verzorging-1-819x1024.jpg\" alt=\"\" class=\"wp-image-2742\" srcset=\"https:\/\/pomskynederland.com\/de\/wp-content\/uploads\/sites\/4\/2021\/04\/pomsky-verzorging-1-819x1024.jpg 819w, https:\/\/pomskynederland.com\/de\/wp-content\/uploads\/sites\/4\/2021\/04\/pomsky-verzorging-1-240x300.jpg 240w, https:\/\/pomskynederland.com\/de\/wp-content\/uploads\/sites\/4\/2021\/04\/pomsky-verzorging-1-768x960.jpg 768w, https:\/\/pomskynederland.com\/de\/wp-content\/uploads\/sites\/4\/2021\/04\/pomsky-verzorging-1.jpg 900w\" sizes=\"auto, (max-width: 819px) 100vw, 819px\" \/><\/figure>\n<\/div>\n\n\n\n<div class=\"wp-block-column is-layout-flow wp-block-column-is-layout-flow\" style=\"flex-basis:20%\"><\/div>\n<\/div>\n\n\n\n<p>Wir empfehlen, bei der Futterauswahl darauf zu achten, dass die Brocken wenig Getreide, Kohlenhydrate, St\u00e4rke und Zucker enthalten. Achten Sie au\u00dferdem auf Variation, indem Sie einem ausgewachsenen Pomsky morgens mit Brocken und abends mit rohem Fleisch f\u00fcttern.<\/p>\n\n\n\n<p><strong>Bitte beachten:&nbsp;<\/strong>Ern\u00e4hrung ist, wie beim Menschen, sehr pers\u00f6nlich und kann je nach Hund Ma\u00dfarbeit sein, da jeder Hund anders auf Nahrung reagiert. Lassen Sie sich ausf\u00fchrlich dar\u00fcber von uns, vom Tierfachgesch\u00e4ft und\/oder Tierarzt informieren.<\/p>\n","protected":false},"excerpt":{"rendered":"<p>Der Pomsky braucht im Vergleich zu anderen Hunden keine besondere Versorgung, wenn er das richtige Futter bekommt und das Fell im Grunde gut gepflegt wird. Das Fell eines Pomskys Das Fell ben\u00f6tigt keine besondere Pflege. Das hei\u00dft, dass es nur geb\u00fcrstet werden muss, wenn das Fell schnell verfilzt oder wenn nach dem Spazierengehen Sand im&hellip;<\/p>\n<a class=\"read-more-link\" href=\" https:\/\/pomskynederland.com\/de\/der-pomsky\/pflege\/ \">Read More<\/a>","protected":false},"author":1,"featured_media":2067,"parent":1373,"menu_order":0,"comment_status":"closed","ping_status":"closed","template":"","meta":{"footnotes":""},"class_list":["post-1452","page","type-page","status-publish","has-post-thumbnail","hentry"],"yoast_head":"<!-- This site is optimized with the Yoast SEO plugin v16.0.2 - https:\/\/yoast.com\/wordpress\/plugins\/seo\/ -->\n<title>Pflege - PomskyNederland<\/title>\n<meta name=\"description\" content=\"Der Pomsky braucht im Vergleich zu anderen Hunden keine besondere Versorgung, wenn das Fell im Grunde gut gepflegt wird.\" \/>\n<link rel=\"canonical\" href=\"https:\/\/pomskynederland.com\/de\/der-pomsky\/pflege\/\" \/>\n<meta property=\"og:locale\" content=\"nl_NL\" \/>\n<meta property=\"og:type\" content=\"article\" \/>\n<meta property=\"og:title\" content=\"Pflege - PomskyNederland\" \/>\n<meta property=\"og:description\" content=\"Der Pomsky braucht im Vergleich zu anderen Hunden keine besondere Versorgung, wenn das Fell im Grunde gut gepflegt wird.\" \/>\n<meta property=\"og:url\" content=\"https:\/\/pomskynederland.com\/de\/der-pomsky\/pflege\/\" \/>\n<meta property=\"og:site_name\" content=\"PomskyNederland\" \/>\n<meta property=\"article:modified_time\" content=\"2021-05-13T12:46:31+00:00\" \/>\n<meta property=\"og:image\" content=\"https:\/\/pomskynederland.com\/de\/wp-content\/uploads\/sites\/4\/2021\/03\/Verzorging.png\" \/>\n\t<meta property=\"og:image:width\" content=\"500\" \/>\n\t<meta property=\"og:image:height\" content=\"300\" \/>\n<meta name=\"twitter:card\" content=\"summary_large_image\" \/>\n<meta name=\"twitter:label1\" content=\"Geschatte leestijd\">\n\t<meta name=\"twitter:data1\" content=\"2 minuten\">\n<script type=\"application\/ld+json\" class=\"yoast-schema-graph\">{\"@context\":\"https:\/\/schema.org\",\"@graph\":[{\"@type\":\"WebSite\",\"@id\":\"https:\/\/pomskynederland.com\/de\/#website\",\"url\":\"https:\/\/pomskynederland.com\/de\/\",\"name\":\"PomskyNederland\",\"description\":\"\",\"potentialAction\":[{\"@type\":\"SearchAction\",\"target\":\"https:\/\/pomskynederland.com\/de\/?s={search_term_string}\",\"query-input\":\"required name=search_term_string\"}],\"inLanguage\":\"nl-NL\"},{\"@type\":\"ImageObject\",\"@id\":\"https:\/\/pomskynederland.com\/de\/der-pomsky\/pflege\/#primaryimage\",\"inLanguage\":\"nl-NL\",\"url\":\"https:\/\/pomskynederland.com\/de\/wp-content\/uploads\/sites\/4\/2021\/03\/Verzorging.png\",\"width\":500,\"height\":300},{\"@type\":\"WebPage\",\"@id\":\"https:\/\/pomskynederland.com\/de\/der-pomsky\/pflege\/#webpage\",\"url\":\"https:\/\/pomskynederland.com\/de\/der-pomsky\/pflege\/\",\"name\":\"Pflege - PomskyNederland\",\"isPartOf\":{\"@id\":\"https:\/\/pomskynederland.com\/de\/#website\"},\"primaryImageOfPage\":{\"@id\":\"https:\/\/pomskynederland.com\/de\/der-pomsky\/pflege\/#primaryimage\"},\"datePublished\":\"2021-02-27T14:02:18+00:00\",\"dateModified\":\"2021-05-13T12:46:31+00:00\",\"description\":\"Der Pomsky braucht im Vergleich zu anderen Hunden keine besondere Versorgung, wenn das Fell im Grunde gut gepflegt wird.\",\"breadcrumb\":{\"@id\":\"https:\/\/pomskynederland.com\/de\/der-pomsky\/pflege\/#breadcrumb\"},\"inLanguage\":\"nl-NL\",\"potentialAction\":[{\"@type\":\"ReadAction\",\"target\":[\"https:\/\/pomskynederland.com\/de\/der-pomsky\/pflege\/\"]}]},{\"@type\":\"BreadcrumbList\",\"@id\":\"https:\/\/pomskynederland.com\/de\/der-pomsky\/pflege\/#breadcrumb\",\"itemListElement\":[{\"@type\":\"ListItem\",\"position\":1,\"item\":{\"@type\":\"WebPage\",\"@id\":\"https:\/\/pomskynederland.com\/de\/\",\"url\":\"https:\/\/pomskynederland.com\/de\/\",\"name\":\"Home\"}},{\"@type\":\"ListItem\",\"position\":2,\"item\":{\"@type\":\"WebPage\",\"@id\":\"https:\/\/pomskynederland.com\/de\/der-pomsky\/\",\"url\":\"https:\/\/pomskynederland.com\/de\/der-pomsky\/\",\"name\":\"Der Pomsky\"}},{\"@type\":\"ListItem\",\"position\":3,\"item\":{\"@type\":\"WebPage\",\"@id\":\"https:\/\/pomskynederland.com\/de\/der-pomsky\/pflege\/\",\"url\":\"https:\/\/pomskynederland.com\/de\/der-pomsky\/pflege\/\",\"name\":\"Pflege\"}}]}]}<\/script>\n<!-- \/ Yoast SEO plugin. -->","_links":{"self":[{"href":"https:\/\/pomskynederland.com\/de\/wp-json\/wp\/v2\/pages\/1452","targetHints":{"allow":["GET"]}}],"collection":[{"href":"https:\/\/pomskynederland.com\/de\/wp-json\/wp\/v2\/pages"}],"about":[{"href":"https:\/\/pomskynederland.com\/de\/wp-json\/wp\/v2\/types\/page"}],"author":[{"embeddable":true,"href":"https:\/\/pomskynederland.com\/de\/wp-json\/wp\/v2\/users\/1"}],"replies":[{"embeddable":true,"href":"https:\/\/pomskynederland.com\/de\/wp-json\/wp\/v2\/comments?post=1452"}],"version-history":[{"count":1,"href":"https:\/\/pomskynederland.com\/de\/wp-json\/wp\/v2\/pages\/1452\/revisions"}],"predecessor-version":[{"id":3206,"href":"https:\/\/pomskynederland.com\/de\/wp-json\/wp\/v2\/pages\/1452\/revisions\/3206"}],"up":[{"embeddable":true,"href":"https:\/\/pomskynederland.com\/de\/wp-json\/wp\/v2\/pages\/1373"}],"wp:featuredmedia":[{"embeddable":true,"href":"https:\/\/pomskynederland.com\/de\/wp-json\/wp\/v2\/media\/2067"}],"wp:attachment":[{"href":"https:\/\/pomskynederland.com\/de\/wp-json\/wp\/v2\/media?parent=1452"}],"curies":[{"name":"wp","href":"https:\/\/api.w.org\/{rel}","templated":true}]}}