{"id":1454,"date":"2021-02-27T14:03:16","date_gmt":"2021-02-27T14:03:16","guid":{"rendered":"http:\/\/pomskynederland.com\/nl\/?page_id=1454"},"modified":"2021-05-13T12:46:50","modified_gmt":"2021-05-13T12:46:50","slug":"unsere-pomsky-welpen","status":"publish","type":"page","link":"https:\/\/pomskynederland.com\/de\/kaufen\/unsere-pomsky-welpen\/","title":{"rendered":"Unsere Pomsky-Welpen"},"content":{"rendered":"\n<p>Unsere Welpen wachsen in den acht Wochen, die sie bei uns sind, im Beisein ihrer Mutter auf. In diesem Zeitraum werden sie ausschlie\u00dflich von ihrer Mutter ern\u00e4hrt. Um die optimale Qualit\u00e4t der Muttermilch in der Welpenzeit sicherzustellen, passen wir die Ern\u00e4hrung der Mutterh\u00fcndin an.<\/p>\n\n\n\n<h2 class=\"wp-block-heading\">Gesundheit der Welpen<\/h2>\n\n\n\n<p>Bei uns vor Ort werden die Welpen gr\u00fcndlich untersucht. Beim diesem Tierarztbesuch wird die Gesundheit der Welpen gepr\u00fcft und werden alle Welpen geimpft, entwurmt und gechipt.\u00a0<\/p>\n\n\n\n<h3 class=\"wp-block-heading\"><strong>Impfungen und Entwurmung<\/strong><\/h3>\n\n\n\n<div class=\"wp-block-columns is-layout-flex wp-container-core-columns-is-layout-1 wp-block-columns-is-layout-flex\">\n<div class=\"wp-block-column is-layout-flow wp-block-column-is-layout-flow\">\n<p>Die Impfungen sind wichtig, um ansteckende und manchmal t\u00f6dliche Krankheiten bei Welpen und ausgewachsenen Hunden zu verhindern. Unsere Welpen werden, bevor sie in ihr neues Zuhause kommen, gegen unter anderem die folgenden Krankheiten geimpft:<\/p>\n\n\n\n<ul class=\"wp-block-list\"><li>Staupe<\/li><li>Hundehepatitis (Leberkrankheit)<\/li><li>Parvovirose<\/li><li>Weil-Krankheit (Leptospirose)<\/li><\/ul>\n<\/div>\n\n\n\n<div class=\"wp-block-column is-layout-flow wp-block-column-is-layout-flow\">\n<figure class=\"wp-block-image size-large is-style-default\"><img loading=\"lazy\" decoding=\"async\" width=\"650\" height=\"460\" src=\"https:\/\/pomskynederland.com\/nl\/wp-content\/uploads\/sites\/2\/2021\/04\/onze-pomsky-pups-1.jpg\" alt=\"\" class=\"wp-image-2746\" srcset=\"https:\/\/pomskynederland.com\/de\/wp-content\/uploads\/sites\/4\/2021\/04\/onze-pomsky-pups-1.jpg 650w, https:\/\/pomskynederland.com\/de\/wp-content\/uploads\/sites\/4\/2021\/04\/onze-pomsky-pups-1-300x212.jpg 300w\" sizes=\"auto, (max-width: 650px) 100vw, 650px\" \/><\/figure>\n\n\n\n<p><\/p>\n<\/div>\n<\/div>\n\n\n\n<p>Neben den oben genannten Impfungen werden die Welpen nach folgendem Schema entwurmt. W\u00fcrmer sind innere Parasiten, die unter anderen zu Gewichtsverlust, Wachstumsr\u00fcckstand und Verdauungsproblemen f\u00fchren k\u00f6nnen.<\/p>\n\n\n\n<h3 class=\"wp-block-heading\">Chip<\/h3>\n\n\n\n<p>In den Niederlanden ist jeder Hundez\u00fcchter gesetzlich dazu verpflichtet, seine Hunde zu chippen und zu registrieren. Wir chippen und registrieren unsere Hunde, bevor sie sechs Wochen alt sind.<\/p>\n\n\n\n<h3 class=\"wp-block-heading\">Hundepass<\/h3>\n\n\n\n<p>Alle Daten \u00fcber Ihren Welpen, unseren Tierarzt, den Chip, die Impfungen und Entwurmung werden direkt in einem offiziellen, niederl\u00e4ndischen Pass festgehalten. Den Pass erhalten Sie, wenn Sie Ihren Welpen abholen.<\/p>\n\n\n\n<h2 class=\"wp-block-heading\">Stammbaum<\/h2>\n\n\n\n<p>In den Niederlanden gibt es nur einen offiziellen und anerkannten Stammbaum: den sogenannten FCI-Stammbaum. In den Niederlanden vergibt der Verwaltungsrat diese FCI-Stammb\u00e4ume nur an anerkannte Rassen.<\/p>\n\n\n\n<p>Der Pomsky ist eine Kreuzung und somit auch keine FCI-anerkannte Rasse. Da es keine anerkannte Rasse ist, kann ein Pomsky auch keinen FCI-Stammbaum erhalten. Voraussichtlich wird sich dies in den n\u00e4chsten Jahren auch nicht \u00e4ndern.<\/p>\n\n\n\n<div class=\"wp-block-columns is-layout-flex wp-container-core-columns-is-layout-2 wp-block-columns-is-layout-flex\">\n<div class=\"wp-block-column is-layout-flow wp-block-column-is-layout-flow\" style=\"flex-basis:5%\"><\/div>\n\n\n\n<div class=\"wp-block-column is-layout-flow wp-block-column-is-layout-flow\" style=\"flex-basis:90%\">\n<figure class=\"wp-block-image size-large is-style-default\"><img loading=\"lazy\" decoding=\"async\" width=\"650\" height=\"375\" src=\"https:\/\/pomskynederland.com\/nl\/wp-content\/uploads\/sites\/2\/2021\/04\/onze-pomsky-pups-3.jpg\" alt=\"\" class=\"wp-image-2751\" srcset=\"https:\/\/pomskynederland.com\/de\/wp-content\/uploads\/sites\/4\/2021\/04\/onze-pomsky-pups-3.jpg 650w, https:\/\/pomskynederland.com\/de\/wp-content\/uploads\/sites\/4\/2021\/04\/onze-pomsky-pups-3-300x173.jpg 300w\" sizes=\"auto, (max-width: 650px) 100vw, 650px\" \/><\/figure>\n<\/div>\n\n\n\n<div class=\"wp-block-column is-layout-flow wp-block-column-is-layout-flow\" style=\"flex-basis:5%\"><\/div>\n<\/div>\n\n\n\n<p>Es gibt Pomsky-Z\u00fcchter, die vorgeben, einen eigenen anerkannten Stammbaum zu besitzen. Seien Sie in diesem Fall skeptisch, da es sich hierbei nicht um einen offiziellen FCI-Stammbaum handelt.<\/p>\n\n\n\n<p>Daher haben unsere Pomskys <span style=\"text-decoration: underline;\">keinen<\/span> Stammbaum.<\/p>\n\n\n\n<h2 class=\"wp-block-heading\">Erbkrankheiten<\/h2>\n\n\n\n<p>Beim Kauf eines Welpen unterschreiben wir einen Kaufvertrag. Dieser Kaufvertrag gew\u00e4hrt in den ersten 12 Monaten eine Garantie bei Erbkrankheiten und M\u00e4ngeln. Hat Ihr Pomsky gesundheitliche Beschwerden, die laut Tierarzt genetisch bedingt sind? In diesem Fall erstatten wir die Kosten f\u00fcr die medizinische Behandlung bis zur H\u00f6he des Kaufpreises.<\/p>\n\n\n\n<h2 class=\"wp-block-heading\">Pomsky Welpen-paket<\/h2>\n\n\n\n<p>Nach acht Wochen d\u00fcrfen unsere Welpen das Nest verlassen. Beim Verlassen des Nestes wird Ihnen ein umfangreiches Welpen-Paket mitgegeben. Dieses Paket enth\u00e4lt die Grundausstattung und das Welpenfutter f\u00fcr die ersten Wochen. Das Welpen-Paket besteht aus:<\/p>\n\n\n\n<ul class=\"wp-block-list\"><li>Welpenfutter Royal Canin<\/li><li>Futter- und Wassernapf<\/li><li>Halsband und Leine<\/li><li>B\u00fcrste<\/li><li>Welpenknochen<\/li><li>Spielzeug mit dem Nestgeruch<\/li><\/ul>\n\n\n\n<p>Das Einzige, was Sie noch selbst kaufen m\u00fcssen, ist eine Hundebox. F\u00fcr einen Pomsky empfehlen wir eine Hundeboxgr\u00f6\u00dfe von (ungef\u00e4hr) 77 x 47 x 54 cm.<\/p>\n","protected":false},"excerpt":{"rendered":"<p>Unsere Welpen wachsen in den acht Wochen, die sie bei uns sind, im Beisein ihrer Mutter auf. In diesem Zeitraum werden sie ausschlie\u00dflich von ihrer Mutter ern\u00e4hrt. Um die optimale Qualit\u00e4t der Muttermilch in der Welpenzeit sicherzustellen, passen wir die Ern\u00e4hrung der Mutterh\u00fcndin an. Gesundheit der Welpen Bei uns vor Ort werden die Welpen gr\u00fcndlich&hellip;<\/p>\n<a class=\"read-more-link\" href=\" https:\/\/pomskynederland.com\/de\/kaufen\/unsere-pomsky-welpen\/ \">Read More<\/a>","protected":false},"author":1,"featured_media":1740,"parent":1375,"menu_order":0,"comment_status":"closed","ping_status":"closed","template":"","meta":{"footnotes":""},"class_list":["post-1454","page","type-page","status-publish","has-post-thumbnail","hentry"],"yoast_head":"<!-- This site is optimized with the Yoast SEO plugin v16.0.2 - https:\/\/yoast.com\/wordpress\/plugins\/seo\/ -->\n<title>Unsere Pomsky-Welpen - PomskyNederland<\/title>\n<meta name=\"description\" content=\"Unsere Pomsky-Welpen wachsen im Beisein ihrer Mutter auf. In dieser Zeit werden sie ausschlie\u00dflich von der Mutter ern\u00e4hrt.\" \/>\n<link rel=\"canonical\" href=\"https:\/\/pomskynederland.com\/de\/kaufen\/unsere-pomsky-welpen\/\" \/>\n<meta property=\"og:locale\" content=\"nl_NL\" \/>\n<meta property=\"og:type\" content=\"article\" \/>\n<meta property=\"og:title\" content=\"Unsere Pomsky-Welpen - PomskyNederland\" \/>\n<meta property=\"og:description\" content=\"Unsere Pomsky-Welpen wachsen im Beisein ihrer Mutter auf. In dieser Zeit werden sie ausschlie\u00dflich von der Mutter ern\u00e4hrt.\" \/>\n<meta property=\"og:url\" content=\"https:\/\/pomskynederland.com\/de\/kaufen\/unsere-pomsky-welpen\/\" \/>\n<meta property=\"og:site_name\" content=\"PomskyNederland\" \/>\n<meta property=\"article:modified_time\" content=\"2021-05-13T12:46:50+00:00\" \/>\n<meta property=\"og:image\" content=\"https:\/\/pomskynederland.com\/de\/wp-content\/uploads\/sites\/4\/2021\/03\/Onze-kennel.png\" \/>\n\t<meta property=\"og:image:width\" content=\"866\" \/>\n\t<meta property=\"og:image:height\" content=\"586\" \/>\n<meta name=\"twitter:card\" content=\"summary_large_image\" \/>\n<meta name=\"twitter:label1\" content=\"Geschatte leestijd\">\n\t<meta name=\"twitter:data1\" content=\"3 minuten\">\n<script type=\"application\/ld+json\" class=\"yoast-schema-graph\">{\"@context\":\"https:\/\/schema.org\",\"@graph\":[{\"@type\":\"WebSite\",\"@id\":\"https:\/\/pomskynederland.com\/de\/#website\",\"url\":\"https:\/\/pomskynederland.com\/de\/\",\"name\":\"PomskyNederland\",\"description\":\"\",\"potentialAction\":[{\"@type\":\"SearchAction\",\"target\":\"https:\/\/pomskynederland.com\/de\/?s={search_term_string}\",\"query-input\":\"required name=search_term_string\"}],\"inLanguage\":\"nl-NL\"},{\"@type\":\"ImageObject\",\"@id\":\"https:\/\/pomskynederland.com\/de\/kaufen\/unsere-pomsky-welpen\/#primaryimage\",\"inLanguage\":\"nl-NL\",\"url\":\"https:\/\/pomskynederland.com\/de\/wp-content\/uploads\/sites\/4\/2021\/03\/Onze-kennel.png\",\"width\":866,\"height\":586},{\"@type\":\"WebPage\",\"@id\":\"https:\/\/pomskynederland.com\/de\/kaufen\/unsere-pomsky-welpen\/#webpage\",\"url\":\"https:\/\/pomskynederland.com\/de\/kaufen\/unsere-pomsky-welpen\/\",\"name\":\"Unsere Pomsky-Welpen - PomskyNederland\",\"isPartOf\":{\"@id\":\"https:\/\/pomskynederland.com\/de\/#website\"},\"primaryImageOfPage\":{\"@id\":\"https:\/\/pomskynederland.com\/de\/kaufen\/unsere-pomsky-welpen\/#primaryimage\"},\"datePublished\":\"2021-02-27T14:03:16+00:00\",\"dateModified\":\"2021-05-13T12:46:50+00:00\",\"description\":\"Unsere Pomsky-Welpen wachsen im Beisein ihrer Mutter auf. In dieser Zeit werden sie ausschlie\\u00dflich von der Mutter ern\\u00e4hrt.\",\"breadcrumb\":{\"@id\":\"https:\/\/pomskynederland.com\/de\/kaufen\/unsere-pomsky-welpen\/#breadcrumb\"},\"inLanguage\":\"nl-NL\",\"potentialAction\":[{\"@type\":\"ReadAction\",\"target\":[\"https:\/\/pomskynederland.com\/de\/kaufen\/unsere-pomsky-welpen\/\"]}]},{\"@type\":\"BreadcrumbList\",\"@id\":\"https:\/\/pomskynederland.com\/de\/kaufen\/unsere-pomsky-welpen\/#breadcrumb\",\"itemListElement\":[{\"@type\":\"ListItem\",\"position\":1,\"item\":{\"@type\":\"WebPage\",\"@id\":\"https:\/\/pomskynederland.com\/de\/\",\"url\":\"https:\/\/pomskynederland.com\/de\/\",\"name\":\"Home\"}},{\"@type\":\"ListItem\",\"position\":2,\"item\":{\"@type\":\"WebPage\",\"@id\":\"https:\/\/pomskynederland.com\/de\/kaufen\/\",\"url\":\"https:\/\/pomskynederland.com\/de\/kaufen\/\",\"name\":\"Kaufen\"}},{\"@type\":\"ListItem\",\"position\":3,\"item\":{\"@type\":\"WebPage\",\"@id\":\"https:\/\/pomskynederland.com\/de\/kaufen\/unsere-pomsky-welpen\/\",\"url\":\"https:\/\/pomskynederland.com\/de\/kaufen\/unsere-pomsky-welpen\/\",\"name\":\"Unsere Pomsky-Welpen\"}}]}]}<\/script>\n<!-- \/ Yoast SEO plugin. -->","_links":{"self":[{"href":"https:\/\/pomskynederland.com\/de\/wp-json\/wp\/v2\/pages\/1454","targetHints":{"allow":["GET"]}}],"collection":[{"href":"https:\/\/pomskynederland.com\/de\/wp-json\/wp\/v2\/pages"}],"about":[{"href":"https:\/\/pomskynederland.com\/de\/wp-json\/wp\/v2\/types\/page"}],"author":[{"embeddable":true,"href":"https:\/\/pomskynederland.com\/de\/wp-json\/wp\/v2\/users\/1"}],"replies":[{"embeddable":true,"href":"https:\/\/pomskynederland.com\/de\/wp-json\/wp\/v2\/comments?post=1454"}],"version-history":[{"count":1,"href":"https:\/\/pomskynederland.com\/de\/wp-json\/wp\/v2\/pages\/1454\/revisions"}],"predecessor-version":[{"id":3193,"href":"https:\/\/pomskynederland.com\/de\/wp-json\/wp\/v2\/pages\/1454\/revisions\/3193"}],"up":[{"embeddable":true,"href":"https:\/\/pomskynederland.com\/de\/wp-json\/wp\/v2\/pages\/1375"}],"wp:featuredmedia":[{"embeddable":true,"href":"https:\/\/pomskynederland.com\/de\/wp-json\/wp\/v2\/media\/1740"}],"wp:attachment":[{"href":"https:\/\/pomskynederland.com\/de\/wp-json\/wp\/v2\/media?parent=1454"}],"curies":[{"name":"wp","href":"https:\/\/api.w.org\/{rel}","templated":true}]}}