{"id":1456,"date":"2021-02-27T14:03:29","date_gmt":"2021-02-27T14:03:29","guid":{"rendered":"http:\/\/pomskynederland.com\/nl\/?page_id=1456"},"modified":"2021-05-13T14:15:06","modified_gmt":"2021-05-13T14:15:06","slug":"stufenplan","status":"publish","type":"page","link":"https:\/\/pomskynederland.com\/de\/kaufen\/stufenplan\/","title":{"rendered":"Stufenplan"},"content":{"rendered":"\n<p>Sie haben eine klare Entscheidung getroffen: Sie wollen sich einen Pomsky zulegen. Dies ist ein gro\u00dfer Schritt und sicherlich auch sehr aufregend. Damit Sie keine \u00dcberraschungen erleben, arbeiten wir mit einem Stufenplan. Hiermit wissen Sie genau, was auf Sie und Ihren zuk\u00fcnftigen Welpen zukommt.<\/p>\n\n\n\n<div class=\"wp-block-columns is-layout-flex wp-container-core-columns-is-layout-1 wp-block-columns-is-layout-flex\">\n<div class=\"wp-block-column is-vertically-aligned-center is-layout-flow wp-block-column-is-layout-flow\" style=\"flex-basis:33.33%\">\n<h2 class=\"has-text-align-center has-text-color wp-block-heading\" style=\"color:#b29a5c\">Schritt 1<\/h2>\n<\/div>\n\n\n\n<div class=\"wp-block-column is-layout-flow wp-block-column-is-layout-flow\" style=\"flex-basis:66.66%\">\n<h3 class=\"has-text-align-left wp-block-heading\">Kennenlernen \/ Anmeldung<\/h3>\n\n\n\n<p class=\"has-text-align-left\">Haben Sie sich in unsere Pomsky-Hunde verliebt und m\u00f6chten Sie uns gerne kennenlernen? Kein Problem. Nehmen Sie <strong><a href=\"https:\/\/pomskynederland.com\/de\/kontakt\/\"><span style=\"text-decoration: underline;\">Kontakt<\/span><\/a><\/strong> mit uns auf und vereinbaren Sie unverbindlich einen Termin.<\/p>\n<\/div>\n<\/div>\n\n\n\n<div class=\"wp-block-columns is-layout-flex wp-container-core-columns-is-layout-2 wp-block-columns-is-layout-flex\">\n<div class=\"wp-block-column is-vertically-aligned-center is-layout-flow wp-block-column-is-layout-flow\" style=\"flex-basis:33.33%\">\n<h2 class=\"has-text-align-center has-text-color wp-block-heading\" style=\"color:#b29a5c\">Schritt 2<\/h2>\n<\/div>\n\n\n\n<div class=\"wp-block-column is-layout-flow wp-block-column-is-layout-flow\" style=\"flex-basis:66.66%\">\n<h3 class=\"wp-block-heading\">Anzahlung<\/h3>\n\n\n\n<p>Wenn Sie uns besucht haben und anschlie\u00dfend auf die Warteliste kommen m\u00f6chten, bitten wir Sie, eine Anzahlung zu leisten. Diese betr\u00e4gt 800 \u20ac oder 1000 \u20ac und h\u00e4ngt von der Art des Pomskys ab. Lesen Sie mehr \u00fcber die <strong><a href=\"https:\/\/pomskynederland.com\/de\/kaufen\/preise\/\"><span style=\"text-decoration: underline;\">Kosten<\/span><\/a><\/strong>.<\/p>\n<\/div>\n<\/div>\n\n\n\n<div class=\"wp-block-columns is-layout-flex wp-container-core-columns-is-layout-3 wp-block-columns-is-layout-flex\">\n<div class=\"wp-block-column is-vertically-aligned-center is-layout-flow wp-block-column-is-layout-flow\" style=\"flex-basis:33.33%\">\n<h2 class=\"has-text-align-center has-text-color wp-block-heading\" style=\"color:#b29a5c\">Schritt 3<\/h2>\n<\/div>\n\n\n\n<div class=\"wp-block-column is-layout-flow wp-block-column-is-layout-flow\" style=\"flex-basis:66.66%\">\n<h3 class=\"wp-block-heading\">Warteliste<\/h3>\n\n\n\n<p>Wenn Sie auf der Warteliste stehen, halten wir Sie pers\u00f6nlich \u00fcber die W\u00fcrfe auf dem Laufenden. Die Warteliste arbeiten wir in der Reihenfolge von Anmeldung und Anzahlung ab. Lesen Sie mehr \u00fcber unsere <strong><a href=\"https:\/\/pomskynederland.com\/de\/kaufen\/warteliste\/\"><span style=\"text-decoration: underline;\">Warteliste<\/span><\/a><\/strong>.<\/p>\n<\/div>\n<\/div>\n\n\n\n<div class=\"wp-block-columns is-layout-flex wp-container-core-columns-is-layout-4 wp-block-columns-is-layout-flex\">\n<div class=\"wp-block-column is-vertically-aligned-center is-layout-flow wp-block-column-is-layout-flow\" style=\"flex-basis:33.33%\">\n<h2 class=\"has-text-align-center has-text-color wp-block-heading\" style=\"color:#b29a5c\">Schritt 4<\/h2>\n<\/div>\n\n\n\n<div class=\"wp-block-column is-layout-flow wp-block-column-is-layout-flow\" style=\"flex-basis:66.66%\">\n<h3 class=\"wp-block-heading\">Geburt eines Wurfes<\/h3>\n\n\n\n<p>Wenn Sie oben auf der Warteliste stehen und es wird ein Wurf geboren, werden Sie direkt von uns informiert und planen wir einen Termin f\u00fcr das Aussuchen.<\/p>\n<\/div>\n<\/div>\n\n\n\n<div class=\"wp-block-columns is-layout-flex wp-container-core-columns-is-layout-5 wp-block-columns-is-layout-flex\">\n<div class=\"wp-block-column is-vertically-aligned-center is-layout-flow wp-block-column-is-layout-flow\" style=\"flex-basis:33.33%\">\n<h2 class=\"has-text-align-center has-text-color wp-block-heading\" style=\"color:#b29a5c\">Schritt 5<\/h2>\n<\/div>\n\n\n\n<div class=\"wp-block-column is-layout-flow wp-block-column-is-layout-flow\" style=\"flex-basis:66.66%\">\n<h3 class=\"wp-block-heading\">Aussuchen des Welpen <em>(4 Wochen)<\/em><\/h3>\n\n\n\n<p>Beim Aussuchen des Welpen ist es wichtig, dass Sie zu 100 % \u00fcberzeugt sind, dass es passt. Ist ein geeigneter Welpe dabei? Dann ist dies offiziell und wird es auf Basis der Chipnummer festgehalten.<\/p>\n<\/div>\n<\/div>\n\n\n\n<div class=\"wp-block-columns is-layout-flex wp-container-core-columns-is-layout-6 wp-block-columns-is-layout-flex\">\n<div class=\"wp-block-column is-vertically-aligned-center is-layout-flow wp-block-column-is-layout-flow\" style=\"flex-basis:33.33%\">\n<h2 class=\"has-text-align-center has-text-color wp-block-heading\" style=\"color:#b29a5c\">Schritt 6<\/h2>\n<\/div>\n\n\n\n<div class=\"wp-block-column is-layout-flow wp-block-column-is-layout-flow\" style=\"flex-basis:66.66%\">\n<h3 class=\"wp-block-heading\">Welpen-Kuscheln <em>(6 Wochen)<\/em><\/h3>\n\n\n\n<p>Zwischendurch d\u00fcrfen Sie selbstverst\u00e4ndlich einmal vorbeikommen, um Ihren Welpen zu sehen. Dann haben Sie genug Zeit zum Kuscheln und Spielen, sowie um Fotos mit Ihrem Welpen zu machen. Au\u00dferdem planen wir direkt ein Datum, an dem Sie Ihren Welpen abholen.<\/p>\n<\/div>\n<\/div>\n\n\n\n<div class=\"wp-block-columns is-layout-flex wp-container-core-columns-is-layout-7 wp-block-columns-is-layout-flex\">\n<div class=\"wp-block-column is-vertically-aligned-center is-layout-flow wp-block-column-is-layout-flow\" style=\"flex-basis:33.33%\">\n<h2 class=\"has-text-align-center has-text-color wp-block-heading\" style=\"color:#b29a5c\">Schritt 7<\/h2>\n<\/div>\n\n\n\n<div class=\"wp-block-column is-layout-flow wp-block-column-is-layout-flow\" style=\"flex-basis:66.66%\">\n<h3 class=\"wp-block-heading\">Welpen abholen <em>(8 Wochen)<\/em><\/h3>\n\n\n\n<p>Nach acht Wochen d\u00fcrfen die Welpen das Nest verlassen. Wenn Sie Ihren Welpen abholen, wird er von uns auf die Reise vorbereitet und geben wir Ihnen ein umfangreiches Welpen-Paket mit. Lesen Sie hier mehr \u00fcber <strong><a href=\"https:\/\/pomskynederland.com\/de\/kaufen\/unsere-pomsky-welpen\/\"><span style=\"text-decoration: underline;\">unsere Welpen<\/span><\/a><\/strong>.<\/p>\n<\/div>\n<\/div>\n\n\n\n<div class=\"wp-block-columns is-layout-flex wp-container-core-columns-is-layout-8 wp-block-columns-is-layout-flex\">\n<div class=\"wp-block-column is-vertically-aligned-center is-layout-flow wp-block-column-is-layout-flow\" style=\"flex-basis:33.33%\">\n<h2 class=\"has-text-align-center has-text-color wp-block-heading\" style=\"color:#b29a5c\">Schritt 8<\/h2>\n<\/div>\n\n\n\n<div class=\"wp-block-column is-layout-flow wp-block-column-is-layout-flow\" style=\"flex-basis:66.66%\">\n<h3 class=\"wp-block-heading\">Nachbetreuung<\/h3>\n\n\n\n<p>Es ist nat\u00fcrlich ganz normal, dass Sie in den ersten Wochen oder Monaten Fragen haben. Wir stehen Ihnen w\u00e4hrend des ganzen Lebens Ihres Pomsky-Hundes zur Verf\u00fcgung, um Ihre Fragen rund um die Uhr per WhatsApp, Telefon oder E-Mail zu beantworten.<\/p>\n<\/div>\n<\/div>\n\n\n\n<p>Wir m\u00f6chten sehr gerne am Leben unserer Pomskys in ihren Familien, in denen sie aufwachsen, teilhaben. Jedes Jahr organisieren wir die PomskyNederland-Wanderung. Lesen Sie mehr \u00fcber die <strong><a href=\"https:\/\/pomskynederland.com\/de\/erfahrungen\/pomsky-wanderung\/\"><span style=\"text-decoration: underline;\">Pomsky-Wanderung<\/span><\/a><\/strong> im Nationalpark Loonse en Drunense Duinen.<\/p>\n","protected":false},"excerpt":{"rendered":"<p>Sie haben eine klare Entscheidung getroffen: Sie wollen sich einen Pomsky zulegen. Dies ist ein gro\u00dfer Schritt und sicherlich auch sehr aufregend. Damit Sie keine \u00dcberraschungen erleben, arbeiten wir mit einem Stufenplan. Hiermit wissen Sie genau, was auf Sie und Ihren zuk\u00fcnftigen Welpen zukommt. Schritt 1 Kennenlernen \/ Anmeldung Haben Sie sich in unsere Pomsky-Hunde&hellip;<\/p>\n<a class=\"read-more-link\" href=\" https:\/\/pomskynederland.com\/de\/kaufen\/stufenplan\/ \">Read More<\/a>","protected":false},"author":1,"featured_media":1714,"parent":1375,"menu_order":0,"comment_status":"closed","ping_status":"closed","template":"","meta":{"footnotes":""},"class_list":["post-1456","page","type-page","status-publish","has-post-thumbnail","hentry"],"yoast_head":"<!-- This site is optimized with the Yoast SEO plugin v16.0.2 - https:\/\/yoast.com\/wordpress\/plugins\/seo\/ -->\n<title>Stufenplan - PomskyNederland<\/title>\n<meta name=\"description\" content=\"Damit Sie keine \u00dcberraschungen erleben, arbeiten wir mit einem Stufenplan. So wissen Sie genau, was auf Sie und Ihren Welpen zukommt.\" \/>\n<link rel=\"canonical\" href=\"https:\/\/pomskynederland.com\/de\/kaufen\/stufenplan\/\" \/>\n<meta property=\"og:locale\" content=\"nl_NL\" \/>\n<meta property=\"og:type\" content=\"article\" \/>\n<meta property=\"og:title\" content=\"Stufenplan - PomskyNederland\" \/>\n<meta property=\"og:description\" content=\"Damit Sie keine \u00dcberraschungen erleben, arbeiten wir mit einem Stufenplan. So wissen Sie genau, was auf Sie und Ihren Welpen zukommt.\" \/>\n<meta property=\"og:url\" content=\"https:\/\/pomskynederland.com\/de\/kaufen\/stufenplan\/\" \/>\n<meta property=\"og:site_name\" content=\"PomskyNederland\" \/>\n<meta property=\"article:modified_time\" content=\"2021-05-13T14:15:06+00:00\" \/>\n<meta property=\"og:image\" content=\"https:\/\/pomskynederland.com\/de\/wp-content\/uploads\/sites\/4\/2021\/03\/Schermafbeelding-2017-09-04-om-16.25.30.png\" \/>\n\t<meta property=\"og:image:width\" content=\"1339\" \/>\n\t<meta property=\"og:image:height\" content=\"890\" \/>\n<meta name=\"twitter:card\" content=\"summary_large_image\" \/>\n<meta name=\"twitter:label1\" content=\"Geschatte leestijd\">\n\t<meta name=\"twitter:data1\" content=\"2 minuten\">\n<script type=\"application\/ld+json\" class=\"yoast-schema-graph\">{\"@context\":\"https:\/\/schema.org\",\"@graph\":[{\"@type\":\"WebSite\",\"@id\":\"https:\/\/pomskynederland.com\/de\/#website\",\"url\":\"https:\/\/pomskynederland.com\/de\/\",\"name\":\"PomskyNederland\",\"description\":\"\",\"potentialAction\":[{\"@type\":\"SearchAction\",\"target\":\"https:\/\/pomskynederland.com\/de\/?s={search_term_string}\",\"query-input\":\"required name=search_term_string\"}],\"inLanguage\":\"nl-NL\"},{\"@type\":\"ImageObject\",\"@id\":\"https:\/\/pomskynederland.com\/de\/kaufen\/stufenplan\/#primaryimage\",\"inLanguage\":\"nl-NL\",\"url\":\"https:\/\/pomskynederland.com\/de\/wp-content\/uploads\/sites\/4\/2021\/03\/Schermafbeelding-2017-09-04-om-16.25.30.png\",\"width\":1339,\"height\":890},{\"@type\":\"WebPage\",\"@id\":\"https:\/\/pomskynederland.com\/de\/kaufen\/stufenplan\/#webpage\",\"url\":\"https:\/\/pomskynederland.com\/de\/kaufen\/stufenplan\/\",\"name\":\"Stufenplan - PomskyNederland\",\"isPartOf\":{\"@id\":\"https:\/\/pomskynederland.com\/de\/#website\"},\"primaryImageOfPage\":{\"@id\":\"https:\/\/pomskynederland.com\/de\/kaufen\/stufenplan\/#primaryimage\"},\"datePublished\":\"2021-02-27T14:03:29+00:00\",\"dateModified\":\"2021-05-13T14:15:06+00:00\",\"description\":\"Damit Sie keine \\u00dcberraschungen erleben, arbeiten wir mit einem Stufenplan. So wissen Sie genau, was auf Sie und Ihren Welpen zukommt.\",\"breadcrumb\":{\"@id\":\"https:\/\/pomskynederland.com\/de\/kaufen\/stufenplan\/#breadcrumb\"},\"inLanguage\":\"nl-NL\",\"potentialAction\":[{\"@type\":\"ReadAction\",\"target\":[\"https:\/\/pomskynederland.com\/de\/kaufen\/stufenplan\/\"]}]},{\"@type\":\"BreadcrumbList\",\"@id\":\"https:\/\/pomskynederland.com\/de\/kaufen\/stufenplan\/#breadcrumb\",\"itemListElement\":[{\"@type\":\"ListItem\",\"position\":1,\"item\":{\"@type\":\"WebPage\",\"@id\":\"https:\/\/pomskynederland.com\/de\/\",\"url\":\"https:\/\/pomskynederland.com\/de\/\",\"name\":\"Home\"}},{\"@type\":\"ListItem\",\"position\":2,\"item\":{\"@type\":\"WebPage\",\"@id\":\"https:\/\/pomskynederland.com\/de\/kaufen\/\",\"url\":\"https:\/\/pomskynederland.com\/de\/kaufen\/\",\"name\":\"Kaufen\"}},{\"@type\":\"ListItem\",\"position\":3,\"item\":{\"@type\":\"WebPage\",\"@id\":\"https:\/\/pomskynederland.com\/de\/kaufen\/stufenplan\/\",\"url\":\"https:\/\/pomskynederland.com\/de\/kaufen\/stufenplan\/\",\"name\":\"Stufenplan\"}}]}]}<\/script>\n<!-- \/ Yoast SEO plugin. -->","_links":{"self":[{"href":"https:\/\/pomskynederland.com\/de\/wp-json\/wp\/v2\/pages\/1456","targetHints":{"allow":["GET"]}}],"collection":[{"href":"https:\/\/pomskynederland.com\/de\/wp-json\/wp\/v2\/pages"}],"about":[{"href":"https:\/\/pomskynederland.com\/de\/wp-json\/wp\/v2\/types\/page"}],"author":[{"embeddable":true,"href":"https:\/\/pomskynederland.com\/de\/wp-json\/wp\/v2\/users\/1"}],"replies":[{"embeddable":true,"href":"https:\/\/pomskynederland.com\/de\/wp-json\/wp\/v2\/comments?post=1456"}],"version-history":[{"count":3,"href":"https:\/\/pomskynederland.com\/de\/wp-json\/wp\/v2\/pages\/1456\/revisions"}],"predecessor-version":[{"id":3230,"href":"https:\/\/pomskynederland.com\/de\/wp-json\/wp\/v2\/pages\/1456\/revisions\/3230"}],"up":[{"embeddable":true,"href":"https:\/\/pomskynederland.com\/de\/wp-json\/wp\/v2\/pages\/1375"}],"wp:featuredmedia":[{"embeddable":true,"href":"https:\/\/pomskynederland.com\/de\/wp-json\/wp\/v2\/media\/1714"}],"wp:attachment":[{"href":"https:\/\/pomskynederland.com\/de\/wp-json\/wp\/v2\/media?parent=1456"}],"curies":[{"name":"wp","href":"https:\/\/api.w.org\/{rel}","templated":true}]}}