{"id":1458,"date":"2021-02-27T14:03:47","date_gmt":"2021-02-27T14:03:47","guid":{"rendered":"http:\/\/pomskynederland.com\/nl\/?page_id=1458"},"modified":"2021-05-13T14:16:20","modified_gmt":"2021-05-13T14:16:20","slug":"warteliste","status":"publish","type":"page","link":"https:\/\/pomskynederland.com\/de\/kaufen\/warteliste\/","title":{"rendered":"Warteliste"},"content":{"rendered":"\n<p>Nicht nur Sie haben sich in unsere Pomskys verliebt und wollen sich einen Pomsky von PomskyNederland zulegen. Um diese Nachfrage zu bedienen, sowie die \u00dcbersichtlichkeit und Ehrlichkeit beizubehalten, arbeiten wir mit einer Warteliste.<\/p>\n\n\n\n<h2 class=\"wp-block-heading\"><strong>Wie komme ich auf die Warteliste?<\/strong><\/h2>\n\n\n\n<p>Wir sind kritisch in Bezug auf die potenziellen Besitzer unserer Pomsky-Hunde. Schlie\u00dflich m\u00f6chten wir unsere Hunde nur an Menschen vermitteln, die wir geeignet finden und die sich auch wirklich f\u00fcr unsere Hunde interessieren. Wollen Sie mehr dar\u00fcber erfahren, was wir von potenziellen neuen Besitzern erwarten? <strong><a href=\"https:\/\/pomskynederland.com\/de\/kaufen\/anforderungen\/\"><span style=\"text-decoration: underline;\">Dar\u00fcber lesen Sie hier mehr<\/span><\/a><\/strong>.<\/p>\n\n\n\n<p>Sie k\u00f6nnen erst auf die Warteliste kommen, wenn Sie einen Termin f\u00fcr ein Kennenlernen bzw. eine Anmeldung wahrgenommen und eine Anzahlung geleistet haben. Mit dieser Regelung verhindern wir, dass Wartelisten endlos lang werden und Menschen dabei sind, die sich nicht (aufrichtig) f\u00fcr unsere Welpen interessieren.<\/p>\n\n\n\n<p>Die H\u00f6he der Anzahlung h\u00e4ngt von der Art des Pomskys ab, den Sie sich zulegen m\u00f6chten. Wir unterscheiden zwischen zwei Arten von Pomskys:<\/p>\n\n\n\n<figure class=\"wp-block-table is-style-stripes\"><table><thead><tr><th class=\"has-text-align-left\" data-align=\"left\">Pomsky Art<\/th><th class=\"has-text-align-left\" data-align=\"left\">Anzahlung*<\/th><\/tr><\/thead><tbody><tr><td class=\"has-text-align-left\" data-align=\"left\">Standard<\/td><td class=\"has-text-align-left\" data-align=\"left\">\u20ac 800,-<\/td><\/tr><tr><td class=\"has-text-align-left\" data-align=\"left\">Blue Merle<\/td><td class=\"has-text-align-left\" data-align=\"left\">\u20ac 1.000,-<\/td><\/tr><\/tbody><\/table><figcaption><strong>*<\/strong> Eine Anzahlung ist verbunden mit einem Platz auf der Warteliste und wird nichmals erstattet.<\/figcaption><\/figure>\n\n\n\n<h2 class=\"wp-block-heading\"><strong>Wie funktioniert die Warteliste?<\/strong><\/h2>\n\n\n\n<div class=\"wp-block-columns is-layout-flex wp-container-core-columns-is-layout-1 wp-block-columns-is-layout-flex\">\n<div class=\"wp-block-column is-layout-flow wp-block-column-is-layout-flow\">\n<p>Wir informieren Sie im Voraus \u00fcber die gesch\u00e4tzte Wartezeit. Sobald Sie die Anzahlung geleistet haben, setzen wir Sie direkt auf die Warteliste. Nachdem Sie auf die Warteliste gesetzt wurden, informieren wir Sie direkt dar\u00fcber, an welcher Stelle Sie stehen und wie lang die Wartezeit voraussichtlich sein wird.<\/p>\n\n\n\n<p>Die Wartezeit h\u00e4ngt von zwei Faktoren ab: von der Personenanzahl vor Ihnen auf der Warteliste sowie die Anzahl der W\u00fcrfe, die wir in den kommenden Monaten erwarten.&nbsp;<\/p>\n<\/div>\n\n\n\n<div class=\"wp-block-column is-layout-flow wp-block-column-is-layout-flow\">\n<figure class=\"wp-block-image size-large is-style-default\"><img loading=\"lazy\" decoding=\"async\" width=\"600\" height=\"400\" src=\"https:\/\/pomskynederland.com\/nl\/wp-content\/uploads\/sites\/2\/2021\/04\/pomsky-nederland-wachtlijst-1.jpg\" alt=\"\" class=\"wp-image-2768\" srcset=\"https:\/\/pomskynederland.com\/de\/wp-content\/uploads\/sites\/4\/2021\/04\/pomsky-nederland-wachtlijst-1.jpg 600w, https:\/\/pomskynederland.com\/de\/wp-content\/uploads\/sites\/4\/2021\/04\/pomsky-nederland-wachtlijst-1-300x200.jpg 300w\" sizes=\"auto, (max-width: 600px) 100vw, 600px\" \/><\/figure>\n<\/div>\n<\/div>\n\n\n\n<p>Geh\u00f6ren Sie zu denen, die ganz oben auf der Warteliste stehen und wird ein Wurf geboren? Dann halten wir Sie pers\u00f6nlich auf dem Laufenden! Wir arbeiten die Warteliste immer in der Reihenfolge der Anmeldung ab. Stehen Sie an erster Stelle, d\u00fcrfen Sie als Erstes vorbeikommen und haben Sie die erste Wahl beim Aussuchen.<\/p>\n\n\n\n<h2 class=\"wp-block-heading\">Das Aussuchen<\/h2>\n\n\n\n<p>Wenn wir Sie \u00fcber die Geburt eines Wurfes informieren, machen wir auch gleich einen Termin f\u00fcr vier Wochen sp\u00e4ter. An diesem Termin d\u00fcrfen Sie vorbeikommen und schauen, ob ein geeigneter Welpe f\u00fcr Sie dabei ist.<\/p>\n\n\n\n<p>Finden Sie bei diesem Besichtigungstermin einen passenden Welpen? Dann legen wir dies auf Basis der Chipnummer des Welpen fest, damit Sie zu 100 % sicher sein k\u00f6nnen, dass Sie den von Ihnen ausgew\u00e4hlten Welpen letztendlich mit nach Hause nehmen. Ist kein passender Welpe dabei? Kein Problem. Ihre Anzahlung verf\u00e4llt nicht und Sie geh\u00f6ren zu den Ersten, die beim n\u00e4chsten Wurf an der Reihe sind.<\/p>\n\n\n\n<p>Wollen Sie mehr \u00fcber unsere Welpen erfahren? <strong><a href=\"https:\/\/pomskynederland.com\/de\/kaufen\/unsere-pomsky-welpen\/\"><span style=\"text-decoration: underline;\">Lesen Sie hier mehr<\/span><\/a><\/strong>.<\/p>\n","protected":false},"excerpt":{"rendered":"<p>Nicht nur Sie haben sich in unsere Pomskys verliebt und wollen sich einen Pomsky von PomskyNederland zulegen. Um diese Nachfrage zu bedienen, sowie die \u00dcbersichtlichkeit und Ehrlichkeit beizubehalten, arbeiten wir mit einer Warteliste. Wie komme ich auf die Warteliste? Wir sind kritisch in Bezug auf die potenziellen Besitzer unserer Pomsky-Hunde. Schlie\u00dflich m\u00f6chten wir unsere Hunde&hellip;<\/p>\n<a class=\"read-more-link\" href=\" https:\/\/pomskynederland.com\/de\/kaufen\/warteliste\/ \">Read More<\/a>","protected":false},"author":1,"featured_media":1717,"parent":1375,"menu_order":0,"comment_status":"closed","ping_status":"closed","template":"","meta":{"footnotes":""},"class_list":["post-1458","page","type-page","status-publish","has-post-thumbnail","hentry"],"yoast_head":"<!-- This site is optimized with the Yoast SEO plugin v16.0.2 - https:\/\/yoast.com\/wordpress\/plugins\/seo\/ -->\n<title>Warteliste - PomskyNederland<\/title>\n<meta name=\"description\" content=\"Nicht nur Sie m\u00f6chten sich einen Pomsky von PomskyNederland zulegen. Aus diesem Grund haben wir eine Warteliste.\" \/>\n<link rel=\"canonical\" href=\"https:\/\/pomskynederland.com\/de\/kaufen\/warteliste\/\" \/>\n<meta property=\"og:locale\" content=\"nl_NL\" \/>\n<meta property=\"og:type\" content=\"article\" \/>\n<meta property=\"og:title\" content=\"Warteliste - PomskyNederland\" \/>\n<meta property=\"og:description\" content=\"Nicht nur Sie m\u00f6chten sich einen Pomsky von PomskyNederland zulegen. Aus diesem Grund haben wir eine Warteliste.\" \/>\n<meta property=\"og:url\" content=\"https:\/\/pomskynederland.com\/de\/kaufen\/warteliste\/\" \/>\n<meta property=\"og:site_name\" content=\"PomskyNederland\" \/>\n<meta property=\"article:modified_time\" content=\"2021-05-13T14:16:20+00:00\" \/>\n<meta property=\"og:image\" content=\"https:\/\/pomskynederland.com\/de\/wp-content\/uploads\/sites\/4\/2021\/03\/Hero-banner-pomskynederland-2.png\" \/>\n\t<meta property=\"og:image:width\" content=\"900\" \/>\n\t<meta property=\"og:image:height\" content=\"600\" \/>\n<meta name=\"twitter:card\" content=\"summary_large_image\" \/>\n<meta name=\"twitter:label1\" content=\"Geschatte leestijd\">\n\t<meta name=\"twitter:data1\" content=\"3 minuten\">\n<script type=\"application\/ld+json\" class=\"yoast-schema-graph\">{\"@context\":\"https:\/\/schema.org\",\"@graph\":[{\"@type\":\"WebSite\",\"@id\":\"https:\/\/pomskynederland.com\/de\/#website\",\"url\":\"https:\/\/pomskynederland.com\/de\/\",\"name\":\"PomskyNederland\",\"description\":\"\",\"potentialAction\":[{\"@type\":\"SearchAction\",\"target\":\"https:\/\/pomskynederland.com\/de\/?s={search_term_string}\",\"query-input\":\"required name=search_term_string\"}],\"inLanguage\":\"nl-NL\"},{\"@type\":\"ImageObject\",\"@id\":\"https:\/\/pomskynederland.com\/de\/kaufen\/warteliste\/#primaryimage\",\"inLanguage\":\"nl-NL\",\"url\":\"https:\/\/pomskynederland.com\/de\/wp-content\/uploads\/sites\/4\/2021\/03\/Hero-banner-pomskynederland-2.png\",\"width\":900,\"height\":600},{\"@type\":\"WebPage\",\"@id\":\"https:\/\/pomskynederland.com\/de\/kaufen\/warteliste\/#webpage\",\"url\":\"https:\/\/pomskynederland.com\/de\/kaufen\/warteliste\/\",\"name\":\"Warteliste - PomskyNederland\",\"isPartOf\":{\"@id\":\"https:\/\/pomskynederland.com\/de\/#website\"},\"primaryImageOfPage\":{\"@id\":\"https:\/\/pomskynederland.com\/de\/kaufen\/warteliste\/#primaryimage\"},\"datePublished\":\"2021-02-27T14:03:47+00:00\",\"dateModified\":\"2021-05-13T14:16:20+00:00\",\"description\":\"Nicht nur Sie m\\u00f6chten sich einen Pomsky von PomskyNederland zulegen. Aus diesem Grund haben wir eine Warteliste.\",\"breadcrumb\":{\"@id\":\"https:\/\/pomskynederland.com\/de\/kaufen\/warteliste\/#breadcrumb\"},\"inLanguage\":\"nl-NL\",\"potentialAction\":[{\"@type\":\"ReadAction\",\"target\":[\"https:\/\/pomskynederland.com\/de\/kaufen\/warteliste\/\"]}]},{\"@type\":\"BreadcrumbList\",\"@id\":\"https:\/\/pomskynederland.com\/de\/kaufen\/warteliste\/#breadcrumb\",\"itemListElement\":[{\"@type\":\"ListItem\",\"position\":1,\"item\":{\"@type\":\"WebPage\",\"@id\":\"https:\/\/pomskynederland.com\/de\/\",\"url\":\"https:\/\/pomskynederland.com\/de\/\",\"name\":\"Home\"}},{\"@type\":\"ListItem\",\"position\":2,\"item\":{\"@type\":\"WebPage\",\"@id\":\"https:\/\/pomskynederland.com\/de\/kaufen\/\",\"url\":\"https:\/\/pomskynederland.com\/de\/kaufen\/\",\"name\":\"Kaufen\"}},{\"@type\":\"ListItem\",\"position\":3,\"item\":{\"@type\":\"WebPage\",\"@id\":\"https:\/\/pomskynederland.com\/de\/kaufen\/warteliste\/\",\"url\":\"https:\/\/pomskynederland.com\/de\/kaufen\/warteliste\/\",\"name\":\"Warteliste\"}}]}]}<\/script>\n<!-- \/ Yoast SEO plugin. -->","_links":{"self":[{"href":"https:\/\/pomskynederland.com\/de\/wp-json\/wp\/v2\/pages\/1458","targetHints":{"allow":["GET"]}}],"collection":[{"href":"https:\/\/pomskynederland.com\/de\/wp-json\/wp\/v2\/pages"}],"about":[{"href":"https:\/\/pomskynederland.com\/de\/wp-json\/wp\/v2\/types\/page"}],"author":[{"embeddable":true,"href":"https:\/\/pomskynederland.com\/de\/wp-json\/wp\/v2\/users\/1"}],"replies":[{"embeddable":true,"href":"https:\/\/pomskynederland.com\/de\/wp-json\/wp\/v2\/comments?post=1458"}],"version-history":[{"count":5,"href":"https:\/\/pomskynederland.com\/de\/wp-json\/wp\/v2\/pages\/1458\/revisions"}],"predecessor-version":[{"id":3231,"href":"https:\/\/pomskynederland.com\/de\/wp-json\/wp\/v2\/pages\/1458\/revisions\/3231"}],"up":[{"embeddable":true,"href":"https:\/\/pomskynederland.com\/de\/wp-json\/wp\/v2\/pages\/1375"}],"wp:featuredmedia":[{"embeddable":true,"href":"https:\/\/pomskynederland.com\/de\/wp-json\/wp\/v2\/media\/1717"}],"wp:attachment":[{"href":"https:\/\/pomskynederland.com\/de\/wp-json\/wp\/v2\/media?parent=1458"}],"curies":[{"name":"wp","href":"https:\/\/api.w.org\/{rel}","templated":true}]}}