{"id":1460,"date":"2021-02-27T14:04:06","date_gmt":"2021-02-27T14:04:06","guid":{"rendered":"http:\/\/pomskynederland.com\/nl\/?page_id=1460"},"modified":"2021-05-13T14:25:42","modified_gmt":"2021-05-13T14:25:42","slug":"anforderungen","status":"publish","type":"page","link":"https:\/\/pomskynederland.com\/de\/kaufen\/anforderungen\/","title":{"rendered":"Anforderungen"},"content":{"rendered":"\n<p>Wir sind kritisch in Bezug auf die potenziellen Besitzer unserer Pomsky-Hunde. Mit viel Leidenschaft, Hingabe und Liebe arbeiten wir von PomskyNederland rund um die Uhr f\u00fcr unsere Hunde. Das Wohlergehen unserer Hunde steht bei uns jederzeit an allererster Stelle. Sobald unsere Welpen das Nest verlassen, erwarten wir, dass sie mit ebenso viel Hingabe und Liebe aufwachsen und alt werden d\u00fcrfen.<\/p>\n\n\n\n<h2 class=\"wp-block-heading\">Denken Sie gut dar\u00fcber nach, sich einen Hund anzuschaffen<\/h2>\n\n\n\n<p>Bevor Sie sich einen Welpen zulegen, m\u00fcssen Sie dar\u00fcber erst einmal gut nachdenken. Jedes Familienmitglied muss komplett dahinterstehen und verstehen, dass man f\u00fcr mindestens 15 Jahre gemeinsam die Verantwortung f\u00fcr den Hund \u00fcbernimmt.<\/p>\n\n\n\n<p>Diese Verantwortung betrifft verschiedene Bereiche, und zwar die k\u00f6rperliche und geistige Gesundheit, Versorgung, Liebe und Bewegung.<\/p>\n\n\n\n<h3 class=\"wp-block-heading\"><strong>Haben Sie genug Zeit f\u00fcr einen Pomsky?<\/strong><\/h3>\n\n\n\n<p>Ein Pomsky braucht, wie jeder andere Hund auch, viel Aufmerksamkeit. Das hei\u00dft, dass Sie mit Ihrem Pomsky mindestens drei Mal am Tag 30 Minuten spazieren gehen m\u00fcssen: morgens, mittags und abends.<\/p>\n\n\n\n<div class=\"wp-block-columns is-layout-flex wp-container-core-columns-is-layout-1 wp-block-columns-is-layout-flex\">\n<div class=\"wp-block-column is-layout-flow wp-block-column-is-layout-flow\">\n<figure class=\"wp-block-image size-large is-style-default\"><img loading=\"lazy\" decoding=\"async\" width=\"600\" height=\"746\" src=\"https:\/\/pomskynederland.com\/nl\/wp-content\/uploads\/sites\/2\/2021\/04\/vereisten-pomsky-gezin-1.jpg\" alt=\"\" class=\"wp-image-2782\" srcset=\"https:\/\/pomskynederland.com\/de\/wp-content\/uploads\/sites\/4\/2021\/04\/vereisten-pomsky-gezin-1.jpg 600w, https:\/\/pomskynederland.com\/de\/wp-content\/uploads\/sites\/4\/2021\/04\/vereisten-pomsky-gezin-1-241x300.jpg 241w\" sizes=\"auto, (max-width: 600px) 100vw, 600px\" \/><\/figure>\n<\/div>\n\n\n\n<div class=\"wp-block-column is-layout-flow wp-block-column-is-layout-flow\">\n<h2 class=\"wp-block-heading\">Kann ein Pomsky alleine bleiben?<\/h2>\n\n\n\n<p>Ihr Pomsky kann einige Stunden alleine zuhause bleiben, sofern Sie Ihrem Welpen dies antrainieren und langsam aufbauen.<\/p>\n\n\n\n<p>Sie k\u00f6nnen Ihren Pomsky h\u00f6chstens drei bis vier Stunden (ein Tagesabschnitt) alleine lassen. Ein Pomsky eignet sich nicht daf\u00fcr, strukturell f\u00fcnf bis sechs Stunden alleine zu sein.<\/p>\n\n\n\n<p>Aber das gilt in der Regel f\u00fcr alle Hunde. Hunde sind Gesellschaftstiere, die in freier Wildbahn im Rudel leben und es im Grunde nicht gew\u00f6hnt sind, alleine zu sein.<\/p>\n<\/div>\n<\/div>\n\n\n\n<h3 class=\"wp-block-heading\"><strong>Erf\u00fcllen Sie die Anforderungen?<\/strong><\/h3>\n\n\n\n<p>Erf\u00fcllen Sie die Anforderungen und wollen Sie wissen, wie unser Stufenplan vom Kennenlernen bis zur Abholung eines Welpen aussieht? <strong><a href=\"https:\/\/pomskynederland.com\/de\/kaufen\/stufenplan\/\"><span style=\"text-decoration: underline;\">Lesen Sie direkt hier weiter<\/span><\/a><\/strong>.<\/p>\n","protected":false},"excerpt":{"rendered":"<p>Wir sind kritisch in Bezug auf die potenziellen Besitzer unserer Pomsky-Hunde. Mit viel Leidenschaft, Hingabe und Liebe arbeiten wir von PomskyNederland rund um die Uhr f\u00fcr unsere Hunde. Das Wohlergehen unserer Hunde steht bei uns jederzeit an allererster Stelle. Sobald unsere Welpen das Nest verlassen, erwarten wir, dass sie mit ebenso viel Hingabe und Liebe&hellip;<\/p>\n<a class=\"read-more-link\" href=\" https:\/\/pomskynederland.com\/de\/kaufen\/anforderungen\/ \">Read More<\/a>","protected":false},"author":1,"featured_media":2073,"parent":1375,"menu_order":0,"comment_status":"closed","ping_status":"closed","template":"","meta":{"footnotes":""},"class_list":["post-1460","page","type-page","status-publish","has-post-thumbnail","hentry"],"yoast_head":"<!-- This site is optimized with the Yoast SEO plugin v16.0.2 - https:\/\/yoast.com\/wordpress\/plugins\/seo\/ -->\n<title>Anforderungen - PomskyNederland<\/title>\n<meta name=\"description\" content=\"Ein Pomsky braucht, wie jeder andere Hund auch, viel Aufmerksamkeit. Das bedeutet mindestens 3 Mal am Tag 30 Minuten spazieren gehen.\" \/>\n<link rel=\"canonical\" href=\"https:\/\/pomskynederland.com\/de\/kaufen\/anforderungen\/\" \/>\n<meta property=\"og:locale\" content=\"nl_NL\" \/>\n<meta property=\"og:type\" content=\"article\" \/>\n<meta property=\"og:title\" content=\"Anforderungen - PomskyNederland\" \/>\n<meta property=\"og:description\" content=\"Ein Pomsky braucht, wie jeder andere Hund auch, viel Aufmerksamkeit. Das bedeutet mindestens 3 Mal am Tag 30 Minuten spazieren gehen.\" \/>\n<meta property=\"og:url\" content=\"https:\/\/pomskynederland.com\/de\/kaufen\/anforderungen\/\" \/>\n<meta property=\"og:site_name\" content=\"PomskyNederland\" \/>\n<meta property=\"article:modified_time\" content=\"2021-05-13T14:25:42+00:00\" \/>\n<meta property=\"og:image\" content=\"https:\/\/pomskynederland.com\/de\/wp-content\/uploads\/sites\/4\/2021\/03\/Prijzen.png\" \/>\n\t<meta property=\"og:image:width\" content=\"500\" \/>\n\t<meta property=\"og:image:height\" content=\"300\" \/>\n<meta name=\"twitter:card\" content=\"summary_large_image\" \/>\n<meta name=\"twitter:label1\" content=\"Geschatte leestijd\">\n\t<meta name=\"twitter:data1\" content=\"2 minuten\">\n<script type=\"application\/ld+json\" class=\"yoast-schema-graph\">{\"@context\":\"https:\/\/schema.org\",\"@graph\":[{\"@type\":\"WebSite\",\"@id\":\"https:\/\/pomskynederland.com\/de\/#website\",\"url\":\"https:\/\/pomskynederland.com\/de\/\",\"name\":\"PomskyNederland\",\"description\":\"\",\"potentialAction\":[{\"@type\":\"SearchAction\",\"target\":\"https:\/\/pomskynederland.com\/de\/?s={search_term_string}\",\"query-input\":\"required name=search_term_string\"}],\"inLanguage\":\"nl-NL\"},{\"@type\":\"ImageObject\",\"@id\":\"https:\/\/pomskynederland.com\/de\/kaufen\/anforderungen\/#primaryimage\",\"inLanguage\":\"nl-NL\",\"url\":\"https:\/\/pomskynederland.com\/de\/wp-content\/uploads\/sites\/4\/2021\/03\/Prijzen.png\",\"width\":500,\"height\":300},{\"@type\":\"WebPage\",\"@id\":\"https:\/\/pomskynederland.com\/de\/kaufen\/anforderungen\/#webpage\",\"url\":\"https:\/\/pomskynederland.com\/de\/kaufen\/anforderungen\/\",\"name\":\"Anforderungen - PomskyNederland\",\"isPartOf\":{\"@id\":\"https:\/\/pomskynederland.com\/de\/#website\"},\"primaryImageOfPage\":{\"@id\":\"https:\/\/pomskynederland.com\/de\/kaufen\/anforderungen\/#primaryimage\"},\"datePublished\":\"2021-02-27T14:04:06+00:00\",\"dateModified\":\"2021-05-13T14:25:42+00:00\",\"description\":\"Ein Pomsky braucht, wie jeder andere Hund auch, viel Aufmerksamkeit. Das bedeutet mindestens 3 Mal am Tag 30 Minuten spazieren gehen.\",\"breadcrumb\":{\"@id\":\"https:\/\/pomskynederland.com\/de\/kaufen\/anforderungen\/#breadcrumb\"},\"inLanguage\":\"nl-NL\",\"potentialAction\":[{\"@type\":\"ReadAction\",\"target\":[\"https:\/\/pomskynederland.com\/de\/kaufen\/anforderungen\/\"]}]},{\"@type\":\"BreadcrumbList\",\"@id\":\"https:\/\/pomskynederland.com\/de\/kaufen\/anforderungen\/#breadcrumb\",\"itemListElement\":[{\"@type\":\"ListItem\",\"position\":1,\"item\":{\"@type\":\"WebPage\",\"@id\":\"https:\/\/pomskynederland.com\/de\/\",\"url\":\"https:\/\/pomskynederland.com\/de\/\",\"name\":\"Home\"}},{\"@type\":\"ListItem\",\"position\":2,\"item\":{\"@type\":\"WebPage\",\"@id\":\"https:\/\/pomskynederland.com\/de\/kaufen\/\",\"url\":\"https:\/\/pomskynederland.com\/de\/kaufen\/\",\"name\":\"Kaufen\"}},{\"@type\":\"ListItem\",\"position\":3,\"item\":{\"@type\":\"WebPage\",\"@id\":\"https:\/\/pomskynederland.com\/de\/kaufen\/anforderungen\/\",\"url\":\"https:\/\/pomskynederland.com\/de\/kaufen\/anforderungen\/\",\"name\":\"Anforderungen\"}}]}]}<\/script>\n<!-- \/ Yoast SEO plugin. -->","_links":{"self":[{"href":"https:\/\/pomskynederland.com\/de\/wp-json\/wp\/v2\/pages\/1460","targetHints":{"allow":["GET"]}}],"collection":[{"href":"https:\/\/pomskynederland.com\/de\/wp-json\/wp\/v2\/pages"}],"about":[{"href":"https:\/\/pomskynederland.com\/de\/wp-json\/wp\/v2\/types\/page"}],"author":[{"embeddable":true,"href":"https:\/\/pomskynederland.com\/de\/wp-json\/wp\/v2\/users\/1"}],"replies":[{"embeddable":true,"href":"https:\/\/pomskynederland.com\/de\/wp-json\/wp\/v2\/comments?post=1460"}],"version-history":[{"count":3,"href":"https:\/\/pomskynederland.com\/de\/wp-json\/wp\/v2\/pages\/1460\/revisions"}],"predecessor-version":[{"id":3239,"href":"https:\/\/pomskynederland.com\/de\/wp-json\/wp\/v2\/pages\/1460\/revisions\/3239"}],"up":[{"embeddable":true,"href":"https:\/\/pomskynederland.com\/de\/wp-json\/wp\/v2\/pages\/1375"}],"wp:featuredmedia":[{"embeddable":true,"href":"https:\/\/pomskynederland.com\/de\/wp-json\/wp\/v2\/media\/2073"}],"wp:attachment":[{"href":"https:\/\/pomskynederland.com\/de\/wp-json\/wp\/v2\/media?parent=1460"}],"curies":[{"name":"wp","href":"https:\/\/api.w.org\/{rel}","templated":true}]}}