{"id":1462,"date":"2021-02-27T14:04:17","date_gmt":"2021-02-27T14:04:17","guid":{"rendered":"http:\/\/pomskynederland.com\/nl\/?page_id=1462"},"modified":"2023-05-07T11:56:55","modified_gmt":"2023-05-07T11:56:55","slug":"preise","status":"publish","type":"page","link":"https:\/\/pomskynederland.com\/de\/kaufen\/preise\/","title":{"rendered":"Preise"},"content":{"rendered":"\n<p>Wie Sie im Abschnitt <strong><a href=\"https:\/\/pomskynederland.com\/de\/uber-ons\/kernwerte\/\"><span style=\"text-decoration: underline;\">Unsere Kernwerte<\/span><\/a><\/strong> lesen k\u00f6nnen, z\u00fcchten wir mit voller Leidenschaft und ist es unser Ziel, nicht nur kompetent und zug\u00e4nglich, sondern auch zuverl\u00e4ssig und engagiert zu sein. Unserer Meinung nach l\u00e4sst sich dies nur mit vollst\u00e4ndiger Transparenz, auch im Hinblick auf Preise, realisieren.<\/p>\n\n\n\n<h2 class=\"wp-block-heading\">Der Kaufpreis eines Pomskys<\/h2>\n\n\n\n<p>Die starke Kreuzung eines Pomsky, der F1-Pomsky, wird mittels k\u00fcnstlicher Besamung durch einen professionellen Tierarzt gez\u00fcchtet. Daher liegen die Preise f\u00fcr einen F1-Pomsky durchschnittlich h\u00f6her als f\u00fcr Hunde, die auf nat\u00fcrliche Weise gezeugt wurden.<\/p>\n\n\n\n<p>Wir berechnen f\u00fcr unsere Pomskys zwei verschiedene Preise:<\/p>\n\n\n\n<figure class=\"wp-block-table is-style-stripes\"><table><thead><tr><th class=\"has-text-align-left\" data-align=\"left\">Pomsky Art<\/th><th class=\"has-text-align-left\" data-align=\"left\">Kaufpreis<\/th><th class=\"has-text-align-left\" data-align=\"left\">Anzahlung<\/th><\/tr><\/thead><tbody><tr><td class=\"has-text-align-left\" data-align=\"left\">Standard*<\/td><td class=\"has-text-align-left\" data-align=\"left\">\u20ac 2.800,-<\/td><td class=\"has-text-align-left\" data-align=\"left\">\u20ac 800,-<\/td><\/tr><tr><td class=\"has-text-align-left\" data-align=\"left\">Blue Merle*<\/td><td class=\"has-text-align-left\" data-align=\"left\">\u20ac 3.200,-<\/td><td class=\"has-text-align-left\" data-align=\"left\">\u20ac 1.000,-<\/td><\/tr><\/tbody><\/table><figcaption><em>*Die farbe der augen hat keinen Einfluss auf den Kaufpreis<\/em><\/figcaption><\/figure>\n\n\n\n<p>Sowohl der Kaufpreis als auch die Anzahlung sind festgelegte Betr\u00e4ge. Davon weichen wir nicht ab. Die Preise sind somit nicht verhandelbar.<\/p>\n\n\n\n<h3 class=\"wp-block-heading\">Kaufvertrag<\/h3>\n\n\n\n<p>Wenn Sie bei uns einen Pomsky kaufen, unterschreiben sowohl wir als auch Sie den Kaufvertrag. Dieser Vertrag beinhaltet die Rechte und Pflichten des Verk\u00e4ufers (PomskyNederland) und des K\u00e4ufers. Man denke hierbei an Garantie bei Erbkrankheiten und an das Verbot des K\u00e4ufers, den bei uns gekauften Pomsky zur Weiterzucht zu verwenden.<\/p>\n\n\n\n<h2 class=\"wp-block-heading\">International<\/h2>\n\n\n\n<p>Unsere Pomskys finden regelm\u00e4\u00dfig auch bei Familien im Ausland ein neues Zuhause. In oben genannten Preisen sind zus\u00e4tzliche Kosten f\u00fcr den Export des Hundes nicht enthalten. Wohnen Sie im Ausland und wollen Sie mehr \u00fcber unsere Erfahrungen mit dem Exportieren unserer Welpen ins Ausland wissen? <strong><a href=\"https:\/\/pomskynederland.com\/de\/international\/export-moglichkeiten\/\"><span style=\"text-decoration: underline;\">Lesen Sie hier mehr<\/span><\/a><\/strong>.<\/p>\n\n\n\n<h2 class=\"wp-block-heading\">Kennenlernen und auf die Warteliste?<\/h2>\n\n\n\n<p>Wenn Sie nach dem Kennenlernen bzw. der Anmeldung bei uns davon \u00fcberzeugt sind, dass Sie bei uns auf die Warteliste kommen wollen, bitten wir Sie um eine Anzahlung. <strong><a href=\"https:\/\/pomskynederland.com\/de\/kaufen\/warteliste\/\"><span style=\"text-decoration: underline;\">Lesen Sie hier mehr<\/span><\/a><\/strong> \u00fcber diese Anzahlung und die Warteliste.<\/p>\n","protected":false},"excerpt":{"rendered":"<p>Wie Sie im Abschnitt Unsere Kernwerte lesen k\u00f6nnen, z\u00fcchten wir mit voller Leidenschaft und ist es unser Ziel, nicht nur kompetent und zug\u00e4nglich, sondern auch zuverl\u00e4ssig und engagiert zu sein. Unserer Meinung nach l\u00e4sst sich dies nur mit vollst\u00e4ndiger Transparenz, auch im Hinblick auf Preise, realisieren. Der Kaufpreis eines Pomskys Die starke Kreuzung eines Pomsky,&hellip;<\/p>\n<a class=\"read-more-link\" href=\" https:\/\/pomskynederland.com\/de\/kaufen\/preise\/ \">Read More<\/a>","protected":false},"author":1,"featured_media":2078,"parent":1375,"menu_order":0,"comment_status":"closed","ping_status":"closed","template":"","meta":{"footnotes":""},"class_list":["post-1462","page","type-page","status-publish","has-post-thumbnail","hentry"],"yoast_head":"<!-- This site is optimized with the Yoast SEO plugin v16.0.2 - https:\/\/yoast.com\/wordpress\/plugins\/seo\/ -->\n<title>Preise - PomskyNederland<\/title>\n<meta name=\"description\" content=\"Wenn Sie bei uns einen Pomsky kaufen, unterschreiben sowohl wir als auch Sie einen Kaufvertrag. Dieser Kaufvertrag beinhaltet die Rechte und Pflichten des Verk\u00e4ufers und K\u00e4ufers.\" \/>\n<link rel=\"canonical\" href=\"https:\/\/pomskynederland.com\/de\/kaufen\/preise\/\" \/>\n<meta property=\"og:locale\" content=\"nl_NL\" \/>\n<meta property=\"og:type\" content=\"article\" \/>\n<meta property=\"og:title\" content=\"Preise - PomskyNederland\" \/>\n<meta property=\"og:description\" content=\"Wenn Sie bei uns einen Pomsky kaufen, unterschreiben sowohl wir als auch Sie einen Kaufvertrag. Dieser Kaufvertrag beinhaltet die Rechte und Pflichten des Verk\u00e4ufers und K\u00e4ufers.\" \/>\n<meta property=\"og:url\" content=\"https:\/\/pomskynederland.com\/de\/kaufen\/preise\/\" \/>\n<meta property=\"og:site_name\" content=\"PomskyNederland\" \/>\n<meta property=\"article:modified_time\" content=\"2023-05-07T11:56:55+00:00\" \/>\n<meta property=\"og:image\" content=\"https:\/\/pomskynederland.com\/de\/wp-content\/uploads\/sites\/4\/2021\/03\/Social-media.png\" \/>\n\t<meta property=\"og:image:width\" content=\"500\" \/>\n\t<meta property=\"og:image:height\" content=\"300\" \/>\n<meta name=\"twitter:card\" content=\"summary_large_image\" \/>\n<meta name=\"twitter:label1\" content=\"Geschatte leestijd\">\n\t<meta name=\"twitter:data1\" content=\"2 minuten\">\n<script type=\"application\/ld+json\" class=\"yoast-schema-graph\">{\"@context\":\"https:\/\/schema.org\",\"@graph\":[{\"@type\":\"WebSite\",\"@id\":\"https:\/\/pomskynederland.com\/de\/#website\",\"url\":\"https:\/\/pomskynederland.com\/de\/\",\"name\":\"PomskyNederland\",\"description\":\"\",\"potentialAction\":[{\"@type\":\"SearchAction\",\"target\":\"https:\/\/pomskynederland.com\/de\/?s={search_term_string}\",\"query-input\":\"required name=search_term_string\"}],\"inLanguage\":\"nl-NL\"},{\"@type\":\"ImageObject\",\"@id\":\"https:\/\/pomskynederland.com\/de\/kaufen\/preise\/#primaryimage\",\"inLanguage\":\"nl-NL\",\"url\":\"https:\/\/pomskynederland.com\/de\/wp-content\/uploads\/sites\/4\/2021\/03\/Social-media.png\",\"width\":500,\"height\":300},{\"@type\":\"WebPage\",\"@id\":\"https:\/\/pomskynederland.com\/de\/kaufen\/preise\/#webpage\",\"url\":\"https:\/\/pomskynederland.com\/de\/kaufen\/preise\/\",\"name\":\"Preise - PomskyNederland\",\"isPartOf\":{\"@id\":\"https:\/\/pomskynederland.com\/de\/#website\"},\"primaryImageOfPage\":{\"@id\":\"https:\/\/pomskynederland.com\/de\/kaufen\/preise\/#primaryimage\"},\"datePublished\":\"2021-02-27T14:04:17+00:00\",\"dateModified\":\"2023-05-07T11:56:55+00:00\",\"description\":\"Wenn Sie bei uns einen Pomsky kaufen, unterschreiben sowohl wir als auch Sie einen Kaufvertrag. Dieser Kaufvertrag beinhaltet die Rechte und Pflichten des Verk\\u00e4ufers und K\\u00e4ufers.\",\"breadcrumb\":{\"@id\":\"https:\/\/pomskynederland.com\/de\/kaufen\/preise\/#breadcrumb\"},\"inLanguage\":\"nl-NL\",\"potentialAction\":[{\"@type\":\"ReadAction\",\"target\":[\"https:\/\/pomskynederland.com\/de\/kaufen\/preise\/\"]}]},{\"@type\":\"BreadcrumbList\",\"@id\":\"https:\/\/pomskynederland.com\/de\/kaufen\/preise\/#breadcrumb\",\"itemListElement\":[{\"@type\":\"ListItem\",\"position\":1,\"item\":{\"@type\":\"WebPage\",\"@id\":\"https:\/\/pomskynederland.com\/de\/\",\"url\":\"https:\/\/pomskynederland.com\/de\/\",\"name\":\"Home\"}},{\"@type\":\"ListItem\",\"position\":2,\"item\":{\"@type\":\"WebPage\",\"@id\":\"https:\/\/pomskynederland.com\/de\/kaufen\/\",\"url\":\"https:\/\/pomskynederland.com\/de\/kaufen\/\",\"name\":\"Kaufen\"}},{\"@type\":\"ListItem\",\"position\":3,\"item\":{\"@type\":\"WebPage\",\"@id\":\"https:\/\/pomskynederland.com\/de\/kaufen\/preise\/\",\"url\":\"https:\/\/pomskynederland.com\/de\/kaufen\/preise\/\",\"name\":\"Preise\"}}]}]}<\/script>\n<!-- \/ Yoast SEO plugin. -->","_links":{"self":[{"href":"https:\/\/pomskynederland.com\/de\/wp-json\/wp\/v2\/pages\/1462","targetHints":{"allow":["GET"]}}],"collection":[{"href":"https:\/\/pomskynederland.com\/de\/wp-json\/wp\/v2\/pages"}],"about":[{"href":"https:\/\/pomskynederland.com\/de\/wp-json\/wp\/v2\/types\/page"}],"author":[{"embeddable":true,"href":"https:\/\/pomskynederland.com\/de\/wp-json\/wp\/v2\/users\/1"}],"replies":[{"embeddable":true,"href":"https:\/\/pomskynederland.com\/de\/wp-json\/wp\/v2\/comments?post=1462"}],"version-history":[{"count":5,"href":"https:\/\/pomskynederland.com\/de\/wp-json\/wp\/v2\/pages\/1462\/revisions"}],"predecessor-version":[{"id":3256,"href":"https:\/\/pomskynederland.com\/de\/wp-json\/wp\/v2\/pages\/1462\/revisions\/3256"}],"up":[{"embeddable":true,"href":"https:\/\/pomskynederland.com\/de\/wp-json\/wp\/v2\/pages\/1375"}],"wp:featuredmedia":[{"embeddable":true,"href":"https:\/\/pomskynederland.com\/de\/wp-json\/wp\/v2\/media\/2078"}],"wp:attachment":[{"href":"https:\/\/pomskynederland.com\/de\/wp-json\/wp\/v2\/media?parent=1462"}],"curies":[{"name":"wp","href":"https:\/\/api.w.org\/{rel}","templated":true}]}}