{"id":1468,"date":"2021-02-27T14:05:08","date_gmt":"2021-02-27T14:05:08","guid":{"rendered":"http:\/\/pomskynederland.com\/nl\/?page_id=1468"},"modified":"2021-05-13T12:48:39","modified_gmt":"2021-05-13T12:48:39","slug":"social-media","status":"publish","type":"page","link":"https:\/\/pomskynederland.com\/de\/erfahrungen\/social-media\/","title":{"rendered":"Social media"},"content":{"rendered":"\n<p>Wir sind sowohl auf Facebook als auch Instagram aktiv. Sie finden uns unter den folgenden Accounts:<\/p>\n\n\n\n<p><strong>Instagram:<\/strong> <span style=\"text-decoration: underline\"><a href=\"https:\/\/www.instagram.com\/pomskynederland\/\">@PomskyNederland<\/a><\/span><br><strong>Facebook: <\/strong><span style=\"text-decoration: underline\"><a href=\"https:\/\/www.facebook.com\/pomskynederland\/\">PomskyNederland<\/a><\/span><\/p>\n\n\n\n<p>Mit diesen Social Media Accounts folgen wir all unseren Pomsky-Hunden und den Besitzern, die einen eigenen Account in den Social Media haben. Dar\u00fcber hinaus posten wir auf diesen Kan\u00e4len gerne Fotos und Videos unserer Zuchtst\u00e4tte, den Huskys und den Pomsky-Welpen.<\/p>\n\n\n\n<h2 class=\"wp-block-heading\">Unsere j\u00fcngsten Instagram-Posts:<\/h2>\n\n\n\n<p>Wollen Sie wissen, was man auf unserer Instagram-Seite sehen kann? Hier sehen Sie unsere j\u00fcngsten Instagram-Posts. Klicken Sie auf ein Foto, um mehr von unserem Instagram-Account zu sehen.<\/p>\n\n\n\n<div id=\"sb_instagram\"  class=\"sbi sbi_mob_col_2 sbi_tab_col_2 sbi_col_3 sbi_width_resp\" style=\"padding-bottom: 2px;width: 100%;\" data-feedid=\"*1\"  data-res=\"auto\" data-cols=\"3\" data-colsmobile=\"2\" data-colstablet=\"2\" data-num=\"6\" data-nummobile=\"6\" data-item-padding=\"1\" data-shortcode-atts=\"{&quot;num&quot;:&quot;16&quot;,&quot;cols&quot;:&quot;4&quot;}\"  data-postid=\"1468\" data-locatornonce=\"962dd7a652\" data-sbi-flags=\"favorLocal\">\n\t\n    <div id=\"sbi_images\"  style=\"gap: 2px;\">\n\t\t    <\/div>\n\n\t<div id=\"sbi_load\" >\n\n\t\n\t\t\t<span class=\"sbi_follow_btn\">\n        <a href=\"https:\/\/www.instagram.com\/3887394938045672\/\" target=\"_blank\" rel=\"nofollow noopener\">\n            <svg class=\"svg-inline--fa fa-instagram fa-w-14\" aria-hidden=\"true\" data-fa-processed=\"\" aria-label=\"Instagram\" data-prefix=\"fab\" data-icon=\"instagram\" role=\"img\" viewBox=\"0 0 448 512\">\n\t                <path fill=\"currentColor\" d=\"M224.1 141c-63.6 0-114.9 51.3-114.9 114.9s51.3 114.9 114.9 114.9S339 319.5 339 255.9 287.7 141 224.1 141zm0 189.6c-41.1 0-74.7-33.5-74.7-74.7s33.5-74.7 74.7-74.7 74.7 33.5 74.7 74.7-33.6 74.7-74.7 74.7zm146.4-194.3c0 14.9-12 26.8-26.8 26.8-14.9 0-26.8-12-26.8-26.8s12-26.8 26.8-26.8 26.8 12 26.8 26.8zm76.1 27.2c-1.7-35.9-9.9-67.7-36.2-93.9-26.2-26.2-58-34.4-93.9-36.2-37-2.1-147.9-2.1-184.9 0-35.8 1.7-67.6 9.9-93.9 36.1s-34.4 58-36.2 93.9c-2.1 37-2.1 147.9 0 184.9 1.7 35.9 9.9 67.7 36.2 93.9s58 34.4 93.9 36.2c37 2.1 147.9 2.1 184.9 0 35.9-1.7 67.7-9.9 93.9-36.2 26.2-26.2 34.4-58 36.2-93.9 2.1-37 2.1-147.8 0-184.8zM398.8 388c-7.8 19.6-22.9 34.7-42.6 42.6-29.5 11.7-99.5 9-132.1 9s-102.7 2.6-132.1-9c-19.6-7.8-34.7-22.9-42.6-42.6-11.7-29.5-9-99.5-9-132.1s-2.6-102.7 9-132.1c7.8-19.6 22.9-34.7 42.6-42.6 29.5-11.7 99.5-9 132.1-9s102.7-2.6 132.1 9c19.6 7.8 34.7 22.9 42.6 42.6 11.7 29.5 9 99.5 9 132.1s2.7 102.7-9 132.1z\"><\/path>\n\t            <\/svg>            <span>Folge uns auf Instagram<\/span>\n        <\/a>\n    <\/span>\n\t\n<\/div>\n\n\t    <span class=\"sbi_resized_image_data\" data-feed-id=\"*1\" data-resized=\"[]\">\n\t<\/span>\n\t<\/div>\n\n\n","protected":false},"excerpt":{"rendered":"<p>Wir sind sowohl auf Facebook als auch Instagram aktiv. Sie finden uns unter den folgenden Accounts: Instagram: @PomskyNederlandFacebook: PomskyNederland Mit diesen Social Media Accounts folgen wir all unseren Pomsky-Hunden und den Besitzern, die einen eigenen Account in den Social Media haben. Dar\u00fcber hinaus posten wir auf diesen Kan\u00e4len gerne Fotos und Videos unserer Zuchtst\u00e4tte, den&hellip;<\/p>\n<a class=\"read-more-link\" href=\" https:\/\/pomskynederland.com\/de\/erfahrungen\/social-media\/ \">Read More<\/a>","protected":false},"author":1,"featured_media":2071,"parent":1377,"menu_order":0,"comment_status":"closed","ping_status":"closed","template":"","meta":{"footnotes":""},"class_list":["post-1468","page","type-page","status-publish","has-post-thumbnail","hentry"],"yoast_head":"<!-- This site is optimized with the Yoast SEO plugin v16.0.2 - https:\/\/yoast.com\/wordpress\/plugins\/seo\/ -->\n<title>Social media - PomskyNederland<\/title>\n<meta name=\"description\" content=\"Wir posten regelm\u00e4\u00dfig Fotos und Videos unserer Zuchtst\u00e4tte, den Huskys und den Pomsky-Welpen auf Facebook und Instagram.\" \/>\n<link rel=\"canonical\" href=\"https:\/\/pomskynederland.com\/de\/erfahrungen\/social-media\/\" \/>\n<meta property=\"og:locale\" content=\"nl_NL\" \/>\n<meta property=\"og:type\" content=\"article\" \/>\n<meta property=\"og:title\" content=\"Social media - PomskyNederland\" \/>\n<meta property=\"og:description\" content=\"Wir posten regelm\u00e4\u00dfig Fotos und Videos unserer Zuchtst\u00e4tte, den Huskys und den Pomsky-Welpen auf Facebook und Instagram.\" \/>\n<meta property=\"og:url\" content=\"https:\/\/pomskynederland.com\/de\/erfahrungen\/social-media\/\" \/>\n<meta property=\"og:site_name\" content=\"PomskyNederland\" \/>\n<meta property=\"article:modified_time\" content=\"2021-05-13T12:48:39+00:00\" \/>\n<meta property=\"og:image\" content=\"https:\/\/pomskynederland.com\/de\/wp-content\/uploads\/sites\/4\/2021\/03\/Wachtlijst.png\" \/>\n\t<meta property=\"og:image:width\" content=\"500\" \/>\n\t<meta property=\"og:image:height\" content=\"300\" \/>\n<meta name=\"twitter:card\" content=\"summary_large_image\" \/>\n<meta name=\"twitter:label1\" content=\"Geschatte leestijd\">\n\t<meta name=\"twitter:data1\" content=\"1 minuut\">\n<script type=\"application\/ld+json\" class=\"yoast-schema-graph\">{\"@context\":\"https:\/\/schema.org\",\"@graph\":[{\"@type\":\"WebSite\",\"@id\":\"https:\/\/pomskynederland.com\/de\/#website\",\"url\":\"https:\/\/pomskynederland.com\/de\/\",\"name\":\"PomskyNederland\",\"description\":\"\",\"potentialAction\":[{\"@type\":\"SearchAction\",\"target\":\"https:\/\/pomskynederland.com\/de\/?s={search_term_string}\",\"query-input\":\"required name=search_term_string\"}],\"inLanguage\":\"nl-NL\"},{\"@type\":\"ImageObject\",\"@id\":\"https:\/\/pomskynederland.com\/de\/erfahrungen\/social-media\/#primaryimage\",\"inLanguage\":\"nl-NL\",\"url\":\"https:\/\/pomskynederland.com\/de\/wp-content\/uploads\/sites\/4\/2021\/03\/Wachtlijst.png\",\"width\":500,\"height\":300},{\"@type\":\"WebPage\",\"@id\":\"https:\/\/pomskynederland.com\/de\/erfahrungen\/social-media\/#webpage\",\"url\":\"https:\/\/pomskynederland.com\/de\/erfahrungen\/social-media\/\",\"name\":\"Social media - PomskyNederland\",\"isPartOf\":{\"@id\":\"https:\/\/pomskynederland.com\/de\/#website\"},\"primaryImageOfPage\":{\"@id\":\"https:\/\/pomskynederland.com\/de\/erfahrungen\/social-media\/#primaryimage\"},\"datePublished\":\"2021-02-27T14:05:08+00:00\",\"dateModified\":\"2021-05-13T12:48:39+00:00\",\"description\":\"Wir posten regelm\\u00e4\\u00dfig Fotos und Videos unserer Zuchtst\\u00e4tte, den Huskys und den Pomsky-Welpen auf Facebook und Instagram.\",\"breadcrumb\":{\"@id\":\"https:\/\/pomskynederland.com\/de\/erfahrungen\/social-media\/#breadcrumb\"},\"inLanguage\":\"nl-NL\",\"potentialAction\":[{\"@type\":\"ReadAction\",\"target\":[\"https:\/\/pomskynederland.com\/de\/erfahrungen\/social-media\/\"]}]},{\"@type\":\"BreadcrumbList\",\"@id\":\"https:\/\/pomskynederland.com\/de\/erfahrungen\/social-media\/#breadcrumb\",\"itemListElement\":[{\"@type\":\"ListItem\",\"position\":1,\"item\":{\"@type\":\"WebPage\",\"@id\":\"https:\/\/pomskynederland.com\/de\/\",\"url\":\"https:\/\/pomskynederland.com\/de\/\",\"name\":\"Home\"}},{\"@type\":\"ListItem\",\"position\":2,\"item\":{\"@type\":\"WebPage\",\"@id\":\"https:\/\/pomskynederland.com\/de\/erfahrungen\/\",\"url\":\"https:\/\/pomskynederland.com\/de\/erfahrungen\/\",\"name\":\"Erfahrungen\"}},{\"@type\":\"ListItem\",\"position\":3,\"item\":{\"@type\":\"WebPage\",\"@id\":\"https:\/\/pomskynederland.com\/de\/erfahrungen\/social-media\/\",\"url\":\"https:\/\/pomskynederland.com\/de\/erfahrungen\/social-media\/\",\"name\":\"Social media\"}}]}]}<\/script>\n<!-- \/ Yoast SEO plugin. -->","_links":{"self":[{"href":"https:\/\/pomskynederland.com\/de\/wp-json\/wp\/v2\/pages\/1468","targetHints":{"allow":["GET"]}}],"collection":[{"href":"https:\/\/pomskynederland.com\/de\/wp-json\/wp\/v2\/pages"}],"about":[{"href":"https:\/\/pomskynederland.com\/de\/wp-json\/wp\/v2\/types\/page"}],"author":[{"embeddable":true,"href":"https:\/\/pomskynederland.com\/de\/wp-json\/wp\/v2\/users\/1"}],"replies":[{"embeddable":true,"href":"https:\/\/pomskynederland.com\/de\/wp-json\/wp\/v2\/comments?post=1468"}],"version-history":[{"count":1,"href":"https:\/\/pomskynederland.com\/de\/wp-json\/wp\/v2\/pages\/1468\/revisions"}],"predecessor-version":[{"id":3200,"href":"https:\/\/pomskynederland.com\/de\/wp-json\/wp\/v2\/pages\/1468\/revisions\/3200"}],"up":[{"embeddable":true,"href":"https:\/\/pomskynederland.com\/de\/wp-json\/wp\/v2\/pages\/1377"}],"wp:featuredmedia":[{"embeddable":true,"href":"https:\/\/pomskynederland.com\/de\/wp-json\/wp\/v2\/media\/2071"}],"wp:attachment":[{"href":"https:\/\/pomskynederland.com\/de\/wp-json\/wp\/v2\/media?parent=1468"}],"curies":[{"name":"wp","href":"https:\/\/api.w.org\/{rel}","templated":true}]}}