{"id":1470,"date":"2021-02-27T14:05:20","date_gmt":"2021-02-27T14:05:20","guid":{"rendered":"http:\/\/pomskynederland.com\/nl\/?page_id=1470"},"modified":"2021-05-13T12:49:15","modified_gmt":"2021-05-13T12:49:15","slug":"export-moglichkeiten","status":"publish","type":"page","link":"https:\/\/pomskynederland.com\/de\/international\/export-moglichkeiten\/","title":{"rendered":"Export M\u00f6glichkeiten"},"content":{"rendered":"\n<p>Wohnen Sie im Ausland und haben Sie sich in unsere Pomsky-Hunde verliebt? Wir \u00fcberlegen gerne mit Ihnen gemeinsam, wie wir Ihren Pomsky-Wunsch in Erf\u00fcllung gehen lassen k\u00f6nnen.<\/p>\n\n\n\n<div class=\"wp-block-columns is-layout-flex wp-container-core-columns-is-layout-1 wp-block-columns-is-layout-flex\">\n<div class=\"wp-block-column is-layout-flow wp-block-column-is-layout-flow\">\n<figure class=\"wp-block-image size-large is-style-default\"><img loading=\"lazy\" decoding=\"async\" width=\"600\" height=\"600\" src=\"https:\/\/pomskynederland.com\/nl\/wp-content\/uploads\/sites\/2\/2021\/04\/pomsky-akia-austria.png\" alt=\"\" class=\"wp-image-2936\" srcset=\"https:\/\/pomskynederland.com\/de\/wp-content\/uploads\/sites\/4\/2021\/04\/pomsky-akia-austria.png 600w, https:\/\/pomskynederland.com\/de\/wp-content\/uploads\/sites\/4\/2021\/04\/pomsky-akia-austria-300x300.png 300w, https:\/\/pomskynederland.com\/de\/wp-content\/uploads\/sites\/4\/2021\/04\/pomsky-akia-austria-150x150.png 150w\" sizes=\"auto, (max-width: 600px) 100vw, 600px\" \/><\/figure>\n\n\n\n<p class=\"has-text-align-center\"><strong>Pomsky Akia, <strong>\u00d6sterreich<\/strong><\/strong><\/p>\n<\/div>\n\n\n\n<div class=\"wp-block-column is-layout-flow wp-block-column-is-layout-flow\">\n<figure class=\"wp-block-image size-large is-style-default\"><img loading=\"lazy\" decoding=\"async\" width=\"600\" height=\"604\" src=\"https:\/\/pomskynederland.com\/nl\/wp-content\/uploads\/sites\/2\/2021\/04\/pomsky-pablo-germany.png\" alt=\"\" class=\"wp-image-2938\" srcset=\"https:\/\/pomskynederland.com\/de\/wp-content\/uploads\/sites\/4\/2021\/04\/pomsky-pablo-germany.png 600w, https:\/\/pomskynederland.com\/de\/wp-content\/uploads\/sites\/4\/2021\/04\/pomsky-pablo-germany-298x300.png 298w, https:\/\/pomskynederland.com\/de\/wp-content\/uploads\/sites\/4\/2021\/04\/pomsky-pablo-germany-150x150.png 150w\" sizes=\"auto, (max-width: 600px) 100vw, 600px\" \/><\/figure>\n\n\n\n<p class=\"has-text-align-center\"><strong>Pomsky Pablo, Deutschland<\/strong><\/p>\n<\/div>\n<\/div>\n\n\n\n<p>Unsere Zuchtst\u00e4tte hat inzwischen auch auf internationaler Ebene einen guten Ruf aufgebaut. Daher erhalten wir seit mehreren Jahren stets mehr Anfragen aus dem Ausland. Aufgrund dieser Nachfrage haben wir viel Exporterfahrung und k\u00f6nnen wir Sie beim Exportieren Ihres Pomsky-Welpen ins Ausland optimal unterst\u00fctzen.<\/p>\n\n\n\n<p>Wir k\u00f6nnen uns um die folgenden Angelegenheiten k\u00fcmmern:<\/p>\n\n\n\n<ul class=\"wp-block-list\"><li>Exportdokumente (je nach Land unterschiedlich)<\/li><li>Erforderliche Impfungen (je nach Land unterschiedlich)<\/li><li>Ausgezeichneten Transport<\/li><\/ul>\n\n\n\n<div class=\"wp-block-columns is-layout-flex wp-container-core-columns-is-layout-2 wp-block-columns-is-layout-flex\">\n<div class=\"wp-block-column is-layout-flow wp-block-column-is-layout-flow\">\n<figure class=\"wp-block-image size-large\"><img loading=\"lazy\" decoding=\"async\" width=\"640\" height=\"640\" src=\"https:\/\/pomskynederland.com\/de\/wp-content\/uploads\/sites\/4\/2021\/05\/pomsky_mylo_japan.jpeg\" alt=\"\" class=\"wp-image-3151\" srcset=\"https:\/\/pomskynederland.com\/de\/wp-content\/uploads\/sites\/4\/2021\/05\/pomsky_mylo_japan.jpeg 640w, https:\/\/pomskynederland.com\/de\/wp-content\/uploads\/sites\/4\/2021\/05\/pomsky_mylo_japan-300x300.jpeg 300w, https:\/\/pomskynederland.com\/de\/wp-content\/uploads\/sites\/4\/2021\/05\/pomsky_mylo_japan-150x150.jpeg 150w, https:\/\/pomskynederland.com\/de\/wp-content\/uploads\/sites\/4\/2021\/05\/pomsky_mylo_japan-110x110.jpeg 110w, https:\/\/pomskynederland.com\/de\/wp-content\/uploads\/sites\/4\/2021\/05\/pomsky_mylo_japan-220x220.jpeg 220w\" sizes=\"auto, (max-width: 640px) 100vw, 640px\" \/><\/figure>\n\n\n\n<p class=\"has-text-align-center\"><strong>Pomsky Mylo, Japan<\/strong><\/p>\n<\/div>\n\n\n\n<div class=\"wp-block-column is-layout-flow wp-block-column-is-layout-flow\">\n<figure class=\"wp-block-image size-large\"><img loading=\"lazy\" decoding=\"async\" width=\"600\" height=\"600\" src=\"http:\/\/pomskynederland.com\/de\/wp-content\/uploads\/sites\/4\/2021\/04\/pomsky-navi-canada.png\" alt=\"\" class=\"wp-image-2937\" srcset=\"https:\/\/pomskynederland.com\/de\/wp-content\/uploads\/sites\/4\/2021\/04\/pomsky-navi-canada.png 600w, https:\/\/pomskynederland.com\/de\/wp-content\/uploads\/sites\/4\/2021\/04\/pomsky-navi-canada-300x300.png 300w, https:\/\/pomskynederland.com\/de\/wp-content\/uploads\/sites\/4\/2021\/04\/pomsky-navi-canada-150x150.png 150w\" sizes=\"auto, (max-width: 600px) 100vw, 600px\" \/><\/figure>\n\n\n\n<p class=\"has-text-align-center\"><strong>Pomsky Navi, Kanada<\/strong><\/p>\n<\/div>\n<\/div>\n\n\n\n<p>F\u00fcr den Transport ins Ausland arbeiten wir mit einem Unternehmen zusammen, das auf den Export und Transport von (Haus-)Tieren innerhalb und au\u00dferhalb der Europ\u00e4ischen Union spezialisiert ist.<\/p>\n","protected":false},"excerpt":{"rendered":"<p>Wohnen Sie im Ausland und haben Sie sich in unsere Pomsky-Hunde verliebt? Wir \u00fcberlegen gerne mit Ihnen gemeinsam, wie wir Ihren Pomsky-Wunsch in Erf\u00fcllung gehen lassen k\u00f6nnen. Pomsky Akia, \u00d6sterreich Pomsky Pablo, Deutschland Unsere Zuchtst\u00e4tte hat inzwischen auch auf internationaler Ebene einen guten Ruf aufgebaut. Daher erhalten wir seit mehreren Jahren stets mehr Anfragen aus&hellip;<\/p>\n<a class=\"read-more-link\" href=\" https:\/\/pomskynederland.com\/de\/international\/export-moglichkeiten\/ \">Read More<\/a>","protected":false},"author":1,"featured_media":2078,"parent":1379,"menu_order":0,"comment_status":"closed","ping_status":"closed","template":"","meta":{"footnotes":""},"class_list":["post-1470","page","type-page","status-publish","has-post-thumbnail","hentry"],"yoast_head":"<!-- This site is optimized with the Yoast SEO plugin v16.0.2 - https:\/\/yoast.com\/wordpress\/plugins\/seo\/ -->\n<title>Export M\u00f6glichkeiten - PomskyNederland<\/title>\n<meta name=\"description\" content=\"Wohnen Sie im Ausland und haben Sie sich in unsere Pomsky-Hunde verliebt? Wir \u00fcberlegen gerne mit Ihnen gemeinsam, wie wir Ihren Wunsch erf\u00fcllen k\u00f6nnen.\" \/>\n<link rel=\"canonical\" href=\"https:\/\/pomskynederland.com\/de\/international\/export-moglichkeiten\/\" \/>\n<meta property=\"og:locale\" content=\"nl_NL\" \/>\n<meta property=\"og:type\" content=\"article\" \/>\n<meta property=\"og:title\" content=\"Export M\u00f6glichkeiten - PomskyNederland\" \/>\n<meta property=\"og:description\" content=\"Wohnen Sie im Ausland und haben Sie sich in unsere Pomsky-Hunde verliebt? Wir \u00fcberlegen gerne mit Ihnen gemeinsam, wie wir Ihren Wunsch erf\u00fcllen k\u00f6nnen.\" \/>\n<meta property=\"og:url\" content=\"https:\/\/pomskynederland.com\/de\/international\/export-moglichkeiten\/\" \/>\n<meta property=\"og:site_name\" content=\"PomskyNederland\" \/>\n<meta property=\"article:modified_time\" content=\"2021-05-13T12:49:15+00:00\" \/>\n<meta property=\"og:image\" content=\"https:\/\/pomskynederland.com\/de\/wp-content\/uploads\/sites\/4\/2021\/03\/Social-media.png\" \/>\n\t<meta property=\"og:image:width\" content=\"500\" \/>\n\t<meta property=\"og:image:height\" content=\"300\" \/>\n<meta name=\"twitter:card\" content=\"summary_large_image\" \/>\n<meta name=\"twitter:label1\" content=\"Geschatte leestijd\">\n\t<meta name=\"twitter:data1\" content=\"2 minuten\">\n<script type=\"application\/ld+json\" class=\"yoast-schema-graph\">{\"@context\":\"https:\/\/schema.org\",\"@graph\":[{\"@type\":\"WebSite\",\"@id\":\"https:\/\/pomskynederland.com\/de\/#website\",\"url\":\"https:\/\/pomskynederland.com\/de\/\",\"name\":\"PomskyNederland\",\"description\":\"\",\"potentialAction\":[{\"@type\":\"SearchAction\",\"target\":\"https:\/\/pomskynederland.com\/de\/?s={search_term_string}\",\"query-input\":\"required name=search_term_string\"}],\"inLanguage\":\"nl-NL\"},{\"@type\":\"ImageObject\",\"@id\":\"https:\/\/pomskynederland.com\/de\/international\/export-moglichkeiten\/#primaryimage\",\"inLanguage\":\"nl-NL\",\"url\":\"https:\/\/pomskynederland.com\/de\/wp-content\/uploads\/sites\/4\/2021\/03\/Social-media.png\",\"width\":500,\"height\":300},{\"@type\":\"WebPage\",\"@id\":\"https:\/\/pomskynederland.com\/de\/international\/export-moglichkeiten\/#webpage\",\"url\":\"https:\/\/pomskynederland.com\/de\/international\/export-moglichkeiten\/\",\"name\":\"Export M\\u00f6glichkeiten - PomskyNederland\",\"isPartOf\":{\"@id\":\"https:\/\/pomskynederland.com\/de\/#website\"},\"primaryImageOfPage\":{\"@id\":\"https:\/\/pomskynederland.com\/de\/international\/export-moglichkeiten\/#primaryimage\"},\"datePublished\":\"2021-02-27T14:05:20+00:00\",\"dateModified\":\"2021-05-13T12:49:15+00:00\",\"description\":\"Wohnen Sie im Ausland und haben Sie sich in unsere Pomsky-Hunde verliebt? Wir \\u00fcberlegen gerne mit Ihnen gemeinsam, wie wir Ihren Wunsch erf\\u00fcllen k\\u00f6nnen.\",\"breadcrumb\":{\"@id\":\"https:\/\/pomskynederland.com\/de\/international\/export-moglichkeiten\/#breadcrumb\"},\"inLanguage\":\"nl-NL\",\"potentialAction\":[{\"@type\":\"ReadAction\",\"target\":[\"https:\/\/pomskynederland.com\/de\/international\/export-moglichkeiten\/\"]}]},{\"@type\":\"BreadcrumbList\",\"@id\":\"https:\/\/pomskynederland.com\/de\/international\/export-moglichkeiten\/#breadcrumb\",\"itemListElement\":[{\"@type\":\"ListItem\",\"position\":1,\"item\":{\"@type\":\"WebPage\",\"@id\":\"https:\/\/pomskynederland.com\/de\/\",\"url\":\"https:\/\/pomskynederland.com\/de\/\",\"name\":\"Home\"}},{\"@type\":\"ListItem\",\"position\":2,\"item\":{\"@type\":\"WebPage\",\"@id\":\"https:\/\/pomskynederland.com\/de\/international\/\",\"url\":\"https:\/\/pomskynederland.com\/de\/international\/\",\"name\":\"International\"}},{\"@type\":\"ListItem\",\"position\":3,\"item\":{\"@type\":\"WebPage\",\"@id\":\"https:\/\/pomskynederland.com\/de\/international\/export-moglichkeiten\/\",\"url\":\"https:\/\/pomskynederland.com\/de\/international\/export-moglichkeiten\/\",\"name\":\"Export M\\u00f6glichkeiten\"}}]}]}<\/script>\n<!-- \/ Yoast SEO plugin. -->","_links":{"self":[{"href":"https:\/\/pomskynederland.com\/de\/wp-json\/wp\/v2\/pages\/1470","targetHints":{"allow":["GET"]}}],"collection":[{"href":"https:\/\/pomskynederland.com\/de\/wp-json\/wp\/v2\/pages"}],"about":[{"href":"https:\/\/pomskynederland.com\/de\/wp-json\/wp\/v2\/types\/page"}],"author":[{"embeddable":true,"href":"https:\/\/pomskynederland.com\/de\/wp-json\/wp\/v2\/users\/1"}],"replies":[{"embeddable":true,"href":"https:\/\/pomskynederland.com\/de\/wp-json\/wp\/v2\/comments?post=1470"}],"version-history":[{"count":2,"href":"https:\/\/pomskynederland.com\/de\/wp-json\/wp\/v2\/pages\/1470\/revisions"}],"predecessor-version":[{"id":3180,"href":"https:\/\/pomskynederland.com\/de\/wp-json\/wp\/v2\/pages\/1470\/revisions\/3180"}],"up":[{"embeddable":true,"href":"https:\/\/pomskynederland.com\/de\/wp-json\/wp\/v2\/pages\/1379"}],"wp:featuredmedia":[{"embeddable":true,"href":"https:\/\/pomskynederland.com\/de\/wp-json\/wp\/v2\/media\/2078"}],"wp:attachment":[{"href":"https:\/\/pomskynederland.com\/de\/wp-json\/wp\/v2\/media?parent=1470"}],"curies":[{"name":"wp","href":"https:\/\/api.w.org\/{rel}","templated":true}]}}