{"id":1487,"date":"2021-02-27T16:00:22","date_gmt":"2021-02-27T16:00:22","guid":{"rendered":"http:\/\/pomskynederland.com\/nl\/?page_id=1487"},"modified":"2021-09-29T17:54:39","modified_gmt":"2021-09-29T17:54:39","slug":"pomsky-wanderung","status":"publish","type":"page","link":"https:\/\/pomskynederland.com\/de\/erfahrungen\/pomsky-wanderung\/","title":{"rendered":"Pomsky Wanderung"},"content":{"rendered":"\n<p>Aus unserem Kundenstamm ist unabsichtlich eine wahre Pomsky-Community geworden. Als die Pomsky-Rasse vor einigen Jahren im Kommen war, haben Pomsky-Liebhaber h\u00e4ufig den Kontakt zueinander gesucht. Da die Rasse immer beliebter wurde, wurde auch das Gemeinschaftsgef\u00fchl immer st\u00e4rker.<\/p>\n\n\n\n<p>Uns ist es wichtig, zum Pomsky-Gruppengef\u00fchl beizutragen. Au\u00dferdem finden wir es sehr sch\u00f6n, jedes Jahr m\u00f6glichst viele Hunde aus unserer Zucht wiederzusehen. Daher organisieren wir j\u00e4hrlich eine Pomsky-Wanderung bzw. ein Kundentreffen im Nationalpark Loonse en Drunense Duinen, einem wundervollen Hundeauslaufgebiet in der N\u00e4he unserer Zuchtst\u00e4tte.<\/p>\n\n\n\n<figure class=\"wp-block-embed is-type-video is-provider-youtube wp-block-embed-youtube wp-embed-aspect-16-9 wp-has-aspect-ratio\"><div class=\"wp-block-embed__wrapper\">\n<iframe loading=\"lazy\" title=\"Pomskynederland\" width=\"860\" height=\"484\" src=\"https:\/\/www.youtube.com\/embed\/8RPyPhkGlns?feature=oembed\" frameborder=\"0\" allow=\"accelerometer; autoplay; clipboard-write; encrypted-media; gyroscope; picture-in-picture\" allowfullscreen><\/iframe>\n<\/div><\/figure>\n\n\n\n<p class=\"has-text-align-left\">An diesem Tag sind wir mit mehr als hundert Pomskys von PomskyNederland nicht zu \u00fcbersehen. Traditionsgem\u00e4\u00df runden wir diesen Tag mit einem Grillfest und Catering auf unserem Gel\u00e4nde ab.<\/p>\n","protected":false},"excerpt":{"rendered":"<p>Aus unserem Kundenstamm ist unabsichtlich eine wahre Pomsky-Community geworden. Als die Pomsky-Rasse vor einigen Jahren im Kommen war, haben Pomsky-Liebhaber h\u00e4ufig den Kontakt zueinander gesucht. Da die Rasse immer beliebter wurde, wurde auch das Gemeinschaftsgef\u00fchl immer st\u00e4rker. Uns ist es wichtig, zum Pomsky-Gruppengef\u00fchl beizutragen. Au\u00dferdem finden wir es sehr sch\u00f6n, jedes Jahr m\u00f6glichst viele Hunde&hellip;<\/p>\n<a class=\"read-more-link\" href=\" https:\/\/pomskynederland.com\/de\/erfahrungen\/pomsky-wanderung\/ \">Read More<\/a>","protected":false},"author":1,"featured_media":2077,"parent":1377,"menu_order":0,"comment_status":"closed","ping_status":"closed","template":"","meta":{"footnotes":""},"class_list":["post-1487","page","type-page","status-publish","has-post-thumbnail","hentry"],"yoast_head":"<!-- This site is optimized with the Yoast SEO plugin v16.0.2 - https:\/\/yoast.com\/wordpress\/plugins\/seo\/ -->\n<title>Pomsky Wanderung - PomskyNederland<\/title>\n<meta name=\"description\" content=\"Jedes Jahr organisieren wir eine Pomsky-Wanderung im Nationalpark Loonse en Drunense Duinen, einem wundervollen Hundeauslaufgebiet in der N\u00e4he unserer Zuchtst\u00e4tte.\" \/>\n<link rel=\"canonical\" href=\"https:\/\/pomskynederland.com\/de\/erfahrungen\/pomsky-wanderung\/\" \/>\n<meta property=\"og:locale\" content=\"nl_NL\" \/>\n<meta property=\"og:type\" content=\"article\" \/>\n<meta property=\"og:title\" content=\"Pomsky Wanderung - PomskyNederland\" \/>\n<meta property=\"og:description\" content=\"Jedes Jahr organisieren wir eine Pomsky-Wanderung im Nationalpark Loonse en Drunense Duinen, einem wundervollen Hundeauslaufgebiet in der N\u00e4he unserer Zuchtst\u00e4tte.\" \/>\n<meta property=\"og:url\" content=\"https:\/\/pomskynederland.com\/de\/erfahrungen\/pomsky-wanderung\/\" \/>\n<meta property=\"og:site_name\" content=\"PomskyNederland\" \/>\n<meta property=\"article:modified_time\" content=\"2021-09-29T17:54:39+00:00\" \/>\n<meta property=\"og:image\" content=\"https:\/\/pomskynederland.com\/de\/wp-content\/uploads\/sites\/4\/2021\/03\/Pomsky-wandeling.png\" \/>\n\t<meta property=\"og:image:width\" content=\"500\" \/>\n\t<meta property=\"og:image:height\" content=\"300\" \/>\n<meta name=\"twitter:card\" content=\"summary_large_image\" \/>\n<meta name=\"twitter:label1\" content=\"Geschatte leestijd\">\n\t<meta name=\"twitter:data1\" content=\"1 minuut\">\n<script type=\"application\/ld+json\" class=\"yoast-schema-graph\">{\"@context\":\"https:\/\/schema.org\",\"@graph\":[{\"@type\":\"WebSite\",\"@id\":\"https:\/\/pomskynederland.com\/de\/#website\",\"url\":\"https:\/\/pomskynederland.com\/de\/\",\"name\":\"PomskyNederland\",\"description\":\"\",\"potentialAction\":[{\"@type\":\"SearchAction\",\"target\":\"https:\/\/pomskynederland.com\/de\/?s={search_term_string}\",\"query-input\":\"required name=search_term_string\"}],\"inLanguage\":\"nl-NL\"},{\"@type\":\"ImageObject\",\"@id\":\"https:\/\/pomskynederland.com\/de\/erfahrungen\/pomsky-wanderung\/#primaryimage\",\"inLanguage\":\"nl-NL\",\"url\":\"https:\/\/pomskynederland.com\/de\/wp-content\/uploads\/sites\/4\/2021\/03\/Pomsky-wandeling.png\",\"width\":500,\"height\":300},{\"@type\":\"WebPage\",\"@id\":\"https:\/\/pomskynederland.com\/de\/erfahrungen\/pomsky-wanderung\/#webpage\",\"url\":\"https:\/\/pomskynederland.com\/de\/erfahrungen\/pomsky-wanderung\/\",\"name\":\"Pomsky Wanderung - PomskyNederland\",\"isPartOf\":{\"@id\":\"https:\/\/pomskynederland.com\/de\/#website\"},\"primaryImageOfPage\":{\"@id\":\"https:\/\/pomskynederland.com\/de\/erfahrungen\/pomsky-wanderung\/#primaryimage\"},\"datePublished\":\"2021-02-27T16:00:22+00:00\",\"dateModified\":\"2021-09-29T17:54:39+00:00\",\"description\":\"Jedes Jahr organisieren wir eine Pomsky-Wanderung im Nationalpark Loonse en Drunense Duinen, einem wundervollen Hundeauslaufgebiet in der N\\u00e4he unserer Zuchtst\\u00e4tte.\",\"breadcrumb\":{\"@id\":\"https:\/\/pomskynederland.com\/de\/erfahrungen\/pomsky-wanderung\/#breadcrumb\"},\"inLanguage\":\"nl-NL\",\"potentialAction\":[{\"@type\":\"ReadAction\",\"target\":[\"https:\/\/pomskynederland.com\/de\/erfahrungen\/pomsky-wanderung\/\"]}]},{\"@type\":\"BreadcrumbList\",\"@id\":\"https:\/\/pomskynederland.com\/de\/erfahrungen\/pomsky-wanderung\/#breadcrumb\",\"itemListElement\":[{\"@type\":\"ListItem\",\"position\":1,\"item\":{\"@type\":\"WebPage\",\"@id\":\"https:\/\/pomskynederland.com\/de\/\",\"url\":\"https:\/\/pomskynederland.com\/de\/\",\"name\":\"Home\"}},{\"@type\":\"ListItem\",\"position\":2,\"item\":{\"@type\":\"WebPage\",\"@id\":\"https:\/\/pomskynederland.com\/de\/erfahrungen\/\",\"url\":\"https:\/\/pomskynederland.com\/de\/erfahrungen\/\",\"name\":\"Erfahrungen\"}},{\"@type\":\"ListItem\",\"position\":3,\"item\":{\"@type\":\"WebPage\",\"@id\":\"https:\/\/pomskynederland.com\/de\/erfahrungen\/pomsky-wanderung\/\",\"url\":\"https:\/\/pomskynederland.com\/de\/erfahrungen\/pomsky-wanderung\/\",\"name\":\"Pomsky Wanderung\"}}]}]}<\/script>\n<!-- \/ Yoast SEO plugin. -->","_links":{"self":[{"href":"https:\/\/pomskynederland.com\/de\/wp-json\/wp\/v2\/pages\/1487","targetHints":{"allow":["GET"]}}],"collection":[{"href":"https:\/\/pomskynederland.com\/de\/wp-json\/wp\/v2\/pages"}],"about":[{"href":"https:\/\/pomskynederland.com\/de\/wp-json\/wp\/v2\/types\/page"}],"author":[{"embeddable":true,"href":"https:\/\/pomskynederland.com\/de\/wp-json\/wp\/v2\/users\/1"}],"replies":[{"embeddable":true,"href":"https:\/\/pomskynederland.com\/de\/wp-json\/wp\/v2\/comments?post=1487"}],"version-history":[{"count":2,"href":"https:\/\/pomskynederland.com\/de\/wp-json\/wp\/v2\/pages\/1487\/revisions"}],"predecessor-version":[{"id":3247,"href":"https:\/\/pomskynederland.com\/de\/wp-json\/wp\/v2\/pages\/1487\/revisions\/3247"}],"up":[{"embeddable":true,"href":"https:\/\/pomskynederland.com\/de\/wp-json\/wp\/v2\/pages\/1377"}],"wp:featuredmedia":[{"embeddable":true,"href":"https:\/\/pomskynederland.com\/de\/wp-json\/wp\/v2\/media\/2077"}],"wp:attachment":[{"href":"https:\/\/pomskynederland.com\/de\/wp-json\/wp\/v2\/media?parent=1487"}],"curies":[{"name":"wp","href":"https:\/\/api.w.org\/{rel}","templated":true}]}}