{"id":1489,"date":"2021-02-27T16:00:35","date_gmt":"2021-02-27T16:00:35","guid":{"rendered":"http:\/\/pomskynederland.com\/nl\/?page_id=1489"},"modified":"2023-01-11T20:05:33","modified_gmt":"2023-01-11T20:05:33","slug":"unsere-kunden","status":"publish","type":"page","link":"https:\/\/pomskynederland.com\/de\/erfahrungen\/unsere-kunden\/","title":{"rendered":"Unsere kunden"},"content":{"rendered":"\n<p>Wir sind sehr stolz auf unsere Kunden und bleiben gerne in Kontakt. Die Zufriedenheit unserer Kunden ist f\u00fcr uns schlie\u00dflich die beste Werbung. Der Gro\u00dfteil unserer neuen Kunden kommt daher auch durch Mundpropaganda zu uns.<\/p>\n\n\n\n<p>Hier sehen Sie einige sch\u00f6ne Fotos von zufriedenen Kunden mit ihrem Pomsky von PomskyNederland. Wollen Sie mit einem unserer Kunden in Kontakt kommen, um zu h\u00f6ren, welche Erfahrungen sie mit uns als Z\u00fcchter gemacht haben? Nehmen Sie einfach \u00fcber Instagram Kontakt mit ihnen auf.<\/p>\n\n\n\n<div class=\"wp-block-columns is-layout-flex wp-container-core-columns-is-layout-1 wp-block-columns-is-layout-flex\">\n<div class=\"wp-block-column is-layout-flow wp-block-column-is-layout-flow\">\n<figure class=\"wp-block-image size-large is-style-default\"><img loading=\"lazy\" decoding=\"async\" width=\"500\" height=\"500\" src=\"https:\/\/pomskynederland.com\/nl\/wp-content\/uploads\/sites\/2\/2021\/04\/pomsky-denmark.jpeg\" alt=\"\" class=\"wp-image-2693\" srcset=\"https:\/\/pomskynederland.com\/de\/wp-content\/uploads\/sites\/4\/2021\/04\/pomsky-denmark.jpeg 500w, https:\/\/pomskynederland.com\/de\/wp-content\/uploads\/sites\/4\/2021\/04\/pomsky-denmark-300x300.jpeg 300w, https:\/\/pomskynederland.com\/de\/wp-content\/uploads\/sites\/4\/2021\/04\/pomsky-denmark-150x150.jpeg 150w\" sizes=\"auto, (max-width: 500px) 100vw, 500px\" \/><\/figure>\n<\/div>\n\n\n\n<div class=\"wp-block-column is-layout-flow wp-block-column-is-layout-flow\">\n<figure class=\"wp-block-image size-large is-style-default\"><img loading=\"lazy\" decoding=\"async\" width=\"500\" height=\"500\" src=\"https:\/\/pomskynederland.com\/nl\/wp-content\/uploads\/sites\/2\/2021\/04\/pomsky-daley-blind.png\" alt=\"\" class=\"wp-image-2694\" srcset=\"https:\/\/pomskynederland.com\/de\/wp-content\/uploads\/sites\/4\/2021\/04\/pomsky-daley-blind.png 500w, https:\/\/pomskynederland.com\/de\/wp-content\/uploads\/sites\/4\/2021\/04\/pomsky-daley-blind-300x300.png 300w, https:\/\/pomskynederland.com\/de\/wp-content\/uploads\/sites\/4\/2021\/04\/pomsky-daley-blind-150x150.png 150w\" sizes=\"auto, (max-width: 500px) 100vw, 500px\" \/><\/figure>\n<\/div>\n\n\n\n<div class=\"wp-block-column is-layout-flow wp-block-column-is-layout-flow\">\n<figure class=\"wp-block-image size-large is-style-default\"><img loading=\"lazy\" decoding=\"async\" width=\"500\" height=\"500\" src=\"https:\/\/pomskynederland.com\/nl\/wp-content\/uploads\/sites\/2\/2021\/04\/pomsky-schlikker.png\" alt=\"\" class=\"wp-image-2695\" srcset=\"https:\/\/pomskynederland.com\/de\/wp-content\/uploads\/sites\/4\/2021\/04\/pomsky-schlikker.png 500w, https:\/\/pomskynederland.com\/de\/wp-content\/uploads\/sites\/4\/2021\/04\/pomsky-schlikker-300x300.png 300w, https:\/\/pomskynederland.com\/de\/wp-content\/uploads\/sites\/4\/2021\/04\/pomsky-schlikker-150x150.png 150w\" sizes=\"auto, (max-width: 500px) 100vw, 500px\" \/><\/figure>\n<\/div>\n<\/div>\n\n\n\n<div class=\"wp-block-columns is-layout-flex wp-container-core-columns-is-layout-2 wp-block-columns-is-layout-flex\">\n<div class=\"wp-block-column is-layout-flow wp-block-column-is-layout-flow\">\n<figure class=\"wp-block-image size-large is-style-default\"><img loading=\"lazy\" decoding=\"async\" width=\"500\" height=\"500\" src=\"https:\/\/pomskynederland.com\/nl\/wp-content\/uploads\/sites\/2\/2021\/04\/pomsky-cijntje.png\" alt=\"\" class=\"wp-image-2697\" srcset=\"https:\/\/pomskynederland.com\/de\/wp-content\/uploads\/sites\/4\/2021\/04\/pomsky-cijntje.png 500w, https:\/\/pomskynederland.com\/de\/wp-content\/uploads\/sites\/4\/2021\/04\/pomsky-cijntje-300x300.png 300w, https:\/\/pomskynederland.com\/de\/wp-content\/uploads\/sites\/4\/2021\/04\/pomsky-cijntje-150x150.png 150w\" sizes=\"auto, (max-width: 500px) 100vw, 500px\" \/><\/figure>\n<\/div>\n\n\n\n<div class=\"wp-block-column is-layout-flow wp-block-column-is-layout-flow\">\n<figure class=\"wp-block-image size-large is-style-default\"><img loading=\"lazy\" decoding=\"async\" width=\"500\" height=\"503\" src=\"https:\/\/pomskynederland.com\/nl\/wp-content\/uploads\/sites\/2\/2021\/04\/pomsky-familie-6.png\" alt=\"\" class=\"wp-image-2699\" srcset=\"https:\/\/pomskynederland.com\/de\/wp-content\/uploads\/sites\/4\/2021\/04\/pomsky-familie-6.png 500w, https:\/\/pomskynederland.com\/de\/wp-content\/uploads\/sites\/4\/2021\/04\/pomsky-familie-6-298x300.png 298w, https:\/\/pomskynederland.com\/de\/wp-content\/uploads\/sites\/4\/2021\/04\/pomsky-familie-6-150x150.png 150w\" sizes=\"auto, (max-width: 500px) 100vw, 500px\" \/><\/figure>\n<\/div>\n\n\n\n<div class=\"wp-block-column is-layout-flow wp-block-column-is-layout-flow\">\n<figure class=\"wp-block-image size-large is-style-default\"><img loading=\"lazy\" decoding=\"async\" width=\"500\" height=\"499\" src=\"https:\/\/pomskynederland.com\/nl\/wp-content\/uploads\/sites\/2\/2021\/04\/pomsky-familie-5.png\" alt=\"\" class=\"wp-image-2698\" srcset=\"https:\/\/pomskynederland.com\/de\/wp-content\/uploads\/sites\/4\/2021\/04\/pomsky-familie-5.png 500w, https:\/\/pomskynederland.com\/de\/wp-content\/uploads\/sites\/4\/2021\/04\/pomsky-familie-5-300x300.png 300w, https:\/\/pomskynederland.com\/de\/wp-content\/uploads\/sites\/4\/2021\/04\/pomsky-familie-5-150x150.png 150w\" sizes=\"auto, (max-width: 500px) 100vw, 500px\" \/><\/figure>\n<\/div>\n<\/div>\n\n\n\n<div class=\"wp-block-columns is-layout-flex wp-container-core-columns-is-layout-3 wp-block-columns-is-layout-flex\">\n<div class=\"wp-block-column is-layout-flow wp-block-column-is-layout-flow\">\n<figure class=\"wp-block-image size-large is-style-default\"><img loading=\"lazy\" decoding=\"async\" width=\"500\" height=\"500\" src=\"https:\/\/pomskynederland.com\/nl\/wp-content\/uploads\/sites\/2\/2021\/04\/pomsky-familie-3.png\" alt=\"\" class=\"wp-image-2700\" srcset=\"https:\/\/pomskynederland.com\/de\/wp-content\/uploads\/sites\/4\/2021\/04\/pomsky-familie-3.png 500w, https:\/\/pomskynederland.com\/de\/wp-content\/uploads\/sites\/4\/2021\/04\/pomsky-familie-3-300x300.png 300w, https:\/\/pomskynederland.com\/de\/wp-content\/uploads\/sites\/4\/2021\/04\/pomsky-familie-3-150x150.png 150w\" sizes=\"auto, (max-width: 500px) 100vw, 500px\" \/><\/figure>\n<\/div>\n\n\n\n<div class=\"wp-block-column is-layout-flow wp-block-column-is-layout-flow\">\n<figure class=\"wp-block-image size-large is-style-default\"><img loading=\"lazy\" decoding=\"async\" width=\"500\" height=\"500\" src=\"https:\/\/pomskynederland.com\/nl\/wp-content\/uploads\/sites\/2\/2021\/04\/pomsky-dos-santos.png\" alt=\"\" class=\"wp-image-2701\" srcset=\"https:\/\/pomskynederland.com\/de\/wp-content\/uploads\/sites\/4\/2021\/04\/pomsky-dos-santos.png 500w, https:\/\/pomskynederland.com\/de\/wp-content\/uploads\/sites\/4\/2021\/04\/pomsky-dos-santos-300x300.png 300w, https:\/\/pomskynederland.com\/de\/wp-content\/uploads\/sites\/4\/2021\/04\/pomsky-dos-santos-150x150.png 150w\" sizes=\"auto, (max-width: 500px) 100vw, 500px\" \/><\/figure>\n<\/div>\n\n\n\n<div class=\"wp-block-column is-layout-flow wp-block-column-is-layout-flow\">\n<figure class=\"wp-block-image size-large is-style-default\"><img loading=\"lazy\" decoding=\"async\" width=\"500\" height=\"500\" src=\"https:\/\/pomskynederland.com\/nl\/wp-content\/uploads\/sites\/2\/2021\/04\/pomsky-familie-1.png\" alt=\"\" class=\"wp-image-2703\" srcset=\"https:\/\/pomskynederland.com\/de\/wp-content\/uploads\/sites\/4\/2021\/04\/pomsky-familie-1.png 500w, https:\/\/pomskynederland.com\/de\/wp-content\/uploads\/sites\/4\/2021\/04\/pomsky-familie-1-300x300.png 300w, https:\/\/pomskynederland.com\/de\/wp-content\/uploads\/sites\/4\/2021\/04\/pomsky-familie-1-150x150.png 150w\" sizes=\"auto, (max-width: 500px) 100vw, 500px\" \/><\/figure>\n<\/div>\n<\/div>\n\n\n\n<div class=\"wp-block-columns is-layout-flex wp-container-core-columns-is-layout-4 wp-block-columns-is-layout-flex\">\n<div class=\"wp-block-column is-layout-flow wp-block-column-is-layout-flow\">\n<figure class=\"wp-block-image size-large is-style-default\"><img loading=\"lazy\" decoding=\"async\" width=\"500\" height=\"500\" src=\"https:\/\/pomskynederland.com\/nl\/wp-content\/uploads\/sites\/2\/2021\/04\/pomsky-familie-4.png\" alt=\"\" class=\"wp-image-2705\" srcset=\"https:\/\/pomskynederland.com\/de\/wp-content\/uploads\/sites\/4\/2021\/04\/pomsky-familie-4.png 500w, https:\/\/pomskynederland.com\/de\/wp-content\/uploads\/sites\/4\/2021\/04\/pomsky-familie-4-300x300.png 300w, https:\/\/pomskynederland.com\/de\/wp-content\/uploads\/sites\/4\/2021\/04\/pomsky-familie-4-150x150.png 150w\" sizes=\"auto, (max-width: 500px) 100vw, 500px\" \/><\/figure>\n<\/div>\n\n\n\n<div class=\"wp-block-column is-layout-flow wp-block-column-is-layout-flow\">\n<figure class=\"wp-block-image size-large is-style-default\"><img loading=\"lazy\" decoding=\"async\" width=\"500\" height=\"500\" src=\"https:\/\/pomskynederland.com\/nl\/wp-content\/uploads\/sites\/2\/2021\/04\/pomsky-familie-2.png\" alt=\"\" class=\"wp-image-2704\" srcset=\"https:\/\/pomskynederland.com\/de\/wp-content\/uploads\/sites\/4\/2021\/04\/pomsky-familie-2.png 500w, https:\/\/pomskynederland.com\/de\/wp-content\/uploads\/sites\/4\/2021\/04\/pomsky-familie-2-300x300.png 300w, https:\/\/pomskynederland.com\/de\/wp-content\/uploads\/sites\/4\/2021\/04\/pomsky-familie-2-150x150.png 150w\" sizes=\"auto, (max-width: 500px) 100vw, 500px\" \/><\/figure>\n<\/div>\n\n\n\n<div class=\"wp-block-column is-layout-flow wp-block-column-is-layout-flow\">\n<figure class=\"wp-block-image size-large is-style-default\"><img loading=\"lazy\" decoding=\"async\" width=\"500\" height=\"500\" src=\"https:\/\/pomskynederland.com\/nl\/wp-content\/uploads\/sites\/2\/2021\/04\/pomsky-schoofs.jpeg\" alt=\"\" class=\"wp-image-2706\" srcset=\"https:\/\/pomskynederland.com\/de\/wp-content\/uploads\/sites\/4\/2021\/04\/pomsky-schoofs.jpeg 500w, https:\/\/pomskynederland.com\/de\/wp-content\/uploads\/sites\/4\/2021\/04\/pomsky-schoofs-300x300.jpeg 300w, https:\/\/pomskynederland.com\/de\/wp-content\/uploads\/sites\/4\/2021\/04\/pomsky-schoofs-150x150.jpeg 150w\" sizes=\"auto, (max-width: 500px) 100vw, 500px\" \/><\/figure>\n<\/div>\n<\/div>\n\n\n\n<h2 class=\"wp-block-heading\">Bekannte Pomskys<\/h2>\n\n\n\n<p>Zu unserem Kundenstamm geh\u00f6ren auch einige bekannte Sportler und prominente Niederl\u00e4nder. So stammt der Hund von Nicky Romero (Ravi), Daley Blind (Bob-Lee), Joann van de Herik (Snow), Antony Matheus dos Santos (Jacob), Jeremy Cijntje (Simba) und Roos Schlikker (Frenkie) aus unserer Zucht.<\/p>\n\n\n\n<div class=\"wp-block-columns is-layout-flex wp-container-core-columns-is-layout-5 wp-block-columns-is-layout-flex\">\n<div class=\"wp-block-column is-layout-flow wp-block-column-is-layout-flow\" style=\"flex-basis:2%\"><\/div>\n\n\n\n<div class=\"wp-block-column is-layout-flow wp-block-column-is-layout-flow\" style=\"flex-basis:96%\">\n<figure class=\"wp-block-image size-large is-style-default\"><img loading=\"lazy\" decoding=\"async\" width=\"1000\" height=\"516\" src=\"https:\/\/pomskynederland.com\/nl\/wp-content\/uploads\/sites\/2\/2021\/04\/pomsky-nederland-kennel.jpeg\" alt=\"\" class=\"wp-image-2974\" srcset=\"https:\/\/pomskynederland.com\/de\/wp-content\/uploads\/sites\/4\/2021\/04\/pomsky-nederland-kennel.jpeg 1000w, https:\/\/pomskynederland.com\/de\/wp-content\/uploads\/sites\/4\/2021\/04\/pomsky-nederland-kennel-300x155.jpeg 300w, https:\/\/pomskynederland.com\/de\/wp-content\/uploads\/sites\/4\/2021\/04\/pomsky-nederland-kennel-768x396.jpeg 768w\" sizes=\"auto, (max-width: 1000px) 100vw, 1000px\" \/><\/figure>\n<\/div>\n\n\n\n<div class=\"wp-block-column is-layout-flow wp-block-column-is-layout-flow\" style=\"flex-basis:2%\"><\/div>\n<\/div>\n\n\n\n<p>Auch diverse Fu\u00dfballer wie Ferdy Druijf, Jan-Niklas Beste, D\u017eenis Burni\u0107, Mo Dahoud, Frank van der Struijk, Sean Klaiber und Rob Schoofs haben den Weg zu PomskyNederland gefunden und in den vergangenen Jahren ihren Pomsky bei uns gekauft.<\/p>\n","protected":false},"excerpt":{"rendered":"<p>Wir sind sehr stolz auf unsere Kunden und bleiben gerne in Kontakt. Die Zufriedenheit unserer Kunden ist f\u00fcr uns schlie\u00dflich die beste Werbung. Der Gro\u00dfteil unserer neuen Kunden kommt daher auch durch Mundpropaganda zu uns. Hier sehen Sie einige sch\u00f6ne Fotos von zufriedenen Kunden mit ihrem Pomsky von PomskyNederland. Wollen Sie mit einem unserer Kunden&hellip;<\/p>\n<a class=\"read-more-link\" href=\" https:\/\/pomskynederland.com\/de\/erfahrungen\/unsere-kunden\/ \">Read More<\/a>","protected":false},"author":1,"featured_media":2075,"parent":1377,"menu_order":0,"comment_status":"closed","ping_status":"closed","template":"","meta":{"footnotes":""},"class_list":["post-1489","page","type-page","status-publish","has-post-thumbnail","hentry"],"yoast_head":"<!-- This site is optimized with the Yoast SEO plugin v16.0.2 - https:\/\/yoast.com\/wordpress\/plugins\/seo\/ -->\n<title>Unsere kunden - PomskyNederland<\/title>\n<meta name=\"description\" content=\"Wir sind sehr stolz auf unsere Kunden und ihren Pomsky und bleiben gerne in Kontakt, schlie\u00dflich ist die Zufriedenheit unserer Kunden die beste Werbung.\" \/>\n<link rel=\"canonical\" href=\"https:\/\/pomskynederland.com\/de\/erfahrungen\/unsere-kunden\/\" \/>\n<meta property=\"og:locale\" content=\"nl_NL\" \/>\n<meta property=\"og:type\" content=\"article\" \/>\n<meta property=\"og:title\" content=\"Unsere kunden - PomskyNederland\" \/>\n<meta property=\"og:description\" content=\"Wir sind sehr stolz auf unsere Kunden und ihren Pomsky und bleiben gerne in Kontakt, schlie\u00dflich ist die Zufriedenheit unserer Kunden die beste Werbung.\" \/>\n<meta property=\"og:url\" content=\"https:\/\/pomskynederland.com\/de\/erfahrungen\/unsere-kunden\/\" \/>\n<meta property=\"og:site_name\" content=\"PomskyNederland\" \/>\n<meta property=\"article:modified_time\" content=\"2023-01-11T20:05:33+00:00\" \/>\n<meta property=\"og:image\" content=\"https:\/\/pomskynederland.com\/de\/wp-content\/uploads\/sites\/4\/2021\/03\/Onze-klanten.png\" \/>\n\t<meta property=\"og:image:width\" content=\"500\" \/>\n\t<meta property=\"og:image:height\" content=\"300\" \/>\n<meta name=\"twitter:card\" content=\"summary_large_image\" \/>\n<meta name=\"twitter:label1\" content=\"Geschatte leestijd\">\n\t<meta name=\"twitter:data1\" content=\"4 minuten\">\n<script type=\"application\/ld+json\" class=\"yoast-schema-graph\">{\"@context\":\"https:\/\/schema.org\",\"@graph\":[{\"@type\":\"WebSite\",\"@id\":\"https:\/\/pomskynederland.com\/de\/#website\",\"url\":\"https:\/\/pomskynederland.com\/de\/\",\"name\":\"PomskyNederland\",\"description\":\"\",\"potentialAction\":[{\"@type\":\"SearchAction\",\"target\":\"https:\/\/pomskynederland.com\/de\/?s={search_term_string}\",\"query-input\":\"required name=search_term_string\"}],\"inLanguage\":\"nl-NL\"},{\"@type\":\"ImageObject\",\"@id\":\"https:\/\/pomskynederland.com\/de\/erfahrungen\/unsere-kunden\/#primaryimage\",\"inLanguage\":\"nl-NL\",\"url\":\"https:\/\/pomskynederland.com\/de\/wp-content\/uploads\/sites\/4\/2021\/03\/Onze-klanten.png\",\"width\":500,\"height\":300},{\"@type\":\"WebPage\",\"@id\":\"https:\/\/pomskynederland.com\/de\/erfahrungen\/unsere-kunden\/#webpage\",\"url\":\"https:\/\/pomskynederland.com\/de\/erfahrungen\/unsere-kunden\/\",\"name\":\"Unsere kunden - PomskyNederland\",\"isPartOf\":{\"@id\":\"https:\/\/pomskynederland.com\/de\/#website\"},\"primaryImageOfPage\":{\"@id\":\"https:\/\/pomskynederland.com\/de\/erfahrungen\/unsere-kunden\/#primaryimage\"},\"datePublished\":\"2021-02-27T16:00:35+00:00\",\"dateModified\":\"2023-01-11T20:05:33+00:00\",\"description\":\"Wir sind sehr stolz auf unsere Kunden und ihren Pomsky und bleiben gerne in Kontakt, schlie\\u00dflich ist die Zufriedenheit unserer Kunden die beste Werbung.\",\"breadcrumb\":{\"@id\":\"https:\/\/pomskynederland.com\/de\/erfahrungen\/unsere-kunden\/#breadcrumb\"},\"inLanguage\":\"nl-NL\",\"potentialAction\":[{\"@type\":\"ReadAction\",\"target\":[\"https:\/\/pomskynederland.com\/de\/erfahrungen\/unsere-kunden\/\"]}]},{\"@type\":\"BreadcrumbList\",\"@id\":\"https:\/\/pomskynederland.com\/de\/erfahrungen\/unsere-kunden\/#breadcrumb\",\"itemListElement\":[{\"@type\":\"ListItem\",\"position\":1,\"item\":{\"@type\":\"WebPage\",\"@id\":\"https:\/\/pomskynederland.com\/de\/\",\"url\":\"https:\/\/pomskynederland.com\/de\/\",\"name\":\"Home\"}},{\"@type\":\"ListItem\",\"position\":2,\"item\":{\"@type\":\"WebPage\",\"@id\":\"https:\/\/pomskynederland.com\/de\/erfahrungen\/\",\"url\":\"https:\/\/pomskynederland.com\/de\/erfahrungen\/\",\"name\":\"Erfahrungen\"}},{\"@type\":\"ListItem\",\"position\":3,\"item\":{\"@type\":\"WebPage\",\"@id\":\"https:\/\/pomskynederland.com\/de\/erfahrungen\/unsere-kunden\/\",\"url\":\"https:\/\/pomskynederland.com\/de\/erfahrungen\/unsere-kunden\/\",\"name\":\"Unsere kunden\"}}]}]}<\/script>\n<!-- \/ Yoast SEO plugin. -->","_links":{"self":[{"href":"https:\/\/pomskynederland.com\/de\/wp-json\/wp\/v2\/pages\/1489","targetHints":{"allow":["GET"]}}],"collection":[{"href":"https:\/\/pomskynederland.com\/de\/wp-json\/wp\/v2\/pages"}],"about":[{"href":"https:\/\/pomskynederland.com\/de\/wp-json\/wp\/v2\/types\/page"}],"author":[{"embeddable":true,"href":"https:\/\/pomskynederland.com\/de\/wp-json\/wp\/v2\/users\/1"}],"replies":[{"embeddable":true,"href":"https:\/\/pomskynederland.com\/de\/wp-json\/wp\/v2\/comments?post=1489"}],"version-history":[{"count":2,"href":"https:\/\/pomskynederland.com\/de\/wp-json\/wp\/v2\/pages\/1489\/revisions"}],"predecessor-version":[{"id":3253,"href":"https:\/\/pomskynederland.com\/de\/wp-json\/wp\/v2\/pages\/1489\/revisions\/3253"}],"up":[{"embeddable":true,"href":"https:\/\/pomskynederland.com\/de\/wp-json\/wp\/v2\/pages\/1377"}],"wp:featuredmedia":[{"embeddable":true,"href":"https:\/\/pomskynederland.com\/de\/wp-json\/wp\/v2\/media\/2075"}],"wp:attachment":[{"href":"https:\/\/pomskynederland.com\/de\/wp-json\/wp\/v2\/media?parent=1489"}],"curies":[{"name":"wp","href":"https:\/\/api.w.org\/{rel}","templated":true}]}}