{"id":3260,"date":"2023-09-09T18:32:59","date_gmt":"2023-09-09T18:32:59","guid":{"rendered":"http:\/\/pomskynederland.com\/de\/?page_id=3260"},"modified":"2026-04-05T15:30:38","modified_gmt":"2026-04-05T15:30:38","slug":"pomsky-welpen-verfugbar","status":"publish","type":"page","link":"https:\/\/pomskynederland.com\/de\/pomsky-welpen-verfugbar\/","title":{"rendered":"Pomsky-Welpen verf\u00fcgbar"},"content":{"rendered":"\n<p class=\"has-text-align-center\">Wir haben gelegentlich kurzfristig verf\u00fcgbare Pomsky-Welpen. In diesem Fall werden die verf\u00fcgbaren Welpen auf dieser Seite angezeigt. Bist du interessiert? Bitte <a href=\"https:\/\/pomskynederland.com\/de\/kontakt\/\">kontaktieren<\/a> Sie uns per <a href=\"mailto:info@pomskynederland.com\">E-Mail<\/a> oder <a href=\"https:\/\/pomskynederland.com\/de\/kontakt\/\">Telefon<\/a>.<\/p>\n\n\n\n<div class=\"wp-block-columns is-layout-flex wp-container-core-columns-is-layout-1 wp-block-columns-is-layout-flex\">\n<div class=\"wp-block-column is-layout-flow wp-block-column-is-layout-flow\">\n<figure class=\"wp-block-image size-full\"><img loading=\"lazy\" decoding=\"async\" width=\"512\" height=\"512\" src=\"http:\/\/pomskynederland.com\/de\/wp-content\/uploads\/sites\/4\/2021\/04\/cropped-favicon-PomskyNL-2.png\" alt=\"\" class=\"wp-image-3135\" srcset=\"https:\/\/pomskynederland.com\/de\/wp-content\/uploads\/sites\/4\/2021\/04\/cropped-favicon-PomskyNL-2.png 512w, https:\/\/pomskynederland.com\/de\/wp-content\/uploads\/sites\/4\/2021\/04\/cropped-favicon-PomskyNL-2-300x300.png 300w, https:\/\/pomskynederland.com\/de\/wp-content\/uploads\/sites\/4\/2021\/04\/cropped-favicon-PomskyNL-2-150x150.png 150w, https:\/\/pomskynederland.com\/de\/wp-content\/uploads\/sites\/4\/2021\/04\/cropped-favicon-PomskyNL-2-110x110.png 110w, https:\/\/pomskynederland.com\/de\/wp-content\/uploads\/sites\/4\/2021\/04\/cropped-favicon-PomskyNL-2-220x220.png 220w, https:\/\/pomskynederland.com\/de\/wp-content\/uploads\/sites\/4\/2021\/04\/cropped-favicon-PomskyNL-2-270x270.png 270w, https:\/\/pomskynederland.com\/de\/wp-content\/uploads\/sites\/4\/2021\/04\/cropped-favicon-PomskyNL-2-192x192.png 192w, https:\/\/pomskynederland.com\/de\/wp-content\/uploads\/sites\/4\/2021\/04\/cropped-favicon-PomskyNL-2-180x180.png 180w, https:\/\/pomskynederland.com\/de\/wp-content\/uploads\/sites\/4\/2021\/04\/cropped-favicon-PomskyNL-2-32x32.png 32w\" sizes=\"auto, (max-width: 512px) 100vw, 512px\" \/><\/figure>\n<\/div>\n\n\n\n<div class=\"wp-block-column is-layout-flow wp-block-column-is-layout-flow\">\n<h2 class=\"wp-block-heading\" style=\"font-size:25px\"><strong>Pomsky welp<\/strong>e<\/h2>\n\n\n\n<p><strong><strong>Verf\u00fcgbar<\/strong>:<\/strong> Erkundigen Sie sich nach der Warteliste<br><strong><strong>Geburtsdatum<\/strong>:<\/strong> <br><strong><strong>Geschlecht<\/strong>:<\/strong> <br><strong><strong>Fellfarbe<\/strong>:<\/strong> <br><strong><strong>Augenfarbe<\/strong>:<\/strong> <br><strong><strong>Erwartetes gewicht<\/strong>:<\/strong> <br><strong>Preis: <\/strong><br><strong>Verf\u00fcgbar ab:<\/strong> <\/p>\n<\/div>\n<\/div>\n\n\n\n<div class=\"wp-block-columns is-layout-flex wp-container-core-columns-is-layout-2 wp-block-columns-is-layout-flex\"><\/div>\n\n\n\n<h2 class=\"wp-block-heading has-text-align-center\">Sie kennen Pomsky Niederlande noch nicht?<\/h2>\n\n\n\n<p class=\"has-text-align-center\">Wussten Sie, dass wir einer der ersten offiziellen Pomsky-Zwinger in den Niederlanden sind und dass es uns seit 2011 gibt? Oder kennen Sie uns noch nicht und m\u00f6chten wissen, wer wir sind? Dann lesen Sie mehr \u00fcber unsere Leidenschaft f\u00fcr Pomsky\u2019s und unseren wundersch\u00f6nen Zwinger in Waalwijk (Nordbrabant, Niederlande).<br><a href=\"https:\/\/pomskynederland.com\/de\/uber-ons\/\">Mehr lesen..<\/a><\/p>\n\n\n\n<p><\/p>\n","protected":false},"excerpt":{"rendered":"<p>Wir haben gelegentlich kurzfristig verf\u00fcgbare Pomsky-Welpen. In diesem Fall werden die verf\u00fcgbaren Welpen auf dieser Seite angezeigt. Bist du interessiert? Bitte kontaktieren Sie uns per E-Mail oder Telefon. Pomsky welpe Verf\u00fcgbar: Erkundigen Sie sich nach der WartelisteGeburtsdatum: Geschlecht: Fellfarbe: Augenfarbe: Erwartetes gewicht: Preis: Verf\u00fcgbar ab: Sie kennen Pomsky Niederlande noch nicht? Wussten Sie, dass wir&hellip;<\/p>\n<a class=\"read-more-link\" href=\" https:\/\/pomskynederland.com\/de\/pomsky-welpen-verfugbar\/ \">Read More<\/a>","protected":false},"author":1,"featured_media":0,"parent":0,"menu_order":0,"comment_status":"closed","ping_status":"closed","template":"","meta":{"footnotes":""},"class_list":["post-3260","page","type-page","status-publish","hentry","no-featured-image"],"yoast_head":"<!-- This site is optimized with the Yoast SEO plugin v16.0.2 - https:\/\/yoast.com\/wordpress\/plugins\/seo\/ -->\n<title>Pomsky-Welpen verf\u00fcgbar - PomskyNederland<\/title>\n<meta name=\"description\" content=\"Wir haben einige Pomsky-Welpen, f\u00fcr die wir noch ein Zuhause suchen. Diese Welpen k\u00f6nnen kurzfristig das Nest verlassen.\" \/>\n<link rel=\"canonical\" href=\"https:\/\/pomskynederland.com\/de\/pomsky-welpen-verfugbar\/\" \/>\n<meta property=\"og:locale\" content=\"nl_NL\" \/>\n<meta property=\"og:type\" content=\"article\" \/>\n<meta property=\"og:title\" content=\"Pomsky-Welpen verf\u00fcgbar - PomskyNederland\" \/>\n<meta property=\"og:description\" content=\"Wir haben einige Pomsky-Welpen, f\u00fcr die wir noch ein Zuhause suchen. Diese Welpen k\u00f6nnen kurzfristig das Nest verlassen.\" \/>\n<meta property=\"og:url\" content=\"https:\/\/pomskynederland.com\/de\/pomsky-welpen-verfugbar\/\" \/>\n<meta property=\"og:site_name\" content=\"PomskyNederland\" \/>\n<meta property=\"article:modified_time\" content=\"2026-04-05T15:30:38+00:00\" \/>\n<meta property=\"og:image\" content=\"http:\/\/pomskynederland.com\/de\/wp-content\/uploads\/sites\/4\/2021\/04\/cropped-favicon-PomskyNL-2.png\" \/>\n<meta name=\"twitter:card\" content=\"summary_large_image\" \/>\n<meta name=\"twitter:label1\" content=\"Geschatte leestijd\">\n\t<meta name=\"twitter:data1\" content=\"2 minuten\">\n<script type=\"application\/ld+json\" class=\"yoast-schema-graph\">{\"@context\":\"https:\/\/schema.org\",\"@graph\":[{\"@type\":\"WebSite\",\"@id\":\"https:\/\/pomskynederland.com\/de\/#website\",\"url\":\"https:\/\/pomskynederland.com\/de\/\",\"name\":\"PomskyNederland\",\"description\":\"\",\"potentialAction\":[{\"@type\":\"SearchAction\",\"target\":\"https:\/\/pomskynederland.com\/de\/?s={search_term_string}\",\"query-input\":\"required name=search_term_string\"}],\"inLanguage\":\"nl-NL\"},{\"@type\":\"ImageObject\",\"@id\":\"https:\/\/pomskynederland.com\/de\/pomsky-welpen-verfugbar\/#primaryimage\",\"inLanguage\":\"nl-NL\",\"url\":\"http:\/\/pomskynederland.com\/de\/wp-content\/uploads\/sites\/4\/2021\/04\/cropped-favicon-PomskyNL-2.png\"},{\"@type\":\"WebPage\",\"@id\":\"https:\/\/pomskynederland.com\/de\/pomsky-welpen-verfugbar\/#webpage\",\"url\":\"https:\/\/pomskynederland.com\/de\/pomsky-welpen-verfugbar\/\",\"name\":\"Pomsky-Welpen verf\\u00fcgbar - PomskyNederland\",\"isPartOf\":{\"@id\":\"https:\/\/pomskynederland.com\/de\/#website\"},\"primaryImageOfPage\":{\"@id\":\"https:\/\/pomskynederland.com\/de\/pomsky-welpen-verfugbar\/#primaryimage\"},\"datePublished\":\"2023-09-09T18:32:59+00:00\",\"dateModified\":\"2026-04-05T15:30:38+00:00\",\"description\":\"Wir haben einige Pomsky-Welpen, f\\u00fcr die wir noch ein Zuhause suchen. Diese Welpen k\\u00f6nnen kurzfristig das Nest verlassen.\",\"breadcrumb\":{\"@id\":\"https:\/\/pomskynederland.com\/de\/pomsky-welpen-verfugbar\/#breadcrumb\"},\"inLanguage\":\"nl-NL\",\"potentialAction\":[{\"@type\":\"ReadAction\",\"target\":[\"https:\/\/pomskynederland.com\/de\/pomsky-welpen-verfugbar\/\"]}]},{\"@type\":\"BreadcrumbList\",\"@id\":\"https:\/\/pomskynederland.com\/de\/pomsky-welpen-verfugbar\/#breadcrumb\",\"itemListElement\":[{\"@type\":\"ListItem\",\"position\":1,\"item\":{\"@type\":\"WebPage\",\"@id\":\"https:\/\/pomskynederland.com\/de\/\",\"url\":\"https:\/\/pomskynederland.com\/de\/\",\"name\":\"Home\"}},{\"@type\":\"ListItem\",\"position\":2,\"item\":{\"@type\":\"WebPage\",\"@id\":\"https:\/\/pomskynederland.com\/de\/pomsky-welpen-verfugbar\/\",\"url\":\"https:\/\/pomskynederland.com\/de\/pomsky-welpen-verfugbar\/\",\"name\":\"Pomsky-Welpen verf\\u00fcgbar\"}}]}]}<\/script>\n<!-- \/ Yoast SEO plugin. -->","_links":{"self":[{"href":"https:\/\/pomskynederland.com\/de\/wp-json\/wp\/v2\/pages\/3260","targetHints":{"allow":["GET"]}}],"collection":[{"href":"https:\/\/pomskynederland.com\/de\/wp-json\/wp\/v2\/pages"}],"about":[{"href":"https:\/\/pomskynederland.com\/de\/wp-json\/wp\/v2\/types\/page"}],"author":[{"embeddable":true,"href":"https:\/\/pomskynederland.com\/de\/wp-json\/wp\/v2\/users\/1"}],"replies":[{"embeddable":true,"href":"https:\/\/pomskynederland.com\/de\/wp-json\/wp\/v2\/comments?post=3260"}],"version-history":[{"count":98,"href":"https:\/\/pomskynederland.com\/de\/wp-json\/wp\/v2\/pages\/3260\/revisions"}],"predecessor-version":[{"id":3551,"href":"https:\/\/pomskynederland.com\/de\/wp-json\/wp\/v2\/pages\/3260\/revisions\/3551"}],"wp:attachment":[{"href":"https:\/\/pomskynederland.com\/de\/wp-json\/wp\/v2\/media?parent=3260"}],"curies":[{"name":"wp","href":"https:\/\/api.w.org\/{rel}","templated":true}]}}