{"id":1379,"date":"2021-02-27T11:44:13","date_gmt":"2021-02-27T11:44:13","guid":{"rendered":"http:\/\/pomskynederland.com\/nl\/?page_id=1379"},"modified":"2021-04-18T20:25:47","modified_gmt":"2021-04-18T20:25:47","slug":"internationaal","status":"publish","type":"page","link":"https:\/\/pomskynederland.com\/nl\/internationaal\/","title":{"rendered":"Internationaal"},"content":{"rendered":"\n<p class=\"has-text-align-center\">Toen wij voor het eerst door een potenti\u00eble klant uit het buitenland werden benaderd stonden wij er gek van te kijken en wisten we niet waar we moesten beginnen om de pup te exporteren.<\/p>\n\n\n\n<p class=\"has-text-align-center\">Inmiddels zijn al tientallen PomskyNederland pups ge\u00ebmigreerd naar het buitenland. Wij hebben zowel ervaring met het plaatsen van pups binnen- als buiten de Europese Unie. Wij kunnen je dus ook op dit vlak volledig ontzorgen.<\/p>\n\n\n\n<div class=\"wp-block-columns is-layout-flex wp-container-core-columns-is-layout-1 wp-block-columns-is-layout-flex\">\n<div class=\"wp-block-column is-vertically-aligned-center is-layout-flow wp-block-column-is-layout-flow\" style=\"flex-basis:49%\">\n<figure class=\"wp-block-image alignfull size-large is-style-rounded\"><img loading=\"lazy\" decoding=\"async\" width=\"500\" height=\"300\" src=\"https:\/\/pomskynederland.com\/nl\/wp-content\/uploads\/sites\/2\/2021\/03\/Mogelijkheden.png\" alt=\"\" class=\"wp-image-2080\" srcset=\"https:\/\/pomskynederland.com\/nl\/wp-content\/uploads\/sites\/2\/2021\/03\/Mogelijkheden.png 500w, https:\/\/pomskynederland.com\/nl\/wp-content\/uploads\/sites\/2\/2021\/03\/Mogelijkheden-300x180.png 300w, https:\/\/pomskynederland.com\/nl\/wp-content\/uploads\/sites\/2\/2021\/03\/Mogelijkheden-180x108.png 180w, https:\/\/pomskynederland.com\/nl\/wp-content\/uploads\/sites\/2\/2021\/03\/Mogelijkheden-355x213.png 355w\" sizes=\"auto, (max-width: 500px) 100vw, 500px\" \/><\/figure>\n\n\n\n<p><\/p>\n<\/div>\n\n\n\n<div class=\"wp-block-column is-layout-flow wp-block-column-is-layout-flow\" style=\"flex-basis:2%\"><\/div>\n\n\n\n<div class=\"wp-block-column is-layout-flow wp-block-column-is-layout-flow\" style=\"flex-basis:49%\">\n<h2 class=\"has-text-align-center wp-block-heading\" style=\"font-size:25px\">Export mogelijkheden<\/h2>\n\n\n\n<p class=\"has-text-align-center has-black-color has-text-color\">Onze kennel heeft inmiddels ook internationaal een goede naam opgebouwd. Door deze vraag hebben wij veel export ervaring opgedaan en kunnen wij je maximaal ondersteunen bij het exporteren van je Pomsky puppy naar het buitenland.<\/p>\n\n\n\n<div class=\"wp-block-buttons aligncenter is-layout-flex wp-block-buttons-is-layout-flex\">\n<div class=\"wp-block-button\"><a class=\"wp-block-button__link has-black-background-color has-background\" href=\"https:\/\/pomskynederland.com\/nl\/export-mogelijkheden\/\" style=\"border-radius:20px\">Lees meer<\/a><\/div>\n<\/div>\n<\/div>\n<\/div>\n\n\n\n<div class=\"wp-block-columns alignfull has-background is-layout-flex wp-container-core-columns-is-layout-2 wp-block-columns-is-layout-flex\" style=\"background-color:#b29a5c\">\n<div class=\"wp-block-column is-layout-flow wp-block-column-is-layout-flow\" style=\"flex-basis:15%\"><\/div>\n\n\n\n<div class=\"wp-block-column is-vertically-aligned-center is-layout-flow wp-block-column-is-layout-flow\" style=\"flex-basis:70%\">\n<p class=\"has-text-align-center has-white-color has-text-color has-medium-font-size\">&#8220;<em>Bij het exporteren van een Pomsky binnen- of buiten de EU komt veel kijken. Door onze ervaring helpen wij moeiteloos onze klanten van A tot Z met alles wat hierbij komt kijken<\/em>&#8220;<\/p>\n<\/div>\n\n\n\n<div class=\"wp-block-column is-layout-flow wp-block-column-is-layout-flow\" style=\"flex-basis:15%\"><\/div>\n<\/div>\n\n\n\n<div class=\"wp-block-columns is-layout-flex wp-container-core-columns-is-layout-3 wp-block-columns-is-layout-flex\">\n<div class=\"wp-block-column is-vertically-aligned-center is-layout-flow wp-block-column-is-layout-flow\" style=\"flex-basis:49%\">\n<figure class=\"wp-block-image alignfull size-large is-style-rounded\"><img loading=\"lazy\" decoding=\"async\" width=\"500\" height=\"300\" src=\"https:\/\/pomskynederland.com\/nl\/wp-content\/uploads\/sites\/2\/2021\/03\/Waar-vind-je-onze-honden.png\" alt=\"\" class=\"wp-image-2081\" srcset=\"https:\/\/pomskynederland.com\/nl\/wp-content\/uploads\/sites\/2\/2021\/03\/Waar-vind-je-onze-honden.png 500w, https:\/\/pomskynederland.com\/nl\/wp-content\/uploads\/sites\/2\/2021\/03\/Waar-vind-je-onze-honden-300x180.png 300w, https:\/\/pomskynederland.com\/nl\/wp-content\/uploads\/sites\/2\/2021\/03\/Waar-vind-je-onze-honden-180x108.png 180w, https:\/\/pomskynederland.com\/nl\/wp-content\/uploads\/sites\/2\/2021\/03\/Waar-vind-je-onze-honden-355x213.png 355w\" sizes=\"auto, (max-width: 500px) 100vw, 500px\" \/><\/figure>\n\n\n\n<p><\/p>\n<\/div>\n\n\n\n<div class=\"wp-block-column is-layout-flow wp-block-column-is-layout-flow\" style=\"flex-basis:2%\"><\/div>\n\n\n\n<div class=\"wp-block-column is-layout-flow wp-block-column-is-layout-flow\" style=\"flex-basis:49%\">\n<h2 class=\"has-text-align-center wp-block-heading\" style=\"font-size:25px\">Waar vind je onze honden<\/h2>\n\n\n\n<p class=\"has-text-align-center has-black-color has-text-color\">Landen waar wij onder andere onze Pomsky honden naar een liefdevol thuis hebben ge\u00ebxporteerd: Belgi\u00eb, Duitsland, Oostenrijk, Zweden, Denemarken en Canada, Hong Kong, Zwitserland, Kroati\u00eb, Frankrijk, Verenigd Koninkrijk, Los Angeles, Madrid.<\/p>\n\n\n\n<div class=\"wp-block-buttons aligncenter is-layout-flex wp-block-buttons-is-layout-flex\">\n<div class=\"wp-block-button\"><a class=\"wp-block-button__link has-black-background-color has-background\" href=\"https:\/\/pomskynederland.com\/nl\/waar-vind-je-onze-honden\/\" style=\"border-radius:20px\">Lees meer<\/a><\/div>\n<\/div>\n<\/div>\n<\/div>\n\n\n\n<p><\/p>\n","protected":false},"excerpt":{"rendered":"<p>Toen wij voor het eerst door een potenti\u00eble klant uit het buitenland werden benaderd stonden wij er gek van te kijken en wisten we niet waar we moesten beginnen om de pup te exporteren. Inmiddels zijn al tientallen PomskyNederland pups ge\u00ebmigreerd naar het buitenland. Wij hebben zowel ervaring met het plaatsen van pups binnen- als&hellip;<\/p>\n<a class=\"read-more-link\" href=\" https:\/\/pomskynederland.com\/nl\/internationaal\/ \">Read More<\/a>","protected":false},"author":1,"featured_media":2081,"parent":0,"menu_order":0,"comment_status":"closed","ping_status":"closed","template":"","meta":{"footnotes":""},"class_list":["post-1379","page","type-page","status-publish","has-post-thumbnail","hentry"],"yoast_head":"<!-- This site is optimized with the Yoast SEO plugin v16.0.2 - https:\/\/yoast.com\/wordpress\/plugins\/seo\/ -->\n<title>Internationaal - PomskyNederland<\/title>\n<meta name=\"description\" content=\"Inmiddels zijn al tientallen PomskyNederland pups ge\u00ebmigreerd naar het buitenland, wij hebben zowel ervaring met het plaatsen van pups binnen- als buiten de Europese Unie. Wij kunnen volledig ontzorgen op dit vlak.\" \/>\n<link rel=\"canonical\" href=\"https:\/\/pomskynederland.com\/nl\/internationaal\/\" \/>\n<meta property=\"og:locale\" content=\"nl_NL\" \/>\n<meta property=\"og:type\" content=\"article\" \/>\n<meta property=\"og:title\" content=\"Internationaal - PomskyNederland\" \/>\n<meta property=\"og:description\" content=\"Inmiddels zijn al tientallen PomskyNederland pups ge\u00ebmigreerd naar het buitenland, wij hebben zowel ervaring met het plaatsen van pups binnen- als buiten de Europese Unie. Wij kunnen volledig ontzorgen op dit vlak.\" \/>\n<meta property=\"og:url\" content=\"https:\/\/pomskynederland.com\/nl\/internationaal\/\" \/>\n<meta property=\"og:site_name\" content=\"PomskyNederland\" \/>\n<meta property=\"article:modified_time\" content=\"2021-04-18T20:25:47+00:00\" \/>\n<meta property=\"og:image\" content=\"https:\/\/pomskynederland.com\/nl\/wp-content\/uploads\/sites\/2\/2021\/03\/Waar-vind-je-onze-honden.png\" \/>\n\t<meta property=\"og:image:width\" content=\"500\" \/>\n\t<meta property=\"og:image:height\" content=\"300\" \/>\n<meta name=\"twitter:card\" content=\"summary_large_image\" \/>\n<meta name=\"twitter:label1\" content=\"Geschatte leestijd\">\n\t<meta name=\"twitter:data1\" content=\"2 minuten\">\n<script type=\"application\/ld+json\" class=\"yoast-schema-graph\">{\"@context\":\"https:\/\/schema.org\",\"@graph\":[{\"@type\":\"WebSite\",\"@id\":\"https:\/\/pomskynederland.com\/nl\/#website\",\"url\":\"https:\/\/pomskynederland.com\/nl\/\",\"name\":\"PomskyNederland\",\"description\":\"\",\"potentialAction\":[{\"@type\":\"SearchAction\",\"target\":\"https:\/\/pomskynederland.com\/nl\/?s={search_term_string}\",\"query-input\":\"required name=search_term_string\"}],\"inLanguage\":\"nl-NL\"},{\"@type\":\"ImageObject\",\"@id\":\"https:\/\/pomskynederland.com\/nl\/internationaal\/#primaryimage\",\"inLanguage\":\"nl-NL\",\"url\":\"https:\/\/pomskynederland.com\/nl\/wp-content\/uploads\/sites\/2\/2021\/03\/Waar-vind-je-onze-honden.png\",\"width\":500,\"height\":300},{\"@type\":\"WebPage\",\"@id\":\"https:\/\/pomskynederland.com\/nl\/internationaal\/#webpage\",\"url\":\"https:\/\/pomskynederland.com\/nl\/internationaal\/\",\"name\":\"Internationaal - PomskyNederland\",\"isPartOf\":{\"@id\":\"https:\/\/pomskynederland.com\/nl\/#website\"},\"primaryImageOfPage\":{\"@id\":\"https:\/\/pomskynederland.com\/nl\/internationaal\/#primaryimage\"},\"datePublished\":\"2021-02-27T11:44:13+00:00\",\"dateModified\":\"2021-04-18T20:25:47+00:00\",\"description\":\"Inmiddels zijn al tientallen PomskyNederland pups ge\\u00ebmigreerd naar het buitenland, wij hebben zowel ervaring met het plaatsen van pups binnen- als buiten de Europese Unie. Wij kunnen volledig ontzorgen op dit vlak.\",\"breadcrumb\":{\"@id\":\"https:\/\/pomskynederland.com\/nl\/internationaal\/#breadcrumb\"},\"inLanguage\":\"nl-NL\",\"potentialAction\":[{\"@type\":\"ReadAction\",\"target\":[\"https:\/\/pomskynederland.com\/nl\/internationaal\/\"]}]},{\"@type\":\"BreadcrumbList\",\"@id\":\"https:\/\/pomskynederland.com\/nl\/internationaal\/#breadcrumb\",\"itemListElement\":[{\"@type\":\"ListItem\",\"position\":1,\"item\":{\"@type\":\"WebPage\",\"@id\":\"https:\/\/pomskynederland.com\/nl\/\",\"url\":\"https:\/\/pomskynederland.com\/nl\/\",\"name\":\"Home\"}},{\"@type\":\"ListItem\",\"position\":2,\"item\":{\"@type\":\"WebPage\",\"@id\":\"https:\/\/pomskynederland.com\/nl\/internationaal\/\",\"url\":\"https:\/\/pomskynederland.com\/nl\/internationaal\/\",\"name\":\"Internationaal\"}}]}]}<\/script>\n<!-- \/ Yoast SEO plugin. -->","_links":{"self":[{"href":"https:\/\/pomskynederland.com\/nl\/wp-json\/wp\/v2\/pages\/1379","targetHints":{"allow":["GET"]}}],"collection":[{"href":"https:\/\/pomskynederland.com\/nl\/wp-json\/wp\/v2\/pages"}],"about":[{"href":"https:\/\/pomskynederland.com\/nl\/wp-json\/wp\/v2\/types\/page"}],"author":[{"embeddable":true,"href":"https:\/\/pomskynederland.com\/nl\/wp-json\/wp\/v2\/users\/1"}],"replies":[{"embeddable":true,"href":"https:\/\/pomskynederland.com\/nl\/wp-json\/wp\/v2\/comments?post=1379"}],"version-history":[{"count":62,"href":"https:\/\/pomskynederland.com\/nl\/wp-json\/wp\/v2\/pages\/1379\/revisions"}],"predecessor-version":[{"id":2903,"href":"https:\/\/pomskynederland.com\/nl\/wp-json\/wp\/v2\/pages\/1379\/revisions\/2903"}],"wp:featuredmedia":[{"embeddable":true,"href":"https:\/\/pomskynederland.com\/nl\/wp-json\/wp\/v2\/media\/2081"}],"wp:attachment":[{"href":"https:\/\/pomskynederland.com\/nl\/wp-json\/wp\/v2\/media?parent=1379"}],"curies":[{"name":"wp","href":"https:\/\/api.w.org\/{rel}","templated":true}]}}