{"id":1425,"date":"2021-02-27T12:44:57","date_gmt":"2021-02-27T12:44:57","guid":{"rendered":"http:\/\/pomskynederland.com\/nl\/?page_id=1425"},"modified":"2021-08-12T16:45:10","modified_gmt":"2021-08-12T16:45:10","slug":"onze-f1-pomskys","status":"publish","type":"page","link":"https:\/\/pomskynederland.com\/nl\/over-ons\/onze-f1-pomskys\/","title":{"rendered":"Onze F1 Pomsky&#8217;s"},"content":{"rendered":"\n<div class=\"wp-block-columns is-layout-flex wp-container-core-columns-is-layout-1 wp-block-columns-is-layout-flex\">\n<div class=\"wp-block-column is-vertically-aligned-top is-layout-flow wp-block-column-is-layout-flow\">\n<figure class=\"wp-block-image size-large is-style-default\"><img loading=\"lazy\" decoding=\"async\" width=\"832\" height=\"832\" src=\"https:\/\/pomskynederland.com\/nl\/wp-content\/uploads\/sites\/2\/2021\/04\/F1-pomsky-1.jpg\" alt=\"\" class=\"wp-image-2648\" srcset=\"https:\/\/pomskynederland.com\/nl\/wp-content\/uploads\/sites\/2\/2021\/04\/F1-pomsky-1.jpg 832w, https:\/\/pomskynederland.com\/nl\/wp-content\/uploads\/sites\/2\/2021\/04\/F1-pomsky-1-300x300.jpg 300w, https:\/\/pomskynederland.com\/nl\/wp-content\/uploads\/sites\/2\/2021\/04\/F1-pomsky-1-150x150.jpg 150w, https:\/\/pomskynederland.com\/nl\/wp-content\/uploads\/sites\/2\/2021\/04\/F1-pomsky-1-768x768.jpg 768w, https:\/\/pomskynederland.com\/nl\/wp-content\/uploads\/sites\/2\/2021\/04\/F1-pomsky-1-800x800.jpg 800w, https:\/\/pomskynederland.com\/nl\/wp-content\/uploads\/sites\/2\/2021\/04\/F1-pomsky-1-110x110.jpg 110w, https:\/\/pomskynederland.com\/nl\/wp-content\/uploads\/sites\/2\/2021\/04\/F1-pomsky-1-220x220.jpg 220w\" sizes=\"auto, (max-width: 832px) 100vw, 832px\" \/><\/figure>\n<\/div>\n\n\n\n<div class=\"wp-block-column is-vertically-aligned-top is-layout-flow wp-block-column-is-layout-flow\">\n<p><strong>De vader en moeder van een Pomsky<\/strong><br>De Pomsky is een kruising tussen een Husky (moeder) en een Pomeriaan (vader). Dit is een relatief nieuw hondenras. Bij PomskyNederland fokken wij alleen de eerste zuivere kruising, de zogenaamde F1 Pomsky.<\/p>\n<\/div>\n<\/div>\n\n\n\n<h2 class=\"wp-block-heading\">PomskyNederland fokt alleen F1<\/h2>\n\n\n\n<p>Wij fokken zeer bewust enkel de F1 Pomsky omdat dit de eerste kruising is. In onze ogen krijg je met deze kruising de sterkste en gezondste hond, waardoor de kans op erfelijke problemen en afwijkingen zo klein mogelijk is.&nbsp;Indien je gaat doorfokken met F1 Pomsky&#8217;s krijg je de volgende typen kruisingen:<\/p>\n\n\n\n<figure class=\"wp-block-table aligncenter is-style-stripes\"><table><thead><tr><th class=\"has-text-align-center\" data-align=\"center\">Vaderhond<\/th><th class=\"has-text-align-center\" data-align=\"center\">Moederhond<\/th><th class=\"has-text-align-center\" data-align=\"center\">Kruising<\/th><\/tr><\/thead><tbody><tr><td class=\"has-text-align-center\" data-align=\"center\">F1 Pomsky<\/td><td class=\"has-text-align-center\" data-align=\"center\">Husky<\/td><td class=\"has-text-align-center\" data-align=\"center\">F1b Pomsky<\/td><\/tr><tr><td class=\"has-text-align-center\" data-align=\"center\">Pomeriaan<\/td><td class=\"has-text-align-center\" data-align=\"center\">F1 Pomsky<\/td><td class=\"has-text-align-center\" data-align=\"center\">F1b Pomsky<\/td><\/tr><tr><td class=\"has-text-align-center\" data-align=\"center\">F1 Pomsky<\/td><td class=\"has-text-align-center\" data-align=\"center\">F1 Pomsky<\/td><td class=\"has-text-align-center\" data-align=\"center\">F2 Pomsky<\/td><\/tr><tr><td class=\"has-text-align-center\" data-align=\"center\">F2 Pomsky<\/td><td class=\"has-text-align-center\" data-align=\"center\">F2 Pomsky<\/td><td class=\"has-text-align-center\" data-align=\"center\">F3 Pomsky<\/td><\/tr><\/tbody><\/table><\/figure>\n\n\n\n<p>Het doorkruisen, ofwel het fokken van F2 of F3, zien wij dan ook als het beginnen met doorfokken. Aan het doorfokken zijn zowel voor de hond als eigenaar nadelen verbonden. Zo is iedere diepere generatie vaak kleiner, wat vervolgens ten koste gaat van de gezondheid van de hond.<\/p>\n\n\n\n<p>Ook is het als eigenaar van een F2 of F3 hond lastiger te herleiden wat de exacte herkomst van de vader en moeder is. Je weet dus niet of jouw hond wel een \u00e9chte Pomsky is. <\/p>\n\n\n\n<h3 class=\"wp-block-heading\">Een F1-kruising is het gezondst<\/h3>\n\n\n\n<p>Kort samengevat is de eerste generatie, de F1 Pomsky, het gezondst en het sterkst. Zodra je gaat doorfokken naar nieuwe generaties (F2 en F3) dan zet je steeds een stap omlaag op het vlak van gezondheid\/kwaliteit van de hond.<\/p>\n\n\n\n<div class=\"wp-block-columns is-layout-flex wp-container-core-columns-is-layout-2 wp-block-columns-is-layout-flex\">\n<div class=\"wp-block-column is-layout-flow wp-block-column-is-layout-flow\" style=\"flex-basis:25%\"><\/div>\n\n\n\n<div class=\"wp-block-column is-vertically-aligned-center is-layout-flow wp-block-column-is-layout-flow\" style=\"flex-basis:70%\">\n<figure class=\"wp-block-image size-large is-style-default\"><img loading=\"lazy\" decoding=\"async\" width=\"800\" height=\"1001\" src=\"https:\/\/pomskynederland.com\/nl\/wp-content\/uploads\/sites\/2\/2021\/04\/F1-pomsky-2.jpg\" alt=\"\" class=\"wp-image-2649\" srcset=\"https:\/\/pomskynederland.com\/nl\/wp-content\/uploads\/sites\/2\/2021\/04\/F1-pomsky-2.jpg 800w, https:\/\/pomskynederland.com\/nl\/wp-content\/uploads\/sites\/2\/2021\/04\/F1-pomsky-2-240x300.jpg 240w, https:\/\/pomskynederland.com\/nl\/wp-content\/uploads\/sites\/2\/2021\/04\/F1-pomsky-2-768x961.jpg 768w, https:\/\/pomskynederland.com\/nl\/wp-content\/uploads\/sites\/2\/2021\/04\/F1-pomsky-2-88x110.jpg 88w, https:\/\/pomskynederland.com\/nl\/wp-content\/uploads\/sites\/2\/2021\/04\/F1-pomsky-2-176x220.jpg 176w\" sizes=\"auto, (max-width: 800px) 100vw, 800px\" \/><\/figure>\n<\/div>\n\n\n\n<div class=\"wp-block-column is-layout-flow wp-block-column-is-layout-flow\" style=\"flex-basis:25%\"><\/div>\n<\/div>\n\n\n\n<h2 class=\"wp-block-heading\">FCI Stamboom<\/h2>\n\n\n\n<p>In Nederland dienen offici\u00eble hondenstambomen te zijn erkend door de F\u00e9d\u00e9ration Cynologique Internationale (FCI). Het Pomsky ras is in Nederland (nog) niet erkend doordat het een kruising is. Onze honden hebben dus geen offici\u00eble FCI stamboom. Wel bieden wij vergelijkbare garanties en volledige transparantie over de herkomst van onze honden. Hierover lees je meer op de pagina <span style=\"text-decoration: underline;\"><strong><a href=\"https:\/\/pomskynederland.com\/nl\/onze-kennel\/\">Onze kennel<\/a><\/strong><\/span>.<\/p>\n","protected":false},"excerpt":{"rendered":"<p>De vader en moeder van een PomskyDe Pomsky is een kruising tussen een Husky (moeder) en een Pomeriaan (vader). Dit is een relatief nieuw hondenras. Bij PomskyNederland fokken wij alleen de eerste zuivere kruising, de zogenaamde F1 Pomsky. PomskyNederland fokt alleen F1 Wij fokken zeer bewust enkel de F1 Pomsky omdat dit de eerste kruising&hellip;<\/p>\n<a class=\"read-more-link\" href=\" https:\/\/pomskynederland.com\/nl\/over-ons\/onze-f1-pomskys\/ \">Read More<\/a>","protected":false},"author":1,"featured_media":0,"parent":11,"menu_order":0,"comment_status":"closed","ping_status":"closed","template":"","meta":{"footnotes":""},"class_list":["post-1425","page","type-page","status-publish","hentry","no-featured-image"],"yoast_head":"<!-- This site is optimized with the Yoast SEO plugin v16.0.2 - https:\/\/yoast.com\/wordpress\/plugins\/seo\/ -->\n<title>Onze F1 Pomsky&#039;s - PomskyNederland<\/title>\n<meta name=\"description\" content=\"De Pomsky is een relatief nieuw hondenras en is een kruising tussen een Husky (moeder) en een Pomeriaan (vader).\" \/>\n<link rel=\"canonical\" href=\"https:\/\/pomskynederland.com\/nl\/over-ons\/onze-f1-pomskys\/\" \/>\n<meta property=\"og:locale\" content=\"nl_NL\" \/>\n<meta property=\"og:type\" content=\"article\" \/>\n<meta property=\"og:title\" content=\"Onze F1 Pomsky&#039;s - PomskyNederland\" \/>\n<meta property=\"og:description\" content=\"De Pomsky is een relatief nieuw hondenras en is een kruising tussen een Husky (moeder) en een Pomeriaan (vader).\" \/>\n<meta property=\"og:url\" content=\"https:\/\/pomskynederland.com\/nl\/over-ons\/onze-f1-pomskys\/\" \/>\n<meta property=\"og:site_name\" content=\"PomskyNederland\" \/>\n<meta property=\"article:modified_time\" content=\"2021-08-12T16:45:10+00:00\" \/>\n<meta property=\"og:image\" content=\"https:\/\/pomskynederland.com\/nl\/wp-content\/uploads\/sites\/2\/2021\/04\/F1-pomsky-1.jpg\" \/>\n<meta name=\"twitter:card\" content=\"summary_large_image\" \/>\n<meta name=\"twitter:label1\" content=\"Geschatte leestijd\">\n\t<meta name=\"twitter:data1\" content=\"2 minuten\">\n<script type=\"application\/ld+json\" class=\"yoast-schema-graph\">{\"@context\":\"https:\/\/schema.org\",\"@graph\":[{\"@type\":\"WebSite\",\"@id\":\"https:\/\/pomskynederland.com\/nl\/#website\",\"url\":\"https:\/\/pomskynederland.com\/nl\/\",\"name\":\"PomskyNederland\",\"description\":\"\",\"potentialAction\":[{\"@type\":\"SearchAction\",\"target\":\"https:\/\/pomskynederland.com\/nl\/?s={search_term_string}\",\"query-input\":\"required name=search_term_string\"}],\"inLanguage\":\"nl-NL\"},{\"@type\":\"ImageObject\",\"@id\":\"https:\/\/pomskynederland.com\/nl\/over-ons\/onze-f1-pomskys\/#primaryimage\",\"inLanguage\":\"nl-NL\",\"url\":\"https:\/\/pomskynederland.com\/nl\/wp-content\/uploads\/sites\/2\/2021\/04\/F1-pomsky-1.jpg\",\"width\":832,\"height\":832},{\"@type\":\"WebPage\",\"@id\":\"https:\/\/pomskynederland.com\/nl\/over-ons\/onze-f1-pomskys\/#webpage\",\"url\":\"https:\/\/pomskynederland.com\/nl\/over-ons\/onze-f1-pomskys\/\",\"name\":\"Onze F1 Pomsky's - PomskyNederland\",\"isPartOf\":{\"@id\":\"https:\/\/pomskynederland.com\/nl\/#website\"},\"primaryImageOfPage\":{\"@id\":\"https:\/\/pomskynederland.com\/nl\/over-ons\/onze-f1-pomskys\/#primaryimage\"},\"datePublished\":\"2021-02-27T12:44:57+00:00\",\"dateModified\":\"2021-08-12T16:45:10+00:00\",\"description\":\"De Pomsky is een relatief nieuw hondenras en is een kruising tussen een Husky (moeder) en een Pomeriaan (vader).\",\"breadcrumb\":{\"@id\":\"https:\/\/pomskynederland.com\/nl\/over-ons\/onze-f1-pomskys\/#breadcrumb\"},\"inLanguage\":\"nl-NL\",\"potentialAction\":[{\"@type\":\"ReadAction\",\"target\":[\"https:\/\/pomskynederland.com\/nl\/over-ons\/onze-f1-pomskys\/\"]}]},{\"@type\":\"BreadcrumbList\",\"@id\":\"https:\/\/pomskynederland.com\/nl\/over-ons\/onze-f1-pomskys\/#breadcrumb\",\"itemListElement\":[{\"@type\":\"ListItem\",\"position\":1,\"item\":{\"@type\":\"WebPage\",\"@id\":\"https:\/\/pomskynederland.com\/nl\/\",\"url\":\"https:\/\/pomskynederland.com\/nl\/\",\"name\":\"Home\"}},{\"@type\":\"ListItem\",\"position\":2,\"item\":{\"@type\":\"WebPage\",\"@id\":\"https:\/\/pomskynederland.com\/nl\/over-ons\/\",\"url\":\"https:\/\/pomskynederland.com\/nl\/over-ons\/\",\"name\":\"Over ons\"}},{\"@type\":\"ListItem\",\"position\":3,\"item\":{\"@type\":\"WebPage\",\"@id\":\"https:\/\/pomskynederland.com\/nl\/over-ons\/onze-f1-pomskys\/\",\"url\":\"https:\/\/pomskynederland.com\/nl\/over-ons\/onze-f1-pomskys\/\",\"name\":\"Onze F1 Pomsky&#8217;s\"}}]}]}<\/script>\n<!-- \/ Yoast SEO plugin. -->","_links":{"self":[{"href":"https:\/\/pomskynederland.com\/nl\/wp-json\/wp\/v2\/pages\/1425","targetHints":{"allow":["GET"]}}],"collection":[{"href":"https:\/\/pomskynederland.com\/nl\/wp-json\/wp\/v2\/pages"}],"about":[{"href":"https:\/\/pomskynederland.com\/nl\/wp-json\/wp\/v2\/types\/page"}],"author":[{"embeddable":true,"href":"https:\/\/pomskynederland.com\/nl\/wp-json\/wp\/v2\/users\/1"}],"replies":[{"embeddable":true,"href":"https:\/\/pomskynederland.com\/nl\/wp-json\/wp\/v2\/comments?post=1425"}],"version-history":[{"count":67,"href":"https:\/\/pomskynederland.com\/nl\/wp-json\/wp\/v2\/pages\/1425\/revisions"}],"predecessor-version":[{"id":3231,"href":"https:\/\/pomskynederland.com\/nl\/wp-json\/wp\/v2\/pages\/1425\/revisions\/3231"}],"up":[{"embeddable":true,"href":"https:\/\/pomskynederland.com\/nl\/wp-json\/wp\/v2\/pages\/11"}],"wp:attachment":[{"href":"https:\/\/pomskynederland.com\/nl\/wp-json\/wp\/v2\/media?parent=1425"}],"curies":[{"name":"wp","href":"https:\/\/api.w.org\/{rel}","templated":true}]}}