{"id":1454,"date":"2021-02-27T14:03:16","date_gmt":"2021-02-27T14:03:16","guid":{"rendered":"http:\/\/pomskynederland.com\/nl\/?page_id=1454"},"modified":"2021-05-03T17:40:29","modified_gmt":"2021-05-03T17:40:29","slug":"onze-pomsky-pups","status":"publish","type":"page","link":"https:\/\/pomskynederland.com\/nl\/aanschaf\/onze-pomsky-pups\/","title":{"rendered":"Onze Pomsky pups"},"content":{"rendered":"\n<p>Onze puppy&#8217;s groeien gedurende de acht weken dat ze bij ons verblijven op in het bijzijn van hun moeder. Tijdens deze periode worden ze uitsluitend gevoed door de moeder. Om de kwaliteit van de moedermelk optimaal te houden tijdens de puppy periode passen wij de voeding van de moederhond hierop aan. <\/p>\n\n\n\n<h2 class=\"wp-block-heading\">Gezondheid Puppy&#8217;s<\/h2>\n\n\n\n<p>Bij ons op locatie worden de puppy&#8217;s aan een uitgebreide check onderworpen. Tijdens dit bezoek van de dierenarts worden alle puppy&#8217;s gecontroleerd op hun gezondheid, inge\u00ebnt, ontwormd en gechipt. <\/p>\n\n\n\n<h3 class=\"wp-block-heading\">Vaccinaties en ontworming<\/h3>\n\n\n\n<div class=\"wp-block-columns is-layout-flex wp-container-core-columns-is-layout-1 wp-block-columns-is-layout-flex\">\n<div class=\"wp-block-column is-layout-flow wp-block-column-is-layout-flow\">\n<p>Vaccineren is van belang om besmettelijke en soms dodelijke ziekten voor puppy\u2019s en volwassen honden te voorkomen. Onze puppy\u2019s worden ruim voordat ze naar hun nieuwe thuis gaan gevaccineerd tegen onder andere de volgende ziekten:<\/p>\n\n\n\n<ul class=\"wp-block-list\" id=\"block-531c77b1-f597-4358-bdf5-88bfd6755c1d\"><li>Ziekte van Carr\u00e9<\/li><li>Hondenhepatitis (leverziekte)<\/li><li>Hondenparvovirus<\/li><li>Ziekte van Weil (leptospirose)<\/li><\/ul>\n<\/div>\n\n\n\n<div class=\"wp-block-column is-layout-flow wp-block-column-is-layout-flow\">\n<figure class=\"wp-block-image size-large is-style-default\"><img loading=\"lazy\" decoding=\"async\" width=\"650\" height=\"460\" src=\"https:\/\/pomskynederland.com\/nl\/wp-content\/uploads\/sites\/2\/2021\/04\/onze-pomsky-pups-1.jpg\" alt=\"\" class=\"wp-image-2746\" srcset=\"https:\/\/pomskynederland.com\/nl\/wp-content\/uploads\/sites\/2\/2021\/04\/onze-pomsky-pups-1.jpg 650w, https:\/\/pomskynederland.com\/nl\/wp-content\/uploads\/sites\/2\/2021\/04\/onze-pomsky-pups-1-300x212.jpg 300w, https:\/\/pomskynederland.com\/nl\/wp-content\/uploads\/sites\/2\/2021\/04\/onze-pomsky-pups-1-155x110.jpg 155w, https:\/\/pomskynederland.com\/nl\/wp-content\/uploads\/sites\/2\/2021\/04\/onze-pomsky-pups-1-311x220.jpg 311w\" sizes=\"auto, (max-width: 650px) 100vw, 650px\" \/><\/figure>\n\n\n\n<p><\/p>\n<\/div>\n<\/div>\n\n\n\n<p>Naast de bovenstaande vaccinaties worden de puppy\u2019s door ons volgens schema ontwormd. Wormen zijn inwendige parasieten die onder andere kunnen zorgen voor gewichtsverlies, achterblijvende groei en spijsverteringsproblemen.<\/p>\n\n\n\n<h3 class=\"wp-block-heading\">Chip<\/h3>\n\n\n\n<p>In Nederland is elke hondenfokker wettelijk verplicht om hun puppy\u2019s te chippen en te registreren. Wij chippen en registreren onze honden v\u00f3\u00f3r ze zes weken oud zijn.<\/p>\n\n\n\n<h3 class=\"wp-block-heading\">Hondenpaspoort<\/h3>\n\n\n\n<p>Alle gegevens over jouw pup, onze dierenarts, de chip, inentingen en ontworming worden direct vastgelegd in een officieel Nederlands hondenpaspoort. Het paspoort krijg je mee zodra je jouw puppy komt ophalen.<\/p>\n\n\n\n<h2 class=\"wp-block-heading\">Stamboom<\/h2>\n\n\n\n<p><br>In Nederland bestaat er maar \u00e9\u00e9n offici\u00eble en erkende stamboom: de zogenoemde FCI stamboom. In Nederland worden deze FCI stambomen door de Raad van Beheer enkel verstrekt aan erkende rassen.<\/p>\n\n\n\n<p>De Pomsky is een kruising en dus ook geen FCI erkend ras. Doordat het geen erkend ras is kan een Pomsky dus ook geen FCI stamboom krijgen. Naar verwachting zal dit de komende jaren ook niet veranderen.<\/p>\n\n\n\n<div class=\"wp-block-columns is-layout-flex wp-container-core-columns-is-layout-2 wp-block-columns-is-layout-flex\">\n<div class=\"wp-block-column is-layout-flow wp-block-column-is-layout-flow\" style=\"flex-basis:5%\"><\/div>\n\n\n\n<div class=\"wp-block-column is-layout-flow wp-block-column-is-layout-flow\" style=\"flex-basis:90%\">\n<figure class=\"wp-block-image size-large is-style-default\"><img loading=\"lazy\" decoding=\"async\" width=\"650\" height=\"375\" src=\"https:\/\/pomskynederland.com\/nl\/wp-content\/uploads\/sites\/2\/2021\/04\/onze-pomsky-pups-3.jpg\" alt=\"\" class=\"wp-image-2751\" srcset=\"https:\/\/pomskynederland.com\/nl\/wp-content\/uploads\/sites\/2\/2021\/04\/onze-pomsky-pups-3.jpg 650w, https:\/\/pomskynederland.com\/nl\/wp-content\/uploads\/sites\/2\/2021\/04\/onze-pomsky-pups-3-300x173.jpg 300w, https:\/\/pomskynederland.com\/nl\/wp-content\/uploads\/sites\/2\/2021\/04\/onze-pomsky-pups-3-180x104.jpg 180w, https:\/\/pomskynederland.com\/nl\/wp-content\/uploads\/sites\/2\/2021\/04\/onze-pomsky-pups-3-355x205.jpg 355w\" sizes=\"auto, (max-width: 650px) 100vw, 650px\" \/><\/figure>\n<\/div>\n\n\n\n<div class=\"wp-block-column is-layout-flow wp-block-column-is-layout-flow\" style=\"flex-basis:5%\"><\/div>\n<\/div>\n\n\n\n<p>Er zijn Pomsky fokkers die een eigen erkende stamboom pretenderen te hebben, wees hier huiverig voor omdat dit geen offici\u00eble FCI stamboom betreft.<\/p>\n\n\n\n<p>Om deze reden hebben onze Pomsky&#8217;s <span style=\"text-decoration: underline;\">geen<\/span> stamboom. <\/p>\n\n\n\n<h2 class=\"wp-block-heading\">Erfelijke aandoeningen<\/h2>\n\n\n\n<p>Bij aanschaf van een puppy tekenen wij een koopovereenkomst. Deze koopovereenkomst geeft gedurende 12 maanden garantie op erfelijke ziekten en gebreken. Heeft jouw Pomsky gezondheidsklachten waarvan de dierenarts aangeeft dat deze erfelijk zijn? Dan vergoeden wij de medische kosten voor herstel tot de hoogte van het aankoopbedrag. <\/p>\n\n\n\n<h2 class=\"wp-block-heading\">Pomsky puppy-pakket<\/h2>\n\n\n\n<p>Vanaf acht weken mogen onze puppy\u2019s het nest verlaten. Bij het verlaten van het nest krijg je een uitgebreid puppy-pakket mee. Met dit pakket heb je de basisbenodigdheden en het puppyvoer voor de eerste weken in \u00e9\u00e9n keer in huis. Het puppypakket bestaat uit:<\/p>\n\n\n\n<ul class=\"wp-block-list\"><li>Puppyvoer van Royal Canin<\/li><li>Eet- en drinkbak set<\/li><li>Halsband en riempje <\/li><li>Borstel <\/li><li>Puppykluif <\/li><li>Speeltje met de nestgeur<\/li><\/ul>\n\n\n\n<p>Het enige dat je nog zelf dient aan te schaffen is een bench. Voor een Pomsky adviseren wij om (ongeveer) benchmaat&nbsp;77 x 47 x 54 cm aan te schaffen. <\/p>\n","protected":false},"excerpt":{"rendered":"<p>Onze puppy&#8217;s groeien gedurende de acht weken dat ze bij ons verblijven op in het bijzijn van hun moeder. Tijdens deze periode worden ze uitsluitend gevoed door de moeder. Om de kwaliteit van de moedermelk optimaal te houden tijdens de puppy periode passen wij de voeding van de moederhond hierop aan. Gezondheid Puppy&#8217;s Bij ons&hellip;<\/p>\n<a class=\"read-more-link\" href=\" https:\/\/pomskynederland.com\/nl\/aanschaf\/onze-pomsky-pups\/ \">Read More<\/a>","protected":false},"author":1,"featured_media":1740,"parent":1375,"menu_order":0,"comment_status":"closed","ping_status":"closed","template":"","meta":{"footnotes":""},"class_list":["post-1454","page","type-page","status-publish","has-post-thumbnail","hentry"],"yoast_head":"<!-- This site is optimized with the Yoast SEO plugin v16.0.2 - https:\/\/yoast.com\/wordpress\/plugins\/seo\/ -->\n<title>Onze Pomsky pups - PomskyNederland<\/title>\n<meta name=\"description\" content=\"Onze Pomsky puppy&#039;s groeien op in het bijzijn van hun moeder, tijdens deze periode worden ze uitsluitend gevoed door de moeder.\" \/>\n<link rel=\"canonical\" href=\"https:\/\/pomskynederland.com\/nl\/aanschaf\/onze-pomsky-pups\/\" \/>\n<meta property=\"og:locale\" content=\"nl_NL\" \/>\n<meta property=\"og:type\" content=\"article\" \/>\n<meta property=\"og:title\" content=\"Onze Pomsky pups - PomskyNederland\" \/>\n<meta property=\"og:description\" content=\"Onze Pomsky puppy&#039;s groeien op in het bijzijn van hun moeder, tijdens deze periode worden ze uitsluitend gevoed door de moeder.\" \/>\n<meta property=\"og:url\" content=\"https:\/\/pomskynederland.com\/nl\/aanschaf\/onze-pomsky-pups\/\" \/>\n<meta property=\"og:site_name\" content=\"PomskyNederland\" \/>\n<meta property=\"article:modified_time\" content=\"2021-05-03T17:40:29+00:00\" \/>\n<meta property=\"og:image\" content=\"https:\/\/pomskynederland.com\/nl\/wp-content\/uploads\/sites\/2\/2021\/03\/Onze-kennel.png\" \/>\n\t<meta property=\"og:image:width\" content=\"866\" \/>\n\t<meta property=\"og:image:height\" content=\"586\" \/>\n<meta name=\"twitter:card\" content=\"summary_large_image\" \/>\n<meta name=\"twitter:label1\" content=\"Geschatte leestijd\">\n\t<meta name=\"twitter:data1\" content=\"3 minuten\">\n<script type=\"application\/ld+json\" class=\"yoast-schema-graph\">{\"@context\":\"https:\/\/schema.org\",\"@graph\":[{\"@type\":\"WebSite\",\"@id\":\"https:\/\/pomskynederland.com\/nl\/#website\",\"url\":\"https:\/\/pomskynederland.com\/nl\/\",\"name\":\"PomskyNederland\",\"description\":\"\",\"potentialAction\":[{\"@type\":\"SearchAction\",\"target\":\"https:\/\/pomskynederland.com\/nl\/?s={search_term_string}\",\"query-input\":\"required name=search_term_string\"}],\"inLanguage\":\"nl-NL\"},{\"@type\":\"ImageObject\",\"@id\":\"https:\/\/pomskynederland.com\/nl\/aanschaf\/onze-pomsky-pups\/#primaryimage\",\"inLanguage\":\"nl-NL\",\"url\":\"https:\/\/pomskynederland.com\/nl\/wp-content\/uploads\/sites\/2\/2021\/03\/Onze-kennel.png\",\"width\":866,\"height\":586},{\"@type\":\"WebPage\",\"@id\":\"https:\/\/pomskynederland.com\/nl\/aanschaf\/onze-pomsky-pups\/#webpage\",\"url\":\"https:\/\/pomskynederland.com\/nl\/aanschaf\/onze-pomsky-pups\/\",\"name\":\"Onze Pomsky pups - PomskyNederland\",\"isPartOf\":{\"@id\":\"https:\/\/pomskynederland.com\/nl\/#website\"},\"primaryImageOfPage\":{\"@id\":\"https:\/\/pomskynederland.com\/nl\/aanschaf\/onze-pomsky-pups\/#primaryimage\"},\"datePublished\":\"2021-02-27T14:03:16+00:00\",\"dateModified\":\"2021-05-03T17:40:29+00:00\",\"description\":\"Onze Pomsky puppy's groeien op in het bijzijn van hun moeder, tijdens deze periode worden ze uitsluitend gevoed door de moeder.\",\"breadcrumb\":{\"@id\":\"https:\/\/pomskynederland.com\/nl\/aanschaf\/onze-pomsky-pups\/#breadcrumb\"},\"inLanguage\":\"nl-NL\",\"potentialAction\":[{\"@type\":\"ReadAction\",\"target\":[\"https:\/\/pomskynederland.com\/nl\/aanschaf\/onze-pomsky-pups\/\"]}]},{\"@type\":\"BreadcrumbList\",\"@id\":\"https:\/\/pomskynederland.com\/nl\/aanschaf\/onze-pomsky-pups\/#breadcrumb\",\"itemListElement\":[{\"@type\":\"ListItem\",\"position\":1,\"item\":{\"@type\":\"WebPage\",\"@id\":\"https:\/\/pomskynederland.com\/nl\/\",\"url\":\"https:\/\/pomskynederland.com\/nl\/\",\"name\":\"Home\"}},{\"@type\":\"ListItem\",\"position\":2,\"item\":{\"@type\":\"WebPage\",\"@id\":\"https:\/\/pomskynederland.com\/nl\/aanschaf\/\",\"url\":\"https:\/\/pomskynederland.com\/nl\/aanschaf\/\",\"name\":\"Pomsky puppy kopen\"}},{\"@type\":\"ListItem\",\"position\":3,\"item\":{\"@type\":\"WebPage\",\"@id\":\"https:\/\/pomskynederland.com\/nl\/aanschaf\/onze-pomsky-pups\/\",\"url\":\"https:\/\/pomskynederland.com\/nl\/aanschaf\/onze-pomsky-pups\/\",\"name\":\"Onze Pomsky pups\"}}]}]}<\/script>\n<!-- \/ Yoast SEO plugin. -->","_links":{"self":[{"href":"https:\/\/pomskynederland.com\/nl\/wp-json\/wp\/v2\/pages\/1454","targetHints":{"allow":["GET"]}}],"collection":[{"href":"https:\/\/pomskynederland.com\/nl\/wp-json\/wp\/v2\/pages"}],"about":[{"href":"https:\/\/pomskynederland.com\/nl\/wp-json\/wp\/v2\/types\/page"}],"author":[{"embeddable":true,"href":"https:\/\/pomskynederland.com\/nl\/wp-json\/wp\/v2\/users\/1"}],"replies":[{"embeddable":true,"href":"https:\/\/pomskynederland.com\/nl\/wp-json\/wp\/v2\/comments?post=1454"}],"version-history":[{"count":38,"href":"https:\/\/pomskynederland.com\/nl\/wp-json\/wp\/v2\/pages\/1454\/revisions"}],"predecessor-version":[{"id":3095,"href":"https:\/\/pomskynederland.com\/nl\/wp-json\/wp\/v2\/pages\/1454\/revisions\/3095"}],"up":[{"embeddable":true,"href":"https:\/\/pomskynederland.com\/nl\/wp-json\/wp\/v2\/pages\/1375"}],"wp:featuredmedia":[{"embeddable":true,"href":"https:\/\/pomskynederland.com\/nl\/wp-json\/wp\/v2\/media\/1740"}],"wp:attachment":[{"href":"https:\/\/pomskynederland.com\/nl\/wp-json\/wp\/v2\/media?parent=1454"}],"curies":[{"name":"wp","href":"https:\/\/api.w.org\/{rel}","templated":true}]}}