{"id":1472,"date":"2021-02-27T14:05:31","date_gmt":"2021-02-27T14:05:31","guid":{"rendered":"http:\/\/pomskynederland.com\/nl\/?page_id=1472"},"modified":"2021-05-03T17:41:06","modified_gmt":"2021-05-03T17:41:06","slug":"waar-vind-je-onze-honden","status":"publish","type":"page","link":"https:\/\/pomskynederland.com\/nl\/internationaal\/waar-vind-je-onze-honden\/","title":{"rendered":"Waar vind je onze honden"},"content":{"rendered":"\n<p>Voor ons is het steeds weer een verassing als mensen van buiten Nederland bij ons terechtkomen. Afgelopen jaren zijn heel wat Pomsky\u2019s vanuit ons verhuisd naar het buitenland. Bij veel van deze plaatsingen hebben wij ondersteund in de export van de pups.<\/p>\n\n\n\n<h2 class=\"wp-block-heading\">Onze honden vind je hier<\/h2>\n\n\n\n<p>Landen waar wij onder andere onze Pomsky honden naar een liefdevol thuis hebben ge\u00ebxporteerd: Belgi\u00eb, Duitsland, Oostenrijk, Zweden, Denemarken en Canada, Hong Kong, Zwitserland, Kroati\u00eb, Frankrijk, Verenigd Koninkrijk, Los Angeles, Madrid.<\/p>\n\n\n\n\n  <title>Google Maps Multiple Markers<\/title>\n<script src=\"https:\/\/maps.googleapis.com\/maps\/api\/js?key=AIzaSyA3jhSYLi6JJgFSHlzUVQBKRdCocyT-A-k&amp;callback=initMap\" type=\"text\/javascript\"><\/script>\n\n\n  <div id=\"map\" style=\"height: 500px; width: 100%;\">\n<\/div>\n<script type=\"text\/javascript\">\n    var locations = [\n      ['London, United Kingdom', 51.5073219, -0.1276474, 13],\n      ['Zagreb, Croatia', 45.8131847, 15.9771774, 12],\n      ['Zurich, Switzerland', 47.3744489, 8.5410422, 11],\n      ['Copenhagen, Denmark', 55.6867243, 12.5700724, 10],\n      ['Stockholm, Sweden', 59.3251172, 18.0710935, 9],\n      ['Paris, France', 48.856613, 2.352222, 8],\n      ['Los Angeles, United States', 34.0536909, -118.242766, 7],\n      ['Saint-Tropez, France', 43.2727191, 6.6405225, 6],\n      ['Tokyo, Japan', 36.5748441, 139.2394179, 5],\n      ['Munchen, Germany', 48.1371079, 11.5753822, 4],\n      ['Montreal, Canada', 45.4972159, -73.6103642, 3],\n      ['Madrid, Spain', 40.4167047, -3.7035825, 2],\n      ['Innsbruck, Austria', 47.2654296, 11.3927685, 1]\n    ];\n\n    var map = new google.maps.Map(document.getElementById('map'), {\n      zoom: 2,\n      center: new google.maps.LatLng(52.3727598, 4.8936041),\n      streetViewControl: false,\n      mapTypeControl: false,\n      fullscreenControl: false,\n      mapTypeId: google.maps.MapTypeId.ROADMAP\n    });\n\n    var infowindow = new google.maps.InfoWindow();\n\n    var marker, i;\n\n    for (i = 0; i < locations.length; i++) { \n      marker = new google.maps.Marker({\n        position: new google.maps.LatLng(locations[i][1], locations[i][2]),\n        map: map\n      });\n\n      google.maps.event.addListener(marker, 'click', (function(marker, i) {\n        return function() {\n          infowindow.setContent(locations[i][0]);\n          infowindow.open(map, marker);\n        }\n      })(marker, i));\n    }\n  <\/script>\n\n<br>\n<br>\n\n\n\n<p>Wil je weten wat wij voor jou kunnen betekenen en of wij je kunnen helpen bij het verzorgen van de reis van jouw PomskyNederland puppy naar het buitenland? Neem dan vrijblijvend <span style=\"text-decoration: underline;\"><a href=\"https:\/\/pomskynederland.com\/nl\/contact\/\"><strong>contact<\/strong><\/a><\/span> met ons op. <\/p>\n","protected":false},"excerpt":{"rendered":"<p>Voor ons is het steeds weer een verassing als mensen van buiten Nederland bij ons terechtkomen. Afgelopen jaren zijn heel wat Pomsky\u2019s vanuit ons verhuisd naar het buitenland. Bij veel van deze plaatsingen hebben wij ondersteund in de export van de pups. Onze honden vind je hier Landen waar wij onder andere onze Pomsky honden&hellip;<\/p>\n<a class=\"read-more-link\" href=\" https:\/\/pomskynederland.com\/nl\/internationaal\/waar-vind-je-onze-honden\/ \">Read More<\/a>","protected":false},"author":1,"featured_media":2069,"parent":1379,"menu_order":0,"comment_status":"closed","ping_status":"closed","template":"","meta":{"footnotes":""},"class_list":["post-1472","page","type-page","status-publish","has-post-thumbnail","hentry"],"yoast_head":"<!-- This site is optimized with the Yoast SEO plugin v16.0.2 - https:\/\/yoast.com\/wordpress\/plugins\/seo\/ -->\n<title>Waar vind je onze honden - PomskyNederland<\/title>\n<meta name=\"description\" content=\"Afgelopen jaren zijn heel wat Pomsky&#039;s vanuit ons verhuisd naar het buitenland. Bij veel van deze plaatsingen hebben wij ondersteund in de export van de pups.\" \/>\n<link rel=\"canonical\" href=\"https:\/\/pomskynederland.com\/nl\/internationaal\/waar-vind-je-onze-honden\/\" \/>\n<meta property=\"og:locale\" content=\"nl_NL\" \/>\n<meta property=\"og:type\" content=\"article\" \/>\n<meta property=\"og:title\" content=\"Waar vind je onze honden - PomskyNederland\" \/>\n<meta property=\"og:description\" content=\"Afgelopen jaren zijn heel wat Pomsky&#039;s vanuit ons verhuisd naar het buitenland. Bij veel van deze plaatsingen hebben wij ondersteund in de export van de pups.\" \/>\n<meta property=\"og:url\" content=\"https:\/\/pomskynederland.com\/nl\/internationaal\/waar-vind-je-onze-honden\/\" \/>\n<meta property=\"og:site_name\" content=\"PomskyNederland\" \/>\n<meta property=\"article:modified_time\" content=\"2021-05-03T17:41:06+00:00\" \/>\n<meta property=\"og:image\" content=\"https:\/\/pomskynederland.com\/nl\/wp-content\/uploads\/sites\/2\/2021\/03\/Onze-pups.png\" \/>\n\t<meta property=\"og:image:width\" content=\"500\" \/>\n\t<meta property=\"og:image:height\" content=\"300\" \/>\n<meta name=\"twitter:card\" content=\"summary_large_image\" \/>\n<meta name=\"twitter:label1\" content=\"Geschatte leestijd\">\n\t<meta name=\"twitter:data1\" content=\"1 minuut\">\n<script type=\"application\/ld+json\" class=\"yoast-schema-graph\">{\"@context\":\"https:\/\/schema.org\",\"@graph\":[{\"@type\":\"WebSite\",\"@id\":\"https:\/\/pomskynederland.com\/nl\/#website\",\"url\":\"https:\/\/pomskynederland.com\/nl\/\",\"name\":\"PomskyNederland\",\"description\":\"\",\"potentialAction\":[{\"@type\":\"SearchAction\",\"target\":\"https:\/\/pomskynederland.com\/nl\/?s={search_term_string}\",\"query-input\":\"required name=search_term_string\"}],\"inLanguage\":\"nl-NL\"},{\"@type\":\"ImageObject\",\"@id\":\"https:\/\/pomskynederland.com\/nl\/internationaal\/waar-vind-je-onze-honden\/#primaryimage\",\"inLanguage\":\"nl-NL\",\"url\":\"https:\/\/pomskynederland.com\/nl\/wp-content\/uploads\/sites\/2\/2021\/03\/Onze-pups.png\",\"width\":500,\"height\":300},{\"@type\":\"WebPage\",\"@id\":\"https:\/\/pomskynederland.com\/nl\/internationaal\/waar-vind-je-onze-honden\/#webpage\",\"url\":\"https:\/\/pomskynederland.com\/nl\/internationaal\/waar-vind-je-onze-honden\/\",\"name\":\"Waar vind je onze honden - PomskyNederland\",\"isPartOf\":{\"@id\":\"https:\/\/pomskynederland.com\/nl\/#website\"},\"primaryImageOfPage\":{\"@id\":\"https:\/\/pomskynederland.com\/nl\/internationaal\/waar-vind-je-onze-honden\/#primaryimage\"},\"datePublished\":\"2021-02-27T14:05:31+00:00\",\"dateModified\":\"2021-05-03T17:41:06+00:00\",\"description\":\"Afgelopen jaren zijn heel wat Pomsky's vanuit ons verhuisd naar het buitenland. Bij veel van deze plaatsingen hebben wij ondersteund in de export van de pups.\",\"breadcrumb\":{\"@id\":\"https:\/\/pomskynederland.com\/nl\/internationaal\/waar-vind-je-onze-honden\/#breadcrumb\"},\"inLanguage\":\"nl-NL\",\"potentialAction\":[{\"@type\":\"ReadAction\",\"target\":[\"https:\/\/pomskynederland.com\/nl\/internationaal\/waar-vind-je-onze-honden\/\"]}]},{\"@type\":\"BreadcrumbList\",\"@id\":\"https:\/\/pomskynederland.com\/nl\/internationaal\/waar-vind-je-onze-honden\/#breadcrumb\",\"itemListElement\":[{\"@type\":\"ListItem\",\"position\":1,\"item\":{\"@type\":\"WebPage\",\"@id\":\"https:\/\/pomskynederland.com\/nl\/\",\"url\":\"https:\/\/pomskynederland.com\/nl\/\",\"name\":\"Home\"}},{\"@type\":\"ListItem\",\"position\":2,\"item\":{\"@type\":\"WebPage\",\"@id\":\"https:\/\/pomskynederland.com\/nl\/internationaal\/\",\"url\":\"https:\/\/pomskynederland.com\/nl\/internationaal\/\",\"name\":\"Internationaal\"}},{\"@type\":\"ListItem\",\"position\":3,\"item\":{\"@type\":\"WebPage\",\"@id\":\"https:\/\/pomskynederland.com\/nl\/internationaal\/waar-vind-je-onze-honden\/\",\"url\":\"https:\/\/pomskynederland.com\/nl\/internationaal\/waar-vind-je-onze-honden\/\",\"name\":\"Waar vind je onze honden\"}}]}]}<\/script>\n<!-- \/ Yoast SEO plugin. -->","_links":{"self":[{"href":"https:\/\/pomskynederland.com\/nl\/wp-json\/wp\/v2\/pages\/1472","targetHints":{"allow":["GET"]}}],"collection":[{"href":"https:\/\/pomskynederland.com\/nl\/wp-json\/wp\/v2\/pages"}],"about":[{"href":"https:\/\/pomskynederland.com\/nl\/wp-json\/wp\/v2\/types\/page"}],"author":[{"embeddable":true,"href":"https:\/\/pomskynederland.com\/nl\/wp-json\/wp\/v2\/users\/1"}],"replies":[{"embeddable":true,"href":"https:\/\/pomskynederland.com\/nl\/wp-json\/wp\/v2\/comments?post=1472"}],"version-history":[{"count":87,"href":"https:\/\/pomskynederland.com\/nl\/wp-json\/wp\/v2\/pages\/1472\/revisions"}],"predecessor-version":[{"id":2856,"href":"https:\/\/pomskynederland.com\/nl\/wp-json\/wp\/v2\/pages\/1472\/revisions\/2856"}],"up":[{"embeddable":true,"href":"https:\/\/pomskynederland.com\/nl\/wp-json\/wp\/v2\/pages\/1379"}],"wp:featuredmedia":[{"embeddable":true,"href":"https:\/\/pomskynederland.com\/nl\/wp-json\/wp\/v2\/media\/2069"}],"wp:attachment":[{"href":"https:\/\/pomskynederland.com\/nl\/wp-json\/wp\/v2\/media?parent=1472"}],"curies":[{"name":"wp","href":"https:\/\/api.w.org\/{rel}","templated":true}]}}