{"id":3338,"date":"2023-09-07T20:13:02","date_gmt":"2023-09-07T20:13:02","guid":{"rendered":"https:\/\/pomskynederland.com\/nl\/?page_id=3338"},"modified":"2026-04-05T15:26:34","modified_gmt":"2026-04-05T15:26:34","slug":"pomsky-puppies-beschikbaar","status":"publish","type":"page","link":"https:\/\/pomskynederland.com\/nl\/aanschaf\/pomsky-puppies-beschikbaar\/","title":{"rendered":"Pomsky puppies beschikbaar"},"content":{"rendered":"\n<p class=\"has-text-align-center\">Incidenteel hebben wij wel eens Pomsky Puppies beschikbaar op korte termijn. Indien dit het geval is, worden de beschikbare pups op deze pagina weergegeven. Heb je interesse? Neem dan <a href=\"https:\/\/pomskynederland.com\/nl\/contact\/\"><span style=\"text-decoration: underline\">contact<\/span><\/a> met ons op per <a href=\"mailto:info@pomskynederland.com\"><span style=\"text-decoration: underline\">mail<\/span><\/a> of <a href=\"https:\/\/pomskynederland.com\/nl\/contact\/\"><span style=\"text-decoration: underline\">telefoon<\/span><\/a>.<\/p>\n\n\n\n<div class=\"wp-block-columns is-layout-flex wp-container-core-columns-is-layout-1 wp-block-columns-is-layout-flex\">\n<div class=\"wp-block-column is-layout-flow wp-block-column-is-layout-flow\">\n<figure class=\"wp-block-image size-full\"><img loading=\"lazy\" decoding=\"async\" width=\"512\" height=\"512\" src=\"https:\/\/pomskynederland.com\/nl\/wp-content\/uploads\/sites\/2\/2021\/04\/cropped-favicon-PomskyNL.png\" alt=\"\" class=\"wp-image-3059\" srcset=\"https:\/\/pomskynederland.com\/nl\/wp-content\/uploads\/sites\/2\/2021\/04\/cropped-favicon-PomskyNL.png 512w, https:\/\/pomskynederland.com\/nl\/wp-content\/uploads\/sites\/2\/2021\/04\/cropped-favicon-PomskyNL-300x300.png 300w, https:\/\/pomskynederland.com\/nl\/wp-content\/uploads\/sites\/2\/2021\/04\/cropped-favicon-PomskyNL-150x150.png 150w, https:\/\/pomskynederland.com\/nl\/wp-content\/uploads\/sites\/2\/2021\/04\/cropped-favicon-PomskyNL-110x110.png 110w, https:\/\/pomskynederland.com\/nl\/wp-content\/uploads\/sites\/2\/2021\/04\/cropped-favicon-PomskyNL-220x220.png 220w, https:\/\/pomskynederland.com\/nl\/wp-content\/uploads\/sites\/2\/2021\/04\/cropped-favicon-PomskyNL-270x270.png 270w, https:\/\/pomskynederland.com\/nl\/wp-content\/uploads\/sites\/2\/2021\/04\/cropped-favicon-PomskyNL-192x192.png 192w, https:\/\/pomskynederland.com\/nl\/wp-content\/uploads\/sites\/2\/2021\/04\/cropped-favicon-PomskyNL-180x180.png 180w, https:\/\/pomskynederland.com\/nl\/wp-content\/uploads\/sites\/2\/2021\/04\/cropped-favicon-PomskyNL-32x32.png 32w\" sizes=\"auto, (max-width: 512px) 100vw, 512px\" \/><\/figure>\n<\/div>\n\n\n\n<div class=\"wp-block-column is-layout-flow wp-block-column-is-layout-flow\">\n<h2 class=\"wp-block-heading\" style=\"font-size:25px\">Pomsky Puppy<\/h2>\n\n\n\n<p><strong>Beschikbaar:<\/strong> Informeer naar de wachtlijst<br><strong>Geboortedatum:<\/strong> <br><strong>Geslacht:<\/strong> <br><strong>Vachtkleur:<\/strong> <br><strong>Kleur ogen:<\/strong> <br><strong>Verwacht gewicht:<\/strong> <br><strong>Prijs: <\/strong><br><strong>Beschikbaar vanaf:<\/strong> <\/p>\n<\/div>\n<\/div>\n\n\n\n<h2 class=\"wp-block-heading has-text-align-center\">Ken je Pomsky Nederland nog niet?<\/h2>\n\n\n\n<p class=\"has-text-align-center\">Wist je dat wij \u00e9\u00e9n van de eerste offici\u00eble Pomsky kennels zijn van Nederland en dat wij sinds 2011 bestaan? Of ben je niet bekend met ons en wil je weten wie wij zijn? Lees dan meer over onze passie voor Pomsky&#8217;s en onze mooie kennel in Waalwijk (Noord-Brabant, Nederland). <br><a href=\"https:\/\/pomskynederland.com\/nl\/over-ons\/\"><span style=\"text-decoration: underline\">Lees meer..<\/span><\/a><\/p>\n\n\n\n<p><\/p>\n","protected":false},"excerpt":{"rendered":"<p>Incidenteel hebben wij wel eens Pomsky Puppies beschikbaar op korte termijn. Indien dit het geval is, worden de beschikbare pups op deze pagina weergegeven. Heb je interesse? Neem dan contact met ons op per mail of telefoon. Pomsky Puppy Beschikbaar: Informeer naar de wachtlijstGeboortedatum: Geslacht: Vachtkleur: Kleur ogen: Verwacht gewicht: Prijs: Beschikbaar vanaf: Ken je&hellip;<\/p>\n<a class=\"read-more-link\" href=\" https:\/\/pomskynederland.com\/nl\/aanschaf\/pomsky-puppies-beschikbaar\/ \">Read More<\/a>","protected":false},"author":1,"featured_media":2746,"parent":1375,"menu_order":5,"comment_status":"closed","ping_status":"closed","template":"","meta":{"footnotes":""},"class_list":["post-3338","page","type-page","status-publish","has-post-thumbnail","hentry"],"yoast_head":"<!-- This site is optimized with the Yoast SEO plugin v16.0.2 - https:\/\/yoast.com\/wordpress\/plugins\/seo\/ -->\n<title>Pomsky pups, direct beschikbaar - PomskyNederland<\/title>\n<meta name=\"description\" content=\"Wij hebben enkele pomsky pups waarvoor wij nog een thuis zoeken, deze pups mogen op korte termijn het nest verlaten.\" \/>\n<link rel=\"canonical\" href=\"https:\/\/pomskynederland.com\/nl\/aanschaf\/pomsky-puppies-beschikbaar\/\" \/>\n<meta property=\"og:locale\" content=\"nl_NL\" \/>\n<meta property=\"og:type\" content=\"article\" \/>\n<meta property=\"og:title\" content=\"Pomsky pups, direct beschikbaar - PomskyNederland\" \/>\n<meta property=\"og:description\" content=\"Wij hebben enkele pomsky pups waarvoor wij nog een thuis zoeken, deze pups mogen op korte termijn het nest verlaten.\" \/>\n<meta property=\"og:url\" content=\"https:\/\/pomskynederland.com\/nl\/aanschaf\/pomsky-puppies-beschikbaar\/\" \/>\n<meta property=\"og:site_name\" content=\"PomskyNederland\" \/>\n<meta property=\"article:modified_time\" content=\"2026-04-05T15:26:34+00:00\" \/>\n<meta property=\"og:image\" content=\"https:\/\/pomskynederland.com\/nl\/wp-content\/uploads\/sites\/2\/2021\/04\/onze-pomsky-pups-1.jpg\" \/>\n\t<meta property=\"og:image:width\" content=\"650\" \/>\n\t<meta property=\"og:image:height\" content=\"460\" \/>\n<meta name=\"twitter:card\" content=\"summary_large_image\" \/>\n<meta name=\"twitter:label1\" content=\"Geschatte leestijd\">\n\t<meta name=\"twitter:data1\" content=\"2 minuten\">\n<script type=\"application\/ld+json\" class=\"yoast-schema-graph\">{\"@context\":\"https:\/\/schema.org\",\"@graph\":[{\"@type\":\"WebSite\",\"@id\":\"https:\/\/pomskynederland.com\/nl\/#website\",\"url\":\"https:\/\/pomskynederland.com\/nl\/\",\"name\":\"PomskyNederland\",\"description\":\"\",\"potentialAction\":[{\"@type\":\"SearchAction\",\"target\":\"https:\/\/pomskynederland.com\/nl\/?s={search_term_string}\",\"query-input\":\"required name=search_term_string\"}],\"inLanguage\":\"nl-NL\"},{\"@type\":\"ImageObject\",\"@id\":\"https:\/\/pomskynederland.com\/nl\/aanschaf\/pomsky-puppies-beschikbaar\/#primaryimage\",\"inLanguage\":\"nl-NL\",\"url\":\"https:\/\/pomskynederland.com\/nl\/wp-content\/uploads\/sites\/2\/2021\/04\/onze-pomsky-pups-1.jpg\",\"width\":650,\"height\":460},{\"@type\":\"WebPage\",\"@id\":\"https:\/\/pomskynederland.com\/nl\/aanschaf\/pomsky-puppies-beschikbaar\/#webpage\",\"url\":\"https:\/\/pomskynederland.com\/nl\/aanschaf\/pomsky-puppies-beschikbaar\/\",\"name\":\"Pomsky pups, direct beschikbaar - PomskyNederland\",\"isPartOf\":{\"@id\":\"https:\/\/pomskynederland.com\/nl\/#website\"},\"primaryImageOfPage\":{\"@id\":\"https:\/\/pomskynederland.com\/nl\/aanschaf\/pomsky-puppies-beschikbaar\/#primaryimage\"},\"datePublished\":\"2023-09-07T20:13:02+00:00\",\"dateModified\":\"2026-04-05T15:26:34+00:00\",\"description\":\"Wij hebben enkele pomsky pups waarvoor wij nog een thuis zoeken, deze pups mogen op korte termijn het nest verlaten.\",\"breadcrumb\":{\"@id\":\"https:\/\/pomskynederland.com\/nl\/aanschaf\/pomsky-puppies-beschikbaar\/#breadcrumb\"},\"inLanguage\":\"nl-NL\",\"potentialAction\":[{\"@type\":\"ReadAction\",\"target\":[\"https:\/\/pomskynederland.com\/nl\/aanschaf\/pomsky-puppies-beschikbaar\/\"]}]},{\"@type\":\"BreadcrumbList\",\"@id\":\"https:\/\/pomskynederland.com\/nl\/aanschaf\/pomsky-puppies-beschikbaar\/#breadcrumb\",\"itemListElement\":[{\"@type\":\"ListItem\",\"position\":1,\"item\":{\"@type\":\"WebPage\",\"@id\":\"https:\/\/pomskynederland.com\/nl\/\",\"url\":\"https:\/\/pomskynederland.com\/nl\/\",\"name\":\"Home\"}},{\"@type\":\"ListItem\",\"position\":2,\"item\":{\"@type\":\"WebPage\",\"@id\":\"https:\/\/pomskynederland.com\/nl\/aanschaf\/\",\"url\":\"https:\/\/pomskynederland.com\/nl\/aanschaf\/\",\"name\":\"Pomsky puppy kopen\"}},{\"@type\":\"ListItem\",\"position\":3,\"item\":{\"@type\":\"WebPage\",\"@id\":\"https:\/\/pomskynederland.com\/nl\/aanschaf\/pomsky-puppies-beschikbaar\/\",\"url\":\"https:\/\/pomskynederland.com\/nl\/aanschaf\/pomsky-puppies-beschikbaar\/\",\"name\":\"Pomsky puppies beschikbaar\"}}]}]}<\/script>\n<!-- \/ Yoast SEO plugin. -->","_links":{"self":[{"href":"https:\/\/pomskynederland.com\/nl\/wp-json\/wp\/v2\/pages\/3338","targetHints":{"allow":["GET"]}}],"collection":[{"href":"https:\/\/pomskynederland.com\/nl\/wp-json\/wp\/v2\/pages"}],"about":[{"href":"https:\/\/pomskynederland.com\/nl\/wp-json\/wp\/v2\/types\/page"}],"author":[{"embeddable":true,"href":"https:\/\/pomskynederland.com\/nl\/wp-json\/wp\/v2\/users\/1"}],"replies":[{"embeddable":true,"href":"https:\/\/pomskynederland.com\/nl\/wp-json\/wp\/v2\/comments?post=3338"}],"version-history":[{"count":140,"href":"https:\/\/pomskynederland.com\/nl\/wp-json\/wp\/v2\/pages\/3338\/revisions"}],"predecessor-version":[{"id":3870,"href":"https:\/\/pomskynederland.com\/nl\/wp-json\/wp\/v2\/pages\/3338\/revisions\/3870"}],"up":[{"embeddable":true,"href":"https:\/\/pomskynederland.com\/nl\/wp-json\/wp\/v2\/pages\/1375"}],"wp:featuredmedia":[{"embeddable":true,"href":"https:\/\/pomskynederland.com\/nl\/wp-json\/wp\/v2\/media\/2746"}],"wp:attachment":[{"href":"https:\/\/pomskynederland.com\/nl\/wp-json\/wp\/v2\/media?parent=3338"}],"curies":[{"name":"wp","href":"https:\/\/api.w.org\/{rel}","templated":true}]}}